{"id":17013,"date":"2023-04-25T12:24:56","date_gmt":"2023-04-25T10:24:56","guid":{"rendered":"https:\/\/www.plasnor.com\/objective\/"},"modified":"2023-05-04T16:23:05","modified_gmt":"2023-05-04T14:23:05","slug":"ziel","status":"publish","type":"page","link":"https:\/\/www.plasnor.com\/de\/transporttrays\/ziel\/","title":{"rendered":"Unser Ziel"},"content":{"rendered":"<p>Ist es, unseren Kunden eine auf ihren Bed\u00fcrfnissen basierende L\u00f6sung zu liefern.<\/p>\n<h3>Logistikoptimierung:<\/h3>\n<p>Eine gr\u00f6\u00dfere St\u00fcckzahl pro Tray und mehr Trays pro Beh\u00e4lter. Wir sind Spezialisten f\u00fcr die effizienteste Nutzung des verf\u00fcgbaren Platzes.<\/p>\n<p><img loading=\"lazy\" decoding=\"async\" class=\"alignnone wp-image-15638 size-full\" src=\"https:\/\/www.plasnor.com\/wp-content\/uploads\/2023\/04\/plasnor-automotivepackaging-72-01.jpg\" alt=\"Optimizaci\u00f3n log\u00edstica\" width=\"500\" height=\"281\" title=\"\" srcset=\"https:\/\/www.plasnor.com\/wp-content\/uploads\/2023\/04\/plasnor-automotivepackaging-72-01.jpg 500w, https:\/\/www.plasnor.com\/wp-content\/uploads\/2023\/04\/plasnor-automotivepackaging-72-01-300x169.jpg 300w\" sizes=\"auto, (max-width: 500px) 100vw, 500px\" \/><\/p>\n<h3>Kompatibilit\u00e4t mit verschiedenen Teilemodellen:<\/h3>\n<p>Unsere Trays sind so entworfen, dass, soweit m\u00f6glich, ein Modell verschiedene Arten von Teilen aufnehmen kann.<\/p>\n<h3>Komptabilit\u00e4t mit Automatismen:<\/h3>\n<p>Sie erm\u00f6glichen die Bearbeitung des Teils durch Automatismen.<\/p>\n<h3>Ergonomie:<\/h3>\n<p>Wir gestalten unsere Trays, sodass eine f\u00fcr die Arbeitnehmer effizientere und sicherere manuelle Handhabung der Teile und Trays erm\u00f6glicht wird. Sie haben zudem Griffe und Anti-Verzahnungssysteme, die eine einfachere Handhabung der Trays erlauben.<\/p>\n<h3>Schutz:<\/h3>\n<p>Die Trays verhindern, dass das Teil beim Transport besch\u00e4digt wird.<\/p>\n<p><img loading=\"lazy\" decoding=\"async\" class=\"alignnone wp-image-15642 size-full\" src=\"https:\/\/www.plasnor.com\/wp-content\/uploads\/2023\/04\/plasnor-automotivepackaging-identification-72.jpg\" alt=\"Protecci\u00f3n\" width=\"700\" height=\"536\" title=\"\" srcset=\"https:\/\/www.plasnor.com\/wp-content\/uploads\/2023\/04\/plasnor-automotivepackaging-identification-72.jpg 700w, https:\/\/www.plasnor.com\/wp-content\/uploads\/2023\/04\/plasnor-automotivepackaging-identification-72-300x230.jpg 300w\" sizes=\"auto, (max-width: 700px) 100vw, 700px\" \/><\/p>\n<h3>Differenzierung:<\/h3>\n<p>Wir bieten die M\u00f6glichkeit, die Trays anhand verschiedener Parameter zu unterscheiden: Farbe, Code oder Referenz des Trays, Marke oder Name des Besitzers etc.<\/p>\n<p>Es besteht auch die M\u00f6glichkeit, die Trays mittels farbiger Streifen zu kennzeichnen, um die korrekte Ausrichtungsrichtung der Trays oder der Teile anzuzeigen.<\/p>\n<p>&nbsp;<\/p>\n<p>&nbsp;<\/p>\n","protected":false},"excerpt":{"rendered":"<p>Ist es, unseren Kunden eine auf ihren Bed\u00fcrfnissen basierende L\u00f6sung zu liefern. Logistikoptimierung: Eine gr\u00f6\u00dfere St\u00fcckzahl pro Tray &#8230; <a title=\"Unser Ziel\" class=\"read-more\" href=\"https:\/\/www.plasnor.com\/de\/transporttrays\/ziel\/\" aria-label=\"Mehr Informationen \u00fcber Unser Ziel\">[ + info ]<\/a><\/p>\n","protected":false},"author":1,"featured_media":0,"parent":17099,"menu_order":0,"comment_status":"closed","ping_status":"closed","template":"","meta":{"footnotes":""},"categories":[467],"tags":[],"class_list":{"0":"post-17013","1":"page","2":"type-page","3":"status-publish","5":"category-page-bandeja-transporte-de"},"_links":{"self":[{"href":"https:\/\/www.plasnor.com\/de\/wp-json\/wp\/v2\/pages\/17013","targetHints":{"allow":["GET"]}}],"collection":[{"href":"https:\/\/www.plasnor.com\/de\/wp-json\/wp\/v2\/pages"}],"about":[{"href":"https:\/\/www.plasnor.com\/de\/wp-json\/wp\/v2\/types\/page"}],"author":[{"embeddable":true,"href":"https:\/\/www.plasnor.com\/de\/wp-json\/wp\/v2\/users\/1"}],"replies":[{"embeddable":true,"href":"https:\/\/www.plasnor.com\/de\/wp-json\/wp\/v2\/comments?post=17013"}],"version-history":[{"count":0,"href":"https:\/\/www.plasnor.com\/de\/wp-json\/wp\/v2\/pages\/17013\/revisions"}],"up":[{"embeddable":true,"href":"https:\/\/www.plasnor.com\/de\/wp-json\/wp\/v2\/pages\/17099"}],"wp:attachment":[{"href":"https:\/\/www.plasnor.com\/de\/wp-json\/wp\/v2\/media?parent=17013"}],"wp:term":[{"taxonomy":"category","embeddable":true,"href":"https:\/\/www.plasnor.com\/de\/wp-json\/wp\/v2\/categories?post=17013"},{"taxonomy":"post_tag","embeddable":true,"href":"https:\/\/www.plasnor.com\/de\/wp-json\/wp\/v2\/tags?post=17013"}],"curies":[{"name":"wp","href":"https:\/\/api.w.org\/{rel}","templated":true}]}}