{"id":17017,"date":"2023-04-25T12:16:42","date_gmt":"2023-04-25T10:16:42","guid":{"rendered":"https:\/\/www.plasnor.com\/key-points\/"},"modified":"2023-05-03T21:05:09","modified_gmt":"2023-05-03T19:05:09","slug":"kernpunkte","status":"publish","type":"page","link":"https:\/\/www.plasnor.com\/de\/transporttrays\/kernpunkte\/","title":{"rendered":"Kernpunkte"},"content":{"rendered":"<div id=\"pl-17017\"  class=\"panel-layout\" ><div id=\"pg-17017-0\"  class=\"panel-grid panel-no-style\" ><div id=\"pgc-17017-0-0\"  class=\"panel-grid-cell\" ><div id=\"panel-17017-0-0-0\" class=\"so-panel widget widget_sow-editor panel-first-child panel-last-child\" data-index=\"0\" ><div\n\t\t\t\n\t\t\tclass=\"so-widget-sow-editor so-widget-sow-editor-base\"\n\t\t\t\n\t\t>\n<div class=\"siteorigin-widget-tinymce textwidget\">\n\t<p>Basierend auf den Kundenanforderungen bieten wir die effizienteste L\u00f6sung im Hinblick auf Logistikfluss, Ergonomie und Automatisierung. Wir verf\u00fcgen \u00fcber Eigenmittel zur Entwicklung des gesamten Prozesses. Dies tr\u00e4gt zu einem verbesserten Service und zur Ergebniskontrolle bei.<\/p>\n<\/div>\n<\/div><\/div><\/div><\/div><div id=\"pg-17017-1\"  class=\"panel-grid panel-no-style\" ><div id=\"pgc-17017-1-0\"  class=\"panel-grid-cell\" ><div id=\"panel-17017-1-0-0\" class=\"so-panel widget widget_sow-image panel-first-child panel-last-child\" data-index=\"1\" ><div\n\t\t\t\n\t\t\tclass=\"so-widget-sow-image so-widget-sow-image-default-8b5b6f678277-17017\"\n\t\t\t\n\t\t>\n<div class=\"sow-image-container\">\n\t\t<img \n\tsrc=\"https:\/\/www.plasnor.com\/wp-content\/uploads\/2023\/04\/diseno-propio-de-bandeja-plasnor.jpg\" width=\"1000\" height=\"563\" srcset=\"https:\/\/www.plasnor.com\/wp-content\/uploads\/2023\/04\/diseno-propio-de-bandeja-plasnor.jpg 1000w, https:\/\/www.plasnor.com\/wp-content\/uploads\/2023\/04\/diseno-propio-de-bandeja-plasnor-300x169.jpg 300w, https:\/\/www.plasnor.com\/wp-content\/uploads\/2023\/04\/diseno-propio-de-bandeja-plasnor-768x432.jpg 768w\" sizes=\"(max-width: 1000px) 100vw, 1000px\" title=\"Eigenes Tray-Design\" alt=\"Eigenes Tray-Design\" \t\tclass=\"so-widget-image\"\/>\n\t<\/div>\n\n<\/div><\/div><\/div><div id=\"pgc-17017-1-1\"  class=\"panel-grid-cell\" ><div id=\"panel-17017-1-1-0\" class=\"so-panel widget widget_sow-editor panel-first-child panel-last-child\" data-index=\"2\" ><div\n\t\t\t\n\t\t\tclass=\"so-widget-sow-editor so-widget-sow-editor-base\"\n\t\t\t\n\t\t><h3 class=\"widget-title\">Eigenes Tray-Design<\/h3>\n<div class=\"siteorigin-widget-tinymce textwidget\">\n\t<p>3D-Zeichnungen: Eigenes, auf diese Art von Anwendungen spezialisiertes Design Materialbestimmung- Eigenes Labor: wir suchen das geeignetste Material hinsichtlich Funktionalit\u00e4t und Kosten, wobei wir stets darauf achten, dass die Qualit\u00e4t der Teile nicht beeintr\u00e4chtigt wird.<\/p>\n<\/div>\n<\/div><\/div><\/div><\/div><div id=\"pg-17017-2\"  class=\"panel-grid panel-no-style\" ><div id=\"pgc-17017-2-0\"  class=\"panel-grid-cell\" ><div id=\"panel-17017-2-0-0\" class=\"so-panel widget widget_sow-image panel-first-child panel-last-child\" data-index=\"3\" ><div\n\t\t\t\n\t\t\tclass=\"so-widget-sow-image so-widget-sow-image-default-8b5b6f678277-17017\"\n\t\t\t\n\t\t>\n<div class=\"sow-image-container\">\n\t\t<img \n\tsrc=\"https:\/\/www.plasnor.com\/wp-content\/uploads\/2023\/04\/termoconformado-molde.jpg\" width=\"1000\" height=\"667\" srcset=\"https:\/\/www.plasnor.com\/wp-content\/uploads\/2023\/04\/termoconformado-molde.jpg 1000w, https:\/\/www.plasnor.com\/wp-content\/uploads\/2023\/04\/termoconformado-molde-300x200.jpg 300w, https:\/\/www.plasnor.com\/wp-content\/uploads\/2023\/04\/termoconformado-molde-768x512.jpg 768w, https:\/\/www.plasnor.com\/wp-content\/uploads\/2023\/04\/termoconformado-molde-720x480.jpg 720w\" sizes=\"(max-width: 1000px) 100vw, 1000px\" title=\"Eigene Formenherstellung \" alt=\"Eigene Formenherstellung \" \t\tclass=\"so-widget-image\"\/>\n\t<\/div>\n\n<\/div><\/div><\/div><div id=\"pgc-17017-2-1\"  class=\"panel-grid-cell\" ><div id=\"panel-17017-2-1-0\" class=\"so-panel widget widget_sow-editor panel-first-child panel-last-child\" data-index=\"4\" ><div\n\t\t\t\n\t\t\tclass=\"so-widget-sow-editor so-widget-sow-editor-base\"\n\t\t\t\n\t\t><h3 class=\"widget-title\">Eigene Formenherstellung <\/h3>\n<div class=\"siteorigin-widget-tinymce textwidget\">\n\t<p>Wir besitzen Einrichtungen, in denen wir die Formen sowohl f\u00fcr Prototypen als auch Serien herstellen.<\/p>\n<p>Je nach der Menge der umzuformenden Teile bauen wir Formen aus Holz (Prototyp), Harz (Vorproduktion + Prototypen) oder Aluminium (Serie).<\/p>\n<p>In einigen F\u00e4llen kann f\u00fcr eine korrekte Verarbeitung des Formteils die Verwendung von Gegenformen erforderlich sein.<\/p>\n<\/div>\n<\/div><\/div><\/div><\/div><div id=\"pg-17017-3\"  class=\"panel-grid panel-no-style\" ><div id=\"pgc-17017-3-0\"  class=\"panel-grid-cell\" ><div id=\"panel-17017-3-0-0\" class=\"so-panel widget widget_sow-image panel-first-child panel-last-child\" data-index=\"5\" ><div\n\t\t\t\n\t\t\tclass=\"so-widget-sow-image so-widget-sow-image-default-8b5b6f678277-17017\"\n\t\t\t\n\t\t>\n<div class=\"sow-image-container\">\n\t\t<img \n\tsrc=\"https:\/\/www.plasnor.com\/wp-content\/uploads\/2023\/04\/plasnor-extrusion-042.jpg\" width=\"1000\" height=\"654\" srcset=\"https:\/\/www.plasnor.com\/wp-content\/uploads\/2023\/04\/plasnor-extrusion-042.jpg 1000w, https:\/\/www.plasnor.com\/wp-content\/uploads\/2023\/04\/plasnor-extrusion-042-300x196.jpg 300w, https:\/\/www.plasnor.com\/wp-content\/uploads\/2023\/04\/plasnor-extrusion-042-768x502.jpg 768w\" sizes=\"(max-width: 1000px) 100vw, 1000px\" title=\"Extrusionsverfahren: Wir sind Hersteller von Platten und Rollen\" alt=\"Extrusionsverfahren: Wir sind Hersteller von Platten und Rollen\" \t\tclass=\"so-widget-image\"\/>\n\t<\/div>\n\n<\/div><\/div><\/div><div id=\"pgc-17017-3-1\"  class=\"panel-grid-cell\" ><div id=\"panel-17017-3-1-0\" class=\"so-panel widget widget_sow-editor panel-first-child panel-last-child\" data-index=\"6\" ><div\n\t\t\t\n\t\t\tclass=\"so-widget-sow-editor so-widget-sow-editor-base\"\n\t\t\t\n\t\t><h3 class=\"widget-title\">Extrusionsverfahren: Wir sind Hersteller von Platten und Rollen<\/h3>\n<div class=\"siteorigin-widget-tinymce textwidget\">\n\t<\/div>\n<\/div><\/div><\/div><\/div><div id=\"pg-17017-4\"  class=\"panel-grid panel-no-style\" ><div id=\"pgc-17017-4-0\"  class=\"panel-grid-cell\" ><div id=\"panel-17017-4-0-0\" class=\"so-panel widget widget_sow-image panel-first-child panel-last-child\" data-index=\"7\" ><div\n\t\t\t\n\t\t\tclass=\"so-widget-sow-image so-widget-sow-image-default-8b5b6f678277-17017\"\n\t\t\t\n\t\t>\n<div class=\"sow-image-container\">\n\t\t<img \n\tsrc=\"https:\/\/www.plasnor.com\/wp-content\/uploads\/2023\/04\/termoconformado-maquina1.jpg\" width=\"1000\" height=\"667\" srcset=\"https:\/\/www.plasnor.com\/wp-content\/uploads\/2023\/04\/termoconformado-maquina1.jpg 1000w, https:\/\/www.plasnor.com\/wp-content\/uploads\/2023\/04\/termoconformado-maquina1-300x200.jpg 300w, https:\/\/www.plasnor.com\/wp-content\/uploads\/2023\/04\/termoconformado-maquina1-768x512.jpg 768w, https:\/\/www.plasnor.com\/wp-content\/uploads\/2023\/04\/termoconformado-maquina1-720x480.jpg 720w\" sizes=\"(max-width: 1000px) 100vw, 1000px\" title=\"Thermoformverfahren\" alt=\"Thermoformverfahren\" \t\tclass=\"so-widget-image\"\/>\n\t<\/div>\n\n<\/div><\/div><\/div><div id=\"pgc-17017-4-1\"  class=\"panel-grid-cell\" ><div id=\"panel-17017-4-1-0\" class=\"so-panel widget widget_sow-editor panel-first-child panel-last-child\" data-index=\"8\" ><div\n\t\t\t\n\t\t\tclass=\"so-widget-sow-editor so-widget-sow-editor-base\"\n\t\t\t\n\t\t><h3 class=\"widget-title\">Thermoformverfahren<\/h3>\n<div class=\"siteorigin-widget-tinymce textwidget\">\n\t<p>Wir verf\u00fcgen \u00fcber verschiedene Thermoformmaschinen, um den Anforderungen der Teile unserer Kunden zu entsprechen. Sowohl in der Gr\u00f6\u00dfe als auch den Kunststoffen bieten wir unseren Kunden die effizienteste und effektivste Verpackungsl\u00f6sung.<\/p>\n<p>Unsere Thermoform-Kapazit\u00e4ten reichen bis zu 3.000 \u00d7 2.000 \u00d7 900 mm.<\/p>\n<\/div>\n<\/div><\/div><\/div><\/div><div id=\"pg-17017-5\"  class=\"panel-grid panel-no-style\" ><div id=\"pgc-17017-5-0\"  class=\"panel-grid-cell\" ><div id=\"panel-17017-5-0-0\" class=\"so-panel widget widget_sow-image panel-first-child panel-last-child\" data-index=\"9\" ><div\n\t\t\t\n\t\t\tclass=\"so-widget-sow-image so-widget-sow-image-default-8b5b6f678277-17017\"\n\t\t\t\n\t\t>\n<div class=\"sow-image-container\">\n\t\t<img \n\tsrc=\"https:\/\/www.plasnor.com\/wp-content\/uploads\/2023\/04\/bandeja-de-transporte-llena.jpg\" width=\"1000\" height=\"667\" srcset=\"https:\/\/www.plasnor.com\/wp-content\/uploads\/2023\/04\/bandeja-de-transporte-llena.jpg 1000w, https:\/\/www.plasnor.com\/wp-content\/uploads\/2023\/04\/bandeja-de-transporte-llena-300x200.jpg 300w, https:\/\/www.plasnor.com\/wp-content\/uploads\/2023\/04\/bandeja-de-transporte-llena-768x512.jpg 768w, https:\/\/www.plasnor.com\/wp-content\/uploads\/2023\/04\/bandeja-de-transporte-llena-720x480.jpg 720w\" sizes=\"(max-width: 1000px) 100vw, 1000px\" title=\"Bearbeitungsverfahren\" alt=\"Bearbeitungsverfahren\" \t\tclass=\"so-widget-image\"\/>\n\t<\/div>\n\n<\/div><\/div><\/div><div id=\"pgc-17017-5-1\"  class=\"panel-grid-cell\" ><div id=\"panel-17017-5-1-0\" class=\"so-panel widget widget_sow-editor panel-first-child panel-last-child\" data-index=\"10\" ><div\n\t\t\t\n\t\t\tclass=\"so-widget-sow-editor so-widget-sow-editor-base\"\n\t\t\t\n\t\t><h3 class=\"widget-title\">Bearbeitungsverfahren<\/h3>\n<div class=\"siteorigin-widget-tinymce textwidget\">\n\t<p>Wir haben mehrere CNC-Bearbeitungszentren f\u00fcr ein perfektes Finish der Trays. Bandschnitt, Abfl\u00fcsse, \u00d6ffnungen f\u00fcr Haltevorrichtungen, etc \u2026<\/p>\n<\/div>\n<\/div><\/div><\/div><\/div><\/div>","protected":false},"excerpt":{"rendered":"<p>Basierend auf den Kundenanforderungen bieten wir die effizienteste L\u00f6sung im Hinblick auf Logistikfluss, Ergonomie und Automatisierung. Wir verf\u00fcgen &#8230; <a title=\"Kernpunkte\" class=\"read-more\" href=\"https:\/\/www.plasnor.com\/de\/transporttrays\/kernpunkte\/\" aria-label=\"Mehr Informationen \u00fcber Kernpunkte\">[ + info ]<\/a><\/p>\n","protected":false},"author":1,"featured_media":0,"parent":17099,"menu_order":0,"comment_status":"closed","ping_status":"closed","template":"","meta":{"footnotes":""},"categories":[467],"tags":[],"class_list":{"0":"post-17017","1":"page","2":"type-page","3":"status-publish","5":"category-page-bandeja-transporte-de"},"_links":{"self":[{"href":"https:\/\/www.plasnor.com\/de\/wp-json\/wp\/v2\/pages\/17017","targetHints":{"allow":["GET"]}}],"collection":[{"href":"https:\/\/www.plasnor.com\/de\/wp-json\/wp\/v2\/pages"}],"about":[{"href":"https:\/\/www.plasnor.com\/de\/wp-json\/wp\/v2\/types\/page"}],"author":[{"embeddable":true,"href":"https:\/\/www.plasnor.com\/de\/wp-json\/wp\/v2\/users\/1"}],"replies":[{"embeddable":true,"href":"https:\/\/www.plasnor.com\/de\/wp-json\/wp\/v2\/comments?post=17017"}],"version-history":[{"count":0,"href":"https:\/\/www.plasnor.com\/de\/wp-json\/wp\/v2\/pages\/17017\/revisions"}],"up":[{"embeddable":true,"href":"https:\/\/www.plasnor.com\/de\/wp-json\/wp\/v2\/pages\/17099"}],"wp:attachment":[{"href":"https:\/\/www.plasnor.com\/de\/wp-json\/wp\/v2\/media?parent=17017"}],"wp:term":[{"taxonomy":"category","embeddable":true,"href":"https:\/\/www.plasnor.com\/de\/wp-json\/wp\/v2\/categories?post=17017"},{"taxonomy":"post_tag","embeddable":true,"href":"https:\/\/www.plasnor.com\/de\/wp-json\/wp\/v2\/tags?post=17017"}],"curies":[{"name":"wp","href":"https:\/\/api.w.org\/{rel}","templated":true}]}}