{"id":17029,"date":"2023-04-24T11:31:25","date_gmt":"2023-04-24T09:31:25","guid":{"rendered":"https:\/\/www.plasnor.com\/materials\/"},"modified":"2023-05-03T20:47:39","modified_gmt":"2023-05-03T18:47:39","slug":"materialien-thermoformung","status":"publish","type":"page","link":"https:\/\/www.plasnor.com\/de\/thermoformen\/materialien-thermoformung\/","title":{"rendered":"Materialien \u2013 Thermoformung"},"content":{"rendered":"<p>F\u00fcr jede Anwendung wird ein bestimmtes Material festgelegt. Wir beraten bei der Auswahl des f\u00fcr die jeweiligen Anforderungen unserer Kunden bestgeeigneten Materials.<\/p>\n<p>F\u00fcr Spezialanwendungen verwenden wir auch SELBSTVERL\u00d6SCHENDE oder FEUER- UND UV-BEST\u00c4NDIGE Materialien f\u00fcr den Einsatz im Au\u00dfenbereich sowie antistatisches, VANDALISMUSRESISTENTES Material etc.<\/p>\n<div class=\"row\">Wir verwenden Materialien wie: HIPS, ABS, ABS\/PMMA, PC, PE-HD, BLEND ABS\/PC, PP, ABS\/TPU, ABS\/TPE, PE SOFT, BLEND PS-PE usw. Wir gehen auf Ihre Bed\u00fcrfnisse ein. Zertifizierte Materialien.<\/div>\n<p>&nbsp;<\/p>\n<p><img loading=\"lazy\" decoding=\"async\" class=\"alignnone wp-image-15006\" src=\"https:\/\/www.plasnor.com\/wp-content\/uploads\/2023\/04\/plasnor-masterbach1.jpg\" alt=\"\" width=\"600\" height=\"397\" title=\"\" srcset=\"https:\/\/www.plasnor.com\/wp-content\/uploads\/2023\/04\/plasnor-masterbach1.jpg 1000w, https:\/\/www.plasnor.com\/wp-content\/uploads\/2023\/04\/plasnor-masterbach1-300x199.jpg 300w, https:\/\/www.plasnor.com\/wp-content\/uploads\/2023\/04\/plasnor-masterbach1-768x508.jpg 768w, https:\/\/www.plasnor.com\/wp-content\/uploads\/2023\/04\/plasnor-masterbach1-950x630.jpg 950w\" sizes=\"auto, (max-width: 600px) 100vw, 600px\" \/><\/p>\n","protected":false},"excerpt":{"rendered":"<p>F\u00fcr jede Anwendung wird ein bestimmtes Material festgelegt. Wir beraten bei der Auswahl des f\u00fcr die jeweiligen Anforderungen &#8230; <a title=\"Materialien \u2013 Thermoformung\" class=\"read-more\" href=\"https:\/\/www.plasnor.com\/de\/thermoformen\/materialien-thermoformung\/\" aria-label=\"Mehr Informationen \u00fcber Materialien \u2013 Thermoformung\">[ + info ]<\/a><\/p>\n","protected":false},"author":1,"featured_media":0,"parent":17101,"menu_order":0,"comment_status":"closed","ping_status":"closed","template":"","meta":{"footnotes":""},"categories":[469],"tags":[],"class_list":{"0":"post-17029","1":"page","2":"type-page","3":"status-publish","5":"category-page-termonconformado-de"},"_links":{"self":[{"href":"https:\/\/www.plasnor.com\/de\/wp-json\/wp\/v2\/pages\/17029","targetHints":{"allow":["GET"]}}],"collection":[{"href":"https:\/\/www.plasnor.com\/de\/wp-json\/wp\/v2\/pages"}],"about":[{"href":"https:\/\/www.plasnor.com\/de\/wp-json\/wp\/v2\/types\/page"}],"author":[{"embeddable":true,"href":"https:\/\/www.plasnor.com\/de\/wp-json\/wp\/v2\/users\/1"}],"replies":[{"embeddable":true,"href":"https:\/\/www.plasnor.com\/de\/wp-json\/wp\/v2\/comments?post=17029"}],"version-history":[{"count":0,"href":"https:\/\/www.plasnor.com\/de\/wp-json\/wp\/v2\/pages\/17029\/revisions"}],"up":[{"embeddable":true,"href":"https:\/\/www.plasnor.com\/de\/wp-json\/wp\/v2\/pages\/17101"}],"wp:attachment":[{"href":"https:\/\/www.plasnor.com\/de\/wp-json\/wp\/v2\/media?parent=17029"}],"wp:term":[{"taxonomy":"category","embeddable":true,"href":"https:\/\/www.plasnor.com\/de\/wp-json\/wp\/v2\/categories?post=17029"},{"taxonomy":"post_tag","embeddable":true,"href":"https:\/\/www.plasnor.com\/de\/wp-json\/wp\/v2\/tags?post=17029"}],"curies":[{"name":"wp","href":"https:\/\/api.w.org\/{rel}","templated":true}]}}