{"id":17033,"date":"2023-04-24T11:13:12","date_gmt":"2023-04-24T09:13:12","guid":{"rendered":"https:\/\/www.plasnor.com\/machining\/"},"modified":"2023-05-03T20:35:40","modified_gmt":"2023-05-03T18:35:40","slug":"bearbeitung","status":"publish","type":"page","link":"https:\/\/www.plasnor.com\/de\/thermoformen\/produktionsverfahren-und-ergaenzende-dienstleistungen\/bearbeitung\/","title":{"rendered":"Bearbeitung"},"content":{"rendered":"<p>Bei Plasnor verf\u00fcgen wir \u00fcber vier Bearbeitungszentren f\u00fcr ein perfektes Finish der Teile.<\/p>\n<div id='gallery-1' class='gallery galleryid-17033 gallery-columns-2 gallery-size-full'><figure class='gallery-item'>\n\t\t\t<div class='gallery-icon landscape'>\n\t\t\t\t<a href='https:\/\/www.plasnor.com\/wp-content\/uploads\/2023\/04\/mecanizado-molde-chica-1.jpg'><img loading=\"lazy\" decoding=\"async\" width=\"500\" height=\"352\" src=\"https:\/\/www.plasnor.com\/wp-content\/uploads\/2023\/04\/mecanizado-molde-chica-1.jpg\" class=\"attachment-full size-full\" alt=\"Maquina de mecanizado\" srcset=\"https:\/\/www.plasnor.com\/wp-content\/uploads\/2023\/04\/mecanizado-molde-chica-1.jpg 500w, https:\/\/www.plasnor.com\/wp-content\/uploads\/2023\/04\/mecanizado-molde-chica-1-300x211.jpg 300w\" sizes=\"auto, (max-width: 500px) 100vw, 500px\" title=\"\"><\/a>\n\t\t\t<\/div><\/figure><figure class='gallery-item'>\n\t\t\t<div class='gallery-icon landscape'>\n\t\t\t\t<a href='https:\/\/www.plasnor.com\/wp-content\/uploads\/2023\/04\/plasnor-mecanizado-01.jpg'><img loading=\"lazy\" decoding=\"async\" width=\"1000\" height=\"704\" src=\"https:\/\/www.plasnor.com\/wp-content\/uploads\/2023\/04\/plasnor-mecanizado-01.jpg\" class=\"attachment-full size-full\" alt=\"Maquina de mecanizado\" srcset=\"https:\/\/www.plasnor.com\/wp-content\/uploads\/2023\/04\/plasnor-mecanizado-01.jpg 1000w, https:\/\/www.plasnor.com\/wp-content\/uploads\/2023\/04\/plasnor-mecanizado-01-300x211.jpg 300w, https:\/\/www.plasnor.com\/wp-content\/uploads\/2023\/04\/plasnor-mecanizado-01-768x541.jpg 768w\" sizes=\"auto, (max-width: 1000px) 100vw, 1000px\" title=\"\"><\/a>\n\t\t\t<\/div><\/figure>\n\t\t<\/div>\n\n","protected":false},"excerpt":{"rendered":"<p>Bei Plasnor verf\u00fcgen wir \u00fcber vier Bearbeitungszentren f\u00fcr ein perfektes Finish der Teile.<\/p>\n","protected":false},"author":1,"featured_media":0,"parent":17043,"menu_order":0,"comment_status":"closed","ping_status":"closed","template":"","meta":{"footnotes":""},"categories":[469],"tags":[],"class_list":{"0":"post-17033","1":"page","2":"type-page","3":"status-publish","5":"category-page-termonconformado-de"},"_links":{"self":[{"href":"https:\/\/www.plasnor.com\/de\/wp-json\/wp\/v2\/pages\/17033","targetHints":{"allow":["GET"]}}],"collection":[{"href":"https:\/\/www.plasnor.com\/de\/wp-json\/wp\/v2\/pages"}],"about":[{"href":"https:\/\/www.plasnor.com\/de\/wp-json\/wp\/v2\/types\/page"}],"author":[{"embeddable":true,"href":"https:\/\/www.plasnor.com\/de\/wp-json\/wp\/v2\/users\/1"}],"replies":[{"embeddable":true,"href":"https:\/\/www.plasnor.com\/de\/wp-json\/wp\/v2\/comments?post=17033"}],"version-history":[{"count":0,"href":"https:\/\/www.plasnor.com\/de\/wp-json\/wp\/v2\/pages\/17033\/revisions"}],"up":[{"embeddable":true,"href":"https:\/\/www.plasnor.com\/de\/wp-json\/wp\/v2\/pages\/17043"}],"wp:attachment":[{"href":"https:\/\/www.plasnor.com\/de\/wp-json\/wp\/v2\/media?parent=17033"}],"wp:term":[{"taxonomy":"category","embeddable":true,"href":"https:\/\/www.plasnor.com\/de\/wp-json\/wp\/v2\/categories?post=17033"},{"taxonomy":"post_tag","embeddable":true,"href":"https:\/\/www.plasnor.com\/de\/wp-json\/wp\/v2\/tags?post=17033"}],"curies":[{"name":"wp","href":"https:\/\/api.w.org\/{rel}","templated":true}]}}