{"id":17037,"date":"2023-04-24T10:52:35","date_gmt":"2023-04-24T08:52:35","guid":{"rendered":"https:\/\/www.plasnor.com\/extrusion\/"},"modified":"2023-05-03T20:32:32","modified_gmt":"2023-05-03T18:32:32","slug":"extrusion","status":"publish","type":"page","link":"https:\/\/www.plasnor.com\/de\/thermoformen\/produktionsverfahren-und-ergaenzende-dienstleistungen\/extrusion\/","title":{"rendered":"Extrusion"},"content":{"rendered":"<h3>Spezialisten f\u00fcr Platten und Rollen<\/h3>\n<p>Wir verf\u00fcgen \u00fcber die modernsten Maschinen zur mehrschichtigen Coextrusion. Unsere Extrusionslinien erlauben uns, verschiedene Arten von Thermoplasten in unterschiedlich aussehenden Platten und Rollen umzuwandeln. Hierf\u00fcr k\u00f6nnen wir auf unsere hochqualifizierten, auf dem Gebiet der Extrusion \u00e4u\u00dferst erfahrenen Maschinenbediener z\u00e4hlen.<\/p>\n<p><img loading=\"lazy\" decoding=\"async\" class=\"alignnone wp-image-14937\" src=\"https:\/\/www.plasnor.com\/wp-content\/uploads\/2023\/04\/plasnor-extrusion-044-1.jpg\" alt=\"\" width=\"600\" height=\"392\" title=\"\" srcset=\"https:\/\/www.plasnor.com\/wp-content\/uploads\/2023\/04\/plasnor-extrusion-044-1.jpg 1000w, https:\/\/www.plasnor.com\/wp-content\/uploads\/2023\/04\/plasnor-extrusion-044-1-300x196.jpg 300w, https:\/\/www.plasnor.com\/wp-content\/uploads\/2023\/04\/plasnor-extrusion-044-1-768x502.jpg 768w\" sizes=\"auto, (max-width: 600px) 100vw, 600px\" \/><\/p>\n","protected":false},"excerpt":{"rendered":"<p>Spezialisten f\u00fcr Platten und Rollen Wir verf\u00fcgen \u00fcber die modernsten Maschinen zur mehrschichtigen Coextrusion. Unsere Extrusionslinien erlauben uns, &#8230; <a title=\"Extrusion\" class=\"read-more\" href=\"https:\/\/www.plasnor.com\/de\/thermoformen\/produktionsverfahren-und-ergaenzende-dienstleistungen\/extrusion\/\" aria-label=\"Mehr Informationen \u00fcber Extrusion\">[ + info ]<\/a><\/p>\n","protected":false},"author":1,"featured_media":0,"parent":17043,"menu_order":0,"comment_status":"closed","ping_status":"closed","template":"","meta":{"footnotes":""},"categories":[469],"tags":[],"class_list":{"0":"post-17037","1":"page","2":"type-page","3":"status-publish","5":"category-page-termonconformado-de"},"_links":{"self":[{"href":"https:\/\/www.plasnor.com\/de\/wp-json\/wp\/v2\/pages\/17037","targetHints":{"allow":["GET"]}}],"collection":[{"href":"https:\/\/www.plasnor.com\/de\/wp-json\/wp\/v2\/pages"}],"about":[{"href":"https:\/\/www.plasnor.com\/de\/wp-json\/wp\/v2\/types\/page"}],"author":[{"embeddable":true,"href":"https:\/\/www.plasnor.com\/de\/wp-json\/wp\/v2\/users\/1"}],"replies":[{"embeddable":true,"href":"https:\/\/www.plasnor.com\/de\/wp-json\/wp\/v2\/comments?post=17037"}],"version-history":[{"count":0,"href":"https:\/\/www.plasnor.com\/de\/wp-json\/wp\/v2\/pages\/17037\/revisions"}],"up":[{"embeddable":true,"href":"https:\/\/www.plasnor.com\/de\/wp-json\/wp\/v2\/pages\/17043"}],"wp:attachment":[{"href":"https:\/\/www.plasnor.com\/de\/wp-json\/wp\/v2\/media?parent=17037"}],"wp:term":[{"taxonomy":"category","embeddable":true,"href":"https:\/\/www.plasnor.com\/de\/wp-json\/wp\/v2\/categories?post=17037"},{"taxonomy":"post_tag","embeddable":true,"href":"https:\/\/www.plasnor.com\/de\/wp-json\/wp\/v2\/tags?post=17037"}],"curies":[{"name":"wp","href":"https:\/\/api.w.org\/{rel}","templated":true}]}}