{"id":17039,"date":"2023-04-24T10:51:51","date_gmt":"2023-04-24T08:51:51","guid":{"rendered":"https:\/\/www.plasnor.com\/tooling-manufacturing\/"},"modified":"2023-05-03T20:31:48","modified_gmt":"2023-05-03T18:31:48","slug":"herstellung-von-formen","status":"publish","type":"page","link":"https:\/\/www.plasnor.com\/de\/thermoformen\/produktionsverfahren-und-ergaenzende-dienstleistungen\/herstellung-von-formen\/","title":{"rendered":"Herstellung von Formen"},"content":{"rendered":"<p>Wir besitzen eine Werkstatt zur Wartung und Anpassung der Formen, die es uns erm\u00f6glicht, in der Phase der Produkt- und Prototypenentwicklung flexibel und anpassungsf\u00e4hig zu sein.<\/p>\n<p>Es besteht die M\u00f6glichkeit, Eins\u00e4tzen in den Formen zu verwenden, um mit einer einzigen Form verschiedene Referenzen herzustellen. In einigen F\u00e4llen ist es m\u00f6glich, unter Verwendung unterschiedlicher Bearbeitungsprogramme verschiedene Modelle mit der gleichen Form herzustellen.<\/p>\n<p>F\u00fcr gr\u00f6\u00dfere Serien k\u00f6nnen Mehrfachformen eingesetzt werden.<\/p>\n<p>Je nach Fall kann zur korrekten Endbearbeitung des Formteils die Verwendung von Gegenformen erforderlich sein.<\/p>\n<p><img loading=\"lazy\" decoding=\"async\" class=\"alignnone wp-image-14949\" src=\"https:\/\/www.plasnor.com\/wp-content\/uploads\/2023\/04\/plasnor-production-03-automatismos.jpg\" alt=\"\" width=\"600\" height=\"400\" title=\"\" srcset=\"https:\/\/www.plasnor.com\/wp-content\/uploads\/2023\/04\/plasnor-production-03-automatismos.jpg 500w, https:\/\/www.plasnor.com\/wp-content\/uploads\/2023\/04\/plasnor-production-03-automatismos-300x200.jpg 300w\" sizes=\"auto, (max-width: 600px) 100vw, 600px\" \/><\/p>\n","protected":false},"excerpt":{"rendered":"<p>Wir besitzen eine Werkstatt zur Wartung und Anpassung der Formen, die es uns erm\u00f6glicht, in der Phase der &#8230; <a title=\"Herstellung von Formen\" class=\"read-more\" href=\"https:\/\/www.plasnor.com\/de\/thermoformen\/produktionsverfahren-und-ergaenzende-dienstleistungen\/herstellung-von-formen\/\" aria-label=\"Mehr Informationen \u00fcber Herstellung von Formen\">[ + info ]<\/a><\/p>\n","protected":false},"author":1,"featured_media":0,"parent":17043,"menu_order":0,"comment_status":"closed","ping_status":"closed","template":"","meta":{"footnotes":""},"categories":[469],"tags":[],"class_list":{"0":"post-17039","1":"page","2":"type-page","3":"status-publish","5":"category-page-termonconformado-de"},"_links":{"self":[{"href":"https:\/\/www.plasnor.com\/de\/wp-json\/wp\/v2\/pages\/17039","targetHints":{"allow":["GET"]}}],"collection":[{"href":"https:\/\/www.plasnor.com\/de\/wp-json\/wp\/v2\/pages"}],"about":[{"href":"https:\/\/www.plasnor.com\/de\/wp-json\/wp\/v2\/types\/page"}],"author":[{"embeddable":true,"href":"https:\/\/www.plasnor.com\/de\/wp-json\/wp\/v2\/users\/1"}],"replies":[{"embeddable":true,"href":"https:\/\/www.plasnor.com\/de\/wp-json\/wp\/v2\/comments?post=17039"}],"version-history":[{"count":0,"href":"https:\/\/www.plasnor.com\/de\/wp-json\/wp\/v2\/pages\/17039\/revisions"}],"up":[{"embeddable":true,"href":"https:\/\/www.plasnor.com\/de\/wp-json\/wp\/v2\/pages\/17043"}],"wp:attachment":[{"href":"https:\/\/www.plasnor.com\/de\/wp-json\/wp\/v2\/media?parent=17039"}],"wp:term":[{"taxonomy":"category","embeddable":true,"href":"https:\/\/www.plasnor.com\/de\/wp-json\/wp\/v2\/categories?post=17039"},{"taxonomy":"post_tag","embeddable":true,"href":"https:\/\/www.plasnor.com\/de\/wp-json\/wp\/v2\/tags?post=17039"}],"curies":[{"name":"wp","href":"https:\/\/api.w.org\/{rel}","templated":true}]}}