{"id":17045,"date":"2023-04-24T10:48:57","date_gmt":"2023-04-24T08:48:57","guid":{"rendered":"https:\/\/www.plasnor.com\/others\/"},"modified":"2023-05-03T20:17:38","modified_gmt":"2023-05-03T18:17:38","slug":"sonstige","status":"publish","type":"page","link":"https:\/\/www.plasnor.com\/de\/thermoformen\/sektoren-und-anwendungen\/sonstige\/","title":{"rendered":"Sonstige, sektoren und anwendungen"},"content":{"rendered":"<p>Wir fertigen alle Arten thermogeformter Teile f\u00fcr Sektoren oder T\u00e4tigkeiten wie:<\/p>\n<ul>\n<li>INDUSTRIE<\/li>\n<li>KLIMAANLAGEN \/ K\u00dcHLTECHNIK<\/li>\n<li>VERKAUFSAUTOMATEN<\/li>\n<li>HAUSHALTSGER\u00c4TE<\/li>\n<li>KRANKENHAUSM\u00d6BEL<\/li>\n<li>PLV<\/li>\n<\/ul>\n<p><img loading=\"lazy\" decoding=\"async\" class=\"alignnone wp-image-14966\" src=\"https:\/\/www.plasnor.com\/wp-content\/uploads\/2023\/04\/plasnor-sectores-otros.jpg\" alt=\"\" width=\"600\" height=\"450\" title=\"\" srcset=\"https:\/\/www.plasnor.com\/wp-content\/uploads\/2023\/04\/plasnor-sectores-otros.jpg 945w, https:\/\/www.plasnor.com\/wp-content\/uploads\/2023\/04\/plasnor-sectores-otros-300x225.jpg 300w, https:\/\/www.plasnor.com\/wp-content\/uploads\/2023\/04\/plasnor-sectores-otros-768x576.jpg 768w\" sizes=\"auto, (max-width: 600px) 100vw, 600px\" \/><\/p>\n","protected":false},"excerpt":{"rendered":"<p>Wir fertigen alle Arten thermogeformter Teile f\u00fcr Sektoren oder T\u00e4tigkeiten wie: INDUSTRIE KLIMAANLAGEN \/ K\u00dcHLTECHNIK VERKAUFSAUTOMATEN HAUSHALTSGER\u00c4TE KRANKENHAUSM\u00d6BEL &#8230; <a title=\"Sonstige, sektoren und anwendungen\" class=\"read-more\" href=\"https:\/\/www.plasnor.com\/de\/thermoformen\/sektoren-und-anwendungen\/sonstige\/\" aria-label=\"Mehr Informationen \u00fcber Sonstige, sektoren und anwendungen\">[ + info ]<\/a><\/p>\n","protected":false},"author":1,"featured_media":0,"parent":17059,"menu_order":0,"comment_status":"closed","ping_status":"closed","template":"","meta":{"footnotes":""},"categories":[469],"tags":[],"class_list":{"0":"post-17045","1":"page","2":"type-page","3":"status-publish","5":"category-page-termonconformado-de"},"_links":{"self":[{"href":"https:\/\/www.plasnor.com\/de\/wp-json\/wp\/v2\/pages\/17045","targetHints":{"allow":["GET"]}}],"collection":[{"href":"https:\/\/www.plasnor.com\/de\/wp-json\/wp\/v2\/pages"}],"about":[{"href":"https:\/\/www.plasnor.com\/de\/wp-json\/wp\/v2\/types\/page"}],"author":[{"embeddable":true,"href":"https:\/\/www.plasnor.com\/de\/wp-json\/wp\/v2\/users\/1"}],"replies":[{"embeddable":true,"href":"https:\/\/www.plasnor.com\/de\/wp-json\/wp\/v2\/comments?post=17045"}],"version-history":[{"count":0,"href":"https:\/\/www.plasnor.com\/de\/wp-json\/wp\/v2\/pages\/17045\/revisions"}],"up":[{"embeddable":true,"href":"https:\/\/www.plasnor.com\/de\/wp-json\/wp\/v2\/pages\/17059"}],"wp:attachment":[{"href":"https:\/\/www.plasnor.com\/de\/wp-json\/wp\/v2\/media?parent=17045"}],"wp:term":[{"taxonomy":"category","embeddable":true,"href":"https:\/\/www.plasnor.com\/de\/wp-json\/wp\/v2\/categories?post=17045"},{"taxonomy":"post_tag","embeddable":true,"href":"https:\/\/www.plasnor.com\/de\/wp-json\/wp\/v2\/tags?post=17045"}],"curies":[{"name":"wp","href":"https:\/\/api.w.org\/{rel}","templated":true}]}}