{"id":17049,"date":"2023-04-24T09:51:33","date_gmt":"2023-04-24T07:51:33","guid":{"rendered":"https:\/\/www.plasnor.com\/forestry-trays\/"},"modified":"2023-05-04T08:47:49","modified_gmt":"2023-05-04T06:47:49","slug":"pflanzentrays","status":"publish","type":"page","link":"https:\/\/www.plasnor.com\/de\/pflanzentrays\/","title":{"rendered":"Pflanzentrays"},"content":{"rendered":"<div id=\"pl-17049\"  class=\"panel-layout\" ><div id=\"pg-17049-0\"  class=\"panel-grid panel-has-style\" ><div class=\"panel-row-style panel-row-style-for-17049-0\" ><div id=\"pgc-17049-0-0\"  class=\"panel-grid-cell\" ><div id=\"panel-17049-0-0-0\" class=\"so-panel widget widget_sow-editor panel-first-child panel-last-child\" data-index=\"0\" ><div\n\t\t\t\n\t\t\tclass=\"so-widget-sow-editor so-widget-sow-editor-base\"\n\t\t\t\n\t\t>\n<div class=\"siteorigin-widget-tinymce textwidget\">\n\t<p style=\"text-align: center;\">Otro de los sectores que cada vez utiliza m\u00e1s materiares termoconformados son las <strong><em>bandejas forestales<\/em><\/strong>. En Plasnor elaboramos bandejas forestales de diferentes dimensiones y soportes para el autorepicado. Contamos con ocho modelos y hacemos todo con material reciclado. Tambi\u00e9n podemos hacer bandejas a medida, seg\u00fan la necesidad y el dise\u00f1o del cliente.<\/p>\n<\/div>\n<\/div><\/div><\/div><\/div><\/div><div id=\"pg-17049-1\"  class=\"panel-grid panel-has-style\" ><div class=\"panel-row-style panel-row-style-for-17049-1\" ><div id=\"pgc-17049-1-0\"  class=\"panel-grid-cell\" ><div class=\"panel-cell-style panel-cell-style-for-17049-1-0\" ><div id=\"panel-17049-1-0-0\" class=\"so-panel widget widget_sow-image panel-first-child\" data-index=\"1\" ><div\n\t\t\t\n\t\t\tclass=\"so-widget-sow-image so-widget-sow-image-default-113ccd71f3e6-17049\"\n\t\t\t\n\t\t>\n<div class=\"sow-image-container\">\n\t\t<img \n\tsrc=\"\/bandejasforestales\/290_2000.jpg\" title=\"Bandeja forestal 290\/2000-15\" alt=\"Bandeja forestal 290\/2000-15\" \t\tclass=\"so-widget-image\"\/>\n\t<\/div>\n\n<\/div><\/div><div id=\"panel-17049-1-0-1\" class=\"so-panel widget widget_sow-editor panel-last-child\" data-index=\"2\" ><div\n\t\t\t\n\t\t\tclass=\"so-widget-sow-editor so-widget-sow-editor-base\"\n\t\t\t\n\t\t><h3 class=\"widget-title\">REF.: 290\/2000-15<\/h3>\n<div class=\"siteorigin-widget-tinymce textwidget\">\n\t<ul>\n<li><span class=\"desc\">Overall size (mm):<\/span> 615 x 380<\/li>\n<li><span class=\"desc\">N. of Cells:<\/span> 15<\/li>\n<li><span class=\"desc\">Cell depth (mm):<\/span> 290<\/li>\n<li><span class=\"desc\">Cell size (mm):<\/span> 102x98<\/li>\n<li><span class=\"desc\">Cell volume (cm3):<\/span> 1800<\/li>\n<li><span class=\"desc\">Cells per m2:<\/span>64<\/li>\n<\/ul>\n<\/div>\n<\/div><\/div><\/div><\/div><div id=\"pgc-17049-1-1\"  class=\"panel-grid-cell\" ><div class=\"panel-cell-style panel-cell-style-for-17049-1-1\" ><div id=\"panel-17049-1-1-0\" class=\"so-panel widget widget_sow-image panel-first-child\" data-index=\"3\" ><div\n\t\t\t\n\t\t\tclass=\"so-widget-sow-image so-widget-sow-image-default-113ccd71f3e6-17049\"\n\t\t\t\n\t\t>\n<div class=\"sow-image-container\">\n\t\t<img \n\tsrc=\"\/bandejasforestales\/200_1000.jpg\" title=\"Bandeja forestal 200\/1000-18\" alt=\"Bandeja forestal 200\/1000-18\" \t\tclass=\"so-widget-image\"\/>\n\t<\/div>\n\n<\/div><\/div><div id=\"panel-17049-1-1-1\" class=\"so-panel widget widget_sow-editor panel-last-child\" data-index=\"4\" ><div\n\t\t\t\n\t\t\tclass=\"so-widget-sow-editor so-widget-sow-editor-base\"\n\t\t\t\n\t\t><h3 class=\"widget-title\">REF.: 200\/1000-18<\/h3>\n<div class=\"siteorigin-widget-tinymce textwidget\">\n\t<ul>\n<li><span class=\"desc\">Overall size (mm):<\/span> 600 x 345<\/li>\n<li><span class=\"desc\">N. of Cells:<\/span> 18<\/li>\n<li><span class=\"desc\">Cell depth (mm):<\/span> 200<\/li>\n<li><span class=\"desc\">Cell size (mm):<\/span> 97x90<\/li>\n<li><span class=\"desc\">Cell volume (cm3):<\/span> 1000<\/li>\n<li><span class=\"desc\">Cells per m2:<\/span>87<\/li>\n<\/ul>\n<\/div>\n<\/div><\/div><\/div><\/div><div id=\"pgc-17049-1-2\"  class=\"panel-grid-cell\" ><div class=\"panel-cell-style panel-cell-style-for-17049-1-2\" ><div id=\"panel-17049-1-2-0\" class=\"so-panel widget widget_sow-image panel-first-child\" data-index=\"5\" ><div\n\t\t\t\n\t\t\tclass=\"so-widget-sow-image so-widget-sow-image-default-113ccd71f3e6-17049\"\n\t\t\t\n\t\t>\n<div class=\"sow-image-container\">\n\t\t<img \n\tsrc=\"\/bandejasforestales\/170_400.jpg\" title=\"Bandeja forestal 170\/400-32\" alt=\"Bandeja forestal 170\/400-32\" \t\tclass=\"so-widget-image\"\/>\n\t<\/div>\n\n<\/div><\/div><div id=\"panel-17049-1-2-1\" class=\"so-panel widget widget_sow-editor panel-last-child\" data-index=\"6\" ><div\n\t\t\t\n\t\t\tclass=\"so-widget-sow-editor so-widget-sow-editor-base\"\n\t\t\t\n\t\t><h3 class=\"widget-title\">REF.: 170\/400-32<\/h3>\n<div class=\"siteorigin-widget-tinymce textwidget\">\n\t<ul>\n<li><span class=\"desc\">Overall size (mm):<\/span> 530 x 300<\/li>\n<li><span class=\"desc\">N. of Cells:<\/span> 32<\/li>\n<li><span class=\"desc\">Cell depth (mm):<\/span> 170<\/li>\n<li><span class=\"desc\">Cell size (mm):<\/span> 68x60<\/li>\n<li><span class=\"desc\">Cell volume (cm3):<\/span> 400<\/li>\n<li><span class=\"desc\">Cells per m2:<\/span>201<\/li>\n<\/ul>\n<\/div>\n<\/div><\/div><\/div><\/div><\/div><\/div><div id=\"pg-17049-2\"  class=\"panel-grid panel-has-style\" ><div class=\"panel-row-style panel-row-style-for-17049-2\" ><div id=\"pgc-17049-2-0\"  class=\"panel-grid-cell\" ><div class=\"panel-cell-style panel-cell-style-for-17049-2-0\" ><div id=\"panel-17049-2-0-0\" class=\"so-panel widget widget_sow-image panel-first-child\" data-index=\"7\" ><div\n\t\t\t\n\t\t\tclass=\"so-widget-sow-image so-widget-sow-image-default-113ccd71f3e6-17049\"\n\t\t\t\n\t\t>\n<div class=\"sow-image-container\">\n\t\t<img \n\tsrc=\"\/bandejasforestales\/150_350.jpg\" title=\"Bandeja forestal ref.: 150\/350-28\" alt=\"Bandeja forestal ref.: 150\/350-28\" \t\tclass=\"so-widget-image\"\/>\n\t<\/div>\n\n<\/div><\/div><div id=\"panel-17049-2-0-1\" class=\"so-panel widget widget_sow-editor panel-last-child\" data-index=\"8\" ><div\n\t\t\t\n\t\t\tclass=\"so-widget-sow-editor so-widget-sow-editor-base\"\n\t\t\t\n\t\t><h3 class=\"widget-title\">REF.: 150\/350-28<\/h3>\n<div class=\"siteorigin-widget-tinymce textwidget\">\n\t<ul>\n<li><span class=\"desc\">Overall size (mm):<\/span> 530x300<\/li>\n<li><span class=\"desc\">N. of Cells:<\/span> 28<\/li>\n<li><span class=\"desc\">Cell depth (mm):<\/span> 150<\/li>\n<li><span class=\"desc\">Cell size (mm):<\/span>65x65<\/li>\n<li><span class=\"desc\">Cell volume (cm3):<\/span>350<\/li>\n<li><span class=\"desc\">Cells per m2:<\/span>176<\/li>\n<\/ul>\n<\/div>\n<\/div><\/div><\/div><\/div><div id=\"pgc-17049-2-1\"  class=\"panel-grid-cell\" ><div class=\"panel-cell-style panel-cell-style-for-17049-2-1\" ><div id=\"panel-17049-2-1-0\" class=\"so-panel widget widget_sow-image panel-first-child\" data-index=\"9\" ><div\n\t\t\t\n\t\t\tclass=\"so-widget-sow-image so-widget-sow-image-default-113ccd71f3e6-17049\"\n\t\t\t\n\t\t>\n<div class=\"sow-image-container\">\n\t\t<img \n\tsrc=\"\/bandejasforestales\/190_300.jpg\" title=\"Bandeja forestal 190\/300-45\" alt=\"Bandeja forestal 190\/300-45\" \t\tclass=\"so-widget-image\"\/>\n\t<\/div>\n\n<\/div><\/div><div id=\"panel-17049-2-1-1\" class=\"so-panel widget widget_sow-editor panel-last-child\" data-index=\"10\" ><div\n\t\t\t\n\t\t\tclass=\"so-widget-sow-editor so-widget-sow-editor-base\"\n\t\t\t\n\t\t><h3 class=\"widget-title\">REF.:190\/300-45<\/h3>\n<div class=\"siteorigin-widget-tinymce textwidget\">\n\t<ul>\n<li><span class=\"desc\">Overall size (mm):<\/span> 530x300<\/li>\n<li><span class=\"desc\">N. of Cells:<\/span> 45<\/li>\n<li><span class=\"desc\">Cell depth (mm):<\/span> 190<\/li>\n<li><span class=\"desc\">Cell size (mm):<\/span>52x52<\/li>\n<li><span class=\"desc\">Cell volume (cm3):<\/span> 300<\/li>\n<li><span class=\"desc\">Cells per m2:<\/span>283<\/li>\n<\/ul>\n<\/div>\n<\/div><\/div><\/div><\/div><div id=\"pgc-17049-2-2\"  class=\"panel-grid-cell\" ><div class=\"panel-cell-style panel-cell-style-for-17049-2-2\" ><div id=\"panel-17049-2-2-0\" class=\"so-panel widget widget_sow-image panel-first-child\" data-index=\"11\" ><div\n\t\t\t\n\t\t\tclass=\"so-widget-sow-image so-widget-sow-image-default-113ccd71f3e6-17049\"\n\t\t\t\n\t\t>\n<div class=\"sow-image-container\">\n\t\t<img \n\tsrc=\"\/bandejasforestales\/150_200_45.jpg\" title=\"Bandeja forestal 150\/200-45\" alt=\"Bandeja forestal 150\/200-45\" \t\tclass=\"so-widget-image\"\/>\n\t<\/div>\n\n<\/div><\/div><div id=\"panel-17049-2-2-1\" class=\"so-panel widget widget_sow-editor panel-last-child\" data-index=\"12\" ><div\n\t\t\t\n\t\t\tclass=\"so-widget-sow-editor so-widget-sow-editor-base\"\n\t\t\t\n\t\t><h3 class=\"widget-title\">REF.: 150\/200-45<\/h3>\n<div class=\"siteorigin-widget-tinymce textwidget\">\n\t<ul>\n<li><span class=\"desc\">Overall size (mm):<\/span> 530x300<\/li>\n<li><span class=\"desc\">N. of Cells:<\/span> 45<\/li>\n<li><span class=\"desc\">Cell depth (mm):<\/span> 150<\/li>\n<li><span class=\"desc\">Cell size (mm):<\/span> 52x52<\/li>\n<li><span class=\"desc\">Cell volume (cm3):<\/span> 225<\/li>\n<li><span class=\"desc\">Cells per m2:<\/span>283<\/li>\n<\/ul>\n<\/div>\n<\/div><\/div><\/div><\/div><\/div><\/div><div id=\"pg-17049-3\"  class=\"panel-grid panel-has-style\" ><div class=\"panel-row-style panel-row-style-for-17049-3\" ><div id=\"pgc-17049-3-0\"  class=\"panel-grid-cell\" ><div class=\"panel-cell-style panel-cell-style-for-17049-3-0\" ><div id=\"panel-17049-3-0-0\" class=\"so-panel widget widget_sow-image panel-first-child\" data-index=\"13\" ><div\n\t\t\t\n\t\t\tclass=\"so-widget-sow-image so-widget-sow-image-default-113ccd71f3e6-17049\"\n\t\t\t\n\t\t>\n<div class=\"sow-image-container\">\n\t\t<img \n\tsrc=\"\/bandejasforestales\/150_200_60.jpg\" title=\"Bandeja forestal 150\/200-60\" alt=\"Bandeja forestal 150\/200-60\" \t\tclass=\"so-widget-image\"\/>\n\t<\/div>\n\n<\/div><\/div><div id=\"panel-17049-3-0-1\" class=\"so-panel widget widget_sow-editor panel-last-child\" data-index=\"14\" ><div\n\t\t\t\n\t\t\tclass=\"so-widget-sow-editor so-widget-sow-editor-base\"\n\t\t\t\n\t\t><h3 class=\"widget-title\">REF.: 150\/200-60<\/h3>\n<div class=\"siteorigin-widget-tinymce textwidget\">\n\t<ul>\n<li><span class=\"desc\">Overall size (mm):<\/span> 530 x 300<\/li>\n<li><span class=\"desc\">N. of Cells:<\/span> 60<\/li>\n<li><span class=\"desc\">Cell depth (mm):<\/span> 150<\/li>\n<li><span class=\"desc\">Cell size (mm):<\/span> 48x45<\/li>\n<li><span class=\"desc\">Cell volume (cm3):<\/span> 200<\/li>\n<li><span class=\"desc\">Cells per m2:<\/span>377<\/li>\n<\/ul>\n<\/div>\n<\/div><\/div><\/div><\/div><div id=\"pgc-17049-3-1\"  class=\"panel-grid-cell panel-grid-cell-mobile-last\" ><div class=\"panel-cell-style panel-cell-style-for-17049-3-1\" ><div id=\"panel-17049-3-1-0\" class=\"so-panel widget widget_sow-image panel-first-child\" data-index=\"15\" ><div\n\t\t\t\n\t\t\tclass=\"so-widget-sow-image so-widget-sow-image-default-113ccd71f3e6-17049\"\n\t\t\t\n\t\t>\n<div class=\"sow-image-container\">\n\t\t<img \n\tsrc=\"\/bandejasforestales\/120_150.jpg\" title=\"Bandeja forestal ref.: 120\/150-60\" alt=\"Bandeja forestal ref.: 120\/150-60\" \t\tclass=\"so-widget-image\"\/>\n\t<\/div>\n\n<\/div><\/div><div id=\"panel-17049-3-1-1\" class=\"so-panel widget widget_sow-editor panel-last-child\" data-index=\"16\" ><div\n\t\t\t\n\t\t\tclass=\"so-widget-sow-editor so-widget-sow-editor-base\"\n\t\t\t\n\t\t><h3 class=\"widget-title\">REF.: 120\/150-60<\/h3>\n<div class=\"siteorigin-widget-tinymce textwidget\">\n\t<ul>\n<li><span class=\"desc\">Overall size (mm):<\/span> 530 x 300<\/li>\n<li><span class=\"desc\">N. of Cells:<\/span> 60<\/li>\n<li><span class=\"desc\">Cell depth (mm):<\/span> 120<\/li>\n<li><span class=\"desc\">Cell size (mm):<\/span> 48x45<\/li>\n<li><span class=\"desc\">Cell volume (cm3):<\/span> 150<\/li>\n<li><span class=\"desc\">Cells per m2:<\/span>377<\/li>\n<\/ul>\n<\/div>\n<\/div><\/div><\/div><\/div><div id=\"pgc-17049-3-2\"  class=\"panel-grid-cell panel-grid-cell-empty\" ><\/div><\/div><\/div><div id=\"pg-17049-4\"  class=\"panel-grid panel-has-style\" ><div class=\"panel-row-style panel-row-style-for-17049-4\" ><div id=\"pgc-17049-4-0\"  class=\"panel-grid-cell\" ><div id=\"panel-17049-4-0-0\" class=\"so-panel widget widget_sow-headline panel-first-child panel-last-child\" data-index=\"17\" ><div\n\t\t\t\n\t\t\tclass=\"so-widget-sow-headline so-widget-sow-headline-default-d6db24c2db75-17049 so-widget-fittext-wrapper\"\n\t\t\t data-fit-text-compressor=\"0.85\"\n\t\t><div class=\"sow-headline-container \">\n\t\t\t\t\t\t\t<h2 class=\"sow-headline\">\n\t\t\t\t\t\tAIR PRUNING SUPPORT\t\t\t\t\t\t<\/h2>\n\t\t\t\t\t\t\t\t\t\t\t<div class=\"decoration\">\n\t\t\t\t\t\t<div class=\"decoration-inside\"><\/div>\n\t\t\t\t\t<\/div>\n\t\t\t\t\t<\/div>\n<\/div><\/div><\/div><\/div><\/div><div id=\"pg-17049-5\"  class=\"panel-grid panel-no-style\" ><div id=\"pgc-17049-5-0\"  class=\"panel-grid-cell\" ><div class=\"panel-cell-style panel-cell-style-for-17049-5-0\" ><div id=\"panel-17049-5-0-0\" class=\"so-panel widget widget_sow-image panel-first-child\" data-index=\"18\" ><div\n\t\t\t\n\t\t\tclass=\"so-widget-sow-image so-widget-sow-image-default-113ccd71f3e6-17049\"\n\t\t\t\n\t\t>\n<div class=\"sow-image-container\">\n\t\t<img \n\tsrc=\"\/bandejasforestales\/ref5.jpg\" title=\"Bandeja forestal ref5.jpg\" alt=\"Bandeja forestal ref5.jpg\" \t\tclass=\"so-widget-image\"\/>\n\t<\/div>\n\n<\/div><\/div><div id=\"panel-17049-5-0-1\" class=\"so-panel widget widget_sow-editor panel-last-child\" data-index=\"19\" ><div\n\t\t\t\n\t\t\tclass=\"so-widget-sow-editor so-widget-sow-editor-base\"\n\t\t\t\n\t\t><h3 class=\"widget-title\">REF.: Ref. 5<\/h3>\n<div class=\"siteorigin-widget-tinymce textwidget\">\n\t<p>Usable with the following Forestry Trays :ref. 150\/200-45 | ref. 200\/1000-18 | ref. 190\/300-45 | ref. 290\/2000-150<\/p>\n<\/div>\n<\/div><\/div><\/div><\/div><div id=\"pgc-17049-5-1\"  class=\"panel-grid-cell panel-grid-cell-mobile-last\" ><div class=\"panel-cell-style panel-cell-style-for-17049-5-1\" ><div id=\"panel-17049-5-1-0\" class=\"so-panel widget widget_sow-image panel-first-child\" data-index=\"20\" ><div\n\t\t\t\n\t\t\tclass=\"so-widget-sow-image so-widget-sow-image-default-113ccd71f3e6-17049\"\n\t\t\t\n\t\t>\n<div class=\"sow-image-container\">\n\t\t<img \n\tsrc=\"\/bandejasforestales\/ref6.jpg\" title=\"Bandeja forestal ref6.jpg\" alt=\"Bandeja forestal ref6.jpg\" \t\tclass=\"so-widget-image\"\/>\n\t<\/div>\n\n<\/div><\/div><div id=\"panel-17049-5-1-1\" class=\"so-panel widget widget_sow-editor panel-last-child\" data-index=\"21\" ><div\n\t\t\t\n\t\t\tclass=\"so-widget-sow-editor so-widget-sow-editor-base\"\n\t\t\t\n\t\t><h3 class=\"widget-title\">REF.: Ref. 6<\/h3>\n<div class=\"siteorigin-widget-tinymce textwidget\">\n\t<p>Usable with the following Forestry Trays: ref. 120\/150-60 C | ref. 150\/200-60<\/p>\n<\/div>\n<\/div><\/div><\/div><\/div><div id=\"pgc-17049-5-2\"  class=\"panel-grid-cell panel-grid-cell-empty\" ><\/div><\/div><div id=\"pg-17049-6\"  class=\"panel-grid panel-has-style\" ><div class=\"siteorigin-panels-stretch panel-row-style panel-row-style-for-17049-6\" data-stretch-type=\"full\" ><div id=\"pgc-17049-6-0\"  class=\"panel-grid-cell\" ><div id=\"panel-17049-6-0-0\" class=\"so-panel widget widget_sow-features panel-first-child panel-last-child\" data-index=\"22\" ><div class=\"info-bandejas-forestales panel-widget-style panel-widget-style-for-17049-6-0-0\" ><div\n\t\t\t\n\t\t\tclass=\"so-widget-sow-features so-widget-sow-features-default-e119e9c0e550-17049\"\n\t\t\t\n\t\t><ul\n\tclass=\"sow-features-list\n\tsow-features-responsive\">\n\n\t\t\t<li\n\t\t\tclass=\"sow-features-feature sow-icon-container-position-right\"\n\t\t\tstyle=\"display: flex; flex-direction: row; width: calc(100% - 25px);\"\n\t\t>\n\t\t\t\n\t\t\t\t\t\t<a\t\t\t\tclass=\"sow-icon-container sow-container-round\"\n\t\t\t\tstyle=\"color: #93c202; \"\n\t\t\t\t\n\t\t\t\t\t\t\t\t\thref=\"https:\/\/www.plasnor.com\/en\/forestry-trays\/consultation-on-forest-trays\/\"\n\t\t\t\t\t\t\t\t>\n\t\t\t\t<span class=\"sow-icon-typicons\" data-sow-icon=\"&#xe091;\"\n\t\tstyle=\"font-size: 60px; color: #fff\" \n\t\taria-hidden=\"true\"><\/span>\t\t\t<\/a>\n\n\t\t\t<div class=\"textwidget\">\n\t\t\t\t\n\t\t\t\t\t\t\t\t\t<h3 class=\"sow-features-feature-title\">\n\t\t\t\t\t\t\t\t\t\t\t\t\t<a\n\t\t\t\t\t\t\t\thref=\"https:\/\/www.plasnor.com\/en\/forestry-trays\/consultation-on-forest-trays\/\"\n\t\t\t\t\t\t\t\t\t\t\t\t\t\t\t>\n\t\t\t\t\t\t\tREQUEST INFORMATION\t\t\t\t\t\t\t<\/a>\n\t\t\t\t\t\t\t\t\t\t\t\t<\/h3>\n\t\t\t\t\n\t\t\t\t\t\t\t\t\t<div class=\"sow-features-feature-text\">\n\t\t\t\t\t<p>Technical support and customer service<\/p>\n\t\t\t\t\t<\/div>\n\t\t\t\t\t\t\t\t<\/div>\n\t\t\t\t\t\t\t\t<\/li>\n\n\t<\/ul>\n<\/div><\/div><\/div><\/div><div id=\"pgc-17049-6-1\"  class=\"panel-grid-cell\" ><div id=\"panel-17049-6-1-0\" class=\"so-panel widget widget_sow-button panel-first-child panel-last-child\" data-index=\"23\" ><div\n\t\t\t\n\t\t\tclass=\"so-widget-sow-button so-widget-sow-button-flat-a11931e8c5d7-17049\"\n\t\t\t\n\t\t><div class=\"ow-button-base ow-button-align-center\"\n>\n\t\t\t<a\n\t\t\t\t\thref=\"https:\/\/www.plasnor.com\/en\/forestry-trays\/consultation-on-forest-trays\/\"\n\t\t\t\t\tclass=\"sowb-button ow-icon-placement-left ow-button-hover\" \t>\n\t\t<span>\n\t\t\t\n\t\t\tContact us\t\t<\/span>\n\t\t\t<\/a>\n\t<\/div>\n<\/div><\/div><\/div><\/div><\/div><\/div>","protected":false},"excerpt":{"rendered":"<p>Otro de los sectores que cada vez utiliza m\u00e1s materiares termoconformados son las bandejas forestales. En Plasnor elaboramos &#8230; <a title=\"Pflanzentrays\" class=\"read-more\" href=\"https:\/\/www.plasnor.com\/de\/pflanzentrays\/\" aria-label=\"Mehr Informationen \u00fcber Pflanzentrays\">[ + info ]<\/a><\/p>\n","protected":false},"author":1,"featured_media":0,"parent":0,"menu_order":0,"comment_status":"closed","ping_status":"closed","template":"","meta":{"footnotes":""},"categories":[471],"tags":[],"class_list":{"0":"post-17049","1":"page","2":"type-page","3":"status-publish","5":"category-pages-home-de"},"_links":{"self":[{"href":"https:\/\/www.plasnor.com\/de\/wp-json\/wp\/v2\/pages\/17049","targetHints":{"allow":["GET"]}}],"collection":[{"href":"https:\/\/www.plasnor.com\/de\/wp-json\/wp\/v2\/pages"}],"about":[{"href":"https:\/\/www.plasnor.com\/de\/wp-json\/wp\/v2\/types\/page"}],"author":[{"embeddable":true,"href":"https:\/\/www.plasnor.com\/de\/wp-json\/wp\/v2\/users\/1"}],"replies":[{"embeddable":true,"href":"https:\/\/www.plasnor.com\/de\/wp-json\/wp\/v2\/comments?post=17049"}],"version-history":[{"count":0,"href":"https:\/\/www.plasnor.com\/de\/wp-json\/wp\/v2\/pages\/17049\/revisions"}],"wp:attachment":[{"href":"https:\/\/www.plasnor.com\/de\/wp-json\/wp\/v2\/media?parent=17049"}],"wp:term":[{"taxonomy":"category","embeddable":true,"href":"https:\/\/www.plasnor.com\/de\/wp-json\/wp\/v2\/categories?post=17049"},{"taxonomy":"post_tag","embeddable":true,"href":"https:\/\/www.plasnor.com\/de\/wp-json\/wp\/v2\/tags?post=17049"}],"curies":[{"name":"wp","href":"https:\/\/api.w.org\/{rel}","templated":true}]}}