{"id":17051,"date":"2023-04-24T09:45:31","date_gmt":"2023-04-24T07:45:31","guid":{"rendered":"https:\/\/www.plasnor.com\/tailored-packaging\/"},"modified":"2023-05-04T09:03:28","modified_gmt":"2023-05-04T07:03:28","slug":"verpackungen-nach-mass","status":"publish","type":"page","link":"https:\/\/www.plasnor.com\/de\/thermoformen\/sektoren-und-anwendungen\/verpackungen-nach-mass\/","title":{"rendered":"Verpackungen nach Ma\u00df"},"content":{"rendered":"<p>Wir entwerfen die beste L\u00f6sung f\u00fcr den Transport von Halbfertig- und Fertigteilen.<\/p>\n<h3 class=\"red\">WIR BIETEN L\u00d6SUNGEN<\/h3>\n<ul>\n<li>L\u00f6sungen zur effizienteren Gestaltung der internen Fertigungsprozesse.<\/li>\n<li>L\u00f6sung zur Optimierung des vorhandenen Platzes.<\/li>\n<li>L\u00f6sungen zum Schutz der Teile vor Schmutz, St\u00f6\u00dfen, Kratzern etc.<\/li>\n<li>Ergonomische L\u00f6sungen zur Handhabung der Teile.<\/li>\n<li>L\u00f6sungen zur Automatisierung und Handhabung durch Roboter.<\/li>\n<li>L\u00f6sungen in verschiedenen Materialien: ESD, antistatisch \u2026<\/li>\n<\/ul>\n<p>Wir liefern die Komplettl\u00f6sung vom Design bis zum fertigen Tablett. Umfassende Kontrolle des gesamten Prozesses.<\/p>\n<p><img loading=\"lazy\" decoding=\"async\" class=\"alignnone wp-image-14974\" src=\"https:\/\/www.plasnor.com\/wp-content\/uploads\/2023\/04\/04-plasnor-packaging.jpg\" alt=\"\" width=\"600\" height=\"391\" title=\"\" srcset=\"https:\/\/www.plasnor.com\/wp-content\/uploads\/2023\/04\/04-plasnor-packaging.jpg 862w, https:\/\/www.plasnor.com\/wp-content\/uploads\/2023\/04\/04-plasnor-packaging-300x196.jpg 300w, https:\/\/www.plasnor.com\/wp-content\/uploads\/2023\/04\/04-plasnor-packaging-768x501.jpg 768w\" sizes=\"auto, (max-width: 600px) 100vw, 600px\" \/><\/p>\n","protected":false},"excerpt":{"rendered":"<p>Wir entwerfen die beste L\u00f6sung f\u00fcr den Transport von Halbfertig- und Fertigteilen. WIR BIETEN L\u00d6SUNGEN L\u00f6sungen zur effizienteren &#8230; <a title=\"Verpackungen nach Ma\u00df\" class=\"read-more\" href=\"https:\/\/www.plasnor.com\/de\/thermoformen\/sektoren-und-anwendungen\/verpackungen-nach-mass\/\" aria-label=\"Mehr Informationen \u00fcber Verpackungen nach Ma\u00df\">[ + info ]<\/a><\/p>\n","protected":false},"author":1,"featured_media":0,"parent":17059,"menu_order":0,"comment_status":"closed","ping_status":"closed","template":"","meta":{"footnotes":""},"categories":[469],"tags":[],"class_list":{"0":"post-17051","1":"page","2":"type-page","3":"status-publish","5":"category-page-termonconformado-de"},"_links":{"self":[{"href":"https:\/\/www.plasnor.com\/de\/wp-json\/wp\/v2\/pages\/17051","targetHints":{"allow":["GET"]}}],"collection":[{"href":"https:\/\/www.plasnor.com\/de\/wp-json\/wp\/v2\/pages"}],"about":[{"href":"https:\/\/www.plasnor.com\/de\/wp-json\/wp\/v2\/types\/page"}],"author":[{"embeddable":true,"href":"https:\/\/www.plasnor.com\/de\/wp-json\/wp\/v2\/users\/1"}],"replies":[{"embeddable":true,"href":"https:\/\/www.plasnor.com\/de\/wp-json\/wp\/v2\/comments?post=17051"}],"version-history":[{"count":0,"href":"https:\/\/www.plasnor.com\/de\/wp-json\/wp\/v2\/pages\/17051\/revisions"}],"up":[{"embeddable":true,"href":"https:\/\/www.plasnor.com\/de\/wp-json\/wp\/v2\/pages\/17059"}],"wp:attachment":[{"href":"https:\/\/www.plasnor.com\/de\/wp-json\/wp\/v2\/media?parent=17051"}],"wp:term":[{"taxonomy":"category","embeddable":true,"href":"https:\/\/www.plasnor.com\/de\/wp-json\/wp\/v2\/categories?post=17051"},{"taxonomy":"post_tag","embeddable":true,"href":"https:\/\/www.plasnor.com\/de\/wp-json\/wp\/v2\/tags?post=17051"}],"curies":[{"name":"wp","href":"https:\/\/api.w.org\/{rel}","templated":true}]}}