{"id":17053,"date":"2023-04-24T09:44:59","date_gmt":"2023-04-24T07:44:59","guid":{"rendered":"https:\/\/www.plasnor.com\/renewable-energies\/"},"modified":"2023-05-04T09:03:00","modified_gmt":"2023-05-04T07:03:00","slug":"erneuerbare-energien","status":"publish","type":"page","link":"https:\/\/www.plasnor.com\/de\/thermoformen\/sektoren-und-anwendungen\/erneuerbare-energien\/","title":{"rendered":"Erneuerbare Energien"},"content":{"rendered":"<p>Wir thermoformen Teile f\u00fcr den Sektor der erneuerbaren Energien: Teile f\u00fcr Windkraftanlagen, Solarenergieanlagen usw. Gro\u00dfformatige Teile von bis zu 3000x2000x900 mm f\u00fcr Windm\u00fchlen, Akkumulatoren, Solarkollektoren usw.<\/p>\n<p><img loading=\"lazy\" decoding=\"async\" class=\"alignnone wp-image-15381 size-full\" src=\"https:\/\/www.plasnor.com\/wp-content\/uploads\/2023\/04\/09-plasnor-Eolico.jpg\" alt=\"\" width=\"424\" height=\"251\" title=\"\" srcset=\"https:\/\/www.plasnor.com\/wp-content\/uploads\/2023\/04\/09-plasnor-Eolico.jpg 424w, https:\/\/www.plasnor.com\/wp-content\/uploads\/2023\/04\/09-plasnor-Eolico-300x178.jpg 300w\" sizes=\"auto, (max-width: 424px) 100vw, 424px\" \/><\/p>\n","protected":false},"excerpt":{"rendered":"<p>Wir thermoformen Teile f\u00fcr den Sektor der erneuerbaren Energien: Teile f\u00fcr Windkraftanlagen, Solarenergieanlagen usw. Gro\u00dfformatige Teile von bis &#8230; <a title=\"Erneuerbare Energien\" class=\"read-more\" href=\"https:\/\/www.plasnor.com\/de\/thermoformen\/sektoren-und-anwendungen\/erneuerbare-energien\/\" aria-label=\"Mehr Informationen \u00fcber Erneuerbare Energien\">[ + info ]<\/a><\/p>\n","protected":false},"author":1,"featured_media":0,"parent":17059,"menu_order":0,"comment_status":"closed","ping_status":"closed","template":"","meta":{"footnotes":""},"categories":[469],"tags":[],"class_list":{"0":"post-17053","1":"page","2":"type-page","3":"status-publish","5":"category-page-termonconformado-de"},"_links":{"self":[{"href":"https:\/\/www.plasnor.com\/de\/wp-json\/wp\/v2\/pages\/17053","targetHints":{"allow":["GET"]}}],"collection":[{"href":"https:\/\/www.plasnor.com\/de\/wp-json\/wp\/v2\/pages"}],"about":[{"href":"https:\/\/www.plasnor.com\/de\/wp-json\/wp\/v2\/types\/page"}],"author":[{"embeddable":true,"href":"https:\/\/www.plasnor.com\/de\/wp-json\/wp\/v2\/users\/1"}],"replies":[{"embeddable":true,"href":"https:\/\/www.plasnor.com\/de\/wp-json\/wp\/v2\/comments?post=17053"}],"version-history":[{"count":0,"href":"https:\/\/www.plasnor.com\/de\/wp-json\/wp\/v2\/pages\/17053\/revisions"}],"up":[{"embeddable":true,"href":"https:\/\/www.plasnor.com\/de\/wp-json\/wp\/v2\/pages\/17059"}],"wp:attachment":[{"href":"https:\/\/www.plasnor.com\/de\/wp-json\/wp\/v2\/media?parent=17053"}],"wp:term":[{"taxonomy":"category","embeddable":true,"href":"https:\/\/www.plasnor.com\/de\/wp-json\/wp\/v2\/categories?post=17053"},{"taxonomy":"post_tag","embeddable":true,"href":"https:\/\/www.plasnor.com\/de\/wp-json\/wp\/v2\/tags?post=17053"}],"curies":[{"name":"wp","href":"https:\/\/api.w.org\/{rel}","templated":true}]}}