{"id":17055,"date":"2023-04-24T09:44:15","date_gmt":"2023-04-24T07:44:15","guid":{"rendered":"https:\/\/www.plasnor.com\/railway\/"},"modified":"2023-05-04T09:03:09","modified_gmt":"2023-05-04T07:03:09","slug":"eisenbahn","status":"publish","type":"page","link":"https:\/\/www.plasnor.com\/de\/thermoformen\/sektoren-und-anwendungen\/eisenbahn\/","title":{"rendered":"Eisenbahn"},"content":{"rendered":"<p>Wir verf\u00fcgen \u00fcber Spezialmaterialien f\u00fcr die Bahnindustrie, die den geltenden Brandschutzvorschriften des jeweiligen Landes entsprechen. Es k\u00f6nnen von zu Faserbaugruppen geh\u00f6rige Kleinteile bis zu gr\u00f6\u00dferen Innenteilen gefertigt werden.<\/p>\n<p><img loading=\"lazy\" decoding=\"async\" class=\"alignnone wp-image-14958 size-full\" src=\"https:\/\/www.plasnor.com\/wp-content\/uploads\/2023\/04\/02-plasnor-sector-railway.jpg\" alt=\"\" width=\"449\" height=\"300\" title=\"\" srcset=\"https:\/\/www.plasnor.com\/wp-content\/uploads\/2023\/04\/02-plasnor-sector-railway.jpg 449w, https:\/\/www.plasnor.com\/wp-content\/uploads\/2023\/04\/02-plasnor-sector-railway-300x200.jpg 300w\" sizes=\"auto, (max-width: 449px) 100vw, 449px\" \/><\/p>\n","protected":false},"excerpt":{"rendered":"<p>Wir verf\u00fcgen \u00fcber Spezialmaterialien f\u00fcr die Bahnindustrie, die den geltenden Brandschutzvorschriften des jeweiligen Landes entsprechen. Es k\u00f6nnen von &#8230; <a title=\"Eisenbahn\" class=\"read-more\" href=\"https:\/\/www.plasnor.com\/de\/thermoformen\/sektoren-und-anwendungen\/eisenbahn\/\" aria-label=\"Mehr Informationen \u00fcber Eisenbahn\">[ + info ]<\/a><\/p>\n","protected":false},"author":1,"featured_media":0,"parent":17059,"menu_order":0,"comment_status":"closed","ping_status":"closed","template":"","meta":{"footnotes":""},"categories":[469],"tags":[],"class_list":{"0":"post-17055","1":"page","2":"type-page","3":"status-publish","5":"category-page-termonconformado-de"},"_links":{"self":[{"href":"https:\/\/www.plasnor.com\/de\/wp-json\/wp\/v2\/pages\/17055","targetHints":{"allow":["GET"]}}],"collection":[{"href":"https:\/\/www.plasnor.com\/de\/wp-json\/wp\/v2\/pages"}],"about":[{"href":"https:\/\/www.plasnor.com\/de\/wp-json\/wp\/v2\/types\/page"}],"author":[{"embeddable":true,"href":"https:\/\/www.plasnor.com\/de\/wp-json\/wp\/v2\/users\/1"}],"replies":[{"embeddable":true,"href":"https:\/\/www.plasnor.com\/de\/wp-json\/wp\/v2\/comments?post=17055"}],"version-history":[{"count":0,"href":"https:\/\/www.plasnor.com\/de\/wp-json\/wp\/v2\/pages\/17055\/revisions"}],"up":[{"embeddable":true,"href":"https:\/\/www.plasnor.com\/de\/wp-json\/wp\/v2\/pages\/17059"}],"wp:attachment":[{"href":"https:\/\/www.plasnor.com\/de\/wp-json\/wp\/v2\/media?parent=17055"}],"wp:term":[{"taxonomy":"category","embeddable":true,"href":"https:\/\/www.plasnor.com\/de\/wp-json\/wp\/v2\/categories?post=17055"},{"taxonomy":"post_tag","embeddable":true,"href":"https:\/\/www.plasnor.com\/de\/wp-json\/wp\/v2\/tags?post=17055"}],"curies":[{"name":"wp","href":"https:\/\/api.w.org\/{rel}","templated":true}]}}