{"id":17061,"date":"2023-04-20T22:45:11","date_gmt":"2023-04-20T20:45:11","guid":{"rendered":"https:\/\/www.plasnor.com\/faq\/"},"modified":"2023-05-03T20:05:51","modified_gmt":"2023-05-03T18:05:51","slug":"faq","status":"publish","type":"page","link":"https:\/\/www.plasnor.com\/de\/moebel-norsan-high-gloss\/faq\/","title":{"rendered":"FAQ"},"content":{"rendered":"<div id=\"pl-17061\"  class=\"panel-layout\" ><div id=\"pg-17061-0\"  class=\"panel-grid panel-no-style\" ><div id=\"pgc-17061-0-0\"  class=\"panel-grid-cell\" ><div id=\"panel-17061-0-0-0\" class=\"so-panel widget widget_sow-blog panel-first-child panel-last-child\" data-index=\"0\" ><div class=\"page-faq panel-widget-style panel-widget-style-for-17061-0-0-0\" ><div\n\t\t\t\n\t\t\tclass=\"so-widget-sow-blog so-widget-sow-blog-standard-af6faceb2d6f-17061\"\n\t\t\t\n\t\t>\t\t<div\n\t\tclass=\"sow-blog sow-blog-layout-standard\"\n\t\tdata-template=\"standard\"\n\t\tdata-settings=\"{&quot;columns&quot;:false,&quot;featured_image_size&quot;:&quot;full&quot;,&quot;featured_image_size_width&quot;:&quot;&quot;,&quot;featured_image_size_height&quot;:&quot;&quot;,&quot;tag&quot;:&quot;h2&quot;,&quot;content&quot;:&quot;full&quot;,&quot;read_more&quot;:true,&quot;excerpt_length&quot;:55,&quot;filter_categories&quot;:false,&quot;so_field_container_state&quot;:&quot;open&quot;,&quot;featured_image&quot;:false,&quot;date&quot;:false,&quot;author&quot;:false,&quot;categories&quot;:false,&quot;tags&quot;:false,&quot;comment_count&quot;:false,&quot;featured_image_empty&quot;:true,&quot;trim_manual_excerpt&quot;:&quot;&quot;,&quot;template&quot;:&quot;standard&quot;}\"\n\t\tdata-paged=\"1\"\n\t\tdata-paging-id=\"af6faceb2d6f\"\n\t\tdata-total-pages=\"0\"\n\t\tdata-hash=\"7f9cd0a5\"\n\t>\n\t\t\n\t\t\t\t\t\t\t<div class=\"sow-blog-posts\">\n\t\t\t\t<article id=\"post-14347\" class=\"post-14347 post type-post status-publish format-standard hentry category-faq-de generate-columns tablet-grid-50 mobile-grid-100 grid-parent grid-25\" style=\"margin: 0 0 40px\">\n\t\t\t\t<div class=\"sow-blog-content-wrapper\"\n\t\t style=\"padding: 25px 30px 38px;\">\n\t\t\t\t<header class=\"sow-entry-header\">\n\t\t\t<h2 class=\"sow-entry-title\" style=\"margin: 0 0 5px;\"><a href=\"https:\/\/www.plasnor.com\/de\/01-welche-art-von-maschinen-sind-zum-laminieren-unseres-norsan-high-gloss-norsan-erforderlich\/\" rel=\"bookmark\">01. WELCHE ART VON MASCHINEN SIND ZUM LAMINIEREN UNSERES NORSAN HIGH GLOSS NORSAN ERFORDERLICH?<\/a><\/h2>\t\t\t<div class=\"sow-entry-meta\">\n\t\t\t\t\n\t\t\n\t\t\n\t\t\t\t\t<\/div>\n\t\t<\/header>\n\n\t\t\t\t\t<div\n\t\t\t\tclass=\"sow-entry-content\"\n\t\t\t\tstyle=\"margin-top: 20px;\"\n\t\t\t>\n\t\t\t\t<p><img loading=\"lazy\" decoding=\"async\" class=\"alignnone wp-image-168 size-full\" src=\"https:\/\/www.plasnor.com\/wp-content\/uploads\/2023\/04\/diagrama-maquina-laminacion.gif\" alt=\"\" width=\"998\" height=\"430\" title=\"\"><\/p>\n<p>Der Einsatz von Walzlinien f\u00fcr PUR-Hei\u00dfkleber ist absolut erforderlich.<\/p>\n<p>Nachstehend sehen Sie das Grundschema einer Produktionslinie.<\/p>\n<p data-wp-editing=\"1\"><strong><img loading=\"lazy\" decoding=\"async\" class=\"alignnone size-full wp-image-166\" src=\"https:\/\/www.plasnor.com\/wp-content\/uploads\/2023\/04\/icono-link2.gif\" alt=\"\" width=\"22\" height=\"16\" title=\"\"> <em><a href=\"https:\/\/www.barberan.com\/es\/laminado-de-paneles\/3-serie-compact-line.html\" target=\"_blank\" rel=\"noopener nofollow\">Weitere Informationen<\/a><\/em><\/strong><\/p>\n\t\t\t<\/div>\n\t\t\t\t<\/div>\n<\/article>\n<article id=\"post-14344\" class=\"post-14344 post type-post status-publish format-standard has-post-thumbnail hentry category-faq-de generate-columns tablet-grid-50 mobile-grid-100 grid-parent grid-25 resize-featured-image\" style=\"margin: 0 0 40px\">\n\t\t\t\t<div class=\"sow-blog-content-wrapper\"\n\t\t style=\"padding: 25px 30px 38px;\">\n\t\t\t\t<header class=\"sow-entry-header\">\n\t\t\t<h2 class=\"sow-entry-title\" style=\"margin: 0 0 5px;\"><a href=\"https:\/\/www.plasnor.com\/de\/02-wie-viel-druck-ist-bei-der-anwendung-von-norsan-high-gloss-auf-mdf-notwendig\/\" rel=\"bookmark\">02. WIE VIEL DRUCK IST BEI DER ANWENDUNG VON NORSAN HIGH GLOSS AUF MDF NOTWENDIG?<\/a><\/h2>\t\t\t<div class=\"sow-entry-meta\">\n\t\t\t\t\n\t\t\n\t\t\n\t\t\t\t\t<\/div>\n\t\t<\/header>\n\n\t\t\t\t\t<div\n\t\t\t\tclass=\"sow-entry-content\"\n\t\t\t\tstyle=\"margin-top: 20px;\"\n\t\t\t>\n\t\t\t\t<p>Der optimale Druck h\u00e4ngt von dem verwendeten Substrat ab (MDF \/ Agglomerat \/ Sperrholz) und der aufgebrachte Klebstoffmenge. Normalerweise entstehen desto mehr Fehler auf der Oberfl\u00e4che je h\u00f6her der Druck ist, da die Acrylfolie die auf der Plattenoberfl\u00e4che bestehenden Unvollkommenheiten regelrecht fotokopiert. Andererseits, je h\u00f6her der Druck, desto besser verklebt die Folie auf der MDF-Platte.<\/p>\n<p>Man sollte also einen Mittelweg finden. Unsere Kunden pressen mit einer St\u00e4rke zwischen 0,1 mm und 0,3 mm.<\/p>\n<p><img loading=\"lazy\" decoding=\"async\" class=\"alignnone wp-image-174 size-full\" src=\"https:\/\/www.plasnor.com\/wp-content\/uploads\/2023\/04\/esquema-cuanta-prsion-norsan-highgloss1.jpg\" alt=\"\" width=\"583\" height=\"252\" title=\"\" srcset=\"https:\/\/www.plasnor.com\/wp-content\/uploads\/2023\/04\/esquema-cuanta-prsion-norsan-highgloss1.jpg 583w, https:\/\/www.plasnor.com\/wp-content\/uploads\/2023\/04\/esquema-cuanta-prsion-norsan-highgloss1-300x130.jpg 300w\" sizes=\"auto, (max-width: 583px) 100vw, 583px\"><\/p>\n\t\t\t<\/div>\n\t\t\t\t<\/div>\n<\/article>\n<article id=\"post-14341\" class=\"post-14341 post type-post status-publish format-standard hentry category-faq-de generate-columns tablet-grid-50 mobile-grid-100 grid-parent grid-25\" style=\"margin: 0 0 40px\">\n\t\t\t\t<div class=\"sow-blog-content-wrapper\"\n\t\t style=\"padding: 25px 30px 38px;\">\n\t\t\t\t<header class=\"sow-entry-header\">\n\t\t\t<h2 class=\"sow-entry-title\" style=\"margin: 0 0 5px;\"><a href=\"https:\/\/www.plasnor.com\/de\/03-welche-art-von-klebstoff-muss-verwendet-werden\/\" rel=\"bookmark\">03. WELCHE ART VON KLEBSTOFF MUSS VERWENDET WERDEN?<\/a><\/h2>\t\t\t<div class=\"sow-entry-meta\">\n\t\t\t\t\n\t\t\n\t\t\n\t\t\t\t\t<\/div>\n\t\t<\/header>\n\n\t\t\t\t\t<div\n\t\t\t\tclass=\"sow-entry-content\"\n\t\t\t\tstyle=\"margin-top: 20px;\"\n\t\t\t>\n\t\t\t\t<p>Es sollte immer ein PUR-Klebstoff verwendet werden. Versuchen Sie erst gar nicht, andere Klebstoffe zu benutzen, denn aus Erfahrung wissen wir, dass diese niemals korrekt funktionieren. Wir empfehlen folgende Produkte: Kleiberit Ref. 709.3, Henkel Ref. QR4663 oder Jowat 609.20. Auch jeder andere PUR-Hei\u00dfkleber sollte funktionieren. Der Klebstoff muss eine Temperatur von bis zu 140\u00baC erreichen, um fl\u00fcssig genug zu sein. Die Auftragwalze des Klebers sollte eine Temperatur von etwa 125 \u00b0C haben.<\/p>\n<p><a href=\"http:\/\/www.henkel.es\" target=\"_blank\" rel=\"noopener nofollow\"><img loading=\"lazy\" decoding=\"async\" class=\"alignnone size-full wp-image-166\" src=\"https:\/\/www.plasnor.com\/wp-content\/uploads\/2023\/04\/icono-link2.gif\" alt=\"\" width=\"22\" height=\"16\" title=\"\"> <em><strong>Weitere Informationen<\/strong><\/em><\/a><\/p>\n\t\t\t<\/div>\n\t\t\t\t<\/div>\n<\/article>\n<article id=\"post-14338\" class=\"post-14338 post type-post status-publish format-standard hentry category-faq-de generate-columns tablet-grid-50 mobile-grid-100 grid-parent grid-25\" style=\"margin: 0 0 40px\">\n\t\t\t\t<div class=\"sow-blog-content-wrapper\"\n\t\t style=\"padding: 25px 30px 38px;\">\n\t\t\t\t<header class=\"sow-entry-header\">\n\t\t\t<h2 class=\"sow-entry-title\" style=\"margin: 0 0 5px;\"><a href=\"https:\/\/www.plasnor.com\/de\/04-por-que-algunas-planchas-de-norsan-high-gloss-parecen-irregulares-sobre-el-pallet\/\" rel=\"bookmark\">04. WARUM ZEIGEN MANCHE NORSAN HIGH GLOSS PLATTEN AUF DER PALETTE UNEBENHEITEN?<\/a><\/h2>\t\t\t<div class=\"sow-entry-meta\">\n\t\t\t\t\n\t\t\n\t\t\n\t\t\t\t\t<\/div>\n\t\t<\/header>\n\n\t\t\t\t\t<div\n\t\t\t\tclass=\"sow-entry-content\"\n\t\t\t\tstyle=\"margin-top: 20px;\"\n\t\t\t>\n\t\t\t\t<p>Acryl-Methacrylat ist ein Thermoplast, weshalb es gelegentlich vorkommen kann, dass w\u00e4hrend des Extrusionsverfahrens Wellungen in der Folie auftreten. Diese Wellen beeintr\u00e4chtigen die Qualit\u00e4t der Laminatplatte in keinster Weise, da diese Wellen beim Verkleben der Folie auf der Platte verschwinden.<\/p>\n\t\t\t<\/div>\n\t\t\t\t<\/div>\n<\/article>\n<article id=\"post-14335\" class=\"post-14335 post type-post status-publish format-standard hentry category-faq-de generate-columns tablet-grid-50 mobile-grid-100 grid-parent grid-25\" style=\"margin: 0 0 40px\">\n\t\t\t\t<div class=\"sow-blog-content-wrapper\"\n\t\t style=\"padding: 25px 30px 38px;\">\n\t\t\t\t<header class=\"sow-entry-header\">\n\t\t\t<h2 class=\"sow-entry-title\" style=\"margin: 0 0 5px;\"><a href=\"https:\/\/www.plasnor.com\/de\/05-como-se-cantean-los-tableros-laminados-de-norsan-high-gloss\/\" rel=\"bookmark\">05. WIE KANTET MAN DIE MIT NORSAN HIGH GLOSS LAMINIERTEN PLATTEN?<\/a><\/h2>\t\t\t<div class=\"sow-entry-meta\">\n\t\t\t\t\n\t\t\n\t\t\n\t\t\t\t\t<\/div>\n\t\t<\/header>\n\n\t\t\t\t\t<div\n\t\t\t\tclass=\"sow-entry-content\"\n\t\t\t\tstyle=\"margin-top: 20px;\"\n\t\t\t>\n\t\t\t\t<p>Auf dem Markt existieren Firmen, die auf die Herstellung von ABS-Kanten spezialisiert sind. Wir empfehlen die Firma Dollken oder Rehau, da sie in ihrem Katalog unsere gesamte Farbpalette anbieten.<\/p>\n\t\t\t<\/div>\n\t\t\t\t<\/div>\n<\/article>\n<article id=\"post-14332\" class=\"post-14332 post type-post status-publish format-standard hentry category-faq-de generate-columns tablet-grid-50 mobile-grid-100 grid-parent grid-25\" style=\"margin: 0 0 40px\">\n\t\t\t\t<div class=\"sow-blog-content-wrapper\"\n\t\t style=\"padding: 25px 30px 38px;\">\n\t\t\t\t<header class=\"sow-entry-header\">\n\t\t\t<h2 class=\"sow-entry-title\" style=\"margin: 0 0 5px;\"><a href=\"https:\/\/www.plasnor.com\/de\/06-besteht-die-moeglichkeit-unser-norsan-high-gloss-nachzuformen\/\" rel=\"bookmark\">06. BESTEHT DIE M\u00d6GLICHKEIT UNSER NORSAN HIGH GLOSS NACHZUFORMEN?<\/a><\/h2>\t\t\t<div class=\"sow-entry-meta\">\n\t\t\t\t\n\t\t\n\t\t\n\t\t\t\t\t<\/div>\n\t\t<\/header>\n\n\t\t\t\t\t<div\n\t\t\t\tclass=\"sow-entry-content\"\n\t\t\t\tstyle=\"margin-top: 20px;\"\n\t\t\t>\n\t\t\t\t<p>Ein Nachformen unseres Produktes ist m\u00f6glich, und mit den richtigen Maschinen kann ein Mindestradius von 1,5 mm erzielt werden.<\/p>\n<p>ABS\/PMMA ist ein Thermoplast. Dies bedeutet, dass sich seine Form bei Aufbringung der entsprechenden W\u00e4rme ver\u00e4ndern l\u00e4sst. Der wichtigste Aspekt ist, die W\u00e4rme genau im Winkel aufzubringen. Die aufgebrachte W\u00e4rme sollte \u00fcber 110\u00b0 C betragen.<\/p>\n\t\t\t<\/div>\n\t\t\t\t<\/div>\n<\/article>\n<article id=\"post-14329\" class=\"post-14329 post type-post status-publish format-standard hentry category-faq-de generate-columns tablet-grid-50 mobile-grid-100 grid-parent grid-25\" style=\"margin: 0 0 40px\">\n\t\t\t\t<div class=\"sow-blog-content-wrapper\"\n\t\t style=\"padding: 25px 30px 38px;\">\n\t\t\t\t<header class=\"sow-entry-header\">\n\t\t\t<h2 class=\"sow-entry-title\" style=\"margin: 0 0 5px;\"><a href=\"https:\/\/www.plasnor.com\/de\/07-wann-kann-die-platte-nach-dem-verkleben-der-norsan-high-gloss-folie-auf-die-mdf-platte-zugeschnitten-werden\/\" rel=\"bookmark\">07. WANN KANN DIE PLATTE NACH DEM VERKLEBEN DER NORSAN HIGH GLOSS FOLIE AUF DIE MDF-PLATTE ZUGESCHNITTEN WERDEN?<\/a><\/h2>\t\t\t<div class=\"sow-entry-meta\">\n\t\t\t\t\n\t\t\n\t\t\n\t\t\t\t\t<\/div>\n\t\t<\/header>\n\n\t\t\t\t\t<div\n\t\t\t\tclass=\"sow-entry-content\"\n\t\t\t\tstyle=\"margin-top: 20px;\"\n\t\t\t>\n\t\t\t\t<p>Wir empfehlen, vor dem Zuschneiden der Platte eine Wartezeit von mindestens 24 Stunden einzuhalten, bis der Kleber getrocknet ist und sich stabilisiert hat.<\/p>\n\t\t\t<\/div>\n\t\t\t\t<\/div>\n<\/article>\n<article id=\"post-14326\" class=\"post-14326 post type-post status-publish format-standard hentry category-faq-de generate-columns tablet-grid-50 mobile-grid-100 grid-parent grid-25\" style=\"margin: 0 0 40px\">\n\t\t\t\t<div class=\"sow-blog-content-wrapper\"\n\t\t style=\"padding: 25px 30px 38px;\">\n\t\t\t\t<header class=\"sow-entry-header\">\n\t\t\t<h2 class=\"sow-entry-title\" style=\"margin: 0 0 5px;\"><a href=\"https:\/\/www.plasnor.com\/de\/08-ist-es-moeglich-kleine-kratzer-zu-polieren-wenn-ja-welches-produkt-sollte-hierzu-verwendet-werden\/\" rel=\"bookmark\">08. IST ES M\u00d6GLICH KLEINE KRATZER ZU POLIEREN? WENN JA, WELCHES PRODUKT SOLLTE HIERZU VERWENDET WERDEN?<\/a><\/h2>\t\t\t<div class=\"sow-entry-meta\">\n\t\t\t\t\n\t\t\n\t\t\n\t\t\t\t\t<\/div>\n\t\t<\/header>\n\n\t\t\t\t\t<div\n\t\t\t\tclass=\"sow-entry-content\"\n\t\t\t\tstyle=\"margin-top: 20px;\"\n\t\t\t>\n\t\t\t\t<p>&nbsp;<\/p>\n<ol>\n<li>\u00a0Kleine Spuren und Kratzer k\u00f6nnen poliert werden, da es sich hier um eine Oberfl\u00e4che aus Acryl handelt. Tiefe Kratzer k\u00f6nnen jedoch nicht beseitigt werden, da die Methacrylatschicht nur eine Dicke von ca. 0,1 mm hat.<\/li>\n<li>Alle Polituren sind geeignet und funktionieren. So kann man beispielsweise Produkte zum Polieren von Fahrzeugkarosserien verwenden, die man in jeder Autowerkstatt kaufen kann.<\/li>\n<\/ol>\n<p>&nbsp;<\/p>\n\t\t\t<\/div>\n\t\t\t\t<\/div>\n<\/article>\n<article id=\"post-14323\" class=\"post-14323 post type-post status-publish format-standard hentry category-faq-de generate-columns tablet-grid-50 mobile-grid-100 grid-parent grid-25\" style=\"margin: 0 0 40px\">\n\t\t\t\t<div class=\"sow-blog-content-wrapper\"\n\t\t style=\"padding: 25px 30px 38px;\">\n\t\t\t\t<header class=\"sow-entry-header\">\n\t\t\t<h2 class=\"sow-entry-title\" style=\"margin: 0 0 5px;\"><a href=\"https:\/\/www.plasnor.com\/de\/09-welche-reinigungsprodukte-sollten-verwendet-werden-um-die-oberflaeche-einer-norsan-high-gloss-tuer-zu-reinigen\/\" rel=\"bookmark\">09. WELCHE REINIGUNGSPRODUKTE SOLLTEN VERWENDET WERDEN, UM DIE OBERFL\u00c4CHE EINER NORSAN HIGH GLOSS-T\u00dcR ZU REINIGEN?<\/a><\/h2>\t\t\t<div class=\"sow-entry-meta\">\n\t\t\t\t\n\t\t\n\t\t\n\t\t\t\t\t<\/div>\n\t\t<\/header>\n\n\t\t\t\t\t<div\n\t\t\t\tclass=\"sow-entry-content\"\n\t\t\t\tstyle=\"margin-top: 20px;\"\n\t\t\t>\n\t\t\t\t<p>Wir empfehlen, die Oberfl\u00e4che mit einem Mikrofasertuch, Fl\u00fcssigseife und Wasser zu reinigen. Reinigungsmittel mit antistatischen Eigenschaften sind dazu geeignet, die statische Aufladung zu verhindern.<\/p>\n<p>Wir empfehlen ein Produkt namens Vuplex, ein spezifisches Produkt zur Kunststoffreinigung<\/p>\n<p><strong><img loading=\"lazy\" decoding=\"async\" class=\"alignnone size-full wp-image-166\" src=\"https:\/\/www.plasnor.com\/wp-content\/uploads\/2023\/04\/icono-link2.gif\" alt=\"\" width=\"22\" height=\"16\" title=\"\"> <\/strong><em><strong><a href=\"https:\/\/www.hafele.co.uk\/en\/product\/plastic-cleaner-anti-static-polish-vuplex-\/000000eb0001b89200010023\/;pgid=JDdg67K4ahdSRpI8Zv4Eoc_h0000x3Cb_vAz#SearchParameter=&amp;@QueryTerm=*&amp;Category=iwzAqBtGjoQAAAFP3LI4lnbm&amp;FF.followSearch=9949&amp;PageNumber=1&amp;OriginalPageSize=12&amp;PageSize=12&amp;Position=7&amp;OrigPos=1&amp;PDP=true\" target=\"_blank\" rel=\"noopener nofollow\">Weitere Informationen<\/a><\/strong><\/em><\/p>\n\t\t\t<\/div>\n\t\t\t\t<\/div>\n<\/article>\n<article id=\"post-14320\" class=\"post-14320 post type-post status-publish format-standard hentry category-faq-de generate-columns tablet-grid-50 mobile-grid-100 grid-parent grid-25\" style=\"margin: 0 0 40px\">\n\t\t\t\t<div class=\"sow-blog-content-wrapper\"\n\t\t style=\"padding: 25px 30px 38px;\">\n\t\t\t\t<header class=\"sow-entry-header\">\n\t\t\t<h2 class=\"sow-entry-title\" style=\"margin: 0 0 5px;\"><a href=\"https:\/\/www.plasnor.com\/de\/10-welche-reinigungsprodukte-sollten-verwendet-werden-um-die-oberflaeche-einer-norsan-high-gloss-tuer-von-kleberresten-zu-saeubern\/\" rel=\"bookmark\">10. WELCHE REINIGUNGSPRODUKTE SOLLTEN VERWENDET WERDEN, UM DIE OBERFL\u00c4CHE EINER NORSAN HIGH GLOSS-T\u00dcR VON KLEBERRESTEN ZU S\u00c4UBERN?<\/a><\/h2>\t\t\t<div class=\"sow-entry-meta\">\n\t\t\t\t\n\t\t\n\t\t\n\t\t\t\t\t<\/div>\n\t\t<\/header>\n\n\t\t\t\t\t<div\n\t\t\t\tclass=\"sow-entry-content\"\n\t\t\t\tstyle=\"margin-top: 20px;\"\n\t\t\t>\n\t\t\t\t<p>ABeim Entfernen der Schutzfolie ist es wichtig, darauf zu achten, die Klebstoffreste von der Plattenoberfl\u00e4che zu entfernen. Andernfalls kann es der Eindruck entstehen, die Oberfl\u00e4che sei bei der Handhabung zerkratzt worden, wobei es sich in Wirklichkeit um Klebstoffreste handelt.<\/p>\n<p>Wir empfehlen, Klebstoffr\u00fcckstande mit einem angefeuchteten Mikrofasertuch vorsichtig von der Oberfl\u00e4che zu entfernen. Diese einfache Vorgehensweise steigert die Kratzfestigkeit unserer Folie und erh\u00f6ht den Oberfl\u00e4chenglanz.<\/p>\n<p>Auch in diesem Fall empfehlen wir die Verwendung des Reinigungsmittels Vuplex.<\/p>\n<p><img loading=\"lazy\" decoding=\"async\" class=\"alignnone wp-image-241 size-full\" src=\"https:\/\/www.plasnor.com\/wp-content\/uploads\/2023\/04\/producto-limpieza-vuplex.jpg\" alt=\"\" width=\"500\" height=\"500\" title=\"\" srcset=\"https:\/\/www.plasnor.com\/wp-content\/uploads\/2023\/04\/producto-limpieza-vuplex.jpg 500w, https:\/\/www.plasnor.com\/wp-content\/uploads\/2023\/04\/producto-limpieza-vuplex-300x300.jpg 300w, https:\/\/www.plasnor.com\/wp-content\/uploads\/2023\/04\/producto-limpieza-vuplex-150x150.jpg 150w, https:\/\/www.plasnor.com\/wp-content\/uploads\/2023\/04\/producto-limpieza-vuplex-375x375.jpg 375w\" sizes=\"auto, (max-width: 500px) 100vw, 500px\"><\/p>\n\t\t\t<\/div>\n\t\t\t\t<\/div>\n<\/article>\n<article id=\"post-14317\" class=\"post-14317 post type-post status-publish format-standard hentry category-faq-de generate-columns tablet-grid-50 mobile-grid-100 grid-parent grid-25\" style=\"margin: 0 0 40px\">\n\t\t\t\t<div class=\"sow-blog-content-wrapper\"\n\t\t style=\"padding: 25px 30px 38px;\">\n\t\t\t\t<header class=\"sow-entry-header\">\n\t\t\t<h2 class=\"sow-entry-title\" style=\"margin: 0 0 5px;\"><a href=\"https:\/\/www.plasnor.com\/de\/11-gibt-es-spezielle-anforderungen-an-die-lagerung-von-norsan-high-gloss-feuchtigkeit-temperatur-usw\/\" rel=\"bookmark\">11. GIBT ES SPEZIELLE ANFORDERUNGEN AN DIE LAGERUNG VON NORSAN HIGH GLOSS (FEUCHTIGKEIT, TEMPERATUR usw.)?<\/a><\/h2>\t\t\t<div class=\"sow-entry-meta\">\n\t\t\t\t\n\t\t\n\t\t\n\t\t\t\t\t<\/div>\n\t\t<\/header>\n\n\t\t\t\t\t<div\n\t\t\t\tclass=\"sow-entry-content\"\n\t\t\t\tstyle=\"margin-top: 20px;\"\n\t\t\t>\n\t\t\t\t<p>Es gibt keine besonderen Anforderungen an die Lagerung unseres Produktes. Unsere einzige Empfehlung besteht darin, die Platten sp\u00e4testens nach 6 Monate mit dem Brett zu verkleben und dass nicht mehr als 3t Gewicht auf der Palette aufliegen.<\/p>\n\t\t\t<\/div>\n\t\t\t\t<\/div>\n<\/article>\n\t\t\t<\/div>\n\t\t\t\t\t\t\t\t<\/div>\n\t<\/div><\/div><\/div><\/div><\/div><\/div>","protected":false},"excerpt":{"rendered":"<p>01. WELCHE ART VON MASCHINEN SIND ZUM LAMINIEREN UNSERES NORSAN HIGH GLOSS NORSAN ERFORDERLICH? Der Einsatz von Walzlinien f\u00fcr PUR-Hei\u00dfkleber ist absolut erforderlich. Nachstehend sehen Sie das Grundschema einer Produktionslinie. Weitere Informationen 02. WIE VIEL DRUCK IST BEI DER ANWENDUNG VON NORSAN HIGH GLOSS AUF MDF NOTWENDIG? Der optimale Druck h\u00e4ngt von dem verwendeten Substrat&#8230;<\/p>\n","protected":false},"author":1,"featured_media":0,"parent":17103,"menu_order":0,"comment_status":"closed","ping_status":"closed","template":"","meta":{"footnotes":""},"categories":[61],"tags":[],"class_list":{"0":"post-17061","1":"page","2":"type-page","3":"status-publish","5":"category-page-mueble-de"},"_links":{"self":[{"href":"https:\/\/www.plasnor.com\/de\/wp-json\/wp\/v2\/pages\/17061","targetHints":{"allow":["GET"]}}],"collection":[{"href":"https:\/\/www.plasnor.com\/de\/wp-json\/wp\/v2\/pages"}],"about":[{"href":"https:\/\/www.plasnor.com\/de\/wp-json\/wp\/v2\/types\/page"}],"author":[{"embeddable":true,"href":"https:\/\/www.plasnor.com\/de\/wp-json\/wp\/v2\/users\/1"}],"replies":[{"embeddable":true,"href":"https:\/\/www.plasnor.com\/de\/wp-json\/wp\/v2\/comments?post=17061"}],"version-history":[{"count":0,"href":"https:\/\/www.plasnor.com\/de\/wp-json\/wp\/v2\/pages\/17061\/revisions"}],"up":[{"embeddable":true,"href":"https:\/\/www.plasnor.com\/de\/wp-json\/wp\/v2\/pages\/17103"}],"wp:attachment":[{"href":"https:\/\/www.plasnor.com\/de\/wp-json\/wp\/v2\/media?parent=17061"}],"wp:term":[{"taxonomy":"category","embeddable":true,"href":"https:\/\/www.plasnor.com\/de\/wp-json\/wp\/v2\/categories?post=17061"},{"taxonomy":"post_tag","embeddable":true,"href":"https:\/\/www.plasnor.com\/de\/wp-json\/wp\/v2\/tags?post=17061"}],"curies":[{"name":"wp","href":"https:\/\/api.w.org\/{rel}","templated":true}]}}