{"id":17069,"date":"2023-04-20T22:41:12","date_gmt":"2023-04-20T20:41:12","guid":{"rendered":"https:\/\/www.plasnor.com\/crystal-acrylic\/"},"modified":"2023-05-03T16:54:09","modified_gmt":"2023-05-03T14:54:09","slug":"crystal-acrylic","status":"publish","type":"page","link":"https:\/\/www.plasnor.com\/de\/moebel-norsan-high-gloss\/crystal-acrylic\/","title":{"rendered":"Crystal acrylic"},"content":{"rendered":"<div id=\"pl-17069\"  class=\"panel-layout\" ><div id=\"pg-17069-0\"  class=\"panel-grid panel-no-style\" ><div id=\"pgc-17069-0-0\"  class=\"panel-grid-cell\" ><div id=\"panel-17069-0-0-0\" class=\"so-panel widget widget_sow-editor panel-first-child panel-last-child\" data-index=\"0\" ><div\n\t\t\t\n\t\t\tclass=\"so-widget-sow-editor so-widget-sow-editor-base\"\n\t\t\t\n\t\t>\n<div class=\"siteorigin-widget-tinymce textwidget\">\n\t<p>Unsere Crystal Acrylic Platten haben die maximale Kratzfestigkeit von unbeschichteten Acryloberfl\u00e4chen und verdoppeln die Best\u00e4ndigkeit des Marktstandards. Zum bereits ausgezeichneten Spiegeleffekt unserer Premium Acrylic Platten f\u00fcgt PLASNOR das 2mm Kristallacrylprodukt in den Katalog ein, das die Anteile von ABS und PMMA invertiert, so dass eine gr\u00f6\u00dfere Tiefe in unseren Platten erzielt und diesen einen Kristalleffekt verleiht.<\/p>\n<p><strong>Die \u00c4sthetik des Glases mit den Eigenschaften oder Vorteilen von Hochglanzacryl:<\/strong><\/p>\n<ul>\n<li>50% leichter<\/li>\n<li>Bessere Schlagfestigkeit. Weniger Bruch<\/li>\n<li>Einfache Verarbeitung mit herk\u00f6mmlichen Werkzeugen<\/li>\n<li>Weniger Verschwendung bei der Herstellung<\/li>\n<li>Einfache Reinigung<\/li>\n<\/ul>\n<p>Zus\u00e4tzlich ist die Oberfl\u00e4che perfekt gegen m\u00f6gliche Kratzer reparierbar.<br \/>\nDie hervorragende Farbstabilit\u00e4t von Cristal Acrylic Platten gegen UV-Strahlung und die Best\u00e4ndigkeit gegen chemische Substanzen garantieren eine optimale Produktqualit\u00e4t \u00fcber die gesamte Lebensdauer.<br \/>\nEs handelt sich um PVC-freie, ungiftige und recycelbare Materialien, die Nachhaltigkeit und Umweltschutz f\u00f6rdern.<br \/>\nService und Flexibilit\u00e4t sind Schl\u00fcsselelemente unseres Wertangebots. Unsere k\u00fcrzeren Materiallieferzeiten und die Flexibilit\u00e4t bei Mindestbestellmengen helfen unseren Kunden, wettbewerbsf\u00e4higer zu werden.<br \/>\nAll dies macht es zur perfekten Wahl f\u00fcr Designer, M\u00f6belhersteller oder Laminatoren auf der ganzen Welt, um Paneele aller Arten von Anwendungen in der M\u00f6belindustrie abzudecken: K\u00fcchen, Badezimmer, Schlafzimmer, Wohnzimmer usw.<\/p>\n<p><img loading=\"lazy\" decoding=\"async\" class=\"aligncenter wp-image-15093 size-large\" src=\"https:\/\/www.plasnor.com\/wp-content\/uploads\/2023\/04\/cocina-cristal-1-1024x707.jpg\" alt=\"\" width=\"1024\" height=\"707\" srcset=\"https:\/\/www.plasnor.com\/wp-content\/uploads\/2023\/04\/cocina-cristal-1-1024x707.jpg 1024w, https:\/\/www.plasnor.com\/wp-content\/uploads\/2023\/04\/cocina-cristal-1-300x207.jpg 300w, https:\/\/www.plasnor.com\/wp-content\/uploads\/2023\/04\/cocina-cristal-1-768x531.jpg 768w, https:\/\/www.plasnor.com\/wp-content\/uploads\/2023\/04\/cocina-cristal-1.jpg 1200w\" sizes=\"auto, (max-width: 1024px) 100vw, 1024px\" title=\"\"><\/p>\n<\/div>\n<\/div><\/div><\/div><\/div><div id=\"pg-17069-1\"  class=\"panel-grid panel-has-style\" ><div class=\"diferencia panel-row-style panel-row-style-for-17069-1\" ><div id=\"pgc-17069-1-0\"  class=\"panel-grid-cell\" ><div id=\"panel-17069-1-0-0\" class=\"so-panel widget widget_sow-headline panel-first-child\" data-index=\"1\" ><div\n\t\t\t\n\t\t\tclass=\"so-widget-sow-headline so-widget-sow-headline-default-24e17eaabc56-17069 so-widget-fittext-wrapper\"\n\t\t\t data-fit-text-compressor=\"0.85\"\n\t\t><div class=\"sow-headline-container \">\n\t\t\t\t\t\t\t<h2 class=\"sow-headline\">\n\t\t\t\t\t\tWAS UNS UNTERSCHIEDLICH MACHT\t\t\t\t\t\t<\/h2>\n\t\t\t\t\t\t\t\t\t\t\t\t<p class=\"sow-sub-headline\">\n\t\t\t\t\t\t<i>Neues Premium Acrylic<\/i>\t\t\t\t\t\t<\/p>\n\t\t\t\t\t\t\t\t\t\t\t<div class=\"decoration\">\n\t\t\t\t\t\t<div class=\"decoration-inside\"><\/div>\n\t\t\t\t\t<\/div>\n\t\t\t\t\t<\/div>\n<\/div><\/div><div id=\"panel-17069-1-0-1\" class=\"so-panel widget widget_sow-button\" data-index=\"2\" ><div\n\t\t\t\n\t\t\tclass=\"so-widget-sow-button so-widget-sow-button-flat-f54c0409268f-17069\"\n\t\t\t\n\t\t><div class=\"ow-button-base ow-button-align-center\"\n>\n\t\t\t<a\n\t\t\t\t\thref=\"https:\/\/www.plasnor.com\/de\/moebel-norsan-high-gloss\/was-uns-unterschiedlich-macht\/\"\n\t\t\t\t\tclass=\"sowb-button ow-icon-placement-left ow-button-hover\" \t>\n\t\t<span>\n\t\t\t\n\t\t\t+ info\t\t<\/span>\n\t\t\t<\/a>\n\t<\/div>\n<\/div><\/div><div id=\"panel-17069-1-0-2\" class=\"so-panel widget widget_sow-features panel-last-child\" data-index=\"3\" ><div\n\t\t\t\n\t\t\tclass=\"so-widget-sow-features so-widget-sow-features-default-577654788aed-17069\"\n\t\t\t\n\t\t><ul\n\tclass=\"sow-features-list\n\tsow-features-responsive\">\n\n\t\t\t<li\n\t\t\tclass=\"sow-features-feature sow-icon-container-position-top\"\n\t\t\tstyle=\"display: flex; flex-direction: column; width: calc(25% - 25px);\"\n\t\t>\n\t\t\t\n\t\t\t\t\t\t<div\t\t\t\tclass=\"sow-icon-container sow-container-none\"\n\t\t\t\tstyle=\"color: #ffffff; \"\n\t\t\t\ttitle=\"MAXIMALE KRATZFESTIGKEIT\"\n\t\t\t\t\t\t\t>\n\t\t\t\t\t\t\t\t\t\t<div class=\"sow-icon-image\" style=\"background-image: url(https:\/\/www.plasnor.com\/wp-content\/uploads\/2023\/04\/1-diferencia.png); font-size: 70px\"><\/div>\n\t\t\t\t\t\t\t\t\t<\/div>\n\n\t\t\t<div class=\"textwidget\">\n\t\t\t\t\n\t\t\t\t\t\t\t\t\t<h4 class=\"sow-features-feature-title\">\n\t\t\t\t\t\tMAXIMALE KRATZFESTIGKEIT\t\t\t\t\t<\/h4>\n\t\t\t\t\n\t\t\t\t\t\t\t<\/div>\n\t\t\t\t\t\t\t\t<\/li>\n\n\t\t\t<li\n\t\t\tclass=\"sow-features-feature sow-icon-container-position-top\"\n\t\t\tstyle=\"display: flex; flex-direction: column; width: calc(25% - 25px);\"\n\t\t>\n\t\t\t\n\t\t\t\t\t\t<div\t\t\t\tclass=\"sow-icon-container sow-container-none\"\n\t\t\t\tstyle=\"color: #ffffff; \"\n\t\t\t\ttitle=\"BESTE HELLIGKEIT UND SPIEGELWIRKUNG\"\n\t\t\t\t\t\t\t>\n\t\t\t\t\t\t\t\t\t\t<div class=\"sow-icon-image\" style=\"background-image: url(https:\/\/www.plasnor.com\/wp-content\/uploads\/2023\/04\/2-diferencia2.png); font-size: 70px\"><\/div>\n\t\t\t\t\t\t\t\t\t<\/div>\n\n\t\t\t<div class=\"textwidget\">\n\t\t\t\t\n\t\t\t\t\t\t\t\t\t<h4 class=\"sow-features-feature-title\">\n\t\t\t\t\t\tBESTE HELLIGKEIT UND SPIEGELWIRKUNG\t\t\t\t\t<\/h4>\n\t\t\t\t\n\t\t\t\t\t\t\t<\/div>\n\t\t\t\t\t\t\t\t<\/li>\n\n\t\t\t<li\n\t\t\tclass=\"sow-features-feature sow-icon-container-position-top\"\n\t\t\tstyle=\"display: flex; flex-direction: column; width: calc(25% - 25px);\"\n\t\t>\n\t\t\t\n\t\t\t\t\t\t<div\t\t\t\tclass=\"sow-icon-container sow-container-none\"\n\t\t\t\tstyle=\"color: #ffffff; \"\n\t\t\t\ttitle=\"DAS GR\u00d6SSTE FARBANGEBOT\"\n\t\t\t\t\t\t\t>\n\t\t\t\t\t\t\t\t\t\t<div class=\"sow-icon-image\" style=\"background-image: url(https:\/\/www.plasnor.com\/wp-content\/uploads\/2023\/04\/3-diferencia.png); font-size: 70px\"><\/div>\n\t\t\t\t\t\t\t\t\t<\/div>\n\n\t\t\t<div class=\"textwidget\">\n\t\t\t\t\n\t\t\t\t\t\t\t\t\t<h4 class=\"sow-features-feature-title\">\n\t\t\t\t\t\tDAS GR\u00d6SSTE FARBANGEBOT\t\t\t\t\t<\/h4>\n\t\t\t\t\n\t\t\t\t\t\t\t<\/div>\n\t\t\t\t\t\t\t\t<\/li>\n\n\t\t\t<li\n\t\t\tclass=\"sow-features-feature sow-icon-container-position-top\"\n\t\t\tstyle=\"display: flex; flex-direction: column; width: calc(25% - 25px);\"\n\t\t>\n\t\t\t\n\t\t\t\t\t\t<div\t\t\t\tclass=\"sow-icon-container sow-container-none\"\n\t\t\t\tstyle=\"color: #ffffff; \"\n\t\t\t\ttitle=\"OPTIMALE KANTENBEARBEITUNG\"\n\t\t\t\t\t\t\t>\n\t\t\t\t\t\t\t\t\t\t<div class=\"sow-icon-image\" style=\"background-image: url(https:\/\/www.plasnor.com\/wp-content\/uploads\/2023\/04\/4-diferencia2.png); font-size: 70px\"><\/div>\n\t\t\t\t\t\t\t\t\t<\/div>\n\n\t\t\t<div class=\"textwidget\">\n\t\t\t\t\n\t\t\t\t\t\t\t\t\t<h4 class=\"sow-features-feature-title\">\n\t\t\t\t\t\tOPTIMALE KANTENBEARBEITUNG\t\t\t\t\t<\/h4>\n\t\t\t\t\n\t\t\t\t\t\t\t<\/div>\n\t\t\t\t\t\t\t\t<\/li>\n\n\t\t\t<li\n\t\t\tclass=\"sow-features-feature sow-icon-container-position-top\"\n\t\t\tstyle=\"display: flex; flex-direction: column; width: calc(25% - 25px);\"\n\t\t>\n\t\t\t\n\t\t\t\t\t\t<div\t\t\t\tclass=\"sow-icon-container sow-container-none\"\n\t\t\t\tstyle=\"color: #ffffff; \"\n\t\t\t\ttitle=\"SERVICE UND FLEXIBILIT\u00c4T\"\n\t\t\t\t\t\t\t>\n\t\t\t\t\t\t\t\t\t\t<div class=\"sow-icon-image\" style=\"background-image: url(https:\/\/www.plasnor.com\/wp-content\/uploads\/2023\/04\/5-diferencia.png); font-size: 70px\"><\/div>\n\t\t\t\t\t\t\t\t\t<\/div>\n\n\t\t\t<div class=\"textwidget\">\n\t\t\t\t\n\t\t\t\t\t\t\t\t\t<h4 class=\"sow-features-feature-title\">\n\t\t\t\t\t\tSERVICE UND FLEXIBILIT\u00c4T\t\t\t\t\t<\/h4>\n\t\t\t\t\n\t\t\t\t\t\t\t<\/div>\n\t\t\t\t\t\t\t\t<\/li>\n\n\t\t\t<li\n\t\t\tclass=\"sow-features-feature sow-icon-container-position-top\"\n\t\t\tstyle=\"display: flex; flex-direction: column; width: calc(25% - 25px);\"\n\t\t>\n\t\t\t\n\t\t\t\t\t\t<div\t\t\t\tclass=\"sow-icon-container sow-container-none\"\n\t\t\t\tstyle=\"color: #ffffff; \"\n\t\t\t\ttitle=\"RESPEKT F\u00dcR DIE UMWELT\"\n\t\t\t\t\t\t\t>\n\t\t\t\t\t\t\t\t\t\t<div class=\"sow-icon-image\" style=\"background-image: url(https:\/\/www.plasnor.com\/wp-content\/uploads\/2023\/04\/6-diferencia.png); font-size: 70px\"><\/div>\n\t\t\t\t\t\t\t\t\t<\/div>\n\n\t\t\t<div class=\"textwidget\">\n\t\t\t\t\n\t\t\t\t\t\t\t\t\t<h4 class=\"sow-features-feature-title\">\n\t\t\t\t\t\tRESPEKT F\u00dcR DIE UMWELT\t\t\t\t\t<\/h4>\n\t\t\t\t\n\t\t\t\t\t\t\t<\/div>\n\t\t\t\t\t\t\t\t<\/li>\n\n\t\t\t<li\n\t\t\tclass=\"sow-features-feature sow-icon-container-position-top\"\n\t\t\tstyle=\"display: flex; flex-direction: column; width: calc(25% - 25px);\"\n\t\t>\n\t\t\t\n\t\t\t\t\t\t<div\t\t\t\tclass=\"sow-icon-container sow-container-none\"\n\t\t\t\tstyle=\"color: #ffffff; \"\n\t\t\t\ttitle=\"OPTIMALE UV\"\n\t\t\t\t\t\t\t>\n\t\t\t\t\t\t\t\t\t\t<div class=\"sow-icon-image\" style=\"background-image: url(https:\/\/www.plasnor.com\/wp-content\/uploads\/2023\/04\/7-diferencia2.png); font-size: 70px\"><\/div>\n\t\t\t\t\t\t\t\t\t<\/div>\n\n\t\t\t<div class=\"textwidget\">\n\t\t\t\t\n\t\t\t\t\t\t\t\t\t<h4 class=\"sow-features-feature-title\">\n\t\t\t\t\t\tOPTIMALE UV\t\t\t\t\t<\/h4>\n\t\t\t\t\n\t\t\t\t\t\t\t<\/div>\n\t\t\t\t\t\t\t\t<\/li>\n\n\t\t\t<li\n\t\t\tclass=\"sow-features-feature sow-icon-container-position-top\"\n\t\t\tstyle=\"display: flex; flex-direction: column; width: calc(25% - 25px);\"\n\t\t>\n\t\t\t\n\t\t\t\t\t\t<div\t\t\t\tclass=\"sow-icon-container sow-container-none\"\n\t\t\t\tstyle=\"color: #ffffff; \"\n\t\t\t\ttitle=\"EINFACH BEARBEITBAR\"\n\t\t\t\t\t\t\t>\n\t\t\t\t\t\t\t\t\t\t<div class=\"sow-icon-image\" style=\"background-image: url(https:\/\/www.plasnor.com\/wp-content\/uploads\/2023\/04\/8-diferencia2.png); font-size: 70px\"><\/div>\n\t\t\t\t\t\t\t\t\t<\/div>\n\n\t\t\t<div class=\"textwidget\">\n\t\t\t\t\n\t\t\t\t\t\t\t\t\t<h4 class=\"sow-features-feature-title\">\n\t\t\t\t\t\tEINFACH BEARBEITBAR\t\t\t\t\t<\/h4>\n\t\t\t\t\n\t\t\t\t\t\t\t<\/div>\n\t\t\t\t\t\t\t\t<\/li>\n\n\t<\/ul>\n<\/div><\/div><\/div><\/div><\/div><div id=\"pg-17069-2\"  class=\"panel-grid panel-no-style\" ><div id=\"pgc-17069-2-0\"  class=\"panel-grid-cell\" ><div id=\"panel-17069-2-0-0\" class=\"so-panel widget widget_sow-editor panel-first-child\" data-index=\"4\" ><div\n\t\t\t\n\t\t\tclass=\"so-widget-sow-editor so-widget-sow-editor-base\"\n\t\t\t\n\t\t><h3 class=\"widget-title\">FORMATE<\/h3>\n<div class=\"siteorigin-widget-tinymce textwidget\">\n\t<h4>MASSE<\/h4>\n<ul>\n<li><strong>Dicke:<\/strong> 2mm<\/li>\n<li><strong>Breite:<\/strong> 1.220mm (Hasta 1.300mm)<\/li>\n<li><strong>L\u00e4nge:<\/strong> 2.440\/2.800\/3.050\/3.660mm<\/li>\n<\/ul>\n<p>&nbsp;<\/p>\n<h4>PR\u00c4SENTATION<\/h4>\n<p>Cristal Acrylic Platten werden mit einer Koronabehandlung auf der Unterseite geliefert, um ihre Haftung mit dem PUR-Kleber zu f\u00f6rdern. Es wird empfohlen, die Platten ordnungsgem\u00e4\u00df zu handhaben und zu lagern, damit sie ihre Eigenschaften nicht verlieren.<br \/>\nDie Oberseite ist mit einer PE-Schutzfolie (Polyethylen) zum Schutz des Materials versehen, die nach der Installation der M\u00f6bel entfernt wird.<br \/>\nBei der Lieferung von Cristal Acrylic Platten wird eine angepasste Verpackung verwendet, um das Material sowohl beim Transport als auch bei der Handhabung vor St\u00f6\u00dfen und Schmutz zu sch\u00fctzen.<\/p>\n<\/div>\n<\/div><\/div><div id=\"panel-17069-2-0-1\" class=\"so-panel widget widget_sow-editor\" data-index=\"5\" ><div\n\t\t\t\n\t\t\tclass=\"so-widget-sow-editor so-widget-sow-editor-base\"\n\t\t\t\n\t\t><h3 class=\"widget-title\">\u00dcBEREINSTIMMUNG VON FARBEN<\/h3>\n<div class=\"siteorigin-widget-tinymce textwidget\">\n\t<p>Wir haben auch ein eigenes Labor und herstellen unsere Farbkonzentrate oder Masterbach.<br \/>\nAus diesem Grund k\u00f6nnen wir eine genaue \u00dcbereinstimmung basierend auf einem RAL \/ PANTONE-Muster oder einem Standardmuster anbieten.<\/p>\n<\/div>\n<\/div><\/div><div id=\"panel-17069-2-0-2\" class=\"so-panel widget widget_sow-editor\" data-index=\"6\" ><div\n\t\t\t\n\t\t\tclass=\"so-widget-sow-editor so-widget-sow-editor-base\"\n\t\t\t\n\t\t><h3 class=\"widget-title\">HINTERLEGPLATTE (BACKING)<\/h3>\n<div class=\"siteorigin-widget-tinymce textwidget\">\n\t<p>F\u00fcr jede der im Katalog unserer Crystal Acrylic Platten enthaltenen Farben bieten wir unseren Kunden die gleiche Farbe in HIPS (High Impact Polystyrene) in 2 mm Dicke zur Verwendung als Theke oder Tr\u00e4ger an. Eine wirtschaftliche, effektive und elegante Alternative, um ein Verbiegen der Bretter zu vermeiden.<\/p>\n<\/div>\n<\/div><\/div><div id=\"panel-17069-2-0-3\" class=\"so-panel widget widget_sow-editor\" data-index=\"7\" ><div\n\t\t\t\n\t\t\tclass=\"so-widget-sow-editor so-widget-sow-editor-base\"\n\t\t\t\n\t\t><h3 class=\"widget-title\">WIE VERARBEITET MAN DAS MATERIAL?<\/h3>\n<div class=\"siteorigin-widget-tinymce textwidget\">\n\t<p>F\u00fcr ein korrektes Laminat von Cristal Acrylic Platten an Bretter ist es erforderlich, eine geeignete Maschine (Flatlam) und einen Klebstoff (PUR) zu verwenden und einen Raum zu haben, der die entsprechenden Eigenschaften erf\u00fcllt, um eine optimale Qualit\u00e4t zu erzielen. Bei Bedarf k\u00f6nnen wir unseren Kunden oder potentiellen Kunden den entsprechenden Kontakt m\u00f6glicher Lieferanten empfehlen oder vermitteln.<\/p>\n<p><strong><a href=\"https:\/\/www.plasnor.com\/de\/faq\/\" target=\"_blank\" rel=\"noopener\"><img loading=\"lazy\" decoding=\"async\" class=\"alignnone size-full wp-image-166\" src=\"https:\/\/www.plasnor.com\/wp-content\/uploads\/2023\/04\/icono-link2.gif\" alt=\"\" width=\"22\" height=\"16\" title=\"\">\u00a0Mehr wissen<\/a><\/strong><\/p>\n<p> Nach dem Laminieren werden die Platten mit herk\u00f6mmlichen Tischlermaschinen bearbeitet (zerspanen, bohren usw.).<\/p>\n<\/div>\n<\/div><\/div><div id=\"panel-17069-2-0-4\" class=\"so-panel widget widget_sow-editor panel-last-child\" data-index=\"8\" ><div\n\t\t\t\n\t\t\tclass=\"so-widget-sow-editor so-widget-sow-editor-base\"\n\t\t\t\n\t\t><h3 class=\"widget-title\">FOTOGALERIE<\/h3>\n<div class=\"siteorigin-widget-tinymce textwidget\">\n\t<div class=\"siteorigin-widget-tinymce textwidget\">\n<div id='gallery-1' class='gallery galleryid-17069 gallery-columns-3 gallery-size-full'><figure class='gallery-item'>\n\t\t\t<div class='gallery-icon landscape'>\n\t\t\t\t<a href='https:\/\/www.plasnor.com\/wp-content\/uploads\/2023\/04\/cocina-cristal-1-1.jpg'><img loading=\"lazy\" decoding=\"async\" width=\"1200\" height=\"829\" src=\"https:\/\/www.plasnor.com\/wp-content\/uploads\/2023\/04\/cocina-cristal-1-1.jpg\" class=\"attachment-full size-full\" alt=\"Cristal acrylic en cocina\" srcset=\"https:\/\/www.plasnor.com\/wp-content\/uploads\/2023\/04\/cocina-cristal-1-1.jpg 1200w, https:\/\/www.plasnor.com\/wp-content\/uploads\/2023\/04\/cocina-cristal-1-1-300x207.jpg 300w, https:\/\/www.plasnor.com\/wp-content\/uploads\/2023\/04\/cocina-cristal-1-1-1024x707.jpg 1024w, https:\/\/www.plasnor.com\/wp-content\/uploads\/2023\/04\/cocina-cristal-1-1-768x531.jpg 768w\" sizes=\"auto, (max-width: 1200px) 100vw, 1200px\" title=\"\"><\/a>\n\t\t\t<\/div><\/figure><figure class='gallery-item'>\n\t\t\t<div class='gallery-icon landscape'>\n\t\t\t\t<a href='https:\/\/www.plasnor.com\/wp-content\/uploads\/2023\/04\/oficina-cristal-1.jpg'><img loading=\"lazy\" decoding=\"async\" width=\"1200\" height=\"829\" src=\"https:\/\/www.plasnor.com\/wp-content\/uploads\/2023\/04\/oficina-cristal-1.jpg\" class=\"attachment-full size-full\" alt=\"Cristal Acrylic en oficina\" srcset=\"https:\/\/www.plasnor.com\/wp-content\/uploads\/2023\/04\/oficina-cristal-1.jpg 1200w, https:\/\/www.plasnor.com\/wp-content\/uploads\/2023\/04\/oficina-cristal-1-300x207.jpg 300w, https:\/\/www.plasnor.com\/wp-content\/uploads\/2023\/04\/oficina-cristal-1-1024x707.jpg 1024w, https:\/\/www.plasnor.com\/wp-content\/uploads\/2023\/04\/oficina-cristal-1-768x531.jpg 768w\" sizes=\"auto, (max-width: 1200px) 100vw, 1200px\" title=\"\"><\/a>\n\t\t\t<\/div><\/figure>\n\t\t<\/div>\n\n<\/div>\n<\/div>\n<\/div><\/div><\/div><\/div><\/div>","protected":false},"excerpt":{"rendered":"<p>Unsere Crystal Acrylic Platten haben die maximale Kratzfestigkeit von unbeschichteten Acryloberfl\u00e4chen und verdoppeln die Best\u00e4ndigkeit des Marktstandards. Zum &#8230; <a title=\"Crystal acrylic\" class=\"read-more\" href=\"https:\/\/www.plasnor.com\/de\/moebel-norsan-high-gloss\/crystal-acrylic\/\" aria-label=\"Mehr Informationen \u00fcber Crystal acrylic\">[ + info ]<\/a><\/p>\n","protected":false},"author":1,"featured_media":0,"parent":17103,"menu_order":0,"comment_status":"closed","ping_status":"closed","template":"","meta":{"footnotes":""},"categories":[61],"tags":[],"class_list":{"0":"post-17069","1":"page","2":"type-page","3":"status-publish","5":"category-page-mueble-de"},"_links":{"self":[{"href":"https:\/\/www.plasnor.com\/de\/wp-json\/wp\/v2\/pages\/17069","targetHints":{"allow":["GET"]}}],"collection":[{"href":"https:\/\/www.plasnor.com\/de\/wp-json\/wp\/v2\/pages"}],"about":[{"href":"https:\/\/www.plasnor.com\/de\/wp-json\/wp\/v2\/types\/page"}],"author":[{"embeddable":true,"href":"https:\/\/www.plasnor.com\/de\/wp-json\/wp\/v2\/users\/1"}],"replies":[{"embeddable":true,"href":"https:\/\/www.plasnor.com\/de\/wp-json\/wp\/v2\/comments?post=17069"}],"version-history":[{"count":0,"href":"https:\/\/www.plasnor.com\/de\/wp-json\/wp\/v2\/pages\/17069\/revisions"}],"up":[{"embeddable":true,"href":"https:\/\/www.plasnor.com\/de\/wp-json\/wp\/v2\/pages\/17103"}],"wp:attachment":[{"href":"https:\/\/www.plasnor.com\/de\/wp-json\/wp\/v2\/media?parent=17069"}],"wp:term":[{"taxonomy":"category","embeddable":true,"href":"https:\/\/www.plasnor.com\/de\/wp-json\/wp\/v2\/categories?post=17069"},{"taxonomy":"post_tag","embeddable":true,"href":"https:\/\/www.plasnor.com\/de\/wp-json\/wp\/v2\/tags?post=17069"}],"curies":[{"name":"wp","href":"https:\/\/api.w.org\/{rel}","templated":true}]}}