{"id":17075,"date":"2023-04-20T22:36:57","date_gmt":"2023-04-20T20:36:57","guid":{"rendered":"https:\/\/www.plasnor.com\/solids-metallics\/"},"modified":"2023-05-03T17:14:52","modified_gmt":"2023-05-03T15:14:52","slug":"einheitliche-metallic","status":"publish","type":"page","link":"https:\/\/www.plasnor.com\/de\/moebel-norsan-high-gloss\/einheitliche-metallic\/","title":{"rendered":"Einheitliche &#038; metallic"},"content":{"rendered":"<div id=\"pl-17075\"  class=\"panel-layout\" ><div id=\"pg-17075-0\"  class=\"panel-grid panel-no-style\" ><div id=\"pgc-17075-0-0\"  class=\"panel-grid-cell\" ><div id=\"panel-17075-0-0-0\" class=\"so-panel widget widget_sow-editor panel-first-child panel-last-child\" data-index=\"0\" ><div\n\t\t\t\n\t\t\tclass=\"so-widget-sow-editor so-widget-sow-editor-base\"\n\t\t\t\n\t\t>\n<div class=\"siteorigin-widget-tinymce textwidget\">\n\t<p>Unsere <strong>Premium Acrylic<\/strong> platten haben die maximale Kratzfestigkeit von unbeschichteten Acryloberfl\u00e4chen und verdoppeln die Best\u00e4ndigkeit des Marktstandards. Neben dem charakteristischen Spiegeleffekt und dem h\u00f6chsten verf\u00fcgbaren Helligkeitsindex auf dem Markt, der anderen Technologien weit \u00fcberlegen ist, verf\u00fcgen wir bei Plasnor \u00fcber die gr\u00f6\u00dfte Farbpalette mit insgesamt mehr als 50 Farben.<\/p>\n<p>Als ob das nicht genug w\u00e4re, aufgrund ihrer Zusammensetzung sind sie postformbar und erm\u00f6glichen ein optimales Kantenfinish, wodurch es m\u00f6glich ist, integrierte Griffe aus demselben Material herzustellen.<\/p>\n<p>Zus\u00e4tzlich ist die Oberfl\u00e4che leicht reparierbar gegen m\u00f6gliche Kratzer.<\/p>\n<p><img loading=\"lazy\" decoding=\"async\" class=\"aligncenter wp-image-160 size-large\" src=\"https:\/\/www.plasnor.com\/wp-content\/uploads\/2023\/04\/cocina-sol-metal-3-1024x731.jpg\" alt=\"\" width=\"1024\" height=\"731\" srcset=\"https:\/\/www.plasnor.com\/wp-content\/uploads\/2023\/04\/cocina-sol-metal-3-1024x731.jpg 1024w, https:\/\/www.plasnor.com\/wp-content\/uploads\/2023\/04\/cocina-sol-metal-3-300x214.jpg 300w, https:\/\/www.plasnor.com\/wp-content\/uploads\/2023\/04\/cocina-sol-metal-3-768x548.jpg 768w, https:\/\/www.plasnor.com\/wp-content\/uploads\/2023\/04\/cocina-sol-metal-3.jpg 1200w\" sizes=\"auto, (max-width: 1024px) 100vw, 1024px\" title=\"\"><\/p>\n<p>Die hervorragende Farbstabilit\u00e4t von Premium Acrylic Platten gegen UV-Strahlung und die Best\u00e4ndigkeit gegen chemische Substanzen garantieren eine optimale Produktqualit\u00e4t \u00fcber die gesamte Lebensdauer.<\/p>\n<p>Es handelt sich um PVC-freie, ungiftige und recycelbare Materialien, die Nachhaltigkeit und Umweltschutz f\u00f6rdern.<\/p>\n<p><img loading=\"lazy\" decoding=\"async\" src=\"https:\/\/www.plasnor.com\/wp-content\/uploads\/2023\/04\/icono-link2.gif\" alt=\"\" width=\"22\" height=\"16\" class=\"alignnone size-full wp-image-360\" title=\"\"><a href=\"\/documents\/Technical-Data-Sheet-premium-acrylic.pdf\" target=\"_blank\" rel=\"noopener\">Link technisches Datenblatt<\/a><\/p>\n<p>Service und Flexibilit\u00e4t sind Schl\u00fcsselelemente unseres Wertangebots. Unsere k\u00fcrzeren Materiallieferzeiten und die Flexibilit\u00e4t bei Mindestbestellmengen helfen unseren Kunden, wettbewerbsf\u00e4higer zu werden.<\/p>\n<p>All dies macht es zur perfekten Wahl f\u00fcr Designer, M\u00f6belhersteller oder Laminatoren auf der ganzen Welt, um Paneele aller Arten von Anwendungen in der M\u00f6belindustrie abzudecken: K\u00fcchen, Badezimmer, Schlafzimmer, Wohnzimmer usw<\/p>\n<\/div>\n<\/div><\/div><\/div><\/div><div id=\"pg-17075-1\"  class=\"panel-grid panel-has-style\" ><div class=\"diferencia panel-row-style panel-row-style-for-17075-1\" ><div id=\"pgc-17075-1-0\"  class=\"panel-grid-cell\" ><div id=\"panel-17075-1-0-0\" class=\"so-panel widget widget_sow-headline panel-first-child\" data-index=\"1\" ><div\n\t\t\t\n\t\t\tclass=\"so-widget-sow-headline so-widget-sow-headline-default-24e17eaabc56-17075 so-widget-fittext-wrapper\"\n\t\t\t data-fit-text-compressor=\"0.85\"\n\t\t><div class=\"sow-headline-container \">\n\t\t\t\t\t\t\t<h2 class=\"sow-headline\">\n\t\t\t\t\t\tWAS UNS UNTERSCHIEDLICH MACHT\t\t\t\t\t\t<\/h2>\n\t\t\t\t\t\t\t\t\t\t\t\t<p class=\"sow-sub-headline\">\n\t\t\t\t\t\t<i>Neues Premium Acrylic <\/i>\t\t\t\t\t\t<\/p>\n\t\t\t\t\t\t\t\t\t\t\t<div class=\"decoration\">\n\t\t\t\t\t\t<div class=\"decoration-inside\"><\/div>\n\t\t\t\t\t<\/div>\n\t\t\t\t\t<\/div>\n<\/div><\/div><div id=\"panel-17075-1-0-1\" class=\"so-panel widget widget_sow-button\" data-index=\"2\" ><div\n\t\t\t\n\t\t\tclass=\"so-widget-sow-button so-widget-sow-button-flat-105d922bc691-17075\"\n\t\t\t\n\t\t><div class=\"ow-button-base ow-button-align-center\"\n>\n\t\t\t<a\n\t\t\t\t\thref=\"https:\/\/www.plasnor.com\/de\/moebel-norsan-high-gloss\/was-uns-unterschiedlich-macht\/\"\n\t\t\t\t\tclass=\"sowb-button ow-icon-placement-left ow-button-hover\" target=\"_blank\" rel=\"noopener noreferrer\" \t>\n\t\t<span>\n\t\t\t\n\t\t\t+ info\t\t<\/span>\n\t\t\t<\/a>\n\t<\/div>\n<\/div><\/div><div id=\"panel-17075-1-0-2\" class=\"so-panel widget widget_sow-features panel-last-child\" data-index=\"3\" ><div\n\t\t\t\n\t\t\tclass=\"so-widget-sow-features so-widget-sow-features-default-577654788aed-17075\"\n\t\t\t\n\t\t><ul\n\tclass=\"sow-features-list\n\tsow-features-responsive\">\n\n\t\t\t<li\n\t\t\tclass=\"sow-features-feature sow-icon-container-position-top\"\n\t\t\tstyle=\"display: flex; flex-direction: column; width: calc(25% - 25px);\"\n\t\t>\n\t\t\t\n\t\t\t\t\t\t<div\t\t\t\tclass=\"sow-icon-container sow-container-none\"\n\t\t\t\tstyle=\"color: #ffffff; \"\n\t\t\t\ttitle=\"MAXIMALE KRATZFESTIGKEIT\"\n\t\t\t\t\t\t\t>\n\t\t\t\t\t\t\t\t\t\t<div class=\"sow-icon-image\" style=\"background-image: url(https:\/\/www.plasnor.com\/wp-content\/uploads\/2023\/04\/1-diferencia.png); font-size: 70px\"><\/div>\n\t\t\t\t\t\t\t\t\t<\/div>\n\n\t\t\t<div class=\"textwidget\">\n\t\t\t\t\n\t\t\t\t\t\t\t\t\t<h4 class=\"sow-features-feature-title\">\n\t\t\t\t\t\tMAXIMALE KRATZFESTIGKEIT\t\t\t\t\t<\/h4>\n\t\t\t\t\n\t\t\t\t\t\t\t<\/div>\n\t\t\t\t\t\t\t\t<\/li>\n\n\t\t\t<li\n\t\t\tclass=\"sow-features-feature sow-icon-container-position-top\"\n\t\t\tstyle=\"display: flex; flex-direction: column; width: calc(25% - 25px);\"\n\t\t>\n\t\t\t\n\t\t\t\t\t\t<div\t\t\t\tclass=\"sow-icon-container sow-container-none\"\n\t\t\t\tstyle=\"color: #ffffff; \"\n\t\t\t\ttitle=\"BESTE HELLIGKEIT UND SPIEGELWIRKUNG\"\n\t\t\t\t\t\t\t>\n\t\t\t\t\t\t\t\t\t\t<div class=\"sow-icon-image\" style=\"background-image: url(https:\/\/www.plasnor.com\/wp-content\/uploads\/2023\/04\/2-diferencia2.png); font-size: 70px\"><\/div>\n\t\t\t\t\t\t\t\t\t<\/div>\n\n\t\t\t<div class=\"textwidget\">\n\t\t\t\t\n\t\t\t\t\t\t\t\t\t<h4 class=\"sow-features-feature-title\">\n\t\t\t\t\t\tBESTE HELLIGKEIT UND SPIEGELWIRKUNG\t\t\t\t\t<\/h4>\n\t\t\t\t\n\t\t\t\t\t\t\t<\/div>\n\t\t\t\t\t\t\t\t<\/li>\n\n\t\t\t<li\n\t\t\tclass=\"sow-features-feature sow-icon-container-position-top\"\n\t\t\tstyle=\"display: flex; flex-direction: column; width: calc(25% - 25px);\"\n\t\t>\n\t\t\t\n\t\t\t\t\t\t<div\t\t\t\tclass=\"sow-icon-container sow-container-none\"\n\t\t\t\tstyle=\"color: #ffffff; \"\n\t\t\t\ttitle=\"DAS GR\u00d6SSTE FARBANGEBOT\"\n\t\t\t\t\t\t\t>\n\t\t\t\t\t\t\t\t\t\t<div class=\"sow-icon-image\" style=\"background-image: url(https:\/\/www.plasnor.com\/wp-content\/uploads\/2023\/04\/3-diferencia.png); font-size: 70px\"><\/div>\n\t\t\t\t\t\t\t\t\t<\/div>\n\n\t\t\t<div class=\"textwidget\">\n\t\t\t\t\n\t\t\t\t\t\t\t\t\t<h4 class=\"sow-features-feature-title\">\n\t\t\t\t\t\tDAS GR\u00d6SSTE FARBANGEBOT\t\t\t\t\t<\/h4>\n\t\t\t\t\n\t\t\t\t\t\t\t<\/div>\n\t\t\t\t\t\t\t\t<\/li>\n\n\t\t\t<li\n\t\t\tclass=\"sow-features-feature sow-icon-container-position-top\"\n\t\t\tstyle=\"display: flex; flex-direction: column; width: calc(25% - 25px);\"\n\t\t>\n\t\t\t\n\t\t\t\t\t\t<div\t\t\t\tclass=\"sow-icon-container sow-container-none\"\n\t\t\t\tstyle=\"color: #ffffff; \"\n\t\t\t\ttitle=\"OPTIMALE KANTENBEARBEITUNG\"\n\t\t\t\t\t\t\t>\n\t\t\t\t\t\t\t\t\t\t<div class=\"sow-icon-image\" style=\"background-image: url(https:\/\/www.plasnor.com\/wp-content\/uploads\/2023\/04\/4-diferencia2.png); font-size: 70px\"><\/div>\n\t\t\t\t\t\t\t\t\t<\/div>\n\n\t\t\t<div class=\"textwidget\">\n\t\t\t\t\n\t\t\t\t\t\t\t\t\t<h4 class=\"sow-features-feature-title\">\n\t\t\t\t\t\tOPTIMALE KANTENBEARBEITUNG\t\t\t\t\t<\/h4>\n\t\t\t\t\n\t\t\t\t\t\t\t<\/div>\n\t\t\t\t\t\t\t\t<\/li>\n\n\t\t\t<li\n\t\t\tclass=\"sow-features-feature sow-icon-container-position-top\"\n\t\t\tstyle=\"display: flex; flex-direction: column; width: calc(25% - 25px);\"\n\t\t>\n\t\t\t\n\t\t\t\t\t\t<div\t\t\t\tclass=\"sow-icon-container sow-container-none\"\n\t\t\t\tstyle=\"color: #ffffff; \"\n\t\t\t\ttitle=\"SERVICE UND FLEXIBILIT\u00c4T\"\n\t\t\t\t\t\t\t>\n\t\t\t\t\t\t\t\t\t\t<div class=\"sow-icon-image\" style=\"background-image: url(https:\/\/www.plasnor.com\/wp-content\/uploads\/2023\/04\/5-diferencia.png); font-size: 70px\"><\/div>\n\t\t\t\t\t\t\t\t\t<\/div>\n\n\t\t\t<div class=\"textwidget\">\n\t\t\t\t\n\t\t\t\t\t\t\t\t\t<h4 class=\"sow-features-feature-title\">\n\t\t\t\t\t\tSERVICE UND FLEXIBILIT\u00c4T\t\t\t\t\t<\/h4>\n\t\t\t\t\n\t\t\t\t\t\t\t<\/div>\n\t\t\t\t\t\t\t\t<\/li>\n\n\t\t\t<li\n\t\t\tclass=\"sow-features-feature sow-icon-container-position-top\"\n\t\t\tstyle=\"display: flex; flex-direction: column; width: calc(25% - 25px);\"\n\t\t>\n\t\t\t\n\t\t\t\t\t\t<div\t\t\t\tclass=\"sow-icon-container sow-container-none\"\n\t\t\t\tstyle=\"color: #ffffff; \"\n\t\t\t\ttitle=\"RESPEKT F\u00dcR DIE UMWELT\"\n\t\t\t\t\t\t\t>\n\t\t\t\t\t\t\t\t\t\t<div class=\"sow-icon-image\" style=\"background-image: url(https:\/\/www.plasnor.com\/wp-content\/uploads\/2023\/04\/6-diferencia.png); font-size: 70px\"><\/div>\n\t\t\t\t\t\t\t\t\t<\/div>\n\n\t\t\t<div class=\"textwidget\">\n\t\t\t\t\n\t\t\t\t\t\t\t\t\t<h4 class=\"sow-features-feature-title\">\n\t\t\t\t\t\tRESPEKT F\u00dcR DIE UMWELT\t\t\t\t\t<\/h4>\n\t\t\t\t\n\t\t\t\t\t\t\t<\/div>\n\t\t\t\t\t\t\t\t<\/li>\n\n\t\t\t<li\n\t\t\tclass=\"sow-features-feature sow-icon-container-position-top\"\n\t\t\tstyle=\"display: flex; flex-direction: column; width: calc(25% - 25px);\"\n\t\t>\n\t\t\t\n\t\t\t\t\t\t<div\t\t\t\tclass=\"sow-icon-container sow-container-none\"\n\t\t\t\tstyle=\"color: #ffffff; \"\n\t\t\t\ttitle=\"OPTIMALE UV\"\n\t\t\t\t\t\t\t>\n\t\t\t\t\t\t\t\t\t\t<div class=\"sow-icon-image\" style=\"background-image: url(https:\/\/www.plasnor.com\/wp-content\/uploads\/2023\/04\/7-diferencia2.png); font-size: 70px\"><\/div>\n\t\t\t\t\t\t\t\t\t<\/div>\n\n\t\t\t<div class=\"textwidget\">\n\t\t\t\t\n\t\t\t\t\t\t\t\t\t<h4 class=\"sow-features-feature-title\">\n\t\t\t\t\t\tOPTIMALE UV\t\t\t\t\t<\/h4>\n\t\t\t\t\n\t\t\t\t\t\t\t<\/div>\n\t\t\t\t\t\t\t\t<\/li>\n\n\t\t\t<li\n\t\t\tclass=\"sow-features-feature sow-icon-container-position-top\"\n\t\t\tstyle=\"display: flex; flex-direction: column; width: calc(25% - 25px);\"\n\t\t>\n\t\t\t\n\t\t\t\t\t\t<div\t\t\t\tclass=\"sow-icon-container sow-container-none\"\n\t\t\t\tstyle=\"color: #ffffff; \"\n\t\t\t\ttitle=\"EINFACH BEARBEITBAR\"\n\t\t\t\t\t\t\t>\n\t\t\t\t\t\t\t\t\t\t<div class=\"sow-icon-image\" style=\"background-image: url(https:\/\/www.plasnor.com\/wp-content\/uploads\/2023\/04\/8-diferencia2.png); font-size: 70px\"><\/div>\n\t\t\t\t\t\t\t\t\t<\/div>\n\n\t\t\t<div class=\"textwidget\">\n\t\t\t\t\n\t\t\t\t\t\t\t\t\t<h4 class=\"sow-features-feature-title\">\n\t\t\t\t\t\tEINFACH BEARBEITBAR\t\t\t\t\t<\/h4>\n\t\t\t\t\n\t\t\t\t\t\t\t<\/div>\n\t\t\t\t\t\t\t\t<\/li>\n\n\t<\/ul>\n<\/div><\/div><\/div><\/div><\/div><div id=\"pg-17075-2\"  class=\"panel-grid panel-no-style\" ><div id=\"pgc-17075-2-0\"  class=\"panel-grid-cell\" ><div id=\"panel-17075-2-0-0\" class=\"so-panel widget widget_sow-headline panel-first-child\" data-index=\"4\" ><div\n\t\t\t\n\t\t\tclass=\"so-widget-sow-headline so-widget-sow-headline-default-f2653f4f9d8b-17075 so-widget-fittext-wrapper\"\n\t\t\t data-fit-text-compressor=\"0.85\"\n\t\t><div class=\"sow-headline-container \">\n\t\t\t\t\t\t\t<h2 class=\"sow-headline\">\n\t\t\t\t\t\tCATALOGUE OF COLOURS\t\t\t\t\t\t<\/h2>\n\t\t\t\t\t\t<\/div>\n<\/div><\/div><div id=\"panel-17075-2-0-1\" class=\"widget_text so-panel widget widget_custom_html\" data-index=\"5\" ><h3 class=\"widget-title\">SOLID COLOURS<\/h3><div class=\"textwidget custom-html-widget\"><ul class=\"colores\">\n    <li><span class=\"cuadro\" style=\"background-color: #f2f2f2;\"> <\/span>PL50251 WHITE<\/li>\n    <li><span class=\"cuadro\" style=\"background-color: #000000;\"> <\/span>PL56206 BLACK<\/li>\n    <li><span class=\"cuadro\" style=\"background-color: #eee8c7;\"> <\/span>PL55309 CREAM<\/li>\n    <li><span class=\"cuadro\" style=\"background-color: #8d2703;\"> <\/span>PL53254 BURGUNDY<\/li>\n    <li><span class=\"cuadro\" style=\"background-color: #d5ac78;\"> <\/span>PL55322 CAPPUCCINO<\/li>\n    <li><span class=\"cuadro\" style=\"background-color: #4a0429;\"> <\/span>PL53261 VIOLET<\/li>\n    <li><span class=\"cuadro\" style=\"background-color: #d5201e;\"> <\/span>PL53265RED<\/li>\n    <li><span class=\"cuadro\" style=\"background-color: #4c1c02;\"> <\/span>PL57219 BROWN<\/li>\n    <li><span class=\"cuadro\" style=\"background-color: #56503b;\"> <\/span>PL55342 LAVA<\/li>\n    <li><span class=\"cuadro\" style=\"background-color: #838f12;\"> <\/span>PL54264 PISTACHIO<\/li>\n    <li><span class=\"cuadro\" style=\"background-color: #ffa000;\"> <\/span>PL93201 ORANGE<\/li>\n    <li><span class=\"cuadro\" style=\"background-color: #162a57;\"> <\/span>PL51282 BLUE<\/li>\n    <li><span class=\"cuadro\" style=\"background-color: #fde2b7;\"> <\/span>PL55325 VANILLA<\/li>\n    <li><span class=\"cuadro\" style=\"background-color: #4a0400;\"> <\/span>PL55340 BROWN GREY<\/li>\n    <li><span class=\"cuadro\" style=\"background-color: #f2eeeb;\"> <\/span>PL55332 MUSSEL<\/li>\n    <li><span class=\"cuadro\" style=\"background-color: #b1a490;\"> <\/span>PL55333 DAKAR<\/li>\n    <li><span class=\"cuadro\" style=\"background-color: #aba294;\"> <\/span>PL55334 STONE GREY<\/li>\n    <li><span class=\"cuadro\" style=\"background-color: #0b1011;\"> <\/span>PL55348 DARK GREY<\/li>\n    <li><span class=\"cuadro\" style=\"background-color: #c8c8c8;\"> <\/span>PL55308 GREY<\/li>\n    <li><span class=\"cuadro\" style=\"background-color: #f8cd29;\"> <\/span>PL52235 YELLOW<\/li>\n    <li><span class=\"cuadro\" style=\"background-color: #e5eae4;\"> <\/span>PL50262 POLAR WHITE<\/li>\n    <li><span class=\"cuadro\" style=\"background-color: #98d75b;\"> <\/span>PL54261 GREEN<\/li>\n    <li><span class=\"cuadro\" style=\"background-color: #f4e8d2;\"> <\/span>PL55356 SAND<\/li>\n    <li><span class=\"cuadro\" style=\"background-color: #fffae5;\"> <\/span>PL55357 MAGNOLIA<\/li>\n    <li><span class=\"cuadro\" style=\"background-color: #e2d7ce;\"> <\/span>PL55358 KHASMIR<\/li>\n    <li><span class=\"cuadro\" style=\"background-color: #494949;\"> <\/span>PL55359 GREY TAUPE<\/li>\n<\/ul><\/div><\/div><div id=\"panel-17075-2-0-2\" class=\"widget_text so-panel widget widget_custom_html panel-last-child\" data-index=\"6\" ><h3 class=\"widget-title\">METALLIC COLOURS<\/h3><div class=\"textwidget custom-html-widget\"><ul class=\"colores\">\n    <li><span class=\"cuadro\" style=\"background-color: #a8a8a8;\"> <\/span>PL58217 METALLIC GREY<\/li>\n    <li><span class=\"cuadro\" style=\"background-color: #8e8e8e;\"> <\/span>PL88205 MET. ANTHRACITE<\/li>\n    <li><span class=\"cuadro\" style=\"background-color: #8fbaba; border: solid 1px #e1e1e1;\"> <\/span>PL88204 MET. PEARL<\/li>\n    <li><span class=\"cuadro\" style=\"background-color: #ffffff; border: solid 1px #e1e1e1;\"> <\/span>PL88207 METALLIC WHITE<\/li>\n<\/ul><\/div><\/div><\/div><\/div><div id=\"pg-17075-3\"  class=\"panel-grid panel-no-style\" ><div id=\"pgc-17075-3-0\"  class=\"panel-grid-cell\" ><div id=\"panel-17075-3-0-0\" class=\"so-panel widget widget_sow-editor panel-first-child\" data-index=\"7\" ><div\n\t\t\t\n\t\t\tclass=\"so-widget-sow-editor so-widget-sow-editor-base\"\n\t\t\t\n\t\t><h3 class=\"widget-title\">FORMATS<\/h3>\n<div class=\"siteorigin-widget-tinymce textwidget\">\n\t<div class=\"siteorigin-widget-tinymce textwidget\">\n<h4>DIMENSIONS<\/h4>\n<ul>\n<li><strong>Thickness:<\/strong> 0,80 \u2013 0,95mm<\/li>\n<li><strong>Width:<\/strong> 1.220mm (Up to 1.300mm)<\/li>\n<li><strong>Length:<\/strong> 2.440\/2.800\/3.050\/3.660mm<\/li>\n<\/ul>\n<h4>PRESENTATION<\/h4>\n<p>The premium Acrylic sheets are supplied with corona treatment on the underside to facilitate their adhesion with PUR glue. Correct handling and storage of the sheets is recommended to ensure they do not lose their properties.<br \/>\nThe top side is supplied with a PE (Polyethylene) protective film to protect the material, which is removed once the furniture is installed.<br \/>\nIn the supply of the Premium Acrylic sheets, adapted packaging is used in order to protect the material from knocks and dirt, both in transport and in handling.<\/p>\n<\/div>\n<\/div>\n<\/div><\/div><div id=\"panel-17075-3-0-1\" class=\"so-panel widget widget_sow-editor\" data-index=\"8\" ><div\n\t\t\t\n\t\t\tclass=\"so-widget-sow-editor so-widget-sow-editor-base\"\n\t\t\t\n\t\t><h3 class=\"widget-title\">COLOUR MATCHING<\/h3>\n<div class=\"siteorigin-widget-tinymce textwidget\">\n\t<div class=\"siteorigin-widget-tinymce textwidget\">\n<p>We have an extensive catalogue of more than 50 colours, solids and metallic, that we provide to our clients.<br \/>\nNow, we have launched a new collection of colours following the trends of the international markets.<br \/>\nLink to new colours.<br \/>\nWe also have our own laboratory and produce our colour concentrate or Masterbatch.<br \/>\nThis is why we can offer an exact match based on a RAL\/PANTONE or a reference sample.<\/p>\n<\/div>\n<\/div>\n<\/div><\/div><div id=\"panel-17075-3-0-2\" class=\"so-panel widget widget_sow-editor\" data-index=\"9\" ><div\n\t\t\t\n\t\t\tclass=\"so-widget-sow-editor so-widget-sow-editor-base\"\n\t\t\t\n\t\t><h3 class=\"widget-title\">BACKING<\/h3>\n<div class=\"siteorigin-widget-tinymce textwidget\">\n\t<div class=\"siteorigin-widget-tinymce textwidget\">\n<p>For each of the colours in the catalogue of our Premium Acrylic sheets, we provide our clients the same colour in HIPS (High Impact Polystyrene) in a thickness of 0.8 mm to be used as backing. A cost-effective, effective and elegant alternative in order to avoid the bending of boards.<\/p>\n<\/div>\n<\/div>\n<\/div><\/div><div id=\"panel-17075-3-0-3\" class=\"so-panel widget widget_sow-editor\" data-index=\"10\" ><div\n\t\t\t\n\t\t\tclass=\"so-widget-sow-editor so-widget-sow-editor-base\"\n\t\t\t\n\t\t><h3 class=\"widget-title\">HOW TO PROCESS THE MATERIAL?<\/h3>\n<div class=\"siteorigin-widget-tinymce textwidget\">\n\t<div class=\"siteorigin-widget-tinymce textwidget\">\n<p>For correct lamination of the Premium Acrylic sheets on board, it is necessary to use the right machine (Flatmal) and glue (PUR) and also have a space that meets the right characteristics in order to achieve optimum quality. If necessary, we can provide guidance or provide the corresponding contact details of possible suppliers to our clients or potential clients.<\/p>\n<p><strong><a href=\"\/en\/furniture-norsan-high-gloss\/faq\/\" target=\"_blank\" rel=\"noopener\"><img loading=\"lazy\" decoding=\"async\" class=\"alignnone size-full wp-image-166\" src=\"https:\/\/www.plasnor.com\/wp-content\/uploads\/2023\/04\/icono-link2.gif\" alt=\"\" width=\"22\" height=\"16\" title=\"\">&nbsp;Link to FAQs<\/a><\/strong><\/p>\n<p>Once laminated, the boards are processed (machining, drilling, etc.) with conventional carpentry machinery.<\/p>\n<\/div>\n<\/div>\n<\/div><\/div><div id=\"panel-17075-3-0-4\" class=\"so-panel widget widget_sow-editor panel-last-child\" data-index=\"11\" ><div\n\t\t\t\n\t\t\tclass=\"so-widget-sow-editor so-widget-sow-editor-base\"\n\t\t\t\n\t\t><h3 class=\"widget-title\">PHOTO GALLERY<\/h3>\n<div class=\"siteorigin-widget-tinymce textwidget\">\n\t<div class=\"siteorigin-widget-tinymce textwidget\">\n<div id='gallery-1' class='gallery galleryid-17075 gallery-columns-3 gallery-size-full'><figure class='gallery-item'>\n\t\t\t<div class='gallery-icon landscape'>\n\t\t\t\t<a href='https:\/\/www.plasnor.com\/wp-content\/uploads\/2023\/04\/cocina-sol-metal-1.jpg'><img loading=\"lazy\" decoding=\"async\" width=\"1200\" height=\"857\" src=\"https:\/\/www.plasnor.com\/wp-content\/uploads\/2023\/04\/cocina-sol-metal-1.jpg\" class=\"attachment-full size-full\" alt=\"\" srcset=\"https:\/\/www.plasnor.com\/wp-content\/uploads\/2023\/04\/cocina-sol-metal-1.jpg 1200w, https:\/\/www.plasnor.com\/wp-content\/uploads\/2023\/04\/cocina-sol-metal-1-300x214.jpg 300w, https:\/\/www.plasnor.com\/wp-content\/uploads\/2023\/04\/cocina-sol-metal-1-1024x731.jpg 1024w, https:\/\/www.plasnor.com\/wp-content\/uploads\/2023\/04\/cocina-sol-metal-1-768x548.jpg 768w\" sizes=\"auto, (max-width: 1200px) 100vw, 1200px\" title=\"\"><\/a>\n\t\t\t<\/div><\/figure><figure class='gallery-item'>\n\t\t\t<div class='gallery-icon landscape'>\n\t\t\t\t<a href='https:\/\/www.plasnor.com\/wp-content\/uploads\/2023\/04\/cocina-sol-metal-2.jpg'><img loading=\"lazy\" decoding=\"async\" width=\"1200\" height=\"857\" src=\"https:\/\/www.plasnor.com\/wp-content\/uploads\/2023\/04\/cocina-sol-metal-2.jpg\" class=\"attachment-full size-full\" alt=\"\" srcset=\"https:\/\/www.plasnor.com\/wp-content\/uploads\/2023\/04\/cocina-sol-metal-2.jpg 1200w, https:\/\/www.plasnor.com\/wp-content\/uploads\/2023\/04\/cocina-sol-metal-2-300x214.jpg 300w, https:\/\/www.plasnor.com\/wp-content\/uploads\/2023\/04\/cocina-sol-metal-2-1024x731.jpg 1024w, https:\/\/www.plasnor.com\/wp-content\/uploads\/2023\/04\/cocina-sol-metal-2-768x548.jpg 768w\" sizes=\"auto, (max-width: 1200px) 100vw, 1200px\" title=\"\"><\/a>\n\t\t\t<\/div><\/figure><figure class='gallery-item'>\n\t\t\t<div class='gallery-icon landscape'>\n\t\t\t\t<a href='https:\/\/www.plasnor.com\/wp-content\/uploads\/2023\/04\/cocina-sol-metal-3.jpg'><img loading=\"lazy\" decoding=\"async\" width=\"1200\" height=\"857\" src=\"https:\/\/www.plasnor.com\/wp-content\/uploads\/2023\/04\/cocina-sol-metal-3.jpg\" class=\"attachment-full size-full\" alt=\"\" srcset=\"https:\/\/www.plasnor.com\/wp-content\/uploads\/2023\/04\/cocina-sol-metal-3.jpg 1200w, https:\/\/www.plasnor.com\/wp-content\/uploads\/2023\/04\/cocina-sol-metal-3-300x214.jpg 300w, https:\/\/www.plasnor.com\/wp-content\/uploads\/2023\/04\/cocina-sol-metal-3-1024x731.jpg 1024w, https:\/\/www.plasnor.com\/wp-content\/uploads\/2023\/04\/cocina-sol-metal-3-768x548.jpg 768w\" sizes=\"auto, (max-width: 1200px) 100vw, 1200px\" title=\"\"><\/a>\n\t\t\t<\/div><\/figure><figure class='gallery-item'>\n\t\t\t<div class='gallery-icon landscape'>\n\t\t\t\t<a href='https:\/\/www.plasnor.com\/wp-content\/uploads\/2023\/04\/cocina-sol-metal-4.jpg'><img loading=\"lazy\" decoding=\"async\" width=\"1200\" height=\"857\" src=\"https:\/\/www.plasnor.com\/wp-content\/uploads\/2023\/04\/cocina-sol-metal-4.jpg\" class=\"attachment-full size-full\" alt=\"\" srcset=\"https:\/\/www.plasnor.com\/wp-content\/uploads\/2023\/04\/cocina-sol-metal-4.jpg 1200w, https:\/\/www.plasnor.com\/wp-content\/uploads\/2023\/04\/cocina-sol-metal-4-300x214.jpg 300w, https:\/\/www.plasnor.com\/wp-content\/uploads\/2023\/04\/cocina-sol-metal-4-1024x731.jpg 1024w, https:\/\/www.plasnor.com\/wp-content\/uploads\/2023\/04\/cocina-sol-metal-4-768x548.jpg 768w\" sizes=\"auto, (max-width: 1200px) 100vw, 1200px\" title=\"\"><\/a>\n\t\t\t<\/div><\/figure><figure class='gallery-item'>\n\t\t\t<div class='gallery-icon landscape'>\n\t\t\t\t<a href='https:\/\/www.plasnor.com\/wp-content\/uploads\/2023\/04\/cocina-sol-metal-5.jpg'><img loading=\"lazy\" decoding=\"async\" width=\"1200\" height=\"857\" src=\"https:\/\/www.plasnor.com\/wp-content\/uploads\/2023\/04\/cocina-sol-metal-5.jpg\" class=\"attachment-full size-full\" alt=\"\" srcset=\"https:\/\/www.plasnor.com\/wp-content\/uploads\/2023\/04\/cocina-sol-metal-5.jpg 1200w, https:\/\/www.plasnor.com\/wp-content\/uploads\/2023\/04\/cocina-sol-metal-5-300x214.jpg 300w, https:\/\/www.plasnor.com\/wp-content\/uploads\/2023\/04\/cocina-sol-metal-5-1024x731.jpg 1024w, https:\/\/www.plasnor.com\/wp-content\/uploads\/2023\/04\/cocina-sol-metal-5-768x548.jpg 768w\" sizes=\"auto, (max-width: 1200px) 100vw, 1200px\" title=\"\"><\/a>\n\t\t\t<\/div><\/figure>\n\t\t<\/div>\n\n<\/div>\n<\/div>\n<\/div><\/div><\/div><\/div><\/div>","protected":false},"excerpt":{"rendered":"<p>Unsere Premium Acrylic platten haben die maximale Kratzfestigkeit von unbeschichteten Acryloberfl\u00e4chen und verdoppeln die Best\u00e4ndigkeit des Marktstandards. Neben &#8230; <a title=\"Einheitliche &#038; metallic\" class=\"read-more\" href=\"https:\/\/www.plasnor.com\/de\/moebel-norsan-high-gloss\/einheitliche-metallic\/\" aria-label=\"Mehr Informationen \u00fcber Einheitliche &#038; metallic\">[ + info ]<\/a><\/p>\n","protected":false},"author":1,"featured_media":0,"parent":17103,"menu_order":0,"comment_status":"closed","ping_status":"closed","template":"","meta":{"footnotes":""},"categories":[61],"tags":[],"class_list":{"0":"post-17075","1":"page","2":"type-page","3":"status-publish","5":"category-page-mueble-de"},"_links":{"self":[{"href":"https:\/\/www.plasnor.com\/de\/wp-json\/wp\/v2\/pages\/17075","targetHints":{"allow":["GET"]}}],"collection":[{"href":"https:\/\/www.plasnor.com\/de\/wp-json\/wp\/v2\/pages"}],"about":[{"href":"https:\/\/www.plasnor.com\/de\/wp-json\/wp\/v2\/types\/page"}],"author":[{"embeddable":true,"href":"https:\/\/www.plasnor.com\/de\/wp-json\/wp\/v2\/users\/1"}],"replies":[{"embeddable":true,"href":"https:\/\/www.plasnor.com\/de\/wp-json\/wp\/v2\/comments?post=17075"}],"version-history":[{"count":0,"href":"https:\/\/www.plasnor.com\/de\/wp-json\/wp\/v2\/pages\/17075\/revisions"}],"up":[{"embeddable":true,"href":"https:\/\/www.plasnor.com\/de\/wp-json\/wp\/v2\/pages\/17103"}],"wp:attachment":[{"href":"https:\/\/www.plasnor.com\/de\/wp-json\/wp\/v2\/media?parent=17075"}],"wp:term":[{"taxonomy":"category","embeddable":true,"href":"https:\/\/www.plasnor.com\/de\/wp-json\/wp\/v2\/categories?post=17075"},{"taxonomy":"post_tag","embeddable":true,"href":"https:\/\/www.plasnor.com\/de\/wp-json\/wp\/v2\/tags?post=17075"}],"curies":[{"name":"wp","href":"https:\/\/api.w.org\/{rel}","templated":true}]}}