{"id":17079,"date":"2023-04-20T20:29:36","date_gmt":"2023-04-20T18:29:36","guid":{"rendered":"https:\/\/www.plasnor.com\/equipment-and-facilities\/"},"modified":"2023-05-03T15:49:58","modified_gmt":"2023-05-03T13:49:58","slug":"anlagen-und-einrichtungen","status":"publish","type":"page","link":"https:\/\/www.plasnor.com\/de\/extrusion\/anlagen-und-einrichtungen\/","title":{"rendered":"Anlagen und Einrichtungen"},"content":{"rendered":"<div id=\"pl-17079\"  class=\"panel-layout\" ><div id=\"pg-17079-0\"  class=\"panel-grid panel-no-style\" ><div id=\"pgc-17079-0-0\"  class=\"panel-grid-cell\" ><div id=\"panel-17079-0-0-0\" class=\"so-panel widget widget_sow-image panel-first-child panel-last-child\" data-index=\"0\" ><div\n\t\t\t\n\t\t\tclass=\"so-widget-sow-image so-widget-sow-image-default-113ccd71f3e6-17079\"\n\t\t\t\n\t\t>\n<div class=\"sow-image-container\">\n\t\t<img \n\tsrc=\"https:\/\/www.plasnor.com\/wp-content\/uploads\/2023\/04\/plasnor-extrusion-044.jpg\" width=\"1000\" height=\"654\" srcset=\"https:\/\/www.plasnor.com\/wp-content\/uploads\/2023\/04\/plasnor-extrusion-044.jpg 1000w, https:\/\/www.plasnor.com\/wp-content\/uploads\/2023\/04\/plasnor-extrusion-044-300x196.jpg 300w, https:\/\/www.plasnor.com\/wp-content\/uploads\/2023\/04\/plasnor-extrusion-044-768x502.jpg 768w\" sizes=\"(max-width: 1000px) 100vw, 1000px\" title=\"Extruder\" alt=\"Extruder\" \t\tclass=\"so-widget-image\"\/>\n\t<\/div>\n\n<\/div><\/div><\/div><div id=\"pgc-17079-0-1\"  class=\"panel-grid-cell\" ><div id=\"panel-17079-0-1-0\" class=\"so-panel widget widget_sow-editor panel-first-child panel-last-child\" data-index=\"1\" ><div\n\t\t\t\n\t\t\tclass=\"so-widget-sow-editor so-widget-sow-editor-base\"\n\t\t\t\n\t\t><h3 class=\"widget-title\">Extruder<\/h3>\n<div class=\"siteorigin-widget-tinymce textwidget\">\n\t<p>Wir verf\u00fcgen \u00fcber die modernsten Maschinen zur mehrschichtigen Coextrusion. Unsere Extrusionslinien erlauben uns, verschiedene Arten von Thermoplasten in unterschiedlich aussehenden Platten und Rollen umzuwandeln. Hierf\u00fcr k\u00f6nnen wir auf unsere hochqualifizierten, auf dem Gebiet der Extrusion \u00e4u\u00dferst erfahrenen Maschinenbediener z\u00e4hlen.<\/p>\n<\/div>\n<\/div><\/div><\/div><\/div><div id=\"pg-17079-1\"  class=\"panel-grid panel-no-style\" ><div id=\"pgc-17079-1-0\"  class=\"panel-grid-cell\" ><div id=\"panel-17079-1-0-0\" class=\"so-panel widget widget_sow-image panel-first-child panel-last-child\" data-index=\"2\" ><div\n\t\t\t\n\t\t\tclass=\"so-widget-sow-image so-widget-sow-image-default-113ccd71f3e6-17079\"\n\t\t\t\n\t\t>\n<div class=\"sow-image-container\">\n\t\t<img \n\tsrc=\"https:\/\/www.plasnor.com\/wp-content\/uploads\/2023\/04\/plasnor-extrusion-021.jpg\" width=\"1000\" height=\"667\" srcset=\"https:\/\/www.plasnor.com\/wp-content\/uploads\/2023\/04\/plasnor-extrusion-021.jpg 1000w, https:\/\/www.plasnor.com\/wp-content\/uploads\/2023\/04\/plasnor-extrusion-021-300x200.jpg 300w, https:\/\/www.plasnor.com\/wp-content\/uploads\/2023\/04\/plasnor-extrusion-021-768x512.jpg 768w, https:\/\/www.plasnor.com\/wp-content\/uploads\/2023\/04\/plasnor-extrusion-021-720x480.jpg 720w\" sizes=\"(max-width: 1000px) 100vw, 1000px\" title=\"Betriebsanlagen\" alt=\"Betriebsanlagen\" \t\tclass=\"so-widget-image\"\/>\n\t<\/div>\n\n<\/div><\/div><\/div><div id=\"pgc-17079-1-1\"  class=\"panel-grid-cell\" ><div id=\"panel-17079-1-1-0\" class=\"so-panel widget widget_sow-editor panel-first-child panel-last-child\" data-index=\"3\" ><div\n\t\t\t\n\t\t\tclass=\"so-widget-sow-editor so-widget-sow-editor-base\"\n\t\t\t\n\t\t><h3 class=\"widget-title\">Betriebsanlagen<\/h3>\n<div class=\"siteorigin-widget-tinymce textwidget\">\n\t<p>Die Zentrale und damit der Gro\u00dfteil der Produktion unserer 11. 000m\u00b2 gro\u00dfen Betriebsanlagen befindet sich in der Ortschaft Legazpi, jedoch verf\u00fcgen wir auch \u00fcber eine weitere Produktionsst\u00e4tte im 5 km entfernten Dorf Urretxu.<\/p>\n<p>Unsere Einrichtungen bestehen aus den B\u00fcros, den Maschinen, dem Labor, dem Instrumentarium, den Silos und dem Lager. Wir verf\u00fcgen \u00fcber ausreichend viel Platz zur Durchf\u00fchrung unserer Hauptt\u00e4tigkeit: der Kunststoffverarbeitung.<\/p>\n<\/div>\n<\/div><\/div><\/div><\/div><div id=\"pg-17079-2\"  class=\"panel-grid panel-no-style\" ><div id=\"pgc-17079-2-0\"  class=\"panel-grid-cell\" ><div id=\"panel-17079-2-0-0\" class=\"so-panel widget widget_sow-editor panel-first-child panel-last-child\" data-index=\"4\" ><div\n\t\t\t\n\t\t\tclass=\"so-widget-sow-editor so-widget-sow-editor-base\"\n\t\t\t\n\t\t><h3 class=\"widget-title\">Silos, Lagerhalle<\/h3>\n<div class=\"siteorigin-widget-tinymce textwidget\">\n\t<p>Wir verf\u00fcgen \u00fcber bestens geeignete und im Hinblick auf Sauberkeit, Ordnung und Sicherheit sehr gepflegte Anlagen.<br \/>\nDie Anordnung und Lagerung sowohl unserer Produktionsmittel als auch unserer Produkte erfolgt im Hinblick darauf, die Qualit\u00e4t der an unsere Kunden gelieferten Produkte sicherzustellen. Wir optimieren die Arbeits- und Lagerbereiche und grenzen sie voneinander ab, um auch die Arbeitssicherheit zu gew\u00e4hrleisten. Sie ist ein weiteres Ziel, das wir bei unserer internen Organisation immer vor Augen haben.<\/p>\n<p><img loading=\"lazy\" decoding=\"async\" class=\"alignnone wp-image-16566\" src=\"https:\/\/www.plasnor.com\/wp-content\/uploads\/2023\/04\/plasnor-edificio-300x200.jpg\" alt=\"\" width=\"348\" height=\"232\" srcset=\"https:\/\/www.plasnor.com\/wp-content\/uploads\/2023\/04\/plasnor-edificio-300x200.jpg 300w, https:\/\/www.plasnor.com\/wp-content\/uploads\/2023\/04\/plasnor-edificio-768x513.jpg 768w, https:\/\/www.plasnor.com\/wp-content\/uploads\/2023\/04\/plasnor-edificio-720x480.jpg 720w, https:\/\/www.plasnor.com\/wp-content\/uploads\/2023\/04\/plasnor-edificio.jpg 800w\" sizes=\"auto, (max-width: 348px) 100vw, 348px\" title=\"\">\u00a0 <img loading=\"lazy\" decoding=\"async\" class=\"alignnone wp-image-16569\" src=\"https:\/\/www.plasnor.com\/wp-content\/uploads\/2023\/04\/edificio-plasnor-02-300x200.jpg\" alt=\"\" width=\"348\" height=\"232\" srcset=\"https:\/\/www.plasnor.com\/wp-content\/uploads\/2023\/04\/edificio-plasnor-02-300x200.jpg 300w, https:\/\/www.plasnor.com\/wp-content\/uploads\/2023\/04\/edificio-plasnor-02-768x512.jpg 768w, https:\/\/www.plasnor.com\/wp-content\/uploads\/2023\/04\/edificio-plasnor-02-720x480.jpg 720w, https:\/\/www.plasnor.com\/wp-content\/uploads\/2023\/04\/edificio-plasnor-02-950x630.jpg 950w, https:\/\/www.plasnor.com\/wp-content\/uploads\/2023\/04\/edificio-plasnor-02.jpg 1000w\" sizes=\"auto, (max-width: 348px) 100vw, 348px\" title=\"\"><\/p>\n<p>&nbsp;<\/p>\n<\/div>\n<\/div><\/div><\/div><\/div><\/div>","protected":false},"excerpt":{"rendered":"<p>Wir verf\u00fcgen \u00fcber die modernsten Maschinen zur mehrschichtigen Coextrusion. Unsere Extrusionslinien erlauben uns, verschiedene Arten von Thermoplasten in &#8230; <a title=\"Anlagen und Einrichtungen\" class=\"read-more\" href=\"https:\/\/www.plasnor.com\/de\/extrusion\/anlagen-und-einrichtungen\/\" aria-label=\"Mehr Informationen \u00fcber Anlagen und Einrichtungen\">[ + info ]<\/a><\/p>\n","protected":false},"author":1,"featured_media":0,"parent":17105,"menu_order":0,"comment_status":"closed","ping_status":"closed","template":"","meta":{"footnotes":""},"categories":[58],"tags":[],"class_list":{"0":"post-17079","1":"page","2":"type-page","3":"status-publish","5":"category-page-extrusion-de"},"_links":{"self":[{"href":"https:\/\/www.plasnor.com\/de\/wp-json\/wp\/v2\/pages\/17079","targetHints":{"allow":["GET"]}}],"collection":[{"href":"https:\/\/www.plasnor.com\/de\/wp-json\/wp\/v2\/pages"}],"about":[{"href":"https:\/\/www.plasnor.com\/de\/wp-json\/wp\/v2\/types\/page"}],"author":[{"embeddable":true,"href":"https:\/\/www.plasnor.com\/de\/wp-json\/wp\/v2\/users\/1"}],"replies":[{"embeddable":true,"href":"https:\/\/www.plasnor.com\/de\/wp-json\/wp\/v2\/comments?post=17079"}],"version-history":[{"count":0,"href":"https:\/\/www.plasnor.com\/de\/wp-json\/wp\/v2\/pages\/17079\/revisions"}],"up":[{"embeddable":true,"href":"https:\/\/www.plasnor.com\/de\/wp-json\/wp\/v2\/pages\/17105"}],"wp:attachment":[{"href":"https:\/\/www.plasnor.com\/de\/wp-json\/wp\/v2\/media?parent=17079"}],"wp:term":[{"taxonomy":"category","embeddable":true,"href":"https:\/\/www.plasnor.com\/de\/wp-json\/wp\/v2\/categories?post=17079"},{"taxonomy":"post_tag","embeddable":true,"href":"https:\/\/www.plasnor.com\/de\/wp-json\/wp\/v2\/tags?post=17079"}],"curies":[{"name":"wp","href":"https:\/\/api.w.org\/{rel}","templated":true}]}}