{"id":17083,"date":"2023-04-20T20:21:40","date_gmt":"2023-04-20T18:21:40","guid":{"rendered":"https:\/\/www.plasnor.com\/own-laboratory\/"},"modified":"2023-05-03T15:47:31","modified_gmt":"2023-05-03T13:47:31","slug":"eigenes-labor","status":"publish","type":"page","link":"https:\/\/www.plasnor.com\/de\/extrusion\/eigenes-labor\/","title":{"rendered":"Eigenes Labor"},"content":{"rendered":"<p>Wir haben ein betriebseigenes Labor, das von unserem erfahrenen Chemiefachpersonal geleitet wird. Das Labor verf\u00fcgt \u00fcber ausreichende und geeignete technische Ger\u00e4te (Waagen, Farbmessger\u00e4te, Spektralphotometer und Instrumente f\u00fcr unterschiedliche Analysen). Zudem haben wir alle Kunststoffmaterialien, Farbstoffe, Pigmente und Additive zur Analyse, Erforschung und Entwicklung der Farben, die wir an unsere Kunden liefern.<\/p>\n<p>Dank unseres betriebseigenen Labors sind wir in der Lage, bei der Entwicklung neuer Farben Farbanpassungen (Negativkopien) schnell und pr\u00e4zise herzustellen und jede nachgefragte Farbe anzupassen. Auf diese Weise garantieren wir in den nachfolgenden Fertigungen und langfristig die Zuverl\u00e4ssigkeit der Beibehaltung der Farbt\u00f6ne.<\/p>\n<div id='gallery-1' class='gallery galleryid-17083 gallery-columns-2 gallery-size-full'><figure class='gallery-item'>\n\t\t\t<div class='gallery-icon landscape'>\n\t\t\t\t<a href='https:\/\/www.plasnor.com\/wp-content\/uploads\/2023\/04\/plasnor-masterbach-01.jpg'><img loading=\"lazy\" decoding=\"async\" width=\"800\" height=\"566\" src=\"https:\/\/www.plasnor.com\/wp-content\/uploads\/2023\/04\/plasnor-masterbach-01.jpg\" class=\"attachment-full size-full\" alt=\"Nuestro laboratorio\" srcset=\"https:\/\/www.plasnor.com\/wp-content\/uploads\/2023\/04\/plasnor-masterbach-01.jpg 800w, https:\/\/www.plasnor.com\/wp-content\/uploads\/2023\/04\/plasnor-masterbach-01-300x212.jpg 300w, https:\/\/www.plasnor.com\/wp-content\/uploads\/2023\/04\/plasnor-masterbach-01-768x543.jpg 768w\" sizes=\"auto, (max-width: 800px) 100vw, 800px\" title=\"\"><\/a>\n\t\t\t<\/div><\/figure><figure class='gallery-item'>\n\t\t\t<div class='gallery-icon landscape'>\n\t\t\t\t<a href='https:\/\/www.plasnor.com\/wp-content\/uploads\/2023\/04\/plasnor-masterbach-03.jpg'><img loading=\"lazy\" decoding=\"async\" width=\"800\" height=\"566\" src=\"https:\/\/www.plasnor.com\/wp-content\/uploads\/2023\/04\/plasnor-masterbach-03.jpg\" class=\"attachment-full size-full\" alt=\"\" srcset=\"https:\/\/www.plasnor.com\/wp-content\/uploads\/2023\/04\/plasnor-masterbach-03.jpg 800w, https:\/\/www.plasnor.com\/wp-content\/uploads\/2023\/04\/plasnor-masterbach-03-300x212.jpg 300w, https:\/\/www.plasnor.com\/wp-content\/uploads\/2023\/04\/plasnor-masterbach-03-768x543.jpg 768w\" sizes=\"auto, (max-width: 800px) 100vw, 800px\" title=\"\"><\/a>\n\t\t\t<\/div><\/figure>\n\t\t<\/div>\n\n","protected":false},"excerpt":{"rendered":"<p>Wir haben ein betriebseigenes Labor, das von unserem erfahrenen Chemiefachpersonal geleitet wird. Das Labor verf\u00fcgt \u00fcber ausreichende und &#8230; <a title=\"Eigenes Labor\" class=\"read-more\" href=\"https:\/\/www.plasnor.com\/de\/extrusion\/eigenes-labor\/\" aria-label=\"Mehr Informationen \u00fcber Eigenes Labor\">[ + info ]<\/a><\/p>\n","protected":false},"author":1,"featured_media":0,"parent":17105,"menu_order":0,"comment_status":"closed","ping_status":"closed","template":"","meta":{"footnotes":""},"categories":[58],"tags":[],"class_list":{"0":"post-17083","1":"page","2":"type-page","3":"status-publish","5":"category-page-extrusion-de"},"_links":{"self":[{"href":"https:\/\/www.plasnor.com\/de\/wp-json\/wp\/v2\/pages\/17083","targetHints":{"allow":["GET"]}}],"collection":[{"href":"https:\/\/www.plasnor.com\/de\/wp-json\/wp\/v2\/pages"}],"about":[{"href":"https:\/\/www.plasnor.com\/de\/wp-json\/wp\/v2\/types\/page"}],"author":[{"embeddable":true,"href":"https:\/\/www.plasnor.com\/de\/wp-json\/wp\/v2\/users\/1"}],"replies":[{"embeddable":true,"href":"https:\/\/www.plasnor.com\/de\/wp-json\/wp\/v2\/comments?post=17083"}],"version-history":[{"count":0,"href":"https:\/\/www.plasnor.com\/de\/wp-json\/wp\/v2\/pages\/17083\/revisions"}],"up":[{"embeddable":true,"href":"https:\/\/www.plasnor.com\/de\/wp-json\/wp\/v2\/pages\/17105"}],"wp:attachment":[{"href":"https:\/\/www.plasnor.com\/de\/wp-json\/wp\/v2\/media?parent=17083"}],"wp:term":[{"taxonomy":"category","embeddable":true,"href":"https:\/\/www.plasnor.com\/de\/wp-json\/wp\/v2\/categories?post=17083"},{"taxonomy":"post_tag","embeddable":true,"href":"https:\/\/www.plasnor.com\/de\/wp-json\/wp\/v2\/tags?post=17083"}],"curies":[{"name":"wp","href":"https:\/\/api.w.org\/{rel}","templated":true}]}}