{"id":17085,"date":"2023-04-20T20:18:54","date_gmt":"2023-04-20T18:18:54","guid":{"rendered":"https:\/\/www.plasnor.com\/industries-and-applications-2\/"},"modified":"2023-05-03T15:46:47","modified_gmt":"2023-05-03T13:46:47","slug":"sektoren-und-anwendungen","status":"publish","type":"page","link":"https:\/\/www.plasnor.com\/de\/extrusion\/sektoren-und-anwendungen\/","title":{"rendered":"Sektoren und Anwendungen"},"content":{"rendered":"<div id=\"pl-17085\"  class=\"panel-layout\" ><div id=\"pg-17085-0\"  class=\"panel-grid panel-no-style\" ><div id=\"pgc-17085-0-0\"  class=\"panel-grid-cell\" ><div id=\"panel-17085-0-0-0\" class=\"so-panel widget widget_sow-headline panel-first-child panel-last-child\" data-index=\"0\" ><div\n\t\t\t\n\t\t\tclass=\"so-widget-sow-headline so-widget-sow-headline-default-57294de3285c-17085 so-widget-fittext-wrapper\"\n\t\t\t data-fit-text-compressor=\"0.85\"\n\t\t><div class=\"sow-headline-container \">\n\t\t\t\t\t\t\t<h2 class=\"sow-headline\">\n\t\t\t\t\t\tSektoren und Anwendungen EXTRUSION\t\t\t\t\t\t<\/h2>\n\t\t\t\t\t\t\t\t\t\t\t<div class=\"decoration\">\n\t\t\t\t\t\t<div class=\"decoration-inside\"><\/div>\n\t\t\t\t\t<\/div>\n\t\t\t\t\t\t\t\t\t\t\t<p class=\"sow-sub-headline\">\n\t\t\t\t\t\tWir verwandeln Platten und Spulen f\u00fcr Ersatz Kunden aus den unterschiedlichsten Branchen:\t\t\t\t\t\t<\/p>\n\t\t\t\t\t\t<\/div>\n<\/div><\/div><\/div><\/div><div id=\"pg-17085-1\"  class=\"panel-grid panel-has-style\" ><div class=\"extrusion-sectores panel-row-style panel-row-style-for-17085-1\" ><div id=\"pgc-17085-1-0\"  class=\"panel-grid-cell\" ><div id=\"panel-17085-1-0-0\" class=\"so-panel widget widget_sow-image panel-first-child panel-last-child\" data-index=\"1\" ><div\n\t\t\t\n\t\t\tclass=\"so-widget-sow-image so-widget-sow-image-default-113ccd71f3e6-17085\"\n\t\t\t\n\t\t>\n<div class=\"sow-image-container\">\n\t\t\t<a href=\"#Thermoforming\"\n\t\t\t\t\t>\n\t\t\t<img \n\tsrc=\"https:\/\/www.plasnor.com\/wp-content\/uploads\/2023\/04\/1.svg\" title=\"Thermoformen \" alt=\"Thermoformen \" \t\tclass=\"so-widget-image\"\/>\n\t\t\t<\/a><\/div>\n\n<h3 class=\"widget-title\">\t\t<a href=\"#Thermoforming\"\n\t\t\t\t\t>\n\t\tThermoformen <\/a><\/h3><\/div><\/div><\/div><div id=\"pgc-17085-1-1\"  class=\"panel-grid-cell\" ><div id=\"panel-17085-1-1-0\" class=\"so-panel widget widget_sow-image panel-first-child panel-last-child\" data-index=\"2\" ><div\n\t\t\t\n\t\t\tclass=\"so-widget-sow-image so-widget-sow-image-default-113ccd71f3e6-17085\"\n\t\t\t\n\t\t>\n<div class=\"sow-image-container\">\n\t\t\t<a href=\"#Sanitary\"\n\t\t\t\t\t>\n\t\t\t<img \n\tsrc=\"https:\/\/www.plasnor.com\/wp-content\/uploads\/2023\/04\/2.svg\" title=\"Sanit\u00e4r \" alt=\"Sanit\u00e4r \" \t\tclass=\"so-widget-image\"\/>\n\t\t\t<\/a><\/div>\n\n<h3 class=\"widget-title\">\t\t<a href=\"#Sanitary\"\n\t\t\t\t\t>\n\t\tSanit\u00e4r <\/a><\/h3><\/div><\/div><\/div><div id=\"pgc-17085-1-2\"  class=\"panel-grid-cell\" ><div id=\"panel-17085-1-2-0\" class=\"so-panel widget widget_sow-image panel-first-child panel-last-child\" data-index=\"3\" ><div\n\t\t\t\n\t\t\tclass=\"so-widget-sow-image so-widget-sow-image-default-113ccd71f3e6-17085\"\n\t\t\t\n\t\t>\n<div class=\"sow-image-container\">\n\t\t\t<a href=\"#Refrigeration\"\n\t\t\t\t\t>\n\t\t\t<img \n\tsrc=\"https:\/\/www.plasnor.com\/wp-content\/uploads\/2023\/04\/3.svg\" title=\"K\u00e4lte \" alt=\"K\u00e4lte \" \t\tclass=\"so-widget-image\"\/>\n\t\t\t<\/a><\/div>\n\n<h3 class=\"widget-title\">\t\t<a href=\"#Refrigeration\"\n\t\t\t\t\t>\n\t\tK\u00e4lte <\/a><\/h3><\/div><\/div><\/div><div id=\"pgc-17085-1-3\"  class=\"panel-grid-cell\" ><div id=\"panel-17085-1-3-0\" class=\"so-panel widget widget_sow-image panel-first-child panel-last-child\" data-index=\"4\" ><div\n\t\t\t\n\t\t\tclass=\"so-widget-sow-image so-widget-sow-image-default-113ccd71f3e6-17085\"\n\t\t\t\n\t\t>\n<div class=\"sow-image-container\">\n\t\t\t<a href=\"#plv\"\n\t\t\t\t\t>\n\t\t\t<img \n\tsrc=\"https:\/\/www.plasnor.com\/wp-content\/uploads\/2023\/04\/4.svg\" title=\"PLV\" alt=\"PLV\" \t\tclass=\"so-widget-image\"\/>\n\t\t\t<\/a><\/div>\n\n<h3 class=\"widget-title\">\t\t<a href=\"#plv\"\n\t\t\t\t\t>\n\t\tPLV<\/a><\/h3><\/div><\/div><\/div><div id=\"pgc-17085-1-4\"  class=\"panel-grid-cell\" ><div id=\"panel-17085-1-4-0\" class=\"so-panel widget widget_sow-image panel-first-child panel-last-child\" data-index=\"5\" ><div\n\t\t\t\n\t\t\tclass=\"so-widget-sow-image so-widget-sow-image-default-113ccd71f3e6-17085\"\n\t\t\t\n\t\t>\n<div class=\"sow-image-container\">\n\t\t\t<a href=\"#Furniture\"\n\t\t\t\t\t>\n\t\t\t<img \n\tsrc=\"https:\/\/www.plasnor.com\/wp-content\/uploads\/2023\/04\/5.svg\" title=\"M\u00f6bel \" alt=\"M\u00f6bel \" \t\tclass=\"so-widget-image\"\/>\n\t\t\t<\/a><\/div>\n\n<h3 class=\"widget-title\">\t\t<a href=\"#Furniture\"\n\t\t\t\t\t>\n\t\tM\u00f6bel <\/a><\/h3><\/div><\/div><\/div><\/div><\/div><div id=\"pg-17085-2\"  class=\"panel-grid panel-has-style\" ><div class=\"extrusion-sectores panel-row-style panel-row-style-for-17085-2\" ><div id=\"pgc-17085-2-0\"  class=\"panel-grid-cell\" ><div id=\"panel-17085-2-0-0\" class=\"so-panel widget widget_sow-image panel-first-child panel-last-child\" data-index=\"6\" ><div\n\t\t\t\n\t\t\tclass=\"so-widget-sow-image so-widget-sow-image-default-113ccd71f3e6-17085\"\n\t\t\t\n\t\t>\n<div class=\"sow-image-container\">\n\t\t\t<a href=\"#Packaging\"\n\t\t\t\t\t>\n\t\t\t<img \n\tsrc=\"https:\/\/www.plasnor.com\/wp-content\/uploads\/2023\/04\/6.svg\" title=\"Verpackung \" alt=\"Verpackung \" \t\tclass=\"so-widget-image\"\/>\n\t\t\t<\/a><\/div>\n\n<h3 class=\"widget-title\">\t\t<a href=\"#Packaging\"\n\t\t\t\t\t>\n\t\tVerpackung <\/a><\/h3><\/div><\/div><\/div><div id=\"pgc-17085-2-1\"  class=\"panel-grid-cell\" ><div id=\"panel-17085-2-1-0\" class=\"so-panel widget widget_sow-image panel-first-child panel-last-child\" data-index=\"7\" ><div\n\t\t\t\n\t\t\tclass=\"so-widget-sow-image so-widget-sow-image-default-113ccd71f3e6-17085\"\n\t\t\t\n\t\t>\n<div class=\"sow-image-container\">\n\t\t\t<a href=\"#Automotive\"\n\t\t\t\t\t>\n\t\t\t<img \n\tsrc=\"https:\/\/www.plasnor.com\/wp-content\/uploads\/2023\/04\/7.svg\" title=\"Automobil \" alt=\"Automobil \" \t\tclass=\"so-widget-image\"\/>\n\t\t\t<\/a><\/div>\n\n<h3 class=\"widget-title\">\t\t<a href=\"#Automotive\"\n\t\t\t\t\t>\n\t\tAutomobil <\/a><\/h3><\/div><\/div><\/div><div id=\"pgc-17085-2-2\"  class=\"panel-grid-cell\" ><div id=\"panel-17085-2-2-0\" class=\"so-panel widget widget_sow-image panel-first-child panel-last-child\" data-index=\"8\" ><div\n\t\t\t\n\t\t\tclass=\"so-widget-sow-image so-widget-sow-image-default-113ccd71f3e6-17085\"\n\t\t\t\n\t\t>\n<div class=\"sow-image-container\">\n\t\t\t<a href=\"#Medical\"\n\t\t\t\t\t>\n\t\t\t<img \n\tsrc=\"https:\/\/www.plasnor.com\/wp-content\/uploads\/2023\/04\/8.svg\" title=\"Medizinbranche \" alt=\"Medizinbranche \" \t\tclass=\"so-widget-image\"\/>\n\t\t\t<\/a><\/div>\n\n<h3 class=\"widget-title\">\t\t<a href=\"#Medical\"\n\t\t\t\t\t>\n\t\tMedizinbranche <\/a><\/h3><\/div><\/div><\/div><div id=\"pgc-17085-2-3\"  class=\"panel-grid-cell panel-grid-cell-mobile-last\" ><div id=\"panel-17085-2-3-0\" class=\"so-panel widget widget_sow-image panel-first-child panel-last-child\" data-index=\"9\" ><div\n\t\t\t\n\t\t\tclass=\"so-widget-sow-image so-widget-sow-image-default-113ccd71f3e6-17085\"\n\t\t\t\n\t\t>\n<div class=\"sow-image-container\">\n\t\t\t<a href=\"#Renewable-energies\"\n\t\t\t\t\t>\n\t\t\t<img \n\tsrc=\"https:\/\/www.plasnor.com\/wp-content\/uploads\/2023\/04\/9.svg\" title=\"Erneuerbare Energien\" alt=\"Erneuerbare Energien\" \t\tclass=\"so-widget-image\"\/>\n\t\t\t<\/a><\/div>\n\n<h3 class=\"widget-title\">\t\t<a href=\"#Renewable-energies\"\n\t\t\t\t\t>\n\t\tErneuerbare Energien<\/a><\/h3><\/div><\/div><\/div><div id=\"pgc-17085-2-4\"  class=\"panel-grid-cell panel-grid-cell-empty\" ><\/div><\/div><\/div><div id=\"pg-17085-3\"  class=\"panel-grid panel-has-style\" ><div id=\"Thermoforming\" class=\"panel-row-style panel-row-style-for-17085-3\" ><div id=\"pgc-17085-3-0\"  class=\"panel-grid-cell\" ><div id=\"panel-17085-3-0-0\" class=\"so-panel widget widget_sow-editor panel-first-child panel-last-child\" data-index=\"10\" ><div\n\t\t\t\n\t\t\tclass=\"so-widget-sow-editor so-widget-sow-editor-base\"\n\t\t\t\n\t\t><h3 class=\"widget-title\">Thermoformen<\/h3>\n<div class=\"siteorigin-widget-tinymce textwidget\">\n\t<p><img loading=\"lazy\" decoding=\"async\" class=\"alignleft wp-image-15330 size-full\" src=\"https:\/\/www.plasnor.com\/wp-content\/uploads\/2023\/04\/01-plasnor-termoconformado.jpg\" alt=\"Thermoformen\" width=\"424\" height=\"251\" srcset=\"https:\/\/www.plasnor.com\/wp-content\/uploads\/2023\/04\/01-plasnor-termoconformado.jpg 424w, https:\/\/www.plasnor.com\/wp-content\/uploads\/2023\/04\/01-plasnor-termoconformado-300x178.jpg 300w\" sizes=\"auto, (max-width: 424px) 100vw, 424px\" title=\"\"> F\u00fcr diesen Sektor liefern wir Platten und\/oder Rollen in vielen verschiedenen Thermoplasten (PS, ABS, ABS \/ PMMA, selbstverl\u00f6schend, ABS \/ PC, PS \/ PE, etc.) je nach den regulatorischen Anforderungen, der Funktion der Teile und dem Ort, an dem sie eingesetzt werden. Dies alles, damit die Thermoformer sie zu Geh\u00e4usen, Abdeckungen, Blenden, Trays, Displays usw. umformen.<\/p>\n<\/div>\n<\/div><\/div><\/div><\/div><\/div><div id=\"pg-17085-4\"  class=\"panel-grid panel-has-style\" ><div id=\"Sanitary\" class=\"panel-row-style panel-row-style-for-17085-4\" ><div id=\"pgc-17085-4-0\"  class=\"panel-grid-cell\" ><div id=\"panel-17085-4-0-0\" class=\"so-panel widget widget_sow-editor panel-first-child panel-last-child\" data-index=\"11\" ><div\n\t\t\t\n\t\t\tclass=\"so-widget-sow-editor so-widget-sow-editor-base\"\n\t\t\t\n\t\t><h3 class=\"widget-title\">Sanit\u00e4r<\/h3>\n<div class=\"siteorigin-widget-tinymce textwidget\">\n\t<p><img loading=\"lazy\" decoding=\"async\" class=\"alignleft wp-image-15334 size-full\" src=\"https:\/\/www.plasnor.com\/wp-content\/uploads\/2023\/04\/02-plasnor-sanitary.jpg\" alt=\"Sanit\u00e4r\" width=\"424\" height=\"251\" srcset=\"https:\/\/www.plasnor.com\/wp-content\/uploads\/2023\/04\/02-plasnor-sanitary.jpg 424w, https:\/\/www.plasnor.com\/wp-content\/uploads\/2023\/04\/02-plasnor-sanitary-300x178.jpg 300w\" sizes=\"auto, (max-width: 424px) 100vw, 424px\" title=\"\"> F\u00fcr den Sanit\u00e4rbereich liefern wir vor allem Platten in ABS \/ PMMA, die dann zu Sanit\u00e4rteilen wie Badewannen, Duschkabinen, Duschs\u00e4ulen und Duschwannen und sogar SPAS umgeformt werden. In geringerem Ma\u00dfe werden auch andere Materialien wie unser NORSAN SUPERMAT, Holz-, Marmor-, Keramikimitate usw. geliefert.<\/p>\n<\/div>\n<\/div><\/div><\/div><\/div><\/div><div id=\"pg-17085-5\"  class=\"panel-grid panel-has-style\" ><div id=\"Refrigeration\" class=\"panel-row-style panel-row-style-for-17085-5\" ><div id=\"pgc-17085-5-0\"  class=\"panel-grid-cell\" ><div id=\"panel-17085-5-0-0\" class=\"so-panel widget widget_sow-editor panel-first-child panel-last-child\" data-index=\"12\" ><div\n\t\t\t\n\t\t\tclass=\"so-widget-sow-editor so-widget-sow-editor-base\"\n\t\t\t\n\t\t><h3 class=\"widget-title\">K\u00e4lte<\/h3>\n<div class=\"siteorigin-widget-tinymce textwidget\">\n\t<p><img loading=\"lazy\" decoding=\"async\" class=\"alignleft wp-image-15342 size-full\" src=\"https:\/\/www.plasnor.com\/wp-content\/uploads\/2023\/04\/03-plasnor-frio2.jpg\" alt=\"K\u00e4lte\" width=\"424\" height=\"251\" srcset=\"https:\/\/www.plasnor.com\/wp-content\/uploads\/2023\/04\/03-plasnor-frio2.jpg 424w, https:\/\/www.plasnor.com\/wp-content\/uploads\/2023\/04\/03-plasnor-frio2-300x178.jpg 300w\" sizes=\"auto, (max-width: 424px) 100vw, 424px\" title=\"\"> Wir beliefern den K\u00e4ltesektor mit Platten und Rollen in PS Anti-Frost, die sich f\u00fcr den Innenraum und die Seiten von K\u00fchlr\u00e4umen und K\u00fchlschr\u00e4nken eignen. Dieses PS h\u00e4lt dem nachfolgenden PU-Einspritzverfahren stand, denen diese Teile oftmals unterzogen werden.<\/p>\n<\/div>\n<\/div><\/div><\/div><\/div><\/div><div id=\"pg-17085-6\"  class=\"panel-grid panel-has-style\" ><div id=\"plv\" class=\"panel-row-style panel-row-style-for-17085-6\" ><div id=\"pgc-17085-6-0\"  class=\"panel-grid-cell\" ><div id=\"panel-17085-6-0-0\" class=\"so-panel widget widget_sow-editor panel-first-child panel-last-child\" data-index=\"13\" ><div\n\t\t\t\n\t\t\tclass=\"so-widget-sow-editor so-widget-sow-editor-base\"\n\t\t\t\n\t\t><h3 class=\"widget-title\">PLV<\/h3>\n<div class=\"siteorigin-widget-tinymce textwidget\">\n\t<p><img loading=\"lazy\" decoding=\"async\" class=\"alignleft wp-image-15346 size-full\" src=\"https:\/\/www.plasnor.com\/wp-content\/uploads\/2023\/04\/04-plasnor-advertising.jpg\" alt=\"PLV\" width=\"424\" height=\"251\" srcset=\"https:\/\/www.plasnor.com\/wp-content\/uploads\/2023\/04\/04-plasnor-advertising.jpg 424w, https:\/\/www.plasnor.com\/wp-content\/uploads\/2023\/04\/04-plasnor-advertising-300x178.jpg 300w\" sizes=\"auto, (max-width: 424px) 100vw, 424px\" title=\"\"> Der Werbesektor setzt unser PS h\u00e4ufig am Point of Sale ein, um mittels verschiedener Verfahren wie Thermoformen, Bearbeitung, Warmbiegen, Drucken, Offsetdruck usw. Schauk\u00e4sten und\/oder Werbeplakaten herzustellen. Die F\u00e4higkeit, Farben sehr schnell zu entwickeln ist in diesem Sektor von entscheidender Bedeutung.<\/p>\n<\/div>\n<\/div><\/div><\/div><\/div><\/div><div id=\"pg-17085-7\"  class=\"panel-grid panel-has-style\" ><div id=\"Furniture\" class=\"panel-row-style panel-row-style-for-17085-7\" ><div id=\"pgc-17085-7-0\"  class=\"panel-grid-cell\" ><div id=\"panel-17085-7-0-0\" class=\"so-panel widget widget_sow-editor panel-first-child panel-last-child\" data-index=\"14\" ><div\n\t\t\t\n\t\t\tclass=\"so-widget-sow-editor so-widget-sow-editor-base\"\n\t\t\t\n\t\t><h3 class=\"widget-title\">M\u00f6bel<\/h3>\n<div class=\"siteorigin-widget-tinymce textwidget\">\n\t<p><img loading=\"lazy\" decoding=\"async\" class=\"alignleft wp-image-15352 size-full\" src=\"https:\/\/www.plasnor.com\/wp-content\/uploads\/2023\/04\/05-plasnor-furniture.jpg\" alt=\"M\u00f6bel\" width=\"424\" height=\"251\" srcset=\"https:\/\/www.plasnor.com\/wp-content\/uploads\/2023\/04\/05-plasnor-furniture.jpg 424w, https:\/\/www.plasnor.com\/wp-content\/uploads\/2023\/04\/05-plasnor-furniture-300x178.jpg 300w\" sizes=\"auto, (max-width: 424px) 100vw, 424px\" title=\"\"> F\u00fcr die M\u00f6belbranche produzieren wir Platten mit Hochglanz-Acryl-Oberfl\u00e4chen, die in diesem Markt sehr gesch\u00e4tzt werden. Hierbei handelt es sich um unsere Marke NORSAN HIGH GLOSS, die unsere Kunden zur Beschichtung von Holzplatten mittels eines Klebeverfahrens verwenden. Anschlie\u00dfend unterziehen sie die Platten einem Schnittverfahren zur Herstellung von K\u00fcchenschrankt\u00fcren.<br \/>\nDer Spiegelglanz unserer Platten wird von unseren Kunden besonders gesch\u00e4tzt. Eine gro\u00dfe Auswahl an verf\u00fcgbaren Farben und zahlreiche dekorative Designs runden unser Angebot ab und machen es heute zu unserem Vorzeigeprodukt, das in 3 Kontinente exportiert wird.<\/p>\n<\/div>\n<\/div><\/div><\/div><\/div><\/div><div id=\"pg-17085-8\"  class=\"panel-grid panel-has-style\" ><div id=\"Packaging\" class=\"panel-row-style panel-row-style-for-17085-8\" ><div id=\"pgc-17085-8-0\"  class=\"panel-grid-cell\" ><div id=\"panel-17085-8-0-0\" class=\"so-panel widget widget_sow-editor panel-first-child panel-last-child\" data-index=\"15\" ><div\n\t\t\t\n\t\t\tclass=\"so-widget-sow-editor so-widget-sow-editor-base\"\n\t\t\t\n\t\t><h3 class=\"widget-title\">Verpackung<\/h3>\n<div class=\"siteorigin-widget-tinymce textwidget\">\n\t<p><img loading=\"lazy\" decoding=\"async\" class=\"alignleft wp-image-15358 size-full\" src=\"https:\/\/www.plasnor.com\/wp-content\/uploads\/2023\/04\/06-plasnor-packaging.jpg\" alt=\"Verpackung\" width=\"424\" height=\"251\" srcset=\"https:\/\/www.plasnor.com\/wp-content\/uploads\/2023\/04\/06-plasnor-packaging.jpg 424w, https:\/\/www.plasnor.com\/wp-content\/uploads\/2023\/04\/06-plasnor-packaging-300x178.jpg 300w\" sizes=\"auto, (max-width: 424px) 100vw, 424px\" title=\"\"> Wir liefern Platten zur Herstellung von Verpackungen in verschiedenen Materialien, die teilweise einfach und manchmal sehr technisch sind, etwa im Fall von Anti-Chip-Materialien. So liefern wir Platten an Unternehmen, die kundenspezifische Verpackungen nach deren technischen Anforderungen fertigen. Es handelt sich hierbei um Materialien zum Thermoformen ihrer Trays f\u00fcr den Transport oder die Lagerung von Teilen unter optimalen Bedingungen, die das Produkt sch\u00fctzen und dazu beitragen, Zeit und Platz zu sparen.<\/p>\n<\/div>\n<\/div><\/div><\/div><\/div><\/div><div id=\"pg-17085-9\"  class=\"panel-grid panel-has-style\" ><div id=\"Automotive\" class=\"panel-row-style panel-row-style-for-17085-9\" ><div id=\"pgc-17085-9-0\"  class=\"panel-grid-cell\" ><div id=\"panel-17085-9-0-0\" class=\"so-panel widget widget_sow-editor panel-first-child panel-last-child\" data-index=\"16\" ><div\n\t\t\t\n\t\t\tclass=\"so-widget-sow-editor so-widget-sow-editor-base\"\n\t\t\t\n\t\t><h3 class=\"widget-title\">Automobil<\/h3>\n<div class=\"siteorigin-widget-tinymce textwidget\">\n\t<p><img loading=\"lazy\" decoding=\"async\" class=\"alignleft wp-image-15366 size-full\" src=\"https:\/\/www.plasnor.com\/wp-content\/uploads\/2023\/04\/07-plasnor-automotion.jpg\" alt=\"Automobil\" width=\"424\" height=\"251\" srcset=\"https:\/\/www.plasnor.com\/wp-content\/uploads\/2023\/04\/07-plasnor-automotion.jpg 424w, https:\/\/www.plasnor.com\/wp-content\/uploads\/2023\/04\/07-plasnor-automotion-300x178.jpg 300w\" sizes=\"auto, (max-width: 424px) 100vw, 424px\" title=\"\"> Wir liefern ABS, PS \/ PE und ABS \/ PMMA-Platten mit verschiedenen Oberfl\u00e4chenfinishs f\u00fcr Innenteile (Gep\u00e4cktr\u00e4ger, Sitze, Armaturenbretter, Kotfl\u00fcgel, D\u00e4cher, Verkleidungen, Schutzvorrichtungen) und Au\u00dfenteile (D\u00e4cher, Motorhauben, Scheinwerfer, etc.) von Bussen, f\u00fchrerscheinfreien Fahrzeugen, Traktoren, Z\u00fcgen usw.<\/p>\n<\/div>\n<\/div><\/div><\/div><\/div><\/div><div id=\"pg-17085-10\"  class=\"panel-grid panel-has-style\" ><div id=\"Medical\" class=\"panel-row-style panel-row-style-for-17085-10\" ><div id=\"pgc-17085-10-0\"  class=\"panel-grid-cell\" ><div id=\"panel-17085-10-0-0\" class=\"so-panel widget widget_sow-editor panel-first-child panel-last-child\" data-index=\"17\" ><div\n\t\t\t\n\t\t\tclass=\"so-widget-sow-editor so-widget-sow-editor-base\"\n\t\t\t\n\t\t><h3 class=\"widget-title\">Medizinbranche<\/h3>\n<div class=\"siteorigin-widget-tinymce textwidget\">\n\t<p><img loading=\"lazy\" decoding=\"async\" class=\"alignleft wp-image-15372 size-full\" src=\"https:\/\/www.plasnor.com\/wp-content\/uploads\/2023\/04\/08-plasnor-hospital-furniture.jpg\" alt=\"Medizinbranche\" width=\"424\" height=\"251\" srcset=\"https:\/\/www.plasnor.com\/wp-content\/uploads\/2023\/04\/08-plasnor-hospital-furniture.jpg 424w, https:\/\/www.plasnor.com\/wp-content\/uploads\/2023\/04\/08-plasnor-hospital-furniture-300x178.jpg 300w\" sizes=\"auto, (max-width: 424px) 100vw, 424px\" title=\"\"> Wir liefern auch Platten in f\u00fcr die Anwendung in der Pharmaindustrie, dem Krankenhaus- und Medizinbranche geeigneten Materialien (PS, ABS, feuerbest\u00e4ndig).<br \/>\nDiese Branchen stellen hiermit Teile wie pharmazeutische Schalen, Bett- oder Wagenteile sowie verschiedene Komponenten f\u00fcr Krankenhausger\u00e4te her. Gelegentlich und zunehmend h\u00e4ufiger werden Platten angefragt, die bestimmte pharmazeutische Standards erf\u00fcllen m\u00fcssen sowie feuerfeste Materialien, um die Anforderungen der neuen Brandschutzregelungen zu beachten.<\/p>\n<\/div>\n<\/div><\/div><\/div><\/div><\/div><div id=\"pg-17085-11\"  class=\"panel-grid panel-has-style\" ><div id=\"Renewable-energies\" class=\"panel-row-style panel-row-style-for-17085-11\" ><div id=\"pgc-17085-11-0\"  class=\"panel-grid-cell\" ><div id=\"panel-17085-11-0-0\" class=\"so-panel widget widget_sow-editor panel-first-child panel-last-child\" data-index=\"18\" ><div\n\t\t\t\n\t\t\tclass=\"so-widget-sow-editor so-widget-sow-editor-base\"\n\t\t\t\n\t\t><h3 class=\"widget-title\">Erneuerbare Energien<\/h3>\n<div class=\"siteorigin-widget-tinymce textwidget\">\n\t<p><img loading=\"lazy\" decoding=\"async\" class=\"wp-image-15380 size-full alignleft\" src=\"https:\/\/www.plasnor.com\/wp-content\/uploads\/2023\/04\/09-plasnor-Eolico.jpg\" alt=\"Erneuerbare Energien\" width=\"424\" height=\"251\" srcset=\"https:\/\/www.plasnor.com\/wp-content\/uploads\/2023\/04\/09-plasnor-Eolico.jpg 424w, https:\/\/www.plasnor.com\/wp-content\/uploads\/2023\/04\/09-plasnor-Eolico-300x178.jpg 300w\" sizes=\"auto, (max-width: 424px) 100vw, 424px\" title=\"\"> Wir liefern Platten in verschiedenen Materialien wie ABS \/ ASA und \/ oder \u00c4hnlichem f\u00fcr Teile, die in Anlagen zur Erzeugung erneuerbarer Energien eingebaut werden, wie Windenergieanlagen, Solarbatterien usw.<\/p>\n<\/div>\n<\/div><\/div><\/div><\/div><\/div><\/div>","protected":false},"excerpt":{"rendered":"<p>Sektoren und Anwendungen EXTRUSION Wir verwandeln Platten und Spulen f\u00fcr Ersatz Kunden aus den unterschiedlichsten Branchen: Thermoformen Sanit\u00e4r &#8230; <a title=\"Sektoren und Anwendungen\" class=\"read-more\" href=\"https:\/\/www.plasnor.com\/de\/extrusion\/sektoren-und-anwendungen\/\" aria-label=\"Mehr Informationen \u00fcber Sektoren und Anwendungen\">[ + info ]<\/a><\/p>\n","protected":false},"author":1,"featured_media":0,"parent":17105,"menu_order":0,"comment_status":"closed","ping_status":"closed","template":"","meta":{"footnotes":""},"categories":[58],"tags":[],"class_list":{"0":"post-17085","1":"page","2":"type-page","3":"status-publish","5":"category-page-extrusion-de"},"_links":{"self":[{"href":"https:\/\/www.plasnor.com\/de\/wp-json\/wp\/v2\/pages\/17085","targetHints":{"allow":["GET"]}}],"collection":[{"href":"https:\/\/www.plasnor.com\/de\/wp-json\/wp\/v2\/pages"}],"about":[{"href":"https:\/\/www.plasnor.com\/de\/wp-json\/wp\/v2\/types\/page"}],"author":[{"embeddable":true,"href":"https:\/\/www.plasnor.com\/de\/wp-json\/wp\/v2\/users\/1"}],"replies":[{"embeddable":true,"href":"https:\/\/www.plasnor.com\/de\/wp-json\/wp\/v2\/comments?post=17085"}],"version-history":[{"count":0,"href":"https:\/\/www.plasnor.com\/de\/wp-json\/wp\/v2\/pages\/17085\/revisions"}],"up":[{"embeddable":true,"href":"https:\/\/www.plasnor.com\/de\/wp-json\/wp\/v2\/pages\/17105"}],"wp:attachment":[{"href":"https:\/\/www.plasnor.com\/de\/wp-json\/wp\/v2\/media?parent=17085"}],"wp:term":[{"taxonomy":"category","embeddable":true,"href":"https:\/\/www.plasnor.com\/de\/wp-json\/wp\/v2\/categories?post=17085"},{"taxonomy":"post_tag","embeddable":true,"href":"https:\/\/www.plasnor.com\/de\/wp-json\/wp\/v2\/tags?post=17085"}],"curies":[{"name":"wp","href":"https:\/\/api.w.org\/{rel}","templated":true}]}}