{"id":17087,"date":"2023-04-20T20:07:27","date_gmt":"2023-04-20T18:07:27","guid":{"rendered":"https:\/\/www.plasnor.com\/finishes\/"},"modified":"2023-05-03T15:38:11","modified_gmt":"2023-05-03T13:38:11","slug":"finishs","status":"publish","type":"page","link":"https:\/\/www.plasnor.com\/de\/extrusion\/finishs\/","title":{"rendered":"Finishs"},"content":{"rendered":"<div id=\"pl-17087\"  class=\"panel-layout\" ><div id=\"pg-17087-0\"  class=\"panel-grid panel-no-style\" ><div id=\"pgc-17087-0-0\"  class=\"panel-grid-cell\" ><div id=\"panel-17087-0-0-0\" class=\"so-panel widget widget_sow-headline panel-first-child panel-last-child\" data-index=\"0\" ><div\n\t\t\t\n\t\t\tclass=\"so-widget-sow-headline so-widget-sow-headline-default-57294de3285c-17087 so-widget-fittext-wrapper\"\n\t\t\t data-fit-text-compressor=\"0.85\"\n\t\t><div class=\"sow-headline-container \">\n\t\t\t\t\t\t\t<h2 class=\"sow-headline\">\n\t\t\t\t\t\tFarbspezialisten\t\t\t\t\t\t<\/h2>\n\t\t\t\t\t\t\t\t\t\t\t<div class=\"decoration\">\n\t\t\t\t\t\t<div class=\"decoration-inside\"><\/div>\n\t\t\t\t\t<\/div>\n\t\t\t\t\t\t\t\t\t\t\t<p class=\"sow-sub-headline\">\n\t\t\t\t\t\tWir k\u00f6nnen eine breite Palette an Finishs liefern, um den Anforderungen unserer Kunden zu entsprechen.\t\t\t\t\t\t<\/p>\n\t\t\t\t\t\t<\/div>\n<\/div><\/div><\/div><\/div><div id=\"pg-17087-1\"  class=\"panel-grid panel-has-style\" ><div class=\"tipos-acabados panel-row-style panel-row-style-for-17087-1\" ><div id=\"pgc-17087-1-0\"  class=\"panel-grid-cell\" ><div id=\"panel-17087-1-0-0\" class=\"so-panel widget widget_sow-image panel-first-child panel-last-child\" data-index=\"1\" ><div\n\t\t\t\n\t\t\tclass=\"so-widget-sow-image so-widget-sow-image-default-113ccd71f3e6-17087\"\n\t\t\t\n\t\t>\n<div class=\"sow-image-container\">\n\t\t\t<a href=\"#solid-colours\"\n\t\t\t\t\t>\n\t\t\t<img \n\tsrc=\"https:\/\/www.plasnor.com\/wp-content\/uploads\/2023\/04\/solidos-medios.jpg\" width=\"375\" height=\"250\" srcset=\"https:\/\/www.plasnor.com\/wp-content\/uploads\/2023\/04\/solidos-medios.jpg 375w, https:\/\/www.plasnor.com\/wp-content\/uploads\/2023\/04\/solidos-medios-300x200.jpg 300w\" sizes=\"(max-width: 375px) 100vw, 375px\" title=\"Volltonfarben \" alt=\"Volltonfarben \" \t\tclass=\"so-widget-image\"\/>\n\t\t\t<\/a><\/div>\n\n<h3 class=\"widget-title\">\t\t<a href=\"#solid-colours\"\n\t\t\t\t\t>\n\t\tVolltonfarben <\/a><\/h3><\/div><\/div><\/div><div id=\"pgc-17087-1-1\"  class=\"panel-grid-cell\" ><div id=\"panel-17087-1-1-0\" class=\"so-panel widget widget_sow-image panel-first-child panel-last-child\" data-index=\"2\" ><div\n\t\t\t\n\t\t\tclass=\"so-widget-sow-image so-widget-sow-image-default-113ccd71f3e6-17087\"\n\t\t\t\n\t\t>\n<div class=\"sow-image-container\">\n\t\t\t<a href=\"#decorative-designs\"\n\t\t\t\t\t>\n\t\t\t<img \n\tsrc=\"https:\/\/www.plasnor.com\/wp-content\/uploads\/2023\/04\/decorativa1.jpg\" width=\"375\" height=\"250\" srcset=\"https:\/\/www.plasnor.com\/wp-content\/uploads\/2023\/04\/decorativa1.jpg 375w, https:\/\/www.plasnor.com\/wp-content\/uploads\/2023\/04\/decorativa1-300x200.jpg 300w\" sizes=\"(max-width: 375px) 100vw, 375px\" title=\"Dekorative Designs\" alt=\"Dekorative Designs\" \t\tclass=\"so-widget-image\"\/>\n\t\t\t<\/a><\/div>\n\n<h3 class=\"widget-title\">\t\t<a href=\"#decorative-designs\"\n\t\t\t\t\t>\n\t\tDekorative Designs<\/a><\/h3><\/div><\/div><\/div><div id=\"pgc-17087-1-2\"  class=\"panel-grid-cell\" ><div id=\"panel-17087-1-2-0\" class=\"so-panel widget widget_sow-image panel-first-child panel-last-child\" data-index=\"3\" ><div\n\t\t\t\n\t\t\tclass=\"so-widget-sow-image so-widget-sow-image-default-113ccd71f3e6-17087\"\n\t\t\t\n\t\t>\n<div class=\"sow-image-container\">\n\t\t\t<a href=\"#metallic-colours\"\n\t\t\t\t\t>\n\t\t\t<img \n\tsrc=\"https:\/\/www.plasnor.com\/wp-content\/uploads\/2023\/04\/metalico.jpg\" width=\"375\" height=\"250\" srcset=\"https:\/\/www.plasnor.com\/wp-content\/uploads\/2023\/04\/metalico.jpg 375w, https:\/\/www.plasnor.com\/wp-content\/uploads\/2023\/04\/metalico-300x200.jpg 300w\" sizes=\"(max-width: 375px) 100vw, 375px\" title=\"Metallicfarben\" alt=\"Metallicfarben\" \t\tclass=\"so-widget-image\"\/>\n\t\t\t<\/a><\/div>\n\n<h3 class=\"widget-title\">\t\t<a href=\"#metallic-colours\"\n\t\t\t\t\t>\n\t\tMetallicfarben<\/a><\/h3><\/div><\/div><\/div><div id=\"pgc-17087-1-3\"  class=\"panel-grid-cell\" ><div id=\"panel-17087-1-3-0\" class=\"so-panel widget widget_sow-image panel-first-child panel-last-child\" data-index=\"4\" ><div\n\t\t\t\n\t\t\tclass=\"so-widget-sow-image so-widget-sow-image-default-113ccd71f3e6-17087\"\n\t\t\t\n\t\t>\n<div class=\"sow-image-container\">\n\t\t\t<a href=\"#embossed\"\n\t\t\t\t\t>\n\t\t\t<img \n\tsrc=\"https:\/\/www.plasnor.com\/wp-content\/uploads\/2023\/04\/grabado.jpg\" width=\"375\" height=\"250\" srcset=\"https:\/\/www.plasnor.com\/wp-content\/uploads\/2023\/04\/grabado.jpg 375w, https:\/\/www.plasnor.com\/wp-content\/uploads\/2023\/04\/grabado-300x200.jpg 300w\" sizes=\"(max-width: 375px) 100vw, 375px\" title=\"Pr\u00e4gungen\" alt=\"Pr\u00e4gungen\" \t\tclass=\"so-widget-image\"\/>\n\t\t\t<\/a><\/div>\n\n<h3 class=\"widget-title\">\t\t<a href=\"#embossed\"\n\t\t\t\t\t>\n\t\tPr\u00e4gungen<\/a><\/h3><\/div><\/div><\/div><\/div><\/div><div id=\"pg-17087-2\"  class=\"panel-grid panel-has-style\" ><div id=\"solid-colours\" class=\"panel-row-style panel-row-style-for-17087-2\" ><div id=\"pgc-17087-2-0\"  class=\"panel-grid-cell\" ><div id=\"panel-17087-2-0-0\" class=\"so-panel widget widget_sow-editor panel-first-child panel-last-child\" data-index=\"5\" ><div\n\t\t\t\n\t\t\tclass=\"so-widget-sow-editor so-widget-sow-editor-base\"\n\t\t\t\n\t\t><h3 class=\"widget-title\">Volltonfarben<\/h3>\n<div class=\"siteorigin-widget-tinymce textwidget\">\n\t<p>Wir haben die breiteste Farbpalette auf dem Markt.<\/p>\n<p><img loading=\"lazy\" decoding=\"async\" class=\"alignnone wp-image-15195 size-full\" src=\"https:\/\/www.plasnor.com\/wp-content\/uploads\/2023\/04\/colores.jpg\" alt=\"Solid colours\" width=\"868\" height=\"208\" srcset=\"https:\/\/www.plasnor.com\/wp-content\/uploads\/2023\/04\/colores.jpg 868w, https:\/\/www.plasnor.com\/wp-content\/uploads\/2023\/04\/colores-300x72.jpg 300w, https:\/\/www.plasnor.com\/wp-content\/uploads\/2023\/04\/colores-768x184.jpg 768w\" sizes=\"auto, (max-width: 868px) 100vw, 868px\" title=\"\"><\/p>\n<p>Wir k\u00f6nnen jede Farbe entwickeln, die unsere Kunden w\u00fcnschen. Ausgehend von einer internationalen Referenz wie Pantone, RAL oder einem Kundenmuster passen wir die geforderte Farbe schnell und genau an. Dies ist m\u00f6glich dank unseres Expertenteams und eines eigenen Labors. Zudem stellen wir auch Masterbatches in unseren Einrichtungen her. Wir sind zweifellos Farbexperten.<\/p>\n<p><strong>Au\u00dferdem k\u00f6nnen wir unsere Platten und Rollen mit verschiedenen Oberfl\u00e4chenfinishs ausstatten: gl\u00e4nzend, matt, seidenmatt. <\/strong><\/p>\n<\/div>\n<\/div><\/div><\/div><\/div><\/div><div id=\"pg-17087-3\"  class=\"panel-grid panel-has-style\" ><div id=\"decorative-designs\" class=\"panel-row-style panel-row-style-for-17087-3\" ><div id=\"pgc-17087-3-0\"  class=\"panel-grid-cell\" ><div id=\"panel-17087-3-0-0\" class=\"so-panel widget widget_sow-editor panel-first-child panel-last-child\" data-index=\"6\" ><div class=\"galeria-colores panel-widget-style panel-widget-style-for-17087-3-0-0\" ><div\n\t\t\t\n\t\t\tclass=\"so-widget-sow-editor so-widget-sow-editor-base\"\n\t\t\t\n\t\t><h3 class=\"widget-title\">Dekorative Designs<\/h3>\n<div class=\"siteorigin-widget-tinymce textwidget\">\n\t<p>PLASNOR ist Marktf\u00fchrer im Bereich Imitationen in Hochglanz-Acryl. In den letzten Jahren haben wir die exklusivste und innovativste Palette an Finishs wie Holz, Textil, Keramik und Geometrien entwickelt sowie eher technische Ausf\u00fchrungen wie geb\u00fcrstetes Aluminium.<\/p>\n<div id='gallery-1' class='gallery galleryid-17087 gallery-columns-6 gallery-size-full'><figure class='gallery-item'>\n\t\t\t<div class='gallery-icon landscape'>\n\t\t\t\t<img loading=\"lazy\" decoding=\"async\" width=\"200\" height=\"200\" src=\"https:\/\/www.plasnor.com\/wp-content\/uploads\/2023\/04\/brushed-alu-pl58215balu1.jpg\" class=\"attachment-full size-full\" alt=\"Dise\u00f1o brushed aluminium\" aria-describedby=\"gallery-1-15230\" srcset=\"https:\/\/www.plasnor.com\/wp-content\/uploads\/2023\/04\/brushed-alu-pl58215balu1.jpg 200w, https:\/\/www.plasnor.com\/wp-content\/uploads\/2023\/04\/brushed-alu-pl58215balu1-150x150.jpg 150w\" sizes=\"auto, (max-width: 200px) 100vw, 200px\" title=\"\">\n\t\t\t<\/div>\n\t\t\t\t<figcaption class='wp-caption-text gallery-caption' id='gallery-1-15230'>\n\t\t\t\tBRUSHED ALUMINIUM\n\t\t\t\t<\/figcaption><\/figure><figure class='gallery-item'>\n\t\t\t<div class='gallery-icon landscape'>\n\t\t\t\t<img loading=\"lazy\" decoding=\"async\" width=\"200\" height=\"200\" src=\"https:\/\/www.plasnor.com\/wp-content\/uploads\/2023\/04\/brushed-anthracite1.jpg\" class=\"attachment-full size-full\" alt=\"Dise\u00f1o brushed anthracite\" aria-describedby=\"gallery-1-15234\" srcset=\"https:\/\/www.plasnor.com\/wp-content\/uploads\/2023\/04\/brushed-anthracite1.jpg 200w, https:\/\/www.plasnor.com\/wp-content\/uploads\/2023\/04\/brushed-anthracite1-150x150.jpg 150w\" sizes=\"auto, (max-width: 200px) 100vw, 200px\" title=\"\">\n\t\t\t<\/div>\n\t\t\t\t<figcaption class='wp-caption-text gallery-caption' id='gallery-1-15234'>\n\t\t\t\tBRUSHED ANTHRACITE\n\t\t\t\t<\/figcaption><\/figure><figure class='gallery-item'>\n\t\t\t<div class='gallery-icon landscape'>\n\t\t\t\t<img loading=\"lazy\" decoding=\"async\" width=\"200\" height=\"200\" src=\"https:\/\/www.plasnor.com\/wp-content\/uploads\/2023\/04\/textile1.jpg\" class=\"attachment-full size-full\" alt=\"Dise\u00f1o textile metal\" aria-describedby=\"gallery-1-15258\" srcset=\"https:\/\/www.plasnor.com\/wp-content\/uploads\/2023\/04\/textile1.jpg 200w, https:\/\/www.plasnor.com\/wp-content\/uploads\/2023\/04\/textile1-150x150.jpg 150w\" sizes=\"auto, (max-width: 200px) 100vw, 200px\" title=\"\">\n\t\t\t<\/div>\n\t\t\t\t<figcaption class='wp-caption-text gallery-caption' id='gallery-1-15258'>\n\t\t\t\tTEXTILE METAL\n\t\t\t\t<\/figcaption><\/figure><figure class='gallery-item'>\n\t\t\t<div class='gallery-icon landscape'>\n\t\t\t\t<img loading=\"lazy\" decoding=\"async\" width=\"200\" height=\"200\" src=\"https:\/\/www.plasnor.com\/wp-content\/uploads\/2023\/04\/light-zebrano-pl55322lzeb2.jpg\" class=\"attachment-full size-full\" alt=\"Dise\u00f1o light zebrano\" aria-describedby=\"gallery-1-15254\" srcset=\"https:\/\/www.plasnor.com\/wp-content\/uploads\/2023\/04\/light-zebrano-pl55322lzeb2.jpg 200w, https:\/\/www.plasnor.com\/wp-content\/uploads\/2023\/04\/light-zebrano-pl55322lzeb2-150x150.jpg 150w\" sizes=\"auto, (max-width: 200px) 100vw, 200px\" title=\"\">\n\t\t\t<\/div>\n\t\t\t\t<figcaption class='wp-caption-text gallery-caption' id='gallery-1-15254'>\n\t\t\t\tLIGHT ZEBRANO\n\t\t\t\t<\/figcaption><\/figure><figure class='gallery-item'>\n\t\t\t<div class='gallery-icon landscape'>\n\t\t\t\t<img loading=\"lazy\" decoding=\"async\" width=\"200\" height=\"200\" src=\"https:\/\/www.plasnor.com\/wp-content\/uploads\/2023\/04\/eb-dark-zebrano-pl57219dze1.jpg\" class=\"attachment-full size-full\" alt=\"Dise\u00f1o dark zebrano\" aria-describedby=\"gallery-1-15242\" srcset=\"https:\/\/www.plasnor.com\/wp-content\/uploads\/2023\/04\/eb-dark-zebrano-pl57219dze1.jpg 200w, https:\/\/www.plasnor.com\/wp-content\/uploads\/2023\/04\/eb-dark-zebrano-pl57219dze1-150x150.jpg 150w\" sizes=\"auto, (max-width: 200px) 100vw, 200px\" title=\"\">\n\t\t\t<\/div>\n\t\t\t\t<figcaption class='wp-caption-text gallery-caption' id='gallery-1-15242'>\n\t\t\t\tDARK ZEBRANO\n\t\t\t\t<\/figcaption><\/figure><figure class='gallery-item'>\n\t\t\t<div class='gallery-icon landscape'>\n\t\t\t\t<img loading=\"lazy\" decoding=\"async\" width=\"200\" height=\"200\" src=\"https:\/\/www.plasnor.com\/wp-content\/uploads\/2023\/04\/light-oak-pl55309lo1.jpg\" class=\"attachment-full size-full\" alt=\"Dise\u00f1o light oak\" aria-describedby=\"gallery-1-15250\" srcset=\"https:\/\/www.plasnor.com\/wp-content\/uploads\/2023\/04\/light-oak-pl55309lo1.jpg 200w, https:\/\/www.plasnor.com\/wp-content\/uploads\/2023\/04\/light-oak-pl55309lo1-150x150.jpg 150w\" sizes=\"auto, (max-width: 200px) 100vw, 200px\" title=\"\">\n\t\t\t<\/div>\n\t\t\t\t<figcaption class='wp-caption-text gallery-caption' id='gallery-1-15250'>\n\t\t\t\tLIGHT OAK\n\t\t\t\t<\/figcaption><\/figure><figure class='gallery-item'>\n\t\t\t<div class='gallery-icon landscape'>\n\t\t\t\t<img loading=\"lazy\" decoding=\"async\" width=\"200\" height=\"200\" src=\"https:\/\/www.plasnor.com\/wp-content\/uploads\/2023\/04\/light-ceramic-pl50251lc1.jpg\" class=\"attachment-full size-full\" alt=\"Dise\u00f1o light ceramic\" aria-describedby=\"gallery-1-15246\" srcset=\"https:\/\/www.plasnor.com\/wp-content\/uploads\/2023\/04\/light-ceramic-pl50251lc1.jpg 200w, https:\/\/www.plasnor.com\/wp-content\/uploads\/2023\/04\/light-ceramic-pl50251lc1-150x150.jpg 150w\" sizes=\"auto, (max-width: 200px) 100vw, 200px\" title=\"\">\n\t\t\t<\/div>\n\t\t\t\t<figcaption class='wp-caption-text gallery-caption' id='gallery-1-15246'>\n\t\t\t\tLIGHT CERAMIC\n\t\t\t\t<\/figcaption><\/figure><figure class='gallery-item'>\n\t\t\t<div class='gallery-icon landscape'>\n\t\t\t\t<img loading=\"lazy\" decoding=\"async\" width=\"200\" height=\"200\" src=\"https:\/\/www.plasnor.com\/wp-content\/uploads\/2023\/04\/dark-ceramic-pl55322d1.jpg\" class=\"attachment-full size-full\" alt=\"Dise\u00f1o dark ceramic\" aria-describedby=\"gallery-1-15238\" srcset=\"https:\/\/www.plasnor.com\/wp-content\/uploads\/2023\/04\/dark-ceramic-pl55322d1.jpg 200w, https:\/\/www.plasnor.com\/wp-content\/uploads\/2023\/04\/dark-ceramic-pl55322d1-150x150.jpg 150w\" sizes=\"auto, (max-width: 200px) 100vw, 200px\" title=\"\">\n\t\t\t<\/div>\n\t\t\t\t<figcaption class='wp-caption-text gallery-caption' id='gallery-1-15238'>\n\t\t\t\tDARK CERAMIC\n\t\t\t\t<\/figcaption><\/figure><figure class='gallery-item'>\n\t\t\t<div class='gallery-icon landscape'>\n\t\t\t\t<img loading=\"lazy\" decoding=\"async\" width=\"200\" height=\"200\" src=\"https:\/\/www.plasnor.com\/wp-content\/uploads\/2023\/04\/bamboo-pl55309BU.jpg\" class=\"attachment-full size-full\" alt=\"\" aria-describedby=\"gallery-1-15214\" srcset=\"https:\/\/www.plasnor.com\/wp-content\/uploads\/2023\/04\/bamboo-pl55309BU.jpg 200w, https:\/\/www.plasnor.com\/wp-content\/uploads\/2023\/04\/bamboo-pl55309BU-150x150.jpg 150w\" sizes=\"auto, (max-width: 200px) 100vw, 200px\" title=\"\">\n\t\t\t<\/div>\n\t\t\t\t<figcaption class='wp-caption-text gallery-caption' id='gallery-1-15214'>\n\t\t\t\tBAMBU\n\t\t\t\t<\/figcaption><\/figure><figure class='gallery-item'>\n\t\t\t<div class='gallery-icon landscape'>\n\t\t\t\t<img loading=\"lazy\" decoding=\"async\" width=\"200\" height=\"200\" src=\"https:\/\/www.plasnor.com\/wp-content\/uploads\/2023\/04\/black-wood-pl56203bw1.jpg\" class=\"attachment-full size-full\" alt=\"Dise\u00f1o black\" aria-describedby=\"gallery-1-15226\" srcset=\"https:\/\/www.plasnor.com\/wp-content\/uploads\/2023\/04\/black-wood-pl56203bw1.jpg 200w, https:\/\/www.plasnor.com\/wp-content\/uploads\/2023\/04\/black-wood-pl56203bw1-150x150.jpg 150w\" sizes=\"auto, (max-width: 200px) 100vw, 200px\" title=\"\">\n\t\t\t<\/div>\n\t\t\t\t<figcaption class='wp-caption-text gallery-caption' id='gallery-1-15226'>\n\t\t\t\tBLACK WOOD\n\t\t\t\t<\/figcaption><\/figure><figure class='gallery-item'>\n\t\t\t<div class='gallery-icon landscape'>\n\t\t\t\t<img loading=\"lazy\" decoding=\"async\" width=\"200\" height=\"200\" src=\"https:\/\/www.plasnor.com\/wp-content\/uploads\/2023\/04\/textile-beige-pl553091.jpg\" class=\"attachment-full size-full\" alt=\"Dise\u00f1o textile beige\" aria-describedby=\"gallery-1-15262\" srcset=\"https:\/\/www.plasnor.com\/wp-content\/uploads\/2023\/04\/textile-beige-pl553091.jpg 200w, https:\/\/www.plasnor.com\/wp-content\/uploads\/2023\/04\/textile-beige-pl553091-150x150.jpg 150w\" sizes=\"auto, (max-width: 200px) 100vw, 200px\" title=\"\">\n\t\t\t<\/div>\n\t\t\t\t<figcaption class='wp-caption-text gallery-caption' id='gallery-1-15262'>\n\t\t\t\tTEXTILE BEIGE\n\t\t\t\t<\/figcaption><\/figure><figure class='gallery-item'>\n\t\t\t<div class='gallery-icon landscape'>\n\t\t\t\t<img loading=\"lazy\" decoding=\"async\" width=\"200\" height=\"200\" src=\"https:\/\/www.plasnor.com\/wp-content\/uploads\/2023\/04\/textile-copper-pl572191.jpg\" class=\"attachment-full size-full\" alt=\"Dise\u00f1o textile cooper\" aria-describedby=\"gallery-1-15266\" srcset=\"https:\/\/www.plasnor.com\/wp-content\/uploads\/2023\/04\/textile-copper-pl572191.jpg 200w, https:\/\/www.plasnor.com\/wp-content\/uploads\/2023\/04\/textile-copper-pl572191-150x150.jpg 150w\" sizes=\"auto, (max-width: 200px) 100vw, 200px\" title=\"\">\n\t\t\t<\/div>\n\t\t\t\t<figcaption class='wp-caption-text gallery-caption' id='gallery-1-15266'>\n\t\t\t\tTEXTILE COOPER\n\t\t\t\t<\/figcaption><\/figure><figure class='gallery-item'>\n\t\t\t<div class='gallery-icon landscape'>\n\t\t\t\t<img loading=\"lazy\" decoding=\"async\" width=\"200\" height=\"200\" src=\"https:\/\/www.plasnor.com\/wp-content\/uploads\/2023\/04\/ash-white.jpg\" class=\"attachment-full size-full\" alt=\"Dise\u00f1o ash white\" aria-describedby=\"gallery-1-15210\" srcset=\"https:\/\/www.plasnor.com\/wp-content\/uploads\/2023\/04\/ash-white.jpg 200w, https:\/\/www.plasnor.com\/wp-content\/uploads\/2023\/04\/ash-white-150x150.jpg 150w\" sizes=\"auto, (max-width: 200px) 100vw, 200px\" title=\"\">\n\t\t\t<\/div>\n\t\t\t\t<figcaption class='wp-caption-text gallery-caption' id='gallery-1-15210'>\n\t\t\t\tASH WHITE\n\t\t\t\t<\/figcaption><\/figure><figure class='gallery-item'>\n\t\t\t<div class='gallery-icon landscape'>\n\t\t\t\t<img loading=\"lazy\" decoding=\"async\" width=\"200\" height=\"200\" src=\"https:\/\/www.plasnor.com\/wp-content\/uploads\/2023\/04\/ash-brown.jpg\" class=\"attachment-full size-full\" alt=\"Dise\u00f1o ash brown\" aria-describedby=\"gallery-1-15206\" srcset=\"https:\/\/www.plasnor.com\/wp-content\/uploads\/2023\/04\/ash-brown.jpg 200w, https:\/\/www.plasnor.com\/wp-content\/uploads\/2023\/04\/ash-brown-150x150.jpg 150w\" sizes=\"auto, (max-width: 200px) 100vw, 200px\" title=\"\">\n\t\t\t<\/div>\n\t\t\t\t<figcaption class='wp-caption-text gallery-caption' id='gallery-1-15206'>\n\t\t\t\tASH BROWN\n\t\t\t\t<\/figcaption><\/figure><figure class='gallery-item'>\n\t\t\t<div class='gallery-icon landscape'>\n\t\t\t\t<img loading=\"lazy\" decoding=\"async\" width=\"200\" height=\"200\" src=\"https:\/\/www.plasnor.com\/wp-content\/uploads\/2023\/04\/ash-black.jpg\" class=\"attachment-full size-full\" alt=\"Dise\u00f1o ash black\" aria-describedby=\"gallery-1-15202\" srcset=\"https:\/\/www.plasnor.com\/wp-content\/uploads\/2023\/04\/ash-black.jpg 200w, https:\/\/www.plasnor.com\/wp-content\/uploads\/2023\/04\/ash-black-150x150.jpg 150w\" sizes=\"auto, (max-width: 200px) 100vw, 200px\" title=\"\">\n\t\t\t<\/div>\n\t\t\t\t<figcaption class='wp-caption-text gallery-caption' id='gallery-1-15202'>\n\t\t\t\tASH BLACK\n\t\t\t\t<\/figcaption><\/figure><figure class='gallery-item'>\n\t\t\t<div class='gallery-icon landscape'>\n\t\t\t\t<img loading=\"lazy\" decoding=\"async\" width=\"200\" height=\"200\" src=\"https:\/\/www.plasnor.com\/wp-content\/uploads\/2023\/04\/black-stripes-pl53203nl1.jpg\" class=\"attachment-full size-full\" alt=\"Dise\u00f1o\" aria-describedby=\"gallery-1-15222\" srcset=\"https:\/\/www.plasnor.com\/wp-content\/uploads\/2023\/04\/black-stripes-pl53203nl1.jpg 200w, https:\/\/www.plasnor.com\/wp-content\/uploads\/2023\/04\/black-stripes-pl53203nl1-150x150.jpg 150w\" sizes=\"auto, (max-width: 200px) 100vw, 200px\" title=\"\">\n\t\t\t<\/div>\n\t\t\t\t<figcaption class='wp-caption-text gallery-caption' id='gallery-1-15222'>\n\t\t\t\tBLACK STRIPES\n\t\t\t\t<\/figcaption><\/figure><figure class='gallery-item'>\n\t\t\t<div class='gallery-icon landscape'>\n\t\t\t\t<img loading=\"lazy\" decoding=\"async\" width=\"200\" height=\"200\" src=\"https:\/\/www.plasnor.com\/wp-content\/uploads\/2023\/04\/acrylic-narrow-lines.jpg\" class=\"attachment-full size-full\" alt=\"Dise\u00f1o acrylic narrow lines\" aria-describedby=\"gallery-1-15270\" srcset=\"https:\/\/www.plasnor.com\/wp-content\/uploads\/2023\/04\/acrylic-narrow-lines.jpg 200w, https:\/\/www.plasnor.com\/wp-content\/uploads\/2023\/04\/acrylic-narrow-lines-150x150.jpg 150w\" sizes=\"auto, (max-width: 200px) 100vw, 200px\" title=\"\">\n\t\t\t<\/div>\n\t\t\t\t<figcaption class='wp-caption-text gallery-caption' id='gallery-1-15270'>\n\t\t\t\tACRYLIC NARROW LINES\n\t\t\t\t<\/figcaption><\/figure><figure class='gallery-item'>\n\t\t\t<div class='gallery-icon landscape'>\n\t\t\t\t<img loading=\"lazy\" decoding=\"async\" width=\"200\" height=\"200\" src=\"https:\/\/www.plasnor.com\/wp-content\/uploads\/2023\/04\/acrylic-narrow-lines-claro.jpg\" class=\"attachment-full size-full\" alt=\"Dise\u00f1o acrylic narrow\" aria-describedby=\"gallery-1-15274\" srcset=\"https:\/\/www.plasnor.com\/wp-content\/uploads\/2023\/04\/acrylic-narrow-lines-claro.jpg 200w, https:\/\/www.plasnor.com\/wp-content\/uploads\/2023\/04\/acrylic-narrow-lines-claro-150x150.jpg 150w\" sizes=\"auto, (max-width: 200px) 100vw, 200px\" title=\"\">\n\t\t\t<\/div>\n\t\t\t\t<figcaption class='wp-caption-text gallery-caption' id='gallery-1-15274'>\n\t\t\t\tACRYLIC NARROW LINES CLARO\n\t\t\t\t<\/figcaption><\/figure>\n\t\t<\/div>\n\n<\/div>\n<\/div><\/div><\/div><\/div><\/div><\/div><div id=\"pg-17087-4\"  class=\"panel-grid panel-has-style\" ><div id=\"metallic-colours\" class=\"panel-row-style panel-row-style-for-17087-4\" ><div id=\"pgc-17087-4-0\"  class=\"panel-grid-cell\" ><div id=\"panel-17087-4-0-0\" class=\"so-panel widget widget_sow-editor panel-first-child panel-last-child\" data-index=\"7\" ><div\n\t\t\t\n\t\t\tclass=\"so-widget-sow-editor so-widget-sow-editor-base\"\n\t\t\t\n\t\t><h3 class=\"widget-title\">Metallicfarben<\/h3>\n<div class=\"siteorigin-widget-tinymce textwidget\">\n\t<p>Unsere gesamte Farbpalette kann auch in Metallic geliefert werden, sowohl gl\u00e4nzend als auch matt. Dies verleiht unseren Platten ein von unseren Kunden sehr gesch\u00e4tztes \u00e4sthetisches Plus<\/p>\n<\/div>\n<\/div><\/div><\/div><\/div><\/div><div id=\"pg-17087-5\"  class=\"panel-grid panel-has-style\" ><div id=\"embossed\" class=\"panel-row-style panel-row-style-for-17087-5\" ><div id=\"pgc-17087-5-0\"  class=\"panel-grid-cell\" ><div id=\"panel-17087-5-0-0\" class=\"so-panel widget widget_sow-editor panel-first-child panel-last-child\" data-index=\"8\" ><div\n\t\t\t\n\t\t\tclass=\"so-widget-sow-editor so-widget-sow-editor-base\"\n\t\t\t\n\t\t><h3 class=\"widget-title\">Pr\u00e4gungen<\/h3>\n<div class=\"siteorigin-widget-tinymce textwidget\">\n\t<p>Wir k\u00f6nnen unsere unterschiedlichen Materialien auch in verschiedenen gepr\u00e4gten Ausf\u00fchrungen liefern, deren Verwendung in der Industrie weit verbreitet ist<\/p>\n<\/div>\n<\/div><\/div><\/div><\/div><\/div><\/div>","protected":false},"excerpt":{"rendered":"<p>Farbspezialisten Wir k\u00f6nnen eine breite Palette an Finishs liefern, um den Anforderungen unserer Kunden zu entsprechen. Volltonfarben Dekorative &#8230; <a title=\"Finishs\" class=\"read-more\" href=\"https:\/\/www.plasnor.com\/de\/extrusion\/finishs\/\" aria-label=\"Mehr Informationen \u00fcber Finishs\">[ + info ]<\/a><\/p>\n","protected":false},"author":1,"featured_media":0,"parent":17105,"menu_order":0,"comment_status":"closed","ping_status":"closed","template":"","meta":{"footnotes":""},"categories":[58],"tags":[],"class_list":{"0":"post-17087","1":"page","2":"type-page","3":"status-publish","5":"category-page-extrusion-de"},"_links":{"self":[{"href":"https:\/\/www.plasnor.com\/de\/wp-json\/wp\/v2\/pages\/17087","targetHints":{"allow":["GET"]}}],"collection":[{"href":"https:\/\/www.plasnor.com\/de\/wp-json\/wp\/v2\/pages"}],"about":[{"href":"https:\/\/www.plasnor.com\/de\/wp-json\/wp\/v2\/types\/page"}],"author":[{"embeddable":true,"href":"https:\/\/www.plasnor.com\/de\/wp-json\/wp\/v2\/users\/1"}],"replies":[{"embeddable":true,"href":"https:\/\/www.plasnor.com\/de\/wp-json\/wp\/v2\/comments?post=17087"}],"version-history":[{"count":0,"href":"https:\/\/www.plasnor.com\/de\/wp-json\/wp\/v2\/pages\/17087\/revisions"}],"up":[{"embeddable":true,"href":"https:\/\/www.plasnor.com\/de\/wp-json\/wp\/v2\/pages\/17105"}],"wp:attachment":[{"href":"https:\/\/www.plasnor.com\/de\/wp-json\/wp\/v2\/media?parent=17087"}],"wp:term":[{"taxonomy":"category","embeddable":true,"href":"https:\/\/www.plasnor.com\/de\/wp-json\/wp\/v2\/categories?post=17087"},{"taxonomy":"post_tag","embeddable":true,"href":"https:\/\/www.plasnor.com\/de\/wp-json\/wp\/v2\/tags?post=17087"}],"curies":[{"name":"wp","href":"https:\/\/api.w.org\/{rel}","templated":true}]}}