{"id":17089,"date":"2023-04-20T20:06:15","date_gmt":"2023-04-20T18:06:15","guid":{"rendered":"https:\/\/www.plasnor.com\/materials-2\/"},"modified":"2024-04-10T09:12:42","modified_gmt":"2024-04-10T07:12:42","slug":"materialien","status":"publish","type":"page","link":"https:\/\/www.plasnor.com\/de\/extrusion\/materialien\/","title":{"rendered":"Materialien &#8211; EXTRUSION"},"content":{"rendered":"<div style=\"overflow-x:auto;\">\n<table>\n<tbody>\n<tr>\n<th>Material<\/th>\n<th>Schrumpfung<\/th>\n<th>Zugfestigkeit Mpa*<\/th>\n<th>IZOD- Schlagz\u00e4higkeit Kj\/m\u00b2**<\/th>\n<th>Eigenschaften<\/th>\n<th>Anwendungen<\/th>\n<\/tr>\n<tr>\n<td class=\"bold\">PS mit hoher Schlagz\u00e4higkeit<\/td>\n<td>0,2-0,5<\/td>\n<td>16-24<\/td>\n<td>10<\/td>\n<td>Einfache Verarbeitung, gute Steifigkeit, g\u00fcnstiger Preis<\/td>\n<td>Werbetafeln und Displays, einfache Trays<\/td>\n<\/tr>\n<tr>\n<td class=\"bold\">PS Antifrost<\/td>\n<td>0,2-0,5<\/td>\n<td>23,5<\/td>\n<td>10<\/td>\n<td>Einfache Verarbeitung mit verbesserter chemischer Best\u00e4ndigkeit gegen \u00d6le, Fette und PU-Injektion<\/td>\n<td>Innenteile f\u00fcr K\u00fchlschr\u00e4nke und Schalen f\u00fcr fetthaltige Lebensmittel.<\/td>\n<\/tr>\n<tr>\n<td class=\"bold\">PS\/PE<\/td>\n<td>0,7-1,2<\/td>\n<td>19-20<\/td>\n<td>33<\/td>\n<td>Einfache Verarbeitung mit hoher Schlagfestigkeit und sehr guter Best\u00e4ndigkeit gegen \u00d6le, fetthaltige Lebensmittel und Chemikalien<\/td>\n<td>Steuerpulte f\u00fcr Traktoren, K\u00fchlschrankauskleidungen, Beh\u00e4lter und Deckel f\u00fcr Margarinen, Salate, usw.<\/td>\n<\/tr>\n<tr>\n<td class=\"bold\">PS selbstl\u00f6schend<\/td>\n<td>0,2-0,5<\/td>\n<td>22-23<\/td>\n<td>6<\/td>\n<td>Hoher Brandwiderstand UL 94 V0 ab 1,5 mm<\/td>\n<td>Geh\u00e4use f\u00fcr Pr\u00e4gemaschinen und Fotokopierer, B\u00fcromaschinen, Computerbildschirme, usw.<\/td>\n<\/tr>\n<tr>\n<td class=\"bold\">ABS<\/td>\n<td>0,4-0,9<\/td>\n<td>40-45<\/td>\n<td>25<\/td>\n<td>Sehr einfache Verarbeitung, Schlagfestigkeit und W\u00e4rmestabilit\u00e4t<\/td>\n<td>Geh\u00e4use, Wannen, Transporttrays f\u00fcr Teile<\/td>\n<\/tr>\n<tr>\n<td class=\"bold\">ABS\/PMMA<\/td>\n<td>0,4-0,8<\/td>\n<td>35-40<\/td>\n<td>20<\/td>\n<td>Einfache Verarbeitung, gute UV-Best\u00e4ndigkeit. Sch\u00f6nes Oberfl\u00e4chenerscheinungsbild.<\/td>\n<td>Geh\u00e4use f\u00fcr Au\u00dfenteile von f\u00fchrerscheinfreien Fahrzeuge, Verkaufsautomaten, M\u00f6belt\u00fcren<\/td>\n<\/tr>\n<tr>\n<td class=\"bold\">ASA<\/td>\n<td>0,4-0,7<\/td>\n<td>48-52<\/td>\n<td>30<\/td>\n<td>Ausgezeichnete UV-Best\u00e4ndigkeit und sehr hohe Schlagfestigkeit auch bei K\u00e4lte, gute Kratzfestigkeit<\/td>\n<td>Au\u00dfenteile mit hohen Anforderungen an UV- Best\u00e4ndigkeit und Schlagfestigkeit<\/td>\n<\/tr>\n<tr>\n<td class=\"bold\">ABS\/PC<\/td>\n<td>0,4-0,8<\/td>\n<td>55-65<\/td>\n<td>50<\/td>\n<td>Au\u00dferordentliche Schlagfestigkeit sogar bei -30, hohe Formbest\u00e4ndigkeit bei Hitze.<\/td>\n<td>Motorhauben, Kotfl\u00fcgel, Sto\u00dfstangen, Seitenw\u00e4nde und \/ oder Beschichtungen von Fahrzeugen oder Baumaschinen<\/td>\n<\/tr>\n<tr>\n<td class=\"bold\">ABS autoextinguible<\/td>\n<td>0,4-0,9<\/td>\n<td>40-46<\/td>\n<td>12<\/td>\n<td>\u00c4hnlich wie ABS mit hoher Feuerfestigkeit.<\/td>\n<td>Teile mit hohen Anforderungen an Schlag- und Feuerfestigkeit<\/td>\n<\/tr>\n<tr>\n<td class=\"bold\">ABS\/PC autoextinguible<\/td>\n<td>0,4-0,8<\/td>\n<td>53-69<\/td>\n<td>40<\/td>\n<td>Ausgezeichnetes Brandverhalten, hohe Schlagfestigkeit, elektrische Sicherheit, Best\u00e4ndigkeit gegen Chemikalien, Hydrolyse und W\u00e4rme<\/td>\n<td>Sitze, Wandverkleidungen und Innenr\u00e4ume von Autobussen, Z\u00fcgen und U-Bahnen. Ersatzteile f\u00fcr die Elektroindustrie.<\/td>\n<\/tr>\n<\/tbody>\n<\/table>\n<\/div>\n<p>* ISO 527 D-638 5mm\/min<\/p>\n<p>** ISO 180\/1A a +23\u00baC y 4mm<\/p>\n","protected":false},"excerpt":{"rendered":"<p>Material Schrumpfung Zugfestigkeit Mpa* IZOD- Schlagz\u00e4higkeit Kj\/m\u00b2** Eigenschaften Anwendungen PS mit hoher Schlagz\u00e4higkeit 0,2-0,5 16-24 10 Einfache Verarbeitung, &#8230; <a title=\"Materialien &#8211; EXTRUSION\" class=\"read-more\" href=\"https:\/\/www.plasnor.com\/de\/extrusion\/materialien\/\" aria-label=\"Mehr Informationen \u00fcber Materialien &#8211; EXTRUSION\">[ + info ]<\/a><\/p>\n","protected":false},"author":1,"featured_media":0,"parent":17105,"menu_order":0,"comment_status":"closed","ping_status":"closed","template":"","meta":{"footnotes":""},"categories":[58],"tags":[],"class_list":{"0":"post-17089","1":"page","2":"type-page","3":"status-publish","5":"category-page-extrusion-de"},"_links":{"self":[{"href":"https:\/\/www.plasnor.com\/de\/wp-json\/wp\/v2\/pages\/17089","targetHints":{"allow":["GET"]}}],"collection":[{"href":"https:\/\/www.plasnor.com\/de\/wp-json\/wp\/v2\/pages"}],"about":[{"href":"https:\/\/www.plasnor.com\/de\/wp-json\/wp\/v2\/types\/page"}],"author":[{"embeddable":true,"href":"https:\/\/www.plasnor.com\/de\/wp-json\/wp\/v2\/users\/1"}],"replies":[{"embeddable":true,"href":"https:\/\/www.plasnor.com\/de\/wp-json\/wp\/v2\/comments?post=17089"}],"version-history":[{"count":0,"href":"https:\/\/www.plasnor.com\/de\/wp-json\/wp\/v2\/pages\/17089\/revisions"}],"up":[{"embeddable":true,"href":"https:\/\/www.plasnor.com\/de\/wp-json\/wp\/v2\/pages\/17105"}],"wp:attachment":[{"href":"https:\/\/www.plasnor.com\/de\/wp-json\/wp\/v2\/media?parent=17089"}],"wp:term":[{"taxonomy":"category","embeddable":true,"href":"https:\/\/www.plasnor.com\/de\/wp-json\/wp\/v2\/categories?post=17089"},{"taxonomy":"post_tag","embeddable":true,"href":"https:\/\/www.plasnor.com\/de\/wp-json\/wp\/v2\/tags?post=17089"}],"curies":[{"name":"wp","href":"https:\/\/api.w.org\/{rel}","templated":true}]}}