{"id":17103,"date":"2023-04-20T16:25:48","date_gmt":"2023-04-20T14:25:48","guid":{"rendered":"https:\/\/www.plasnor.com\/furniture-norsan-high-gloss\/"},"modified":"2023-05-04T21:47:39","modified_gmt":"2023-05-04T19:47:39","slug":"moebel-norsan-high-gloss","status":"publish","type":"page","link":"https:\/\/www.plasnor.com\/de\/moebel-norsan-high-gloss\/","title":{"rendered":"M\u00f6bel-Norsan High Gloss"},"content":{"rendered":"<div id=\"pl-17103\"  class=\"panel-layout\" ><div id=\"pg-17103-0\"  class=\"panel-grid panel-has-style\" ><div class=\"siteorigin-panels-stretch panel-row-style panel-row-style-for-17103-0\" data-stretch-type=\"full-stretched\" ><div id=\"pgc-17103-0-0\"  class=\"panel-grid-cell\" ><\/div><\/div><\/div><div id=\"pg-17103-1\"  class=\"panel-grid panel-has-style\" ><div class=\"siteorigin-panels-stretch panel-row-style panel-row-style-for-17103-1\" data-stretch-type=\"full\" ><div id=\"pgc-17103-1-0\"  class=\"panel-grid-cell\" ><div id=\"panel-17103-1-0-0\" class=\"so-panel widget widget_sow-headline panel-first-child\" data-index=\"1\" ><div class=\"panel-widget-style panel-widget-style-for-17103-1-0-0\" ><div\n\t\t\t\n\t\t\tclass=\"so-widget-sow-headline so-widget-sow-headline-default-dd66f95d4b62-17103 so-widget-fittext-wrapper\"\n\t\t\t data-fit-text-compressor=\"0.85\"\n\t\t><div class=\"sow-headline-container \">\n\t\t\t\t\t\t\t<h1 class=\"sow-headline\">\n\t\t\t\t\t\tM\u00f6bel-Norsan High Gloss\t\t\t\t\t\t<\/h1>\n\t\t\t\t\t\t\t\t\t\t\t\t<p class=\"sow-sub-headline\">\n\t\t\t\t\t\tUnsere Premium Acrylic platten sind eine Kunststoff-Coextrusion von ABS \/ PMMA, die f\u00fcr die vertikale Beschichtung aller Arten von Anwendungen im M\u00f6belsektor verwendet wird. Aufgrund ihrer Zusammensetzung stellen sie die beste verf\u00fcgbare L\u00f6sung dar \u2013 bei h\u00f6chster Helligkeit und Spiegelwirkung.\t\t\t\t\t\t<\/p>\n\t\t\t\t\t\t<\/div>\n<\/div><\/div><\/div><div id=\"panel-17103-1-0-1\" class=\"so-panel widget widget_siteorigin-panels-builder panel-last-child\" data-index=\"2\" ><div class=\"panel-widget-style panel-widget-style-for-17103-1-0-1\" ><div id=\"pl-w64540bdb759ba\"  class=\"panel-layout\" ><div id=\"pg-w64540bdb759ba-0\"  class=\"panel-grid panel-no-style\" ><div id=\"pgc-w64540bdb759ba-0-0\"  class=\"panel-grid-cell\" ><div id=\"panel-w64540bdb759ba-0-0-0\" class=\"so-panel widget widget_sow-image panel-first-child\" data-index=\"0\" ><div\n\t\t\t\n\t\t\tclass=\"so-widget-sow-image so-widget-sow-image-default-8b5b6f678277\"\n\t\t\t\n\t\t>\n<div class=\"sow-image-container\">\n\t\t<img \n\tsrc=\"https:\/\/www.plasnor.com\/wp-content\/uploads\/2023\/04\/logo-premium-acrylic2-300x38.jpg\" width=\"200\" height=\"25\" srcset=\"https:\/\/www.plasnor.com\/wp-content\/uploads\/2023\/04\/logo-premium-acrylic2-300x38.jpg 300w, https:\/\/www.plasnor.com\/wp-content\/uploads\/2023\/04\/logo-premium-acrylic2.jpg 315w\" sizes=\"(max-width: 200px) 100vw, 200px\" title=\"premium acrylic\" alt=\"premium acrylic\" \t\tclass=\"so-widget-image\"\/>\n\t<\/div>\n\n<\/div><\/div><div id=\"panel-w64540bdb759ba-0-0-1\" class=\"so-panel widget widget_sow-headline\" data-index=\"1\" ><div\n\t\t\t\n\t\t\tclass=\"so-widget-sow-headline so-widget-sow-headline-default-4ad8f340adda so-widget-fittext-wrapper\"\n\t\t\t data-fit-text-compressor=\"0.85\"\n\t\t><div class=\"sow-headline-container \">\n\t\t\t\t\t\t<div class=\"decoration\">\n\t\t\t\t\t\t<div class=\"decoration-inside\"><\/div>\n\t\t\t\t\t<\/div>\n\t\t\t\t\t<\/div>\n<\/div><\/div><div id=\"panel-w64540bdb759ba-0-0-2\" class=\"so-panel widget widget_siteorigin-panels-builder panel-last-child\" data-index=\"2\" ><div id=\"pl-w645350cf2d081\"  class=\"panel-layout\" ><div id=\"pg-w645350cf2d081-0\"  class=\"panel-grid panel-no-style\" ><div id=\"pgc-w645350cf2d081-0-0\"  class=\"panel-grid-cell\" ><div id=\"panel-w645350cf2d081-0-0-0\" class=\"so-panel widget widget_sow-image panel-first-child panel-last-child\" data-index=\"0\" ><div\n\t\t\t\n\t\t\tclass=\"so-widget-sow-image so-widget-sow-image-default-113ccd71f3e6\"\n\t\t\t\n\t\t>\n<div class=\"sow-image-container\">\n\t\t\t<a href=\"https:\/\/www.plasnor.com\/de\/moebel-norsan-high-gloss\/einheitliche-metallic\/\"\n\t\t\t\t\t>\n\t\t\t<img \n\tsrc=\"https:\/\/www.plasnor.com\/wp-content\/uploads\/2023\/04\/premium-acrylic.jpg\" width=\"375\" height=\"250\" srcset=\"https:\/\/www.plasnor.com\/wp-content\/uploads\/2023\/04\/premium-acrylic.jpg 375w, https:\/\/www.plasnor.com\/wp-content\/uploads\/2023\/04\/premium-acrylic-300x200.jpg 300w\" sizes=\"(max-width: 375px) 100vw, 375px\" title=\"Einheitliche &amp; metallic\" alt=\"Einheitliche &amp; metallic\" \t\tclass=\"so-widget-image\"\/>\n\t\t\t<\/a><\/div>\n\n<h3 class=\"widget-title\">\t\t<a href=\"https:\/\/www.plasnor.com\/de\/moebel-norsan-high-gloss\/einheitliche-metallic\/\"\n\t\t\t\t\t>\n\t\tEinheitliche &amp; metallic<\/a><\/h3><\/div><\/div><\/div><div id=\"pgc-w645350cf2d081-0-1\"  class=\"panel-grid-cell\" ><div id=\"panel-w645350cf2d081-0-1-0\" class=\"so-panel widget widget_sow-image panel-first-child panel-last-child\" data-index=\"1\" ><div\n\t\t\t\n\t\t\tclass=\"so-widget-sow-image so-widget-sow-image-default-113ccd71f3e6\"\n\t\t\t\n\t\t>\n<div class=\"sow-image-container\">\n\t\t\t<a href=\"https:\/\/www.plasnor.com\/de\/moebel-norsan-high-gloss\/designs\/\"\n\t\t\t\t\t>\n\t\t\t<img \n\tsrc=\"https:\/\/www.plasnor.com\/wp-content\/uploads\/2023\/04\/disenos-decorativos.jpg\" width=\"375\" height=\"250\" srcset=\"https:\/\/www.plasnor.com\/wp-content\/uploads\/2023\/04\/disenos-decorativos.jpg 375w, https:\/\/www.plasnor.com\/wp-content\/uploads\/2023\/04\/disenos-decorativos-300x200.jpg 300w\" sizes=\"(max-width: 375px) 100vw, 375px\" title=\"Designs\" alt=\"Designs\" \t\tclass=\"so-widget-image\"\/>\n\t\t\t<\/a><\/div>\n\n<h3 class=\"widget-title\">\t\t<a href=\"https:\/\/www.plasnor.com\/de\/moebel-norsan-high-gloss\/designs\/\"\n\t\t\t\t\t>\n\t\tDesigns<\/a><\/h3><\/div><\/div><\/div><div id=\"pgc-w645350cf2d081-0-2\"  class=\"panel-grid-cell\" ><div id=\"panel-w645350cf2d081-0-2-0\" class=\"so-panel widget widget_sow-image panel-first-child panel-last-child\" data-index=\"2\" ><div\n\t\t\t\n\t\t\tclass=\"so-widget-sow-image so-widget-sow-image-default-113ccd71f3e6\"\n\t\t\t\n\t\t>\n<div class=\"sow-image-container\">\n\t\t\t<a href=\"https:\/\/www.plasnor.com\/de\/moebel-norsan-high-gloss\/matte\/\"\n\t\t\t\t\t>\n\t\t\t<img \n\tsrc=\"https:\/\/www.plasnor.com\/wp-content\/uploads\/2023\/04\/colores-mate.jpg\" width=\"375\" height=\"250\" srcset=\"https:\/\/www.plasnor.com\/wp-content\/uploads\/2023\/04\/colores-mate.jpg 375w, https:\/\/www.plasnor.com\/wp-content\/uploads\/2023\/04\/colores-mate-300x200.jpg 300w\" sizes=\"(max-width: 375px) 100vw, 375px\" title=\"Matte\" alt=\"Matte\" \t\tclass=\"so-widget-image\"\/>\n\t\t\t<\/a><\/div>\n\n<h3 class=\"widget-title\">\t\t<a href=\"https:\/\/www.plasnor.com\/de\/moebel-norsan-high-gloss\/matte\/\"\n\t\t\t\t\t>\n\t\tMatte<\/a><\/h3><\/div><\/div><\/div><\/div><\/div><\/div><\/div><div id=\"pgc-w64540bdb759ba-0-1\"  class=\"panel-grid-cell\" ><div id=\"panel-w64540bdb759ba-0-1-0\" class=\"so-panel widget widget_sow-image panel-first-child\" data-index=\"3\" ><div\n\t\t\t\n\t\t\tclass=\"so-widget-sow-image so-widget-sow-image-default-8b5b6f678277\"\n\t\t\t\n\t\t>\n<div class=\"sow-image-container\">\n\t\t<img \n\tsrc=\"https:\/\/www.plasnor.com\/wp-content\/uploads\/2023\/04\/logo-cristal-acrylic3.png\" width=\"200\" height=\"25\" sizes=\"(max-width: 173px) 100vw, 173px\" title=\"crystal acrylic\" alt=\"crystal acrylic\" \t\tclass=\"so-widget-image\"\/>\n\t<\/div>\n\n<\/div><\/div><div id=\"panel-w64540bdb759ba-0-1-1\" class=\"so-panel widget widget_sow-headline\" data-index=\"4\" ><div\n\t\t\t\n\t\t\tclass=\"so-widget-sow-headline so-widget-sow-headline-default-4ad8f340adda so-widget-fittext-wrapper\"\n\t\t\t data-fit-text-compressor=\"0.85\"\n\t\t><div class=\"sow-headline-container \">\n\t\t\t\t\t\t<div class=\"decoration\">\n\t\t\t\t\t\t<div class=\"decoration-inside\"><\/div>\n\t\t\t\t\t<\/div>\n\t\t\t\t\t<\/div>\n<\/div><\/div><div id=\"panel-w64540bdb759ba-0-1-2\" class=\"so-panel widget widget_sow-image panel-last-child\" data-index=\"5\" ><div\n\t\t\t\n\t\t\tclass=\"so-widget-sow-image so-widget-sow-image-default-113ccd71f3e6\"\n\t\t\t\n\t\t>\n<div class=\"sow-image-container\">\n\t\t\t<a href=\"https:\/\/www.plasnor.com\/de\/moebel-norsan-high-gloss\/crystal-acrylic\/\"\n\t\t\t\t\t>\n\t\t\t<img \n\tsrc=\"https:\/\/www.plasnor.com\/wp-content\/uploads\/2023\/04\/cristal-acrylic-300x200-1.jpg\" width=\"300\" height=\"200\" sizes=\"(max-width: 300px) 100vw, 300px\" title=\"Crystal Acrylic\" alt=\"Crystal Acrylic\" \t\tclass=\"so-widget-image\"\/>\n\t\t\t<\/a><\/div>\n\n<h3 class=\"widget-title\">\t\t<a href=\"https:\/\/www.plasnor.com\/de\/moebel-norsan-high-gloss\/crystal-acrylic\/\"\n\t\t\t\t\t>\n\t\tCrystal Acrylic<\/a><\/h3><\/div><\/div><\/div><\/div><\/div><\/div><\/div><\/div><\/div><\/div><div id=\"pg-17103-2\"  class=\"panel-grid panel-has-style\" ><div class=\"box-lagarto siteorigin-panels-stretch panel-row-style panel-row-style-for-17103-2\" data-stretch-type=\"full\" ><div id=\"pgc-17103-2-0\"  class=\"panel-grid-cell\" ><div id=\"panel-17103-2-0-0\" class=\"so-panel widget widget_sow-headline panel-first-child\" data-index=\"3\" ><div class=\"panel-widget-style panel-widget-style-for-17103-2-0-0\" ><div\n\t\t\t\n\t\t\tclass=\"so-widget-sow-headline so-widget-sow-headline-default-f4f222a620d4-17103 so-widget-fittext-wrapper\"\n\t\t\t data-fit-text-compressor=\"0.85\"\n\t\t><div class=\"sow-headline-container \">\n\t\t\t\t\t\t\t<h2 class=\"sow-headline\">\n\t\t\t\t\t\t\t\t\t\t\t\t\t<a href=\"https:\/\/www.plasnor.com\/de\/moebel-norsan-high-gloss\/die-10-trendfarben\/\" >\n\t\t\t\t\t\t\t\tSTART VON 10 NEUEN FARBEN<\/a>\t\t\t\t\t\t<\/h2>\n\t\t\t\t\t\t\t\t\t\t\t\t<p class=\"sow-sub-headline\">\n\t\t\t\t\t\tM\u00f6chten Sie wissen, welche Farben in den kommenden Jahren im Trend liegen werden?\t\t\t\t\t\t<\/p>\n\t\t\t\t\t\t<\/div>\n<\/div><\/div><\/div><div id=\"panel-17103-2-0-1\" class=\"so-panel widget widget_sow-button\" data-index=\"4\" ><div\n\t\t\t\n\t\t\tclass=\"so-widget-sow-button so-widget-sow-button-flat-71af5d7ab0f7-17103\"\n\t\t\t\n\t\t><div class=\"ow-button-base ow-button-align-center\"\n>\n\t\t\t<a\n\t\t\t\t\thref=\"https:\/\/www.plasnor.com\/de\/moebel-norsan-high-gloss\/die-10-trendfarben\/\"\n\t\t\t\t\tclass=\"sowb-button ow-icon-placement-left ow-button-hover\" \t>\n\t\t<span>\n\t\t\t\n\t\t\tMehr wissen\t\t<\/span>\n\t\t\t<\/a>\n\t<\/div>\n<\/div><\/div><div id=\"panel-17103-2-0-2\" class=\"widget_text so-panel widget widget_custom_html panel-last-child\" data-index=\"5\" ><div class=\"textwidget custom-html-widget\"><ul class=\"colores2\">\n<li><span class=\"cuadro2\" style=\"background-color: #2a292a;\"> <\/span><\/li>\n<li><span class=\"cuadro2\" style=\"background-color: #868685;\"> <\/span><\/li>\n<li><span class=\"cuadro2\" style=\"background-color: #6c6c6c;\"> <\/span><\/li>\n<li><span class=\"cuadro2\" style=\"background-color: #b9b8b6;\"> <\/span><\/li>\n<li><span class=\"cuadro2\" style=\"background-color: #b4aba3;\"> <\/span><\/li>\n<li><span class=\"cuadro2\" style=\"background-color: #9d978e;\"> <\/span><\/li>\n<li><span class=\"cuadro2\" style=\"background-color: #d5d6d7;\"> <\/span><\/li>\n<li><span class=\"cuadro2\" style=\"background-color: #080d14;\"> <\/span><\/li>\n<li><span class=\"cuadro2\" style=\"background-color: #92a6b7;\"> <\/span><\/li>\n<li><span class=\"cuadro2\" style=\"background-color: #748889;\"> <\/span><\/li>\n<\/ul>\n<div style=\"clear: both\"><\/div><\/div><\/div><\/div><\/div><\/div><div id=\"pg-17103-3\"  class=\"panel-grid panel-has-style\" ><div class=\"panel-row-style panel-row-style-for-17103-3\" ><div id=\"pgc-17103-3-0\"  class=\"panel-grid-cell\" ><div id=\"panel-17103-3-0-0\" class=\"so-panel widget widget_sow-headline panel-first-child\" data-index=\"6\" ><div\n\t\t\t\n\t\t\tclass=\"so-widget-sow-headline so-widget-sow-headline-default-ff1f9fa872a4-17103 so-widget-fittext-wrapper\"\n\t\t\t data-fit-text-compressor=\"0.85\"\n\t\t><div class=\"sow-headline-container \">\n\t\t\t\t\t\t\t<h2 class=\"sow-headline\">\n\t\t\t\t\t\t\t\t\t\t\t\t\t<a href=\"https:\/\/www.plasnor.com\/de\/moebel-norsan-high-gloss\/was-uns-unterschiedlich-macht\/\" >\n\t\t\t\t\t\t\t\tWAS UNS UNTERSCHIEDLICH MACHT<\/a>\t\t\t\t\t\t<\/h2>\n\t\t\t\t\t\t\t\t\t\t\t\t<p class=\"sow-sub-headline\">\n\t\t\t\t\t\t\t\t\t\t\t\t\t<a href=\"https:\/\/www.plasnor.com\/es\/mueble-norsan-high-gloss\/que-nos-diferencia\/\" >\n\t\t\t\t\t\t\t\t<i>Neues Premium Acrylic<\/i><\/a>\t\t\t\t\t\t<\/p>\n\t\t\t\t\t\t<\/div>\n<\/div><\/div><div id=\"panel-17103-3-0-1\" class=\"so-panel widget widget_sow-button\" data-index=\"7\" ><div\n\t\t\t\n\t\t\tclass=\"so-widget-sow-button so-widget-sow-button-flat-105d922bc691-17103\"\n\t\t\t\n\t\t><div class=\"ow-button-base ow-button-align-center\"\n>\n\t\t\t<a\n\t\t\t\t\thref=\"https:\/\/www.plasnor.com\/de\/moebel-norsan-high-gloss\/was-uns-unterschiedlich-macht\/\"\n\t\t\t\t\tclass=\"sowb-button ow-icon-placement-left ow-button-hover\" \t>\n\t\t<span>\n\t\t\t\n\t\t\tMehr wissen\t\t<\/span>\n\t\t\t<\/a>\n\t<\/div>\n<\/div><\/div><div id=\"panel-17103-3-0-2\" class=\"so-panel widget widget_sow-features panel-last-child\" data-index=\"8\" ><div class=\"muebles-home-diferencias panel-widget-style panel-widget-style-for-17103-3-0-2\" ><div\n\t\t\t\n\t\t\tclass=\"so-widget-sow-features so-widget-sow-features-default-73afd6d0e9e2-17103\"\n\t\t\t\n\t\t><ul\n\tclass=\"sow-features-list\n\tsow-features-responsive\">\n\n\t\t\t<li\n\t\t\tclass=\"sow-features-feature sow-icon-container-position-top\"\n\t\t\tstyle=\"display: flex; flex-direction: column; width: calc(25% - 25px);\"\n\t\t>\n\t\t\t\n\t\t\t\t\t\t<div\t\t\t\tclass=\"sow-icon-container sow-container-none\"\n\t\t\t\tstyle=\"color: #ffffff; \"\n\t\t\t\ttitle=\"MAXIMALE KRATZFESTIGKEIT\"\n\t\t\t\t\t\t\t>\n\t\t\t\t\t\t\t\t\t\t<div class=\"sow-icon-image\" style=\"background-image: url(https:\/\/www.plasnor.com\/wp-content\/uploads\/2023\/04\/1-diferencia.png); font-size: 140px\"><\/div>\n\t\t\t\t\t\t\t\t\t<\/div>\n\n\t\t\t<div class=\"textwidget\">\n\t\t\t\t\n\t\t\t\t\t\t\t\t\t<h4 class=\"sow-features-feature-title\">\n\t\t\t\t\t\tMAXIMALE KRATZFESTIGKEIT\t\t\t\t\t<\/h4>\n\t\t\t\t\n\t\t\t\t\t\t\t<\/div>\n\t\t\t\t\t\t\t\t<\/li>\n\n\t\t\t<li\n\t\t\tclass=\"sow-features-feature sow-icon-container-position-top\"\n\t\t\tstyle=\"display: flex; flex-direction: column; width: calc(25% - 25px);\"\n\t\t>\n\t\t\t\n\t\t\t\t\t\t<div\t\t\t\tclass=\"sow-icon-container sow-container-none\"\n\t\t\t\tstyle=\"color: #ffffff; \"\n\t\t\t\ttitle=\"BESTE HELLIGKEIT UND SPIEGELWIRKUNG\"\n\t\t\t\t\t\t\t>\n\t\t\t\t\t\t\t\t\t\t<div class=\"sow-icon-image\" style=\"background-image: url(https:\/\/www.plasnor.com\/wp-content\/uploads\/2023\/04\/2-diferencia2.png); font-size: 140px\"><\/div>\n\t\t\t\t\t\t\t\t\t<\/div>\n\n\t\t\t<div class=\"textwidget\">\n\t\t\t\t\n\t\t\t\t\t\t\t\t\t<h4 class=\"sow-features-feature-title\">\n\t\t\t\t\t\tBESTE HELLIGKEIT UND SPIEGELWIRKUNG\t\t\t\t\t<\/h4>\n\t\t\t\t\n\t\t\t\t\t\t\t<\/div>\n\t\t\t\t\t\t\t\t<\/li>\n\n\t\t\t<li\n\t\t\tclass=\"sow-features-feature sow-icon-container-position-top\"\n\t\t\tstyle=\"display: flex; flex-direction: column; width: calc(25% - 25px);\"\n\t\t>\n\t\t\t\n\t\t\t\t\t\t<div\t\t\t\tclass=\"sow-icon-container sow-container-none\"\n\t\t\t\tstyle=\"color: #ffffff; \"\n\t\t\t\ttitle=\"DAS GR\u00d6SSTE FARBANGEBOT\"\n\t\t\t\t\t\t\t>\n\t\t\t\t\t\t\t\t\t\t<div class=\"sow-icon-image\" style=\"background-image: url(https:\/\/www.plasnor.com\/wp-content\/uploads\/2023\/04\/3-diferencia.png); font-size: 140px\"><\/div>\n\t\t\t\t\t\t\t\t\t<\/div>\n\n\t\t\t<div class=\"textwidget\">\n\t\t\t\t\n\t\t\t\t\t\t\t\t\t<h4 class=\"sow-features-feature-title\">\n\t\t\t\t\t\tDAS GR\u00d6SSTE FARBANGEBOT\t\t\t\t\t<\/h4>\n\t\t\t\t\n\t\t\t\t\t\t\t<\/div>\n\t\t\t\t\t\t\t\t<\/li>\n\n\t\t\t<li\n\t\t\tclass=\"sow-features-feature sow-icon-container-position-top\"\n\t\t\tstyle=\"display: flex; flex-direction: column; width: calc(25% - 25px);\"\n\t\t>\n\t\t\t\n\t\t\t\t\t\t<div\t\t\t\tclass=\"sow-icon-container sow-container-none\"\n\t\t\t\tstyle=\"color: #ffffff; \"\n\t\t\t\ttitle=\"OPTIMALE KANTENBEARBEITUNG\"\n\t\t\t\t\t\t\t>\n\t\t\t\t\t\t\t\t\t\t<div class=\"sow-icon-image\" style=\"background-image: url(https:\/\/www.plasnor.com\/wp-content\/uploads\/2023\/04\/4-diferencia2.png); font-size: 140px\"><\/div>\n\t\t\t\t\t\t\t\t\t<\/div>\n\n\t\t\t<div class=\"textwidget\">\n\t\t\t\t\n\t\t\t\t\t\t\t\t\t<h4 class=\"sow-features-feature-title\">\n\t\t\t\t\t\tOPTIMALE KANTENBEARBEITUNG\t\t\t\t\t<\/h4>\n\t\t\t\t\n\t\t\t\t\t\t\t<\/div>\n\t\t\t\t\t\t\t\t<\/li>\n\n\t\t\t<li\n\t\t\tclass=\"sow-features-feature sow-icon-container-position-top\"\n\t\t\tstyle=\"display: flex; flex-direction: column; width: calc(25% - 25px);\"\n\t\t>\n\t\t\t\n\t\t\t\t\t\t<div\t\t\t\tclass=\"sow-icon-container sow-container-none\"\n\t\t\t\tstyle=\"color: #ffffff; \"\n\t\t\t\ttitle=\"SERVICE UND FLEXIBILIT\u00c4T\"\n\t\t\t\t\t\t\t>\n\t\t\t\t\t\t\t\t\t\t<div class=\"sow-icon-image\" style=\"background-image: url(https:\/\/www.plasnor.com\/wp-content\/uploads\/2023\/04\/5-diferencia.png); font-size: 140px\"><\/div>\n\t\t\t\t\t\t\t\t\t<\/div>\n\n\t\t\t<div class=\"textwidget\">\n\t\t\t\t\n\t\t\t\t\t\t\t\t\t<h4 class=\"sow-features-feature-title\">\n\t\t\t\t\t\tSERVICE UND FLEXIBILIT\u00c4T\t\t\t\t\t<\/h4>\n\t\t\t\t\n\t\t\t\t\t\t\t<\/div>\n\t\t\t\t\t\t\t\t<\/li>\n\n\t\t\t<li\n\t\t\tclass=\"sow-features-feature sow-icon-container-position-top\"\n\t\t\tstyle=\"display: flex; flex-direction: column; width: calc(25% - 25px);\"\n\t\t>\n\t\t\t\n\t\t\t\t\t\t<div\t\t\t\tclass=\"sow-icon-container sow-container-none\"\n\t\t\t\tstyle=\"color: #ffffff; \"\n\t\t\t\ttitle=\"ENVIRONMENTAL RESPECT\"\n\t\t\t\t\t\t\t>\n\t\t\t\t\t\t\t\t\t\t<div class=\"sow-icon-image\" style=\"background-image: url(https:\/\/www.plasnor.com\/wp-content\/uploads\/2023\/04\/6-diferencia.png); font-size: 140px\"><\/div>\n\t\t\t\t\t\t\t\t\t<\/div>\n\n\t\t\t<div class=\"textwidget\">\n\t\t\t\t\n\t\t\t\t\t\t\t\t\t<h4 class=\"sow-features-feature-title\">\n\t\t\t\t\t\tENVIRONMENTAL RESPECT\t\t\t\t\t<\/h4>\n\t\t\t\t\n\t\t\t\t\t\t\t<\/div>\n\t\t\t\t\t\t\t\t<\/li>\n\n\t\t\t<li\n\t\t\tclass=\"sow-features-feature sow-icon-container-position-top\"\n\t\t\tstyle=\"display: flex; flex-direction: column; width: calc(25% - 25px);\"\n\t\t>\n\t\t\t\n\t\t\t\t\t\t<div\t\t\t\tclass=\"sow-icon-container sow-container-none\"\n\t\t\t\tstyle=\"color: #ffffff; \"\n\t\t\t\ttitle=\" OPTIMALE UV- und CHEMISCHE BEST\u00c4NDIGKEIT\"\n\t\t\t\t\t\t\t>\n\t\t\t\t\t\t\t\t\t\t<div class=\"sow-icon-image\" style=\"background-image: url(https:\/\/www.plasnor.com\/wp-content\/uploads\/2023\/04\/7-diferencia2.png); font-size: 140px\"><\/div>\n\t\t\t\t\t\t\t\t\t<\/div>\n\n\t\t\t<div class=\"textwidget\">\n\t\t\t\t\n\t\t\t\t\t\t\t\t\t<h4 class=\"sow-features-feature-title\">\n\t\t\t\t\t\t OPTIMALE UV- und CHEMISCHE BEST\u00c4NDIGKEIT\t\t\t\t\t<\/h4>\n\t\t\t\t\n\t\t\t\t\t\t\t<\/div>\n\t\t\t\t\t\t\t\t<\/li>\n\n\t\t\t<li\n\t\t\tclass=\"sow-features-feature sow-icon-container-position-top\"\n\t\t\tstyle=\"display: flex; flex-direction: column; width: calc(25% - 25px);\"\n\t\t>\n\t\t\t\n\t\t\t\t\t\t<div\t\t\t\tclass=\"sow-icon-container sow-container-none\"\n\t\t\t\tstyle=\"color: #ffffff; \"\n\t\t\t\ttitle=\" EINFACH BEARBEITBAR\"\n\t\t\t\t\t\t\t>\n\t\t\t\t\t\t\t\t\t\t<div class=\"sow-icon-image\" style=\"background-image: url(https:\/\/www.plasnor.com\/wp-content\/uploads\/2023\/04\/8-diferencia2.png); font-size: 140px\"><\/div>\n\t\t\t\t\t\t\t\t\t<\/div>\n\n\t\t\t<div class=\"textwidget\">\n\t\t\t\t\n\t\t\t\t\t\t\t\t\t<h4 class=\"sow-features-feature-title\">\n\t\t\t\t\t\t EINFACH BEARBEITBAR\t\t\t\t\t<\/h4>\n\t\t\t\t\n\t\t\t\t\t\t\t<\/div>\n\t\t\t\t\t\t\t\t<\/li>\n\n\t<\/ul>\n<\/div><\/div><\/div><\/div><\/div><\/div><div id=\"pg-17103-4\"  class=\"panel-grid panel-has-style\" ><div class=\"siteorigin-panels-stretch panel-row-style panel-row-style-for-17103-4\" data-stretch-type=\"full\" ><div id=\"pgc-17103-4-0\"  class=\"panel-grid-cell\" ><div id=\"panel-17103-4-0-0\" class=\"so-panel widget widget_sow-editor panel-first-child panel-last-child\" data-index=\"9\" ><div class=\"panel-widget-style panel-widget-style-for-17103-4-0-0\" ><div\n\t\t\t\n\t\t\tclass=\"so-widget-sow-editor so-widget-sow-editor-base\"\n\t\t\t\n\t\t>\n<div class=\"siteorigin-widget-tinymce textwidget\">\n\t<h3><span style=\"color: #204795;\"><strong>Was ist Acryl?<\/strong><\/span><\/h3>\n<p>Wir alle verwenden den Begriff Acryl, wenn wir uns auf eine der verschiedenen Technologien f\u00fcr die M\u00f6belherstellung beziehen, aber was ist das in Wirklichkeit? Der Name stammt von der Abk\u00fcrzung f\u00fcr eines der f\u00fcr die Herstellung verwendeten Materialien, Methacrylat oder PMMA. Und das letzte A gibt ihm seinen Namen.Aber sind alle Acrylprodukte gleich? Nein, es gibt verschiedene Typen. Die von Plasnor hergestellte Acryl-Coextrusion mit ABS (ABS \/ PMMA) ist aufgrund ihrer Vielseitigkeit und Leistungsf\u00e4higkeit eine der besten Optionen f\u00fcr die Oberfl\u00e4chenbeschichtung in der M\u00f6belindustrie.<\/p>\n<\/div>\n<\/div><\/div><\/div><\/div><div id=\"pgc-17103-4-1\"  class=\"panel-grid-cell\" ><div id=\"panel-17103-4-1-0\" class=\"so-panel widget widget_sow-features panel-first-child panel-last-child\" data-index=\"10\" ><div class=\"info-bandejas-forestales panel-widget-style panel-widget-style-for-17103-4-1-0\" ><div\n\t\t\t\n\t\t\tclass=\"so-widget-sow-features so-widget-sow-features-default-4921cb52bbb1-17103\"\n\t\t\t\n\t\t><ul\n\tclass=\"sow-features-list\n\tsow-features-responsive\">\n\n\t\t\t<li\n\t\t\tclass=\"sow-features-feature sow-icon-container-position-bottom\"\n\t\t\tstyle=\"display: flex; flex-direction: column-reverse; width: calc(100% - 25px);\"\n\t\t>\n\t\t\t\n\t\t\t\t\t\t<a\t\t\t\tclass=\"sow-icon-container sow-container-round\"\n\t\t\t\tstyle=\"color: #204795; \"\n\t\t\t\t\n\t\t\t\t\t\t\t\t\thref=\"https:\/\/www.plasnor.com\/de\/moebel-norsan-high-gloss\/faq\/\"\n\t\t\t\t\t\t\t\t>\n\t\t\t\t<span class=\"sow-icon-fontawesome sow-fas\" data-sow-icon=\"&#xf02d;\"\n\t\tstyle=\"font-size: 35px; color: #fff\" \n\t\taria-hidden=\"true\"><\/span>\t\t\t<\/a>\n\n\t\t\t<div class=\"textwidget\">\n\t\t\t\t\n\t\t\t\t\t\t\t\t\t<h3 class=\"sow-features-feature-title\">\n\t\t\t\t\t\t\t\t\t\t\t\t\t<a\n\t\t\t\t\t\t\t\thref=\"https:\/\/www.plasnor.com\/de\/moebel-norsan-high-gloss\/faq\/\"\n\t\t\t\t\t\t\t\t\t\t\t\t\t\t\t>\n\t\t\t\t\t\t\tFAQ\t\t\t\t\t\t\t<\/a>\n\t\t\t\t\t\t\t\t\t\t\t\t<\/h3>\n\t\t\t\t\n\t\t\t\t\t\t\t<\/div>\n\t\t\t\t\t\t\t\t<\/li>\n\n\t<\/ul>\n<\/div><\/div><\/div><\/div><\/div><\/div><div id=\"pg-17103-5\"  class=\"panel-grid panel-has-style\" ><div class=\"box-contactar siteorigin-panels-stretch panel-row-style panel-row-style-for-17103-5\" data-stretch-type=\"full\" ><div id=\"pgc-17103-5-0\"  class=\"panel-grid-cell\" ><div id=\"panel-17103-5-0-0\" class=\"so-panel widget widget_sow-features panel-first-child panel-last-child\" data-index=\"11\" ><div class=\"info-bandejas-forestales panel-widget-style panel-widget-style-for-17103-5-0-0\" ><div\n\t\t\t\n\t\t\tclass=\"so-widget-sow-features so-widget-sow-features-default-e119e9c0e550-17103\"\n\t\t\t\n\t\t><ul\n\tclass=\"sow-features-list\n\tsow-features-responsive\">\n\n\t\t\t<li\n\t\t\tclass=\"sow-features-feature sow-icon-container-position-right\"\n\t\t\tstyle=\"display: flex; flex-direction: row; width: calc(100% - 25px);\"\n\t\t>\n\t\t\t\n\t\t\t\t\t\t<a\t\t\t\tclass=\"sow-icon-container sow-container-round\"\n\t\t\t\tstyle=\"color: #204795; \"\n\t\t\t\t\n\t\t\t\t\t\t\t\t\thref=\"https:\/\/www.plasnor.com\/es\/mueble-norsan-high-gloss\/consulta-sobre-mueble-norsan-high-gloss\/\"\n\t\t\t\t\t\t\t\t>\n\t\t\t\t<span class=\"sow-icon-typicons\" data-sow-icon=\"&#xe091;\"\n\t\tstyle=\"font-size: 60px; color: #fff\" \n\t\taria-hidden=\"true\"><\/span>\t\t\t<\/a>\n\n\t\t\t<div class=\"textwidget\">\n\t\t\t\t\n\t\t\t\t\t\t\t\t\t<h3 class=\"sow-features-feature-title\">\n\t\t\t\t\t\t\t\t\t\t\t\t\t<a\n\t\t\t\t\t\t\t\thref=\"https:\/\/www.plasnor.com\/es\/mueble-norsan-high-gloss\/consulta-sobre-mueble-norsan-high-gloss\/\"\n\t\t\t\t\t\t\t\t\t\t\t\t\t\t\t>\n\t\t\t\t\t\t\tTechnische Beratung und Kundenservice\t\t\t\t\t\t\t<\/a>\n\t\t\t\t\t\t\t\t\t\t\t\t<\/h3>\n\t\t\t\t\n\t\t\t\t\t\t\t\t\t<div class=\"sow-features-feature-text\">\n\t\t\t\t\t<p><em>Kontaktieren Sie uns.<\/em><\/p>\n\t\t\t\t\t<\/div>\n\t\t\t\t\t\t\t\t<\/div>\n\t\t\t\t\t\t\t\t<\/li>\n\n\t<\/ul>\n<\/div><\/div><\/div><\/div><div id=\"pgc-17103-5-1\"  class=\"panel-grid-cell\" ><div id=\"panel-17103-5-1-0\" class=\"so-panel widget widget_sow-button panel-first-child panel-last-child\" data-index=\"12\" ><div\n\t\t\t\n\t\t\tclass=\"so-widget-sow-button so-widget-sow-button-flat-58f1d956ab9d-17103\"\n\t\t\t\n\t\t><div class=\"ow-button-base ow-button-align-center\"\n>\n\t\t\t<a\n\t\t\t\t\thref=\"https:\/\/www.plasnor.com\/de\/moebel-norsan-high-gloss\/anfrage\/\"\n\t\t\t\t\tclass=\"sowb-button ow-icon-placement-left ow-button-hover\" \t>\n\t\t<span>\n\t\t\t\n\t\t\tKontakt\t\t<\/span>\n\t\t\t<\/a>\n\t<\/div>\n<\/div><\/div><\/div><\/div><\/div><\/div>","protected":false},"excerpt":{"rendered":"<p>M\u00f6bel-Norsan High Gloss Unsere Premium Acrylic platten sind eine Kunststoff-Coextrusion von ABS \/ PMMA, die f\u00fcr die vertikale &#8230; <a title=\"M\u00f6bel-Norsan High Gloss\" class=\"read-more\" href=\"https:\/\/www.plasnor.com\/de\/moebel-norsan-high-gloss\/\" aria-label=\"Mehr Informationen \u00fcber M\u00f6bel-Norsan High Gloss\">[ + info ]<\/a><\/p>\n","protected":false},"author":1,"featured_media":0,"parent":0,"menu_order":0,"comment_status":"closed","ping_status":"closed","template":"","meta":{"footnotes":""},"categories":[471],"tags":[],"class_list":{"0":"post-17103","1":"page","2":"type-page","3":"status-publish","5":"category-pages-home-de"},"_links":{"self":[{"href":"https:\/\/www.plasnor.com\/de\/wp-json\/wp\/v2\/pages\/17103","targetHints":{"allow":["GET"]}}],"collection":[{"href":"https:\/\/www.plasnor.com\/de\/wp-json\/wp\/v2\/pages"}],"about":[{"href":"https:\/\/www.plasnor.com\/de\/wp-json\/wp\/v2\/types\/page"}],"author":[{"embeddable":true,"href":"https:\/\/www.plasnor.com\/de\/wp-json\/wp\/v2\/users\/1"}],"replies":[{"embeddable":true,"href":"https:\/\/www.plasnor.com\/de\/wp-json\/wp\/v2\/comments?post=17103"}],"version-history":[{"count":0,"href":"https:\/\/www.plasnor.com\/de\/wp-json\/wp\/v2\/pages\/17103\/revisions"}],"wp:attachment":[{"href":"https:\/\/www.plasnor.com\/de\/wp-json\/wp\/v2\/media?parent=17103"}],"wp:term":[{"taxonomy":"category","embeddable":true,"href":"https:\/\/www.plasnor.com\/de\/wp-json\/wp\/v2\/categories?post=17103"},{"taxonomy":"post_tag","embeddable":true,"href":"https:\/\/www.plasnor.com\/de\/wp-json\/wp\/v2\/tags?post=17103"}],"curies":[{"name":"wp","href":"https:\/\/api.w.org\/{rel}","templated":true}]}}