{"id":130,"date":"2023-04-20T22:36:57","date_gmt":"2023-04-20T20:36:57","guid":{"rendered":"https:\/\/www.plasnor.com\/?page_id=130"},"modified":"2024-02-05T16:50:13","modified_gmt":"2024-02-05T15:50:13","slug":"solidos-metalizados","status":"publish","type":"page","link":"https:\/\/www.plasnor.com\/es\/mueble-norsan-high-gloss\/solidos-metalizados\/","title":{"rendered":"S\u00f3lidos &#038; metalizados"},"content":{"rendered":"<div id=\"pl-130\"  class=\"panel-layout\" ><div id=\"pg-130-0\"  class=\"panel-grid panel-no-style\" ><div id=\"pgc-130-0-0\"  class=\"panel-grid-cell\" ><div id=\"panel-130-0-0-0\" class=\"so-panel widget widget_sow-editor panel-first-child panel-last-child\" data-index=\"0\" ><div\n\t\t\t\n\t\t\tclass=\"so-widget-sow-editor so-widget-sow-editor-base\"\n\t\t\t\n\t\t>\n<div class=\"siteorigin-widget-tinymce textwidget\">\n\t<p>Nuestras planchas Premium Acrylic disponen de la m\u00e1xima resistencia al rayado de las superficies acr\u00edlicas no lacadas, duplicando la resistencia del est\u00e1ndar del mercado. Adem\u00e1s de su caracter\u00edstico efecto espejo y del mayor indice de Brillo disponible en el mercado, muy superior al de otras tecnolog\u00edas, en Plasnor contamos con la m\u00e1s amplia oferta de colores, en total m\u00e1s de 50.<\/p>\n<p>Por si fuera poco, debido a su composici\u00f3n son postformables y permiten un \u00f3ptimo acabado de cantos, posibilitando la fabricaci\u00f3n de asideros integrados con el mismo material.<br \/>\nAdicionalmente su superficie es perfectamente reparable ante potenciales rayaduras.<\/p>\n<p><img loading=\"lazy\" decoding=\"async\" class=\"aligncenter wp-image-160 size-large\" src=\"https:\/\/www.plasnor.com\/wp-content\/uploads\/2023\/04\/cocina-sol-metal-3-1024x731.jpg\" alt=\"\" width=\"1024\" height=\"731\" srcset=\"https:\/\/www.plasnor.com\/wp-content\/uploads\/2023\/04\/cocina-sol-metal-3-1024x731.jpg 1024w, https:\/\/www.plasnor.com\/wp-content\/uploads\/2023\/04\/cocina-sol-metal-3-300x214.jpg 300w, https:\/\/www.plasnor.com\/wp-content\/uploads\/2023\/04\/cocina-sol-metal-3-768x548.jpg 768w, https:\/\/www.plasnor.com\/wp-content\/uploads\/2023\/04\/cocina-sol-metal-3.jpg 1200w\" sizes=\"auto, (max-width: 1024px) 100vw, 1024px\" title=\"\"><\/p>\n<p>El excelente nivel de estabilidad del color de las planchas Premium Acrylic ante la exposici\u00f3n UV y su resistencia a agentes qu\u00edmicos, garantizan una \u00f3ptima calidad de producto a lo largo de la vida del mismo.<\/p>\n<p>Se trata de materiales libres de PVC, no t\u00f3xicos y reciclables favoreciendo la sostenibilidad y el respeto al medio ambiente.<br \/>\n<a href=\"\/documents\/Technical-Data-Sheet-premium-acrylic.pdf\" target=\"_blank\" rel=\"noopener\">Ver ficha t\u00e9cnica<\/a><\/p>\n<p>El servicio y la flexibilidad son elementos clave de nuestra oferta de valor. Nuestros plazos de entrega de material m\u00e1s reducidos y la flexibilidad en las cantidades m\u00ednimas de pedido, ayudan a nuestros clientes a ser m\u00e1s competitivos.<\/p>\n<p>Todo esto hace que sea la opci\u00f3n perfecta de Dise\u00f1adores, Fabricantes de Mueble o Laminadores de todo el mundo para el revestimiento de paneles de todo tipo de aplicaciones en la Industrial del Mueble: Cocinas, ba\u00f1os, dormitorios, salas de estar etc.<\/p>\n<p>&nbsp;<\/p>\n<\/div>\n<\/div><\/div><\/div><\/div><div id=\"pg-130-1\"  class=\"panel-grid panel-has-style\" ><div class=\"diferencia panel-row-style panel-row-style-for-130-1\" ><div id=\"pgc-130-1-0\"  class=\"panel-grid-cell\" ><div id=\"panel-130-1-0-0\" class=\"so-panel widget widget_sow-headline panel-first-child\" data-index=\"1\" ><div\n\t\t\t\n\t\t\tclass=\"so-widget-sow-headline so-widget-sow-headline-default-24e17eaabc56-130 so-widget-fittext-wrapper\"\n\t\t\t data-fit-text-compressor=\"0.85\"\n\t\t><div class=\"sow-headline-container \">\n\t\t\t\t\t\t\t<h2 class=\"sow-headline\">\n\t\t\t\t\t\t\u00bfQU\u00c9 NOS DIFERENCIA?\t\t\t\t\t\t<\/h2>\n\t\t\t\t\t\t\t\t\t\t\t\t<p class=\"sow-sub-headline\">\n\t\t\t\t\t\tNuevo Premium Acrylic\t\t\t\t\t\t<\/p>\n\t\t\t\t\t\t\t\t\t\t\t<div class=\"decoration\">\n\t\t\t\t\t\t<div class=\"decoration-inside\"><\/div>\n\t\t\t\t\t<\/div>\n\t\t\t\t\t<\/div>\n<\/div><\/div><div id=\"panel-130-1-0-1\" class=\"so-panel widget widget_sow-button\" data-index=\"2\" ><div\n\t\t\t\n\t\t\tclass=\"so-widget-sow-button so-widget-sow-button-flat-105d922bc691-130\"\n\t\t\t\n\t\t><div class=\"ow-button-base ow-button-align-center\"\n>\n\t\t\t<a\n\t\t\t\t\thref=\"https:\/\/www.plasnor.com\/es\/mueble-norsan-high-gloss\/que-nos-diferencia\/\"\n\t\t\t\t\tclass=\"sowb-button ow-icon-placement-left ow-button-hover\" \t>\n\t\t<span>\n\t\t\t\n\t\t\tm\u00e1s info\t\t<\/span>\n\t\t\t<\/a>\n\t<\/div>\n<\/div><\/div><div id=\"panel-130-1-0-2\" class=\"so-panel widget widget_sow-features panel-last-child\" data-index=\"3\" ><div\n\t\t\t\n\t\t\tclass=\"so-widget-sow-features so-widget-sow-features-default-577654788aed-130\"\n\t\t\t\n\t\t><ul\n\tclass=\"sow-features-list\n\tsow-features-responsive\">\n\n\t\t\t<li\n\t\t\tclass=\"sow-features-feature sow-icon-container-position-top\"\n\t\t\tstyle=\"display: flex; flex-direction: column; width: calc(25% - 25px);\"\n\t\t>\n\t\t\t\n\t\t\t\t\t\t<div\t\t\t\tclass=\"sow-icon-container sow-container-none\"\n\t\t\t\tstyle=\"color: #ffffff; \"\n\t\t\t\ttitle=\"M\u00c1XIMA RESISTENCIA AL RAYADO\"\n\t\t\t\t\t\t\t>\n\t\t\t\t\t\t\t\t\t\t<div class=\"sow-icon-image\" style=\"background-image: url(https:\/\/www.plasnor.com\/wp-content\/uploads\/2023\/04\/1-diferencia.png); font-size: 70px\"><\/div>\n\t\t\t\t\t\t\t\t\t<\/div>\n\n\t\t\t<div class=\"textwidget\">\n\t\t\t\t\n\t\t\t\t\t\t\t\t\t<h4 class=\"sow-features-feature-title\">\n\t\t\t\t\t\tM\u00c1XIMA RESISTENCIA AL RAYADO\t\t\t\t\t<\/h4>\n\t\t\t\t\n\t\t\t\t\t\t\t<\/div>\n\t\t\t\t\t\t\t\t<\/li>\n\n\t\t\t<li\n\t\t\tclass=\"sow-features-feature sow-icon-container-position-top\"\n\t\t\tstyle=\"display: flex; flex-direction: column; width: calc(25% - 25px);\"\n\t\t>\n\t\t\t\n\t\t\t\t\t\t<div\t\t\t\tclass=\"sow-icon-container sow-container-none\"\n\t\t\t\tstyle=\"color: #ffffff; \"\n\t\t\t\ttitle=\"MEJOR BRILLO Y EFECTO ESPEJO\"\n\t\t\t\t\t\t\t>\n\t\t\t\t\t\t\t\t\t\t<div class=\"sow-icon-image\" style=\"background-image: url(https:\/\/www.plasnor.com\/wp-content\/uploads\/2023\/04\/2-diferencia2.png); font-size: 70px\"><\/div>\n\t\t\t\t\t\t\t\t\t<\/div>\n\n\t\t\t<div class=\"textwidget\">\n\t\t\t\t\n\t\t\t\t\t\t\t\t\t<h4 class=\"sow-features-feature-title\">\n\t\t\t\t\t\tMEJOR BRILLO Y EFECTO ESPEJO\t\t\t\t\t<\/h4>\n\t\t\t\t\n\t\t\t\t\t\t\t<\/div>\n\t\t\t\t\t\t\t\t<\/li>\n\n\t\t\t<li\n\t\t\tclass=\"sow-features-feature sow-icon-container-position-top\"\n\t\t\tstyle=\"display: flex; flex-direction: column; width: calc(25% - 25px);\"\n\t\t>\n\t\t\t\n\t\t\t\t\t\t<div\t\t\t\tclass=\"sow-icon-container sow-container-none\"\n\t\t\t\tstyle=\"color: #ffffff; \"\n\t\t\t\ttitle=\"AMPLIA OFERTA DE COLORES\"\n\t\t\t\t\t\t\t>\n\t\t\t\t\t\t\t\t\t\t<div class=\"sow-icon-image\" style=\"background-image: url(https:\/\/www.plasnor.com\/wp-content\/uploads\/2023\/04\/3-diferencia.png); font-size: 70px\"><\/div>\n\t\t\t\t\t\t\t\t\t<\/div>\n\n\t\t\t<div class=\"textwidget\">\n\t\t\t\t\n\t\t\t\t\t\t\t\t\t<h4 class=\"sow-features-feature-title\">\n\t\t\t\t\t\tAMPLIA OFERTA DE COLORES\t\t\t\t\t<\/h4>\n\t\t\t\t\n\t\t\t\t\t\t\t<\/div>\n\t\t\t\t\t\t\t\t<\/li>\n\n\t\t\t<li\n\t\t\tclass=\"sow-features-feature sow-icon-container-position-top\"\n\t\t\tstyle=\"display: flex; flex-direction: column; width: calc(25% - 25px);\"\n\t\t>\n\t\t\t\n\t\t\t\t\t\t<div\t\t\t\tclass=\"sow-icon-container sow-container-none\"\n\t\t\t\tstyle=\"color: #ffffff; \"\n\t\t\t\ttitle=\"\u00d3PTIMO ACABADO DE CANTOS\"\n\t\t\t\t\t\t\t>\n\t\t\t\t\t\t\t\t\t\t<div class=\"sow-icon-image\" style=\"background-image: url(https:\/\/www.plasnor.com\/wp-content\/uploads\/2023\/04\/4-diferencia2.png); font-size: 70px\"><\/div>\n\t\t\t\t\t\t\t\t\t<\/div>\n\n\t\t\t<div class=\"textwidget\">\n\t\t\t\t\n\t\t\t\t\t\t\t\t\t<h4 class=\"sow-features-feature-title\">\n\t\t\t\t\t\t\u00d3PTIMO ACABADO DE CANTOS\t\t\t\t\t<\/h4>\n\t\t\t\t\n\t\t\t\t\t\t\t<\/div>\n\t\t\t\t\t\t\t\t<\/li>\n\n\t\t\t<li\n\t\t\tclass=\"sow-features-feature sow-icon-container-position-top\"\n\t\t\tstyle=\"display: flex; flex-direction: column; width: calc(25% - 25px);\"\n\t\t>\n\t\t\t\n\t\t\t\t\t\t<div\t\t\t\tclass=\"sow-icon-container sow-container-none\"\n\t\t\t\tstyle=\"color: #ffffff; \"\n\t\t\t\ttitle=\"SERVICIO Y FLEXIBILIDAD\"\n\t\t\t\t\t\t\t>\n\t\t\t\t\t\t\t\t\t\t<div class=\"sow-icon-image\" style=\"background-image: url(https:\/\/www.plasnor.com\/wp-content\/uploads\/2023\/04\/5-diferencia.png); font-size: 70px\"><\/div>\n\t\t\t\t\t\t\t\t\t<\/div>\n\n\t\t\t<div class=\"textwidget\">\n\t\t\t\t\n\t\t\t\t\t\t\t\t\t<h4 class=\"sow-features-feature-title\">\n\t\t\t\t\t\tSERVICIO Y FLEXIBILIDAD\t\t\t\t\t<\/h4>\n\t\t\t\t\n\t\t\t\t\t\t\t<\/div>\n\t\t\t\t\t\t\t\t<\/li>\n\n\t\t\t<li\n\t\t\tclass=\"sow-features-feature sow-icon-container-position-top\"\n\t\t\tstyle=\"display: flex; flex-direction: column; width: calc(25% - 25px);\"\n\t\t>\n\t\t\t\n\t\t\t\t\t\t<div\t\t\t\tclass=\"sow-icon-container sow-container-none\"\n\t\t\t\tstyle=\"color: #ffffff; \"\n\t\t\t\ttitle=\"RESPETO AL MEDIO AMBIENTE\"\n\t\t\t\t\t\t\t>\n\t\t\t\t\t\t\t\t\t\t<div class=\"sow-icon-image\" style=\"background-image: url(https:\/\/www.plasnor.com\/wp-content\/uploads\/2023\/04\/6-diferencia.png); font-size: 70px\"><\/div>\n\t\t\t\t\t\t\t\t\t<\/div>\n\n\t\t\t<div class=\"textwidget\">\n\t\t\t\t\n\t\t\t\t\t\t\t\t\t<h4 class=\"sow-features-feature-title\">\n\t\t\t\t\t\tRESPETO AL MEDIO AMBIENTE\t\t\t\t\t<\/h4>\n\t\t\t\t\n\t\t\t\t\t\t\t<\/div>\n\t\t\t\t\t\t\t\t<\/li>\n\n\t\t\t<li\n\t\t\tclass=\"sow-features-feature sow-icon-container-position-top\"\n\t\t\tstyle=\"display: flex; flex-direction: column; width: calc(25% - 25px);\"\n\t\t>\n\t\t\t\n\t\t\t\t\t\t<div\t\t\t\tclass=\"sow-icon-container sow-container-none\"\n\t\t\t\tstyle=\"color: #ffffff; \"\n\t\t\t\ttitle=\"RESISTENCIA UV\"\n\t\t\t\t\t\t\t>\n\t\t\t\t\t\t\t\t\t\t<div class=\"sow-icon-image\" style=\"background-image: url(https:\/\/www.plasnor.com\/wp-content\/uploads\/2023\/04\/7-diferencia2.png); font-size: 70px\"><\/div>\n\t\t\t\t\t\t\t\t\t<\/div>\n\n\t\t\t<div class=\"textwidget\">\n\t\t\t\t\n\t\t\t\t\t\t\t\t\t<h4 class=\"sow-features-feature-title\">\n\t\t\t\t\t\tRESISTENCIA UV\t\t\t\t\t<\/h4>\n\t\t\t\t\n\t\t\t\t\t\t\t<\/div>\n\t\t\t\t\t\t\t\t<\/li>\n\n\t\t\t<li\n\t\t\tclass=\"sow-features-feature sow-icon-container-position-top\"\n\t\t\tstyle=\"display: flex; flex-direction: column; width: calc(25% - 25px);\"\n\t\t>\n\t\t\t\n\t\t\t\t\t\t<div\t\t\t\tclass=\"sow-icon-container sow-container-none\"\n\t\t\t\tstyle=\"color: #ffffff; \"\n\t\t\t\ttitle=\"FACILMENTE PROCESABLE\"\n\t\t\t\t\t\t\t>\n\t\t\t\t\t\t\t\t\t\t<div class=\"sow-icon-image\" style=\"background-image: url(https:\/\/www.plasnor.com\/wp-content\/uploads\/2023\/04\/8-diferencia2.png); font-size: 70px\"><\/div>\n\t\t\t\t\t\t\t\t\t<\/div>\n\n\t\t\t<div class=\"textwidget\">\n\t\t\t\t\n\t\t\t\t\t\t\t\t\t<h4 class=\"sow-features-feature-title\">\n\t\t\t\t\t\tFACILMENTE PROCESABLE\t\t\t\t\t<\/h4>\n\t\t\t\t\n\t\t\t\t\t\t\t<\/div>\n\t\t\t\t\t\t\t\t<\/li>\n\n\t<\/ul>\n<\/div><\/div><\/div><\/div><\/div><div id=\"pg-130-2\"  class=\"panel-grid panel-no-style\" ><div id=\"pgc-130-2-0\"  class=\"panel-grid-cell\" ><div id=\"panel-130-2-0-0\" class=\"so-panel widget widget_sow-headline panel-first-child\" data-index=\"4\" ><div\n\t\t\t\n\t\t\tclass=\"so-widget-sow-headline so-widget-sow-headline-default-f2653f4f9d8b-130 so-widget-fittext-wrapper\"\n\t\t\t data-fit-text-compressor=\"0.85\"\n\t\t><div class=\"sow-headline-container \">\n\t\t\t\t\t\t\t<h2 class=\"sow-headline\">\n\t\t\t\t\t\tCAT\u00c1LOGO DE COLORES\t\t\t\t\t\t<\/h2>\n\t\t\t\t\t\t<\/div>\n<\/div><\/div><div id=\"panel-130-2-0-1\" class=\"widget_text so-panel widget widget_custom_html\" data-index=\"5\" ><h3 class=\"widget-title\">COLORES S\u00d3LIDOS<\/h3><div class=\"textwidget custom-html-widget\"><ul class=\"colores\">\n \t<li><span class=\"cuadro\" style=\"background-color: #f2f2f2;\"> <\/span>PL50251 WHITE<\/li>\n \t<li><span class=\"cuadro\" style=\"background-color: #000000;\"> <\/span>PL56206 BLACK<\/li>\n \t<li><span class=\"cuadro\" style=\"background-color: #eee8c7;\"> <\/span>PL55309 CREAM<\/li>\n \t<li><span class=\"cuadro\" style=\"background-color: #8d2703;\"> <\/span>PL53254 BURGUNDY<\/li>\n \t<li><span class=\"cuadro\" style=\"background-color: #d5ac78;\"> <\/span>PL55322 CAPPUCCINO<\/li>\n \t<li><span class=\"cuadro\" style=\"background-color: #4a0429;\"> <\/span>PL53261 VIOLET<\/li>\n \t<li><span class=\"cuadro\" style=\"background-color: #d5201e;\"> <\/span>PL53265RED<\/li>\n \t<li><span class=\"cuadro\" style=\"background-color: #4c1c02;\"> <\/span>PL57219 BROWN<\/li>\n \t<li><span class=\"cuadro\" style=\"background-color: #56503b;\"> <\/span>PL55342 LAVA<\/li>\n \t<li><span class=\"cuadro\" style=\"background-color: #838f12;\"> <\/span>PL54264 PISTACHIO<\/li>\n \t<li><span class=\"cuadro\" style=\"background-color: #ffa000;\"> <\/span>PL93201 ORANGE<\/li>\n \t<li><span class=\"cuadro\" style=\"background-color: #162a57;\"> <\/span>PL51282 BLUE<\/li>\n \t<li><span class=\"cuadro\" style=\"background-color: #fde2b7;\"> <\/span>PL55325 VANILLA<\/li>\n \t<li><span class=\"cuadro\" style=\"background-color: #4a0400;\"> <\/span>PL55340 BROWN GREY<\/li>\n \t<li><span class=\"cuadro\" style=\"background-color: #f2eeeb;\"> <\/span>PL55332 MUSSEL<\/li>\n \t<li><span class=\"cuadro\" style=\"background-color: #b1a490;\"> <\/span>PL55333 DAKAR<\/li>\n \t<li><span class=\"cuadro\" style=\"background-color: #aba294;\"> <\/span>PL55334 STONE GREY<\/li>\n \t<li><span class=\"cuadro\" style=\"background-color: #0b1011;\"> <\/span>PL55348 DARK GREY<\/li>\n \t<li><span class=\"cuadro\" style=\"background-color: #c8c8c8;\"> <\/span>PL55308 GREY<\/li>\n \t<li><span class=\"cuadro\" style=\"background-color: #f8cd29;\"> <\/span>PL52235 YELLOW<\/li>\n \t<li><span class=\"cuadro\" style=\"background-color: #e5eae4;\"> <\/span>PL50262 POLAR WHITE<\/li>\n \t<li><span class=\"cuadro\" style=\"background-color: #98d75b;\"> <\/span>PL54261 GREEN<\/li>\n \t<li><span class=\"cuadro\" style=\"background-color: #f4e8d2;\"> <\/span>PL55356 SAND<\/li>\n \t<li><span class=\"cuadro\" style=\"background-color: #fffae5;\"> <\/span>PL55357 MAGNOLIA<\/li>\n \t<li><span class=\"cuadro\" style=\"background-color: #e2d7ce;\"> <\/span>PL55358 KHASMIR<\/li>\n \t<li><span class=\"cuadro\" style=\"background-color: #494949;\"> <\/span>PL55359 GREY TAUPE<\/li>\n<\/ul><\/div><\/div><div id=\"panel-130-2-0-2\" class=\"widget_text so-panel widget widget_custom_html panel-last-child\" data-index=\"6\" ><h3 class=\"widget-title\">COLORES METALIZADOS<\/h3><div class=\"textwidget custom-html-widget\"><ul class=\"colores\">\n \t<li><span class=\"cuadro\" style=\"background-color: #a8a8a8;\"> <\/span>PL58217 METALLIC GREY<\/li>\n \t<li><span class=\"cuadro\" style=\"background-color: #8e8e8e;\"> <\/span>PL88205 MET. ANTHRACITE<\/li>\n \t<li><span class=\"cuadro\" style=\"background-color: #8fbaba; border: solid 1px #e1e1e1;\"> <\/span>PL88204 MET. PEARL<\/li>\n \t<li><span class=\"cuadro\" style=\"background-color: #ffffff; border: solid 1px #e1e1e1;\"> <\/span>PL88207 METALLIC WHITE<\/li>\n<\/ul><\/div><\/div><\/div><\/div><div id=\"pg-130-3\"  class=\"panel-grid panel-no-style\" ><div id=\"pgc-130-3-0\"  class=\"panel-grid-cell\" ><div id=\"panel-130-3-0-0\" class=\"so-panel widget widget_sow-editor panel-first-child\" data-index=\"7\" ><div\n\t\t\t\n\t\t\tclass=\"so-widget-sow-editor so-widget-sow-editor-base\"\n\t\t\t\n\t\t><h3 class=\"widget-title\">FORMATOS<\/h3>\n<div class=\"siteorigin-widget-tinymce textwidget\">\n\t<div class=\"siteorigin-widget-tinymce textwidget\">\n<h4>DIMENSIONES<\/h4>\n<ul>\n<li>Espesor: 0,80 \u2013 0,95mm<\/li>\n<li>Ancho: 1.220mm (Hasta 1.300mm)<\/li>\n<li>Largo: 2.440\/2.800\/3.050\/3.660mm<\/li>\n<\/ul>\n<h4>PRESENTACI\u00d3N<\/h4>\n<p>Las planchas <strong>Premium Acrylic<\/strong> son suministradas con tratamiento corona en la cara inferior para favorecer su adherencia con la cola PUR. Se recomienda una correcta manipulaci\u00f3n y almacenaje de las planchas para que no pierdan propiedades.<\/p>\n<p>La cara superior se suministra con un film de protecci\u00f3n de PE (Polietileno) para proteger el material, que se retirar\u00e1 una vez instalado el mueble.<\/p>\n<p>En el suministro del las planchas Premium Acrylic se emplea un packaging adaptado a fin de proteger el material de golpes y de suciedad tanto en el transporte como en las manipulaciones.<\/p>\n<\/div>\n<\/div>\n<\/div><\/div><div id=\"panel-130-3-0-1\" class=\"so-panel widget widget_sow-editor\" data-index=\"8\" ><div\n\t\t\t\n\t\t\tclass=\"so-widget-sow-editor so-widget-sow-editor-base\"\n\t\t\t\n\t\t><h3 class=\"widget-title\">IGUALACI\u00d3N DE COLORES<\/h3>\n<div class=\"siteorigin-widget-tinymce textwidget\">\n\t<div class=\"siteorigin-widget-tinymce textwidget\">\n<p>Para cada uno de los colores en cat\u00e1logo de nuestras l\u00e1minas Premium Acrylic, ponemos a disposici\u00f3n de nuestros clientes el mismo color en <strong>HIPS (Poliestireno de Alto Impacto)<\/strong> en 0,8mm de espesor para ser utilizado como contra-cara o backing.<\/p>\n<p>Una alternativa econ\u00f3mica, efectiva y elegante para evitar el curvado (bending) de los tableros.<\/p>\n<\/div>\n<\/div>\n<\/div><\/div><div id=\"panel-130-3-0-2\" class=\"so-panel widget widget_sow-editor\" data-index=\"9\" ><div\n\t\t\t\n\t\t\tclass=\"so-widget-sow-editor so-widget-sow-editor-base\"\n\t\t\t\n\t\t><h3 class=\"widget-title\">\u00bfC\u00d3MO PROCESAR EL MATERIAL?<\/h3>\n<div class=\"siteorigin-widget-tinymce textwidget\">\n\t<div class=\"siteorigin-widget-tinymce textwidget\">\n<p>Para un correcto laminado de las planchas Premium Acrylic sobre tablero, es preciso utilizar una maquinaria (Flatlam) y una cola (PUR) adecuada, adem\u00e1s de contar con un espacio que re\u00fana las caracter\u00edsticas adecuadas para alcanzar la una calidad \u00f3ptima. Si fuera necesario podemos asesorar o dar el contacto correspondiente de posibles proveedores a nuestros clientes o potenciales.<\/p>\n<p><strong><a href=\"\/1-que-tipo-de-maquinaria-es-necesaria-para-laminar-nuestro-norsan-high-gloss\/\" target=\"_blank\" rel=\"noopener\"><img loading=\"lazy\" decoding=\"async\" class=\"alignnone size-full wp-image-166\" src=\"https:\/\/www.plasnor.com\/wp-content\/uploads\/2023\/04\/icono-link2.gif\" alt=\"\" width=\"22\" height=\"16\" title=\"\">&nbsp;Saber m\u00e1s<\/a><\/strong><\/p>\n<p>Una vez laminados, los tableros se procesan (mecanizado, taladrado etc) con maquinaria convencional de carpinter\u00eda.<\/p>\n<\/div>\n<\/div>\n<\/div><\/div><div id=\"panel-130-3-0-3\" class=\"so-panel widget widget_sow-editor panel-last-child\" data-index=\"10\" ><div\n\t\t\t\n\t\t\tclass=\"so-widget-sow-editor so-widget-sow-editor-base\"\n\t\t\t\n\t\t><h3 class=\"widget-title\">GALER\u00cdA DE FOTOS<\/h3>\n<div class=\"siteorigin-widget-tinymce textwidget\">\n\t<div class=\"siteorigin-widget-tinymce textwidget\">\n<div id='gallery-1' class='gallery galleryid-130 gallery-columns-3 gallery-size-full'><figure class='gallery-item'>\n\t\t\t<div class='gallery-icon landscape'>\n\t\t\t\t<a href='https:\/\/www.plasnor.com\/wp-content\/uploads\/2023\/04\/cocina-sol-metal-1.jpg'><img loading=\"lazy\" decoding=\"async\" width=\"1200\" height=\"857\" src=\"https:\/\/www.plasnor.com\/wp-content\/uploads\/2023\/04\/cocina-sol-metal-1.jpg\" class=\"attachment-full size-full\" alt=\"\" srcset=\"https:\/\/www.plasnor.com\/wp-content\/uploads\/2023\/04\/cocina-sol-metal-1.jpg 1200w, https:\/\/www.plasnor.com\/wp-content\/uploads\/2023\/04\/cocina-sol-metal-1-300x214.jpg 300w, https:\/\/www.plasnor.com\/wp-content\/uploads\/2023\/04\/cocina-sol-metal-1-1024x731.jpg 1024w, https:\/\/www.plasnor.com\/wp-content\/uploads\/2023\/04\/cocina-sol-metal-1-768x548.jpg 768w\" sizes=\"auto, (max-width: 1200px) 100vw, 1200px\" title=\"\"><\/a>\n\t\t\t<\/div><\/figure><figure class='gallery-item'>\n\t\t\t<div class='gallery-icon landscape'>\n\t\t\t\t<a href='https:\/\/www.plasnor.com\/wp-content\/uploads\/2023\/04\/cocina-sol-metal-2.jpg'><img loading=\"lazy\" decoding=\"async\" width=\"1200\" height=\"857\" src=\"https:\/\/www.plasnor.com\/wp-content\/uploads\/2023\/04\/cocina-sol-metal-2.jpg\" class=\"attachment-full size-full\" alt=\"\" srcset=\"https:\/\/www.plasnor.com\/wp-content\/uploads\/2023\/04\/cocina-sol-metal-2.jpg 1200w, https:\/\/www.plasnor.com\/wp-content\/uploads\/2023\/04\/cocina-sol-metal-2-300x214.jpg 300w, https:\/\/www.plasnor.com\/wp-content\/uploads\/2023\/04\/cocina-sol-metal-2-1024x731.jpg 1024w, https:\/\/www.plasnor.com\/wp-content\/uploads\/2023\/04\/cocina-sol-metal-2-768x548.jpg 768w\" sizes=\"auto, (max-width: 1200px) 100vw, 1200px\" title=\"\"><\/a>\n\t\t\t<\/div><\/figure><figure class='gallery-item'>\n\t\t\t<div class='gallery-icon landscape'>\n\t\t\t\t<a href='https:\/\/www.plasnor.com\/wp-content\/uploads\/2023\/04\/cocina-sol-metal-3.jpg'><img loading=\"lazy\" decoding=\"async\" width=\"1200\" height=\"857\" src=\"https:\/\/www.plasnor.com\/wp-content\/uploads\/2023\/04\/cocina-sol-metal-3.jpg\" class=\"attachment-full size-full\" alt=\"\" srcset=\"https:\/\/www.plasnor.com\/wp-content\/uploads\/2023\/04\/cocina-sol-metal-3.jpg 1200w, https:\/\/www.plasnor.com\/wp-content\/uploads\/2023\/04\/cocina-sol-metal-3-300x214.jpg 300w, https:\/\/www.plasnor.com\/wp-content\/uploads\/2023\/04\/cocina-sol-metal-3-1024x731.jpg 1024w, https:\/\/www.plasnor.com\/wp-content\/uploads\/2023\/04\/cocina-sol-metal-3-768x548.jpg 768w\" sizes=\"auto, (max-width: 1200px) 100vw, 1200px\" title=\"\"><\/a>\n\t\t\t<\/div><\/figure><figure class='gallery-item'>\n\t\t\t<div class='gallery-icon landscape'>\n\t\t\t\t<a href='https:\/\/www.plasnor.com\/wp-content\/uploads\/2023\/04\/cocina-sol-metal-4.jpg'><img loading=\"lazy\" decoding=\"async\" width=\"1200\" height=\"857\" src=\"https:\/\/www.plasnor.com\/wp-content\/uploads\/2023\/04\/cocina-sol-metal-4.jpg\" class=\"attachment-full size-full\" alt=\"\" srcset=\"https:\/\/www.plasnor.com\/wp-content\/uploads\/2023\/04\/cocina-sol-metal-4.jpg 1200w, https:\/\/www.plasnor.com\/wp-content\/uploads\/2023\/04\/cocina-sol-metal-4-300x214.jpg 300w, https:\/\/www.plasnor.com\/wp-content\/uploads\/2023\/04\/cocina-sol-metal-4-1024x731.jpg 1024w, https:\/\/www.plasnor.com\/wp-content\/uploads\/2023\/04\/cocina-sol-metal-4-768x548.jpg 768w\" sizes=\"auto, (max-width: 1200px) 100vw, 1200px\" title=\"\"><\/a>\n\t\t\t<\/div><\/figure><figure class='gallery-item'>\n\t\t\t<div class='gallery-icon landscape'>\n\t\t\t\t<a href='https:\/\/www.plasnor.com\/wp-content\/uploads\/2023\/04\/cocina-sol-metal-5.jpg'><img loading=\"lazy\" decoding=\"async\" width=\"1200\" height=\"857\" src=\"https:\/\/www.plasnor.com\/wp-content\/uploads\/2023\/04\/cocina-sol-metal-5.jpg\" class=\"attachment-full size-full\" alt=\"\" srcset=\"https:\/\/www.plasnor.com\/wp-content\/uploads\/2023\/04\/cocina-sol-metal-5.jpg 1200w, https:\/\/www.plasnor.com\/wp-content\/uploads\/2023\/04\/cocina-sol-metal-5-300x214.jpg 300w, https:\/\/www.plasnor.com\/wp-content\/uploads\/2023\/04\/cocina-sol-metal-5-1024x731.jpg 1024w, https:\/\/www.plasnor.com\/wp-content\/uploads\/2023\/04\/cocina-sol-metal-5-768x548.jpg 768w\" sizes=\"auto, (max-width: 1200px) 100vw, 1200px\" title=\"\"><\/a>\n\t\t\t<\/div><\/figure>\n\t\t<\/div>\n\n<\/div>\n<\/div>\n<\/div><\/div><\/div><\/div><\/div>","protected":false},"excerpt":{"rendered":"<p>Nuestras planchas Premium Acrylic disponen de la m\u00e1xima resistencia al rayado de las superficies acr\u00edlicas no lacadas, duplicando &#8230; <a title=\"S\u00f3lidos &#038; metalizados\" class=\"read-more\" href=\"https:\/\/www.plasnor.com\/es\/mueble-norsan-high-gloss\/solidos-metalizados\/\" aria-label=\"Leer m\u00e1s sobre S\u00f3lidos &#038; metalizados\">[ + info ]<\/a><\/p>\n","protected":false},"author":1,"featured_media":0,"parent":25,"menu_order":0,"comment_status":"closed","ping_status":"closed","template":"","meta":{"footnotes":""},"categories":[8],"tags":[],"class_list":{"0":"post-130","1":"page","2":"type-page","3":"status-publish","5":"category-page-mueble"},"_links":{"self":[{"href":"https:\/\/www.plasnor.com\/es\/wp-json\/wp\/v2\/pages\/130","targetHints":{"allow":["GET"]}}],"collection":[{"href":"https:\/\/www.plasnor.com\/es\/wp-json\/wp\/v2\/pages"}],"about":[{"href":"https:\/\/www.plasnor.com\/es\/wp-json\/wp\/v2\/types\/page"}],"author":[{"embeddable":true,"href":"https:\/\/www.plasnor.com\/es\/wp-json\/wp\/v2\/users\/1"}],"replies":[{"embeddable":true,"href":"https:\/\/www.plasnor.com\/es\/wp-json\/wp\/v2\/comments?post=130"}],"version-history":[{"count":0,"href":"https:\/\/www.plasnor.com\/es\/wp-json\/wp\/v2\/pages\/130\/revisions"}],"up":[{"embeddable":true,"href":"https:\/\/www.plasnor.com\/es\/wp-json\/wp\/v2\/pages\/25"}],"wp:attachment":[{"href":"https:\/\/www.plasnor.com\/es\/wp-json\/wp\/v2\/media?parent=130"}],"wp:term":[{"taxonomy":"category","embeddable":true,"href":"https:\/\/www.plasnor.com\/es\/wp-json\/wp\/v2\/categories?post=130"},{"taxonomy":"post_tag","embeddable":true,"href":"https:\/\/www.plasnor.com\/es\/wp-json\/wp\/v2\/tags?post=130"}],"curies":[{"name":"wp","href":"https:\/\/api.w.org\/{rel}","templated":true}]}}