{"id":140,"date":"2023-04-20T22:42:25","date_gmt":"2023-04-20T20:42:25","guid":{"rendered":"https:\/\/www.plasnor.com\/?page_id=140"},"modified":"2024-02-05T16:48:09","modified_gmt":"2024-02-05T15:48:09","slug":"los-10-colores-tendencia","status":"publish","type":"page","link":"https:\/\/www.plasnor.com\/es\/mueble-norsan-high-gloss\/los-10-colores-tendencia\/","title":{"rendered":"Los 10 colores tendencia"},"content":{"rendered":"<div id=\"pl-140\"  class=\"panel-layout\" ><div id=\"pg-140-0\"  class=\"panel-grid panel-no-style\" ><div id=\"pgc-140-0-0\"  class=\"panel-grid-cell\" ><div id=\"panel-140-0-0-0\" class=\"so-panel widget widget_sow-editor panel-first-child panel-last-child\" data-index=\"0\" ><div\n\t\t\t\n\t\t\tclass=\"so-widget-sow-editor so-widget-sow-editor-base\"\n\t\t\t\n\t\t>\n<div class=\"siteorigin-widget-tinymce textwidget\">\n\t<p>Plasnor presenta los 10 colores que marcar\u00e1n tendencia en los pr\u00f3ximos a\u00f1os en la industria del mueble. Los colores blancos, marrones o grises no desaparecen, pero el uso de una gama de colores m\u00e1s amplia ha ganado terreno en los \u00faltimos a\u00f1os. Esto ha dado espacio a nuevos colores y la combinaci\u00f3n de los mismos para lograr cocinas modernas y actualizadas.<\/p>\n<p>Todos estos colores est\u00e1n adem\u00e1s disponibles en la calidad Premium Acrylic, que cuanta con la m\u00e1xima resistencia al rayado de las superficies acr\u00edlicas no lacadas, duplicando la resistencia al rayado de la Calidad est\u00e1ndar del mercado.<\/p>\n<p><img loading=\"lazy\" decoding=\"async\" class=\"aligncenter wp-image-15098 size-large\" src=\"https:\/\/www.plasnor.com\/wp-content\/uploads\/2023\/04\/cocina-nuevos-colores-3-1024x724.jpg\" alt=\"\" width=\"1024\" height=\"724\" srcset=\"https:\/\/www.plasnor.com\/wp-content\/uploads\/2023\/04\/cocina-nuevos-colores-3-1024x724.jpg 1024w, https:\/\/www.plasnor.com\/wp-content\/uploads\/2023\/04\/cocina-nuevos-colores-3-300x212.jpg 300w, https:\/\/www.plasnor.com\/wp-content\/uploads\/2023\/04\/cocina-nuevos-colores-3-768x543.jpg 768w, https:\/\/www.plasnor.com\/wp-content\/uploads\/2023\/04\/cocina-nuevos-colores-3.jpg 1200w\" sizes=\"auto, (max-width: 1024px) 100vw, 1024px\" title=\"\"><\/p>\n<\/div>\n<\/div><\/div><\/div><\/div><div id=\"pg-140-1\"  class=\"panel-grid panel-no-style\" ><div id=\"pgc-140-1-0\"  class=\"panel-grid-cell\" ><div id=\"panel-140-1-0-0\" class=\"so-panel widget widget_sow-editor panel-first-child\" data-index=\"1\" ><div\n\t\t\t\n\t\t\tclass=\"so-widget-sow-editor so-widget-sow-editor-base\"\n\t\t\t\n\t\t>\n<div class=\"siteorigin-widget-tinymce textwidget\">\n\t<p><strong>Siguiendo la tendencia de los principales mercados y fabricantes internacionales, estos son los colores que marcar\u00e1n la diferencia en los pr\u00f3ximos a\u00f1os:&nbsp;<\/strong><\/p>\n<\/div>\n<\/div><\/div><div id=\"panel-140-1-0-1\" class=\"widget_text so-panel widget widget_custom_html panel-last-child\" data-index=\"2\" ><div class=\"textwidget custom-html-widget\"><ul class=\"colores\">\n<li><span class=\"cuadro\" style=\"background-color: #2a292a;\"> <\/span>GRAPHITE<\/li>\n<li><span class=\"cuadro\" style=\"background-color: #868685;\"> <\/span>ONYX GREY<\/li>\n<li><span class=\"cuadro\" style=\"background-color: #6c6c6c;\"> <\/span>DUST GREY<\/li>\n<li><span class=\"cuadro\" style=\"background-color: #b9b8b6;\"> <\/span>LIGHT GREY<\/li>\n<li><span class=\"cuadro\" style=\"background-color: #b4aba3;\"> <\/span>CASHMERE<\/li>\n<li><span class=\"cuadro\" style=\"background-color: #9d978e;\"> <\/span>PEBBLE<\/li>\n<li><span class=\"cuadro\" style=\"background-color: #d5d6d7;\"> <\/span>ALPINE WHITE<\/li>\n<li><span class=\"cuadro\" style=\"background-color: #080d14;\"> <\/span>\u00cdNDIGO<\/li>\n<li><span class=\"cuadro\" style=\"background-color: #92a6b7;\"> <\/span>DENIM<\/li>\n<li><span class=\"cuadro\" style=\"background-color: #748889;\"> <\/span>FJORD<\/li>\n<\/ul><\/div><\/div><\/div><\/div><div id=\"pg-140-2\"  class=\"panel-grid panel-no-style\" ><div id=\"pgc-140-2-0\"  class=\"panel-grid-cell\" ><div id=\"panel-140-2-0-0\" class=\"so-panel widget widget_sow-editor panel-first-child\" data-index=\"3\" ><div\n\t\t\t\n\t\t\tclass=\"so-widget-sow-editor so-widget-sow-editor-base\"\n\t\t\t\n\t\t>\n<div class=\"siteorigin-widget-tinymce textwidget\">\n\t<p>Tras el monopolio del blanco en la cocina, el color encuentra su hueco a\u00f1o tras a\u00f1o. Los colores azulados o verdosos como el Denim o el Fjord se van abriendo camino entre los colores tierra, o los derivados del gris o del negro, que siguen manteniendo su liderato entre los colores m\u00e1s utilizados en muebles de cocina. Combinarlos con elementos naturales como la madera, ser\u00e1 la guinda para una cocina ideal.<\/p>\n<p>El color negro y sus tonalidades, como el \u00cdndigo, Graphite, el Dust grey, o el Onix grey siempre se asocian a la est\u00e9tica cosmopolita y a la elegancia a prueba de modas.<\/p>\n<p><img loading=\"lazy\" decoding=\"async\" class=\"aligncenter wp-image-15106 size-full\" src=\"https:\/\/www.plasnor.com\/wp-content\/uploads\/2023\/04\/10-colors-tendencia-coches.jpg\" alt=\"\" width=\"885\" height=\"394\" srcset=\"https:\/\/www.plasnor.com\/wp-content\/uploads\/2023\/04\/10-colors-tendencia-coches.jpg 885w, https:\/\/www.plasnor.com\/wp-content\/uploads\/2023\/04\/10-colors-tendencia-coches-300x134.jpg 300w, https:\/\/www.plasnor.com\/wp-content\/uploads\/2023\/04\/10-colors-tendencia-coches-768x342.jpg 768w\" sizes=\"auto, (max-width: 885px) 100vw, 885px\" title=\"\"><\/p>\n<\/div>\n<\/div><\/div><div id=\"panel-140-2-0-1\" class=\"so-panel widget widget_sow-editor panel-last-child\" data-index=\"4\" ><div\n\t\t\t\n\t\t\tclass=\"so-widget-sow-editor so-widget-sow-editor-base\"\n\t\t\t\n\t\t><h3 class=\"widget-title\">GALER\u00cdA DE FOTOS<\/h3>\n<div class=\"siteorigin-widget-tinymce textwidget\">\n\t<div class=\"siteorigin-widget-tinymce textwidget\">\n<div id='gallery-1' class='gallery galleryid-140 gallery-columns-3 gallery-size-full'><figure class='gallery-item'>\n\t\t\t<div class='gallery-icon landscape'>\n\t\t\t\t<a href='https:\/\/www.plasnor.com\/wp-content\/uploads\/2019\/09\/cocina-nuevos-colores-1.jpg'><img loading=\"lazy\" decoding=\"async\" width=\"1200\" height=\"849\" src=\"https:\/\/www.plasnor.com\/wp-content\/uploads\/2019\/09\/cocina-nuevos-colores-1.jpg\" class=\"attachment-full size-full\" alt=\"\" srcset=\"https:\/\/www.plasnor.com\/wp-content\/uploads\/2019\/09\/cocina-nuevos-colores-1.jpg 1200w, https:\/\/www.plasnor.com\/wp-content\/uploads\/2019\/09\/cocina-nuevos-colores-1-300x212.jpg 300w, https:\/\/www.plasnor.com\/wp-content\/uploads\/2019\/09\/cocina-nuevos-colores-1-1024x724.jpg 1024w, https:\/\/www.plasnor.com\/wp-content\/uploads\/2019\/09\/cocina-nuevos-colores-1-768x543.jpg 768w\" sizes=\"auto, (max-width: 1200px) 100vw, 1200px\" title=\"\"><\/a>\n\t\t\t<\/div><\/figure><figure class='gallery-item'>\n\t\t\t<div class='gallery-icon landscape'>\n\t\t\t\t<a href='https:\/\/www.plasnor.com\/wp-content\/uploads\/2023\/04\/cocina-nuevos-colores-2.jpg'><img loading=\"lazy\" decoding=\"async\" width=\"1200\" height=\"849\" src=\"https:\/\/www.plasnor.com\/wp-content\/uploads\/2023\/04\/cocina-nuevos-colores-2.jpg\" class=\"attachment-full size-full\" alt=\"\" srcset=\"https:\/\/www.plasnor.com\/wp-content\/uploads\/2023\/04\/cocina-nuevos-colores-2.jpg 1200w, https:\/\/www.plasnor.com\/wp-content\/uploads\/2023\/04\/cocina-nuevos-colores-2-300x212.jpg 300w, https:\/\/www.plasnor.com\/wp-content\/uploads\/2023\/04\/cocina-nuevos-colores-2-1024x724.jpg 1024w, https:\/\/www.plasnor.com\/wp-content\/uploads\/2023\/04\/cocina-nuevos-colores-2-768x543.jpg 768w\" sizes=\"auto, (max-width: 1200px) 100vw, 1200px\" title=\"\"><\/a>\n\t\t\t<\/div><\/figure><figure class='gallery-item'>\n\t\t\t<div class='gallery-icon landscape'>\n\t\t\t\t<a href='https:\/\/www.plasnor.com\/wp-content\/uploads\/2023\/04\/cocina-nuevos-colores-3.jpg'><img loading=\"lazy\" decoding=\"async\" width=\"1200\" height=\"849\" src=\"https:\/\/www.plasnor.com\/wp-content\/uploads\/2023\/04\/cocina-nuevos-colores-3.jpg\" class=\"attachment-full size-full\" alt=\"\" srcset=\"https:\/\/www.plasnor.com\/wp-content\/uploads\/2023\/04\/cocina-nuevos-colores-3.jpg 1200w, https:\/\/www.plasnor.com\/wp-content\/uploads\/2023\/04\/cocina-nuevos-colores-3-300x212.jpg 300w, https:\/\/www.plasnor.com\/wp-content\/uploads\/2023\/04\/cocina-nuevos-colores-3-1024x724.jpg 1024w, https:\/\/www.plasnor.com\/wp-content\/uploads\/2023\/04\/cocina-nuevos-colores-3-768x543.jpg 768w\" sizes=\"auto, (max-width: 1200px) 100vw, 1200px\" title=\"\"><\/a>\n\t\t\t<\/div><\/figure><figure class='gallery-item'>\n\t\t\t<div class='gallery-icon landscape'>\n\t\t\t\t<a href='https:\/\/www.plasnor.com\/wp-content\/uploads\/2023\/04\/cocina-nuevos-colores-4.jpg'><img loading=\"lazy\" decoding=\"async\" width=\"1200\" height=\"849\" src=\"https:\/\/www.plasnor.com\/wp-content\/uploads\/2023\/04\/cocina-nuevos-colores-4.jpg\" class=\"attachment-full size-full\" alt=\"\" srcset=\"https:\/\/www.plasnor.com\/wp-content\/uploads\/2023\/04\/cocina-nuevos-colores-4.jpg 1200w, https:\/\/www.plasnor.com\/wp-content\/uploads\/2023\/04\/cocina-nuevos-colores-4-300x212.jpg 300w, https:\/\/www.plasnor.com\/wp-content\/uploads\/2023\/04\/cocina-nuevos-colores-4-1024x724.jpg 1024w, https:\/\/www.plasnor.com\/wp-content\/uploads\/2023\/04\/cocina-nuevos-colores-4-768x543.jpg 768w\" sizes=\"auto, (max-width: 1200px) 100vw, 1200px\" title=\"\"><\/a>\n\t\t\t<\/div><\/figure>\n\t\t<\/div>\n\n<\/div>\n<\/div>\n<\/div><\/div><\/div><\/div><\/div>","protected":false},"excerpt":{"rendered":"<p>Plasnor presenta los 10 colores que marcar\u00e1n tendencia en los pr\u00f3ximos a\u00f1os en la industria del mueble. Los &#8230; <a title=\"Los 10 colores tendencia\" class=\"read-more\" href=\"https:\/\/www.plasnor.com\/es\/mueble-norsan-high-gloss\/los-10-colores-tendencia\/\" aria-label=\"Leer m\u00e1s sobre Los 10 colores tendencia\">[ + info ]<\/a><\/p>\n","protected":false},"author":1,"featured_media":0,"parent":25,"menu_order":0,"comment_status":"closed","ping_status":"closed","template":"","meta":{"footnotes":""},"categories":[8],"tags":[],"class_list":{"0":"post-140","1":"page","2":"type-page","3":"status-publish","5":"category-page-mueble"},"_links":{"self":[{"href":"https:\/\/www.plasnor.com\/es\/wp-json\/wp\/v2\/pages\/140","targetHints":{"allow":["GET"]}}],"collection":[{"href":"https:\/\/www.plasnor.com\/es\/wp-json\/wp\/v2\/pages"}],"about":[{"href":"https:\/\/www.plasnor.com\/es\/wp-json\/wp\/v2\/types\/page"}],"author":[{"embeddable":true,"href":"https:\/\/www.plasnor.com\/es\/wp-json\/wp\/v2\/users\/1"}],"replies":[{"embeddable":true,"href":"https:\/\/www.plasnor.com\/es\/wp-json\/wp\/v2\/comments?post=140"}],"version-history":[{"count":0,"href":"https:\/\/www.plasnor.com\/es\/wp-json\/wp\/v2\/pages\/140\/revisions"}],"up":[{"embeddable":true,"href":"https:\/\/www.plasnor.com\/es\/wp-json\/wp\/v2\/pages\/25"}],"wp:attachment":[{"href":"https:\/\/www.plasnor.com\/es\/wp-json\/wp\/v2\/media?parent=140"}],"wp:term":[{"taxonomy":"category","embeddable":true,"href":"https:\/\/www.plasnor.com\/es\/wp-json\/wp\/v2\/categories?post=140"},{"taxonomy":"post_tag","embeddable":true,"href":"https:\/\/www.plasnor.com\/es\/wp-json\/wp\/v2\/tags?post=140"}],"curies":[{"name":"wp","href":"https:\/\/api.w.org\/{rel}","templated":true}]}}