{"id":146,"date":"2023-04-20T22:45:11","date_gmt":"2023-04-20T20:45:11","guid":{"rendered":"https:\/\/www.plasnor.com\/?page_id=146"},"modified":"2024-02-05T16:43:55","modified_gmt":"2024-02-05T15:43:55","slug":"faq","status":"publish","type":"page","link":"https:\/\/www.plasnor.com\/es\/mueble-norsan-high-gloss\/faq\/","title":{"rendered":"FAQ"},"content":{"rendered":"<div id=\"pl-146\"  class=\"panel-layout\" ><div id=\"pg-146-0\"  class=\"panel-grid panel-no-style\" ><div id=\"pgc-146-0-0\"  class=\"panel-grid-cell\" ><div id=\"panel-146-0-0-0\" class=\"so-panel widget widget_sow-blog panel-first-child panel-last-child\" data-index=\"0\" ><div class=\"page-faq panel-widget-style panel-widget-style-for-146-0-0-0\" ><div\n\t\t\t\n\t\t\tclass=\"so-widget-sow-blog so-widget-sow-blog-standard-af6faceb2d6f-146\"\n\t\t\t\n\t\t>\t\t<div\n\t\tclass=\"sow-blog sow-blog-layout-standard\"\n\t\tdata-template=\"standard\"\n\t\tdata-settings=\"{&quot;columns&quot;:false,&quot;featured_image_size&quot;:&quot;full&quot;,&quot;featured_image_size_width&quot;:&quot;&quot;,&quot;featured_image_size_height&quot;:&quot;&quot;,&quot;tag&quot;:&quot;h2&quot;,&quot;content&quot;:&quot;full&quot;,&quot;read_more&quot;:true,&quot;excerpt_length&quot;:55,&quot;filter_categories&quot;:false,&quot;so_field_container_state&quot;:&quot;open&quot;,&quot;featured_image&quot;:false,&quot;date&quot;:false,&quot;author&quot;:false,&quot;categories&quot;:false,&quot;tags&quot;:false,&quot;comment_count&quot;:false,&quot;featured_image_empty&quot;:true,&quot;trim_manual_excerpt&quot;:&quot;&quot;,&quot;template&quot;:&quot;standard&quot;}\"\n\t\tdata-paged=\"1\"\n\t\tdata-paging-id=\"af6faceb2d6f\"\n\t\tdata-total-pages=\"0\"\n\t\tdata-hash=\"4173a068\"\n\t>\n\t\t\n\t\t\t\t\t\t\t<div class=\"sow-blog-posts\">\n\t\t\t\t<article id=\"post-171\" class=\"post-171 post type-post status-publish format-standard hentry category-faq generate-columns tablet-grid-50 mobile-grid-100 grid-parent grid-25\" style=\"margin: 0 0 40px\">\n\t\t\t\t<div class=\"sow-blog-content-wrapper\"\n\t\t style=\"padding: 25px 30px 38px;\">\n\t\t\t\t<header class=\"sow-entry-header\">\n\t\t\t<h2 class=\"sow-entry-title\" style=\"margin: 0 0 5px;\"><a href=\"https:\/\/www.plasnor.com\/es\/01-que-tipo-de-maquinaria-es-necesaria-para-laminar-nuestro-norsan-high-gloss\/\" rel=\"bookmark\">01. \u00bfQU\u00c9 TIPO DE MAQUINARIA ES NECESARIA PARA LAMINAR NUESTRO NORSAN HIGH GLOSS?<\/a><\/h2>\t\t\t<div class=\"sow-entry-meta\">\n\t\t\t\t\n\t\t\n\t\t\n\t\t\t\t\t<\/div>\n\t\t<\/header>\n\n\t\t\t\t\t<div\n\t\t\t\tclass=\"sow-entry-content\"\n\t\t\t\tstyle=\"margin-top: 20px;\"\n\t\t\t>\n\t\t\t\t<p><img loading=\"lazy\" decoding=\"async\" class=\"alignnone wp-image-168 size-full\" src=\"https:\/\/www.plasnor.com\/wp-content\/uploads\/2023\/04\/diagrama-maquina-laminacion.gif\" alt=\"\" width=\"998\" height=\"430\" title=\"\"><\/p>\n<p>Es absolutamente necesaria la utilizaci\u00f3n de l\u00edneas de laminado de pegamento caliente PUR.<\/p>\n<p>Aqu\u00ed pueden ver un esquema b\u00e1sico de una l\u00ednea de producci\u00f3n.<\/p>\n<p data-wp-editing=\"1\"><strong><img loading=\"lazy\" decoding=\"async\" class=\"alignnone size-full wp-image-166\" src=\"https:\/\/www.plasnor.com\/wp-content\/uploads\/2023\/04\/icono-link2.gif\" alt=\"\" width=\"22\" height=\"16\" title=\"\"> <em><a href=\"https:\/\/www.barberan.com\/es\/laminado-de-paneles\/3-serie-compact-line.html\" target=\"_blank\" rel=\"noopener nofollow\">M\u00e1s informaci\u00f3n<\/a><\/em><\/strong><\/p>\n\t\t\t<\/div>\n\t\t\t\t<\/div>\n<\/article>\n<article id=\"post-173\" class=\"post-173 post type-post status-publish format-standard has-post-thumbnail hentry category-faq generate-columns tablet-grid-50 mobile-grid-100 grid-parent grid-25 resize-featured-image\" style=\"margin: 0 0 40px\">\n\t\t\t\t<div class=\"sow-blog-content-wrapper\"\n\t\t style=\"padding: 25px 30px 38px;\">\n\t\t\t\t<header class=\"sow-entry-header\">\n\t\t\t<h2 class=\"sow-entry-title\" style=\"margin: 0 0 5px;\"><a href=\"https:\/\/www.plasnor.com\/es\/02-cuanta-presion-debe-ser-utilizada-a-la-hora-de-aplicar-norsan-high-gloss-sobre-el-mdf\/\" rel=\"bookmark\">02. \u00bfCU\u00c1NTA PRESI\u00d3N DEBE SER UTILIZADA A LA HORA DE APLICAR NORSAN HIGH GLOSS SOBRE EL MDF?<\/a><\/h2>\t\t\t<div class=\"sow-entry-meta\">\n\t\t\t\t\n\t\t\n\t\t\n\t\t\t\t\t<\/div>\n\t\t<\/header>\n\n\t\t\t\t\t<div\n\t\t\t\tclass=\"sow-entry-content\"\n\t\t\t\tstyle=\"margin-top: 20px;\"\n\t\t\t>\n\t\t\t\t<p>La presi\u00f3n \u00f3ptima depende del substrato utilizado, (MDF \/ Aglomerado \/ contrachapado) as\u00ed como de la cantidad de pegamento aplicado. Normalmente, cuanto m\u00e1s alta es la presi\u00f3n m\u00e1s defectos pueden aparecer en la superficie, ya que el folio acr\u00edlico fotocopia las imperfecciones que la superficie del tablero pueda tener. Por otro lado, cuanta m\u00e1s alta es la presi\u00f3n mejor ser\u00e1 el pegado del folio sobre el MDF.<\/p>\n<p>Por lo que en definitiva, debemos buscar un t\u00e9rmino medio. Nuestros clientes prensan con una fuerza entre 0,1 mm y 0.3 mm<\/p>\n<p><img loading=\"lazy\" decoding=\"async\" class=\"alignnone wp-image-174 size-full\" src=\"https:\/\/www.plasnor.com\/wp-content\/uploads\/2023\/04\/esquema-cuanta-prsion-norsan-highgloss1.jpg\" alt=\"\" width=\"583\" height=\"252\" title=\"\" srcset=\"https:\/\/www.plasnor.com\/wp-content\/uploads\/2023\/04\/esquema-cuanta-prsion-norsan-highgloss1.jpg 583w, https:\/\/www.plasnor.com\/wp-content\/uploads\/2023\/04\/esquema-cuanta-prsion-norsan-highgloss1-300x130.jpg 300w\" sizes=\"auto, (max-width: 583px) 100vw, 583px\"><\/p>\n\t\t\t<\/div>\n\t\t\t\t<\/div>\n<\/article>\n<article id=\"post-176\" class=\"post-176 post type-post status-publish format-standard hentry category-faq generate-columns tablet-grid-50 mobile-grid-100 grid-parent grid-25\" style=\"margin: 0 0 40px\">\n\t\t\t\t<div class=\"sow-blog-content-wrapper\"\n\t\t style=\"padding: 25px 30px 38px;\">\n\t\t\t\t<header class=\"sow-entry-header\">\n\t\t\t<h2 class=\"sow-entry-title\" style=\"margin: 0 0 5px;\"><a href=\"https:\/\/www.plasnor.com\/es\/03-que-tipo-de-cola-es-necesario-aplicar\/\" rel=\"bookmark\">03. \u00bfQUE TIPO DE COLA ES NECESARIO APLICAR?<\/a><\/h2>\t\t\t<div class=\"sow-entry-meta\">\n\t\t\t\t\n\t\t\n\t\t\n\t\t\t\t\t<\/div>\n\t\t<\/header>\n\n\t\t\t\t\t<div\n\t\t\t\tclass=\"sow-entry-content\"\n\t\t\t\tstyle=\"margin-top: 20px;\"\n\t\t\t>\n\t\t\t\t<p>El pegamento debe ser PUR. No trate de aplicar otros pegamentos, nuestra experiencia nos dice que nunca funcionan correctamente. Nosotros recomendamos las siguientes referencias: Kleiberit ref. 709.3, Henkel ref. QR4663 o Jowat 609.20. Cualquier otro pegamento caliente PUR deber\u00eda funcionar bien. El pegamento debe alcanzar una temperatura de hasta 140\u00baC para que sea suficientemente l\u00edquido. El rodillo a trav\u00e9s del que se aplica el pegamento debe estar a una temperatura de unos 125\u00baC.<\/p>\n<p><a href=\"http:\/\/www.henkel.es\" target=\"_blank\" rel=\"noopener nofollow\"><img loading=\"lazy\" decoding=\"async\" class=\"alignnone size-full wp-image-166\" src=\"https:\/\/www.plasnor.com\/wp-content\/uploads\/2023\/04\/icono-link2.gif\" alt=\"\" width=\"22\" height=\"16\" title=\"\"> <em><strong>M\u00e1s informaci\u00f3n<\/strong><\/em><\/a><\/p>\n\t\t\t<\/div>\n\t\t\t\t<\/div>\n<\/article>\n<article id=\"post-178\" class=\"post-178 post type-post status-publish format-standard hentry category-faq generate-columns tablet-grid-50 mobile-grid-100 grid-parent grid-25\" style=\"margin: 0 0 40px\">\n\t\t\t\t<div class=\"sow-blog-content-wrapper\"\n\t\t style=\"padding: 25px 30px 38px;\">\n\t\t\t\t<header class=\"sow-entry-header\">\n\t\t\t<h2 class=\"sow-entry-title\" style=\"margin: 0 0 5px;\"><a href=\"https:\/\/www.plasnor.com\/es\/04-por-que-algunas-planchas-de-norsan-high-gloss-parecen-irregulares-sobre-el-pallet\/\" rel=\"bookmark\">04. \u00bfPOR QU\u00c9 ALGUNAS PLANCHAS DE NORSAN HIGH GLOSS PARECEN IRREGULARES SOBRE EL PALLET?<\/a><\/h2>\t\t\t<div class=\"sow-entry-meta\">\n\t\t\t\t\n\t\t\n\t\t\n\t\t\t\t\t<\/div>\n\t\t<\/header>\n\n\t\t\t\t\t<div\n\t\t\t\tclass=\"sow-entry-content\"\n\t\t\t\tstyle=\"margin-top: 20px;\"\n\t\t\t>\n\t\t\t\t<p>El metacrilato acr\u00edlico es un termopl\u00e1stico y es posible que en ocasiones aparezcan ondas en el folio durante su proceso de extrusionado. Estas ondas no afectan de ninguna manera a la calidad del tablero laminado, ya que al pegar el folio sobre el tablero, estas ondas desaparecen.<\/p>\n\t\t\t<\/div>\n\t\t\t\t<\/div>\n<\/article>\n<article id=\"post-230\" class=\"post-230 post type-post status-publish format-standard hentry category-faq generate-columns tablet-grid-50 mobile-grid-100 grid-parent grid-25\" style=\"margin: 0 0 40px\">\n\t\t\t\t<div class=\"sow-blog-content-wrapper\"\n\t\t style=\"padding: 25px 30px 38px;\">\n\t\t\t\t<header class=\"sow-entry-header\">\n\t\t\t<h2 class=\"sow-entry-title\" style=\"margin: 0 0 5px;\"><a href=\"https:\/\/www.plasnor.com\/es\/05-como-se-cantean-los-tableros-laminados-de-norsan-high-gloss\/\" rel=\"bookmark\">05. \u00bfC\u00d3MO SE CANTEAN LOS TABLEROS LAMINADOS DE NORSAN HIGH GLOSS?<\/a><\/h2>\t\t\t<div class=\"sow-entry-meta\">\n\t\t\t\t\n\t\t\n\t\t\n\t\t\t\t\t<\/div>\n\t\t<\/header>\n\n\t\t\t\t\t<div\n\t\t\t\tclass=\"sow-entry-content\"\n\t\t\t\tstyle=\"margin-top: 20px;\"\n\t\t\t>\n\t\t\t\t<p>En el mercado existen empresas especializadas en la fabricaci\u00f3n de cantos de ABS. Nuestra recomendaci\u00f3n es la empresa Dollken o Rehau, ya que en su cat\u00e1logo ofrecen toda nuestra gama colores.<\/p>\n\t\t\t<\/div>\n\t\t\t\t<\/div>\n<\/article>\n<article id=\"post-232\" class=\"post-232 post type-post status-publish format-standard hentry category-faq generate-columns tablet-grid-50 mobile-grid-100 grid-parent grid-25\" style=\"margin: 0 0 40px\">\n\t\t\t\t<div class=\"sow-blog-content-wrapper\"\n\t\t style=\"padding: 25px 30px 38px;\">\n\t\t\t\t<header class=\"sow-entry-header\">\n\t\t\t<h2 class=\"sow-entry-title\" style=\"margin: 0 0 5px;\"><a href=\"https:\/\/www.plasnor.com\/es\/06-es-posible-el-postformado-de-nuestro-norsan-high-gloss\/\" rel=\"bookmark\">06. \u00bfES POSIBLE EL POSTFORMADO DE NUESTRO NORSAN HIGH GLOSS?<\/a><\/h2>\t\t\t<div class=\"sow-entry-meta\">\n\t\t\t\t\n\t\t\n\t\t\n\t\t\t\t\t<\/div>\n\t\t<\/header>\n\n\t\t\t\t\t<div\n\t\t\t\tclass=\"sow-entry-content\"\n\t\t\t\tstyle=\"margin-top: 20px;\"\n\t\t\t>\n\t\t\t\t<p>Es posible postformar nuestro producto, y con la maquinaria adecuada se puede llegar a conseguir un radio m\u00ednimo de 1,5mm.<\/p>\n<p>El ABS\/PMMA es un termopl\u00e1stico, esto quiere decir que su forma se puede modificar si se le aplica el calor adecuado. El aspecto m\u00e1s importante es aplicar el calor justo en el \u00e1ngulo. El calor aplicado deber\u00eda ser superior a 110\u00baC.ss<\/p>\n\t\t\t<\/div>\n\t\t\t\t<\/div>\n<\/article>\n<article id=\"post-234\" class=\"post-234 post type-post status-publish format-standard hentry category-faq generate-columns tablet-grid-50 mobile-grid-100 grid-parent grid-25\" style=\"margin: 0 0 40px\">\n\t\t\t\t<div class=\"sow-blog-content-wrapper\"\n\t\t style=\"padding: 25px 30px 38px;\">\n\t\t\t\t<header class=\"sow-entry-header\">\n\t\t\t<h2 class=\"sow-entry-title\" style=\"margin: 0 0 5px;\"><a href=\"https:\/\/www.plasnor.com\/es\/07-una-vez-pegado-el-folio-norsan-high-gloss-al-mdf-cuando-podremos-cortar-el-tablero\/\" rel=\"bookmark\">07. \u00bfUNA VEZ PEGADO EL FOLIO NORSAN HIGH GLOSS AL MDF CU\u00c1NDO PODREMOS CORTAR EL TABLERO?<\/a><\/h2>\t\t\t<div class=\"sow-entry-meta\">\n\t\t\t\t\n\t\t\n\t\t\n\t\t\t\t\t<\/div>\n\t\t<\/header>\n\n\t\t\t\t\t<div\n\t\t\t\tclass=\"sow-entry-content\"\n\t\t\t\tstyle=\"margin-top: 20px;\"\n\t\t\t>\n\t\t\t\t<p>Nosotros recomendamos esperar al menos 24h para proceder al corte del tablero hasta que la cola se haya secado y estabilizado.<\/p>\n\t\t\t<\/div>\n\t\t\t\t<\/div>\n<\/article>\n<article id=\"post-236\" class=\"post-236 post type-post status-publish format-standard hentry category-faq generate-columns tablet-grid-50 mobile-grid-100 grid-parent grid-25\" style=\"margin: 0 0 40px\">\n\t\t\t\t<div class=\"sow-blog-content-wrapper\"\n\t\t style=\"padding: 25px 30px 38px;\">\n\t\t\t\t<header class=\"sow-entry-header\">\n\t\t\t<h2 class=\"sow-entry-title\" style=\"margin: 0 0 5px;\"><a href=\"https:\/\/www.plasnor.com\/es\/08-es-posible-pulir-los-pequenos-rasgunos-en-caso-afirmativo-que-producto-debo-utilizar\/\" rel=\"bookmark\">08. \u00bfES POSIBLE PULIR LOS PEQUE\u00d1OS RASGU\u00d1OS? EN CASO AFIRMATIVO, QU\u00c9 PRODUCTO DEBO UTILIZAR?<\/a><\/h2>\t\t\t<div class=\"sow-entry-meta\">\n\t\t\t\t\n\t\t\n\t\t\n\t\t\t\t\t<\/div>\n\t\t<\/header>\n\n\t\t\t\t\t<div\n\t\t\t\tclass=\"sow-entry-content\"\n\t\t\t\tstyle=\"margin-top: 20px;\"\n\t\t\t>\n\t\t\t\t<ol>\n<li>Las peque\u00f1as marcas y rasgu\u00f1os se pueden pulir ya que la superficie es acr\u00edlica. Sin embargo, los ara\u00f1azos profundos no se pueden borrar, ya que el espesor de la capa de metacrilato es de tan solo 0,1mm aprox.<\/li>\n<li>Cualquier producto para el pulido funcionar\u00e1 correctamente. Por ejemplo los productos que se utilizan para pulir la carrocer\u00eda de los veh\u00edculos son adecuados y se pueden encontrar en cualquier tienda de reparaci\u00f3n de veh\u00edculos.<\/li>\n<\/ol>\n\t\t\t<\/div>\n\t\t\t\t<\/div>\n<\/article>\n<article id=\"post-238\" class=\"post-238 post type-post status-publish format-standard hentry category-faq generate-columns tablet-grid-50 mobile-grid-100 grid-parent grid-25\" style=\"margin: 0 0 40px\">\n\t\t\t\t<div class=\"sow-blog-content-wrapper\"\n\t\t style=\"padding: 25px 30px 38px;\">\n\t\t\t\t<header class=\"sow-entry-header\">\n\t\t\t<h2 class=\"sow-entry-title\" style=\"margin: 0 0 5px;\"><a href=\"https:\/\/www.plasnor.com\/es\/09-que-tipo-de-producto-de-limpieza-se-puede-utilizar-para-limpiar-la-superficie-de-una-puerta-de-norsan-high-gloss\/\" rel=\"bookmark\">09. \u00bfQUE TIPO DE PRODUCTO DE LIMPIEZA SE PUEDE UTILIZAR PARA LIMPIAR LA SUPERFICIE DE UNA PUERTA DE NORSAN HIGH GLOSS?<\/a><\/h2>\t\t\t<div class=\"sow-entry-meta\">\n\t\t\t\t\n\t\t\n\t\t\n\t\t\t\t\t<\/div>\n\t\t<\/header>\n\n\t\t\t\t\t<div\n\t\t\t\tclass=\"sow-entry-content\"\n\t\t\t\tstyle=\"margin-top: 20px;\"\n\t\t\t>\n\t\t\t\t<p>Recomendamos limpiar la superficie con un pa\u00f1o de micro fibras y con agua y jab\u00f3n l\u00edquido. Los limpiadores con propiedades antiest\u00e1ticas son adecuados para prevenir la electricidad est\u00e1tica.<\/p>\n<p>Nosotros recomendamos un producto denominado Vuplex que es un producto espec\u00edfico para la limpieza de pl\u00e1stico<\/p>\n<p><strong><img loading=\"lazy\" decoding=\"async\" class=\"alignnone size-full wp-image-166\" src=\"https:\/\/www.plasnor.com\/wp-content\/uploads\/2023\/04\/icono-link2.gif\" alt=\"\" width=\"22\" height=\"16\" title=\"\"> <\/strong><em><strong><a href=\"https:\/\/www.hafele.co.uk\/en\/product\/plastic-cleaner-anti-static-polish-vuplex-\/000000eb0001b89200010023\/;pgid=JDdg67K4ahdSRpI8Zv4Eoc_h0000x3Cb_vAz#SearchParameter=&amp;@QueryTerm=*&amp;Category=iwzAqBtGjoQAAAFP3LI4lnbm&amp;FF.followSearch=9949&amp;PageNumber=1&amp;OriginalPageSize=12&amp;PageSize=12&amp;Position=7&amp;OrigPos=1&amp;PDP=true\" target=\"_blank\" rel=\"noopener nofollow\">M\u00e1s informaci\u00f3n<\/a><\/strong><\/em><\/p>\n\t\t\t<\/div>\n\t\t\t\t<\/div>\n<\/article>\n<article id=\"post-240\" class=\"post-240 post type-post status-publish format-standard hentry category-faq generate-columns tablet-grid-50 mobile-grid-100 grid-parent grid-25\" style=\"margin: 0 0 40px\">\n\t\t\t\t<div class=\"sow-blog-content-wrapper\"\n\t\t style=\"padding: 25px 30px 38px;\">\n\t\t\t\t<header class=\"sow-entry-header\">\n\t\t\t<h2 class=\"sow-entry-title\" style=\"margin: 0 0 5px;\"><a href=\"https:\/\/www.plasnor.com\/es\/10-que-tipo-de-producto-de-limpieza-se-debe-utilizar-para-limpiar-los-restos-de-cola-que-pueden-quedar-en-una-puerta-de-norsan-high-gloss\/\" rel=\"bookmark\">10. \u00bfQUE TIPO DE PRODUCTO DE LIMPIEZA SE DEBE UTILIZAR PARA LIMPIAR LOS RESTOS DE COLA QUE PUEDEN QUEDAR EN UNA PUERTA DE NORSAN HIGH GLOSS?<\/a><\/h2>\t\t\t<div class=\"sow-entry-meta\">\n\t\t\t\t\n\t\t\n\t\t\n\t\t\t\t\t<\/div>\n\t\t<\/header>\n\n\t\t\t\t\t<div\n\t\t\t\tclass=\"sow-entry-content\"\n\t\t\t\tstyle=\"margin-top: 20px;\"\n\t\t\t>\n\t\t\t\t<p><img loading=\"lazy\" decoding=\"async\" class=\"wp-image-241 size-medium alignleft\" src=\"https:\/\/www.plasnor.com\/wp-content\/uploads\/2023\/04\/producto-limpieza-vuplex-300x300.jpg\" alt=\"\" width=\"300\" height=\"300\" title=\"\" srcset=\"https:\/\/www.plasnor.com\/wp-content\/uploads\/2023\/04\/producto-limpieza-vuplex-300x300.jpg 300w, https:\/\/www.plasnor.com\/wp-content\/uploads\/2023\/04\/producto-limpieza-vuplex-150x150.jpg 150w, https:\/\/www.plasnor.com\/wp-content\/uploads\/2023\/04\/producto-limpieza-vuplex-375x375.jpg 375w, https:\/\/www.plasnor.com\/wp-content\/uploads\/2023\/04\/producto-limpieza-vuplex.jpg 500w\" sizes=\"auto, (max-width: 300px) 100vw, 300px\">Al quitar el film de protecci\u00f3n es importante limpiar los restos de adhesivo de la superficie de la l\u00e1mina.De otra forma puede parecer que la superficie se ha rayado al manipularla cuando en realidad se rata de restos de cola.<\/p>\n<p>Nuestra recomendaci\u00f3n para limpiar los restos de cola es utilizar pa\u00f1os de micro fibras humedecidos, limpiando la superficie con cuidado. Este simple procedimiento hace que la resistencia al rayado de nuestro folio aumente, as\u00ed como el brillo de la superficie.<\/p>\n<p>En este caso tambi\u00e9n recomendamos la utilizaci\u00f3n del limpiador Vuplex.<\/p>\n\t\t\t<\/div>\n\t\t\t\t<\/div>\n<\/article>\n<article id=\"post-258\" class=\"post-258 post type-post status-publish format-standard hentry category-faq generate-columns tablet-grid-50 mobile-grid-100 grid-parent grid-25\" style=\"margin: 0 0 40px\">\n\t\t\t\t<div class=\"sow-blog-content-wrapper\"\n\t\t style=\"padding: 25px 30px 38px;\">\n\t\t\t\t<header class=\"sow-entry-header\">\n\t\t\t<h2 class=\"sow-entry-title\" style=\"margin: 0 0 5px;\"><a href=\"https:\/\/www.plasnor.com\/es\/11-existe-algun-requerimiento-especial-a-la-hora-de-almacenar-el-norsan-high-gloss-humedad-temperatura-etc\/\" rel=\"bookmark\">11. \u00bfEXISTE ALG\u00daN REQUERIMIENTO ESPECIAL A LA HORA DE ALMACENAR EL NORSAN HIGH GLOSS (HUMEDAD, TEMPERATURA ETC)?<\/a><\/h2>\t\t\t<div class=\"sow-entry-meta\">\n\t\t\t\t\n\t\t\n\t\t\n\t\t\t\t\t<\/div>\n\t\t<\/header>\n\n\t\t\t\t\t<div\n\t\t\t\tclass=\"sow-entry-content\"\n\t\t\t\tstyle=\"margin-top: 20px;\"\n\t\t\t>\n\t\t\t\t<p>No existen requerimientos especiales a la hora de almacenar nuestro producto. La \u00fanica sugerencia que hacemos es que las planchas deben ser encoladas al tablero antes de 6 meses y no se debe poner un peso mayor de 3Ton sobre el pallet.<\/p>\n\t\t\t<\/div>\n\t\t\t\t<\/div>\n<\/article>\n\t\t\t<\/div>\n\t\t\t\t\t\t\t\t<\/div>\n\t<\/div><\/div><\/div><\/div><\/div><\/div>","protected":false},"excerpt":{"rendered":"<p>01. \u00bfQU\u00c9 TIPO DE MAQUINARIA ES NECESARIA PARA LAMINAR NUESTRO NORSAN HIGH GLOSS? Es absolutamente necesaria la utilizaci\u00f3n de l\u00edneas de laminado de pegamento caliente PUR. Aqu\u00ed pueden ver un esquema b\u00e1sico de una l\u00ednea de producci\u00f3n. M\u00e1s informaci\u00f3n 02. \u00bfCU\u00c1NTA PRESI\u00d3N DEBE SER UTILIZADA A LA HORA DE APLICAR NORSAN HIGH GLOSS SOBRE EL&#8230;<\/p>\n","protected":false},"author":1,"featured_media":0,"parent":25,"menu_order":0,"comment_status":"closed","ping_status":"closed","template":"","meta":{"footnotes":""},"categories":[8],"tags":[],"class_list":{"0":"post-146","1":"page","2":"type-page","3":"status-publish","5":"category-page-mueble"},"_links":{"self":[{"href":"https:\/\/www.plasnor.com\/es\/wp-json\/wp\/v2\/pages\/146","targetHints":{"allow":["GET"]}}],"collection":[{"href":"https:\/\/www.plasnor.com\/es\/wp-json\/wp\/v2\/pages"}],"about":[{"href":"https:\/\/www.plasnor.com\/es\/wp-json\/wp\/v2\/types\/page"}],"author":[{"embeddable":true,"href":"https:\/\/www.plasnor.com\/es\/wp-json\/wp\/v2\/users\/1"}],"replies":[{"embeddable":true,"href":"https:\/\/www.plasnor.com\/es\/wp-json\/wp\/v2\/comments?post=146"}],"version-history":[{"count":0,"href":"https:\/\/www.plasnor.com\/es\/wp-json\/wp\/v2\/pages\/146\/revisions"}],"up":[{"embeddable":true,"href":"https:\/\/www.plasnor.com\/es\/wp-json\/wp\/v2\/pages\/25"}],"wp:attachment":[{"href":"https:\/\/www.plasnor.com\/es\/wp-json\/wp\/v2\/media?parent=146"}],"wp:term":[{"taxonomy":"category","embeddable":true,"href":"https:\/\/www.plasnor.com\/es\/wp-json\/wp\/v2\/categories?post=146"},{"taxonomy":"post_tag","embeddable":true,"href":"https:\/\/www.plasnor.com\/es\/wp-json\/wp\/v2\/tags?post=146"}],"curies":[{"name":"wp","href":"https:\/\/api.w.org\/{rel}","templated":true}]}}