{"id":14875,"date":"2023-04-24T09:43:52","date_gmt":"2023-04-24T07:43:52","guid":{"rendered":"https:\/\/www.plasnor.com\/?page_id=14875"},"modified":"2024-02-05T17:17:09","modified_gmt":"2024-02-05T16:17:09","slug":"automocion","status":"publish","type":"page","link":"https:\/\/www.plasnor.com\/es\/termoconformado\/sectores-y-aplicaciones\/automocion\/","title":{"rendered":"Automoci\u00f3n"},"content":{"rendered":"<p>Elaboramos todo tipo de piezas termoconformadas para la industria de la <em><strong>automoci\u00f3n<\/strong><\/em>, como carenados o conjuntos ensamblados. Creamos piezas a medida, en diferentes dimensiones, materiales y acabados, que responden a las necesidades que cada cliente precisa en cada momento y para cada aplicaci\u00f3n. Gracias a nuestro servicio \u00abllave en mano\u00bb te proporcionaremos todas las piezas listas para montar.<\/p>\n<p>Dadas las series con las piezas con las que se trabaja, el termoconformado puede ser id\u00f3neo, para el proceso de creaci\u00f3n de piezas para autobuses y caravaning. El pl\u00e1stico aligera el producto, y justamente esa es una de las propiedades m\u00e1s valoradas, adem\u00e1s de ayudar el medio ambiente. Por ejemplo, los fabricantes de caravanas est\u00e1n introduciendo cada vez m\u00e1s procesos de termoconformado por su ligereza.<\/p>\n<p>En Plasnor estamos a la \u00faltima en materiales y podemos ofrecer cualquier material termoconformable para este sector. Como \u00faltima novedad, queremos comunicar que tenemos materiales que cumplen con la normativa R118.02. Nos adaptamos a las necesidades de nuestros clientes.<\/p>\n<p><img loading=\"lazy\" decoding=\"async\" class=\"alignnone wp-image-14954\" src=\"https:\/\/www.plasnor.com\/wp-content\/uploads\/2023\/04\/01-plasnor-automotion01.jpg\" alt=\"\" width=\"600\" height=\"399\" title=\"\" srcset=\"https:\/\/www.plasnor.com\/wp-content\/uploads\/2023\/04\/01-plasnor-automotion01.jpg 800w, https:\/\/www.plasnor.com\/wp-content\/uploads\/2023\/04\/01-plasnor-automotion01-300x200.jpg 300w, https:\/\/www.plasnor.com\/wp-content\/uploads\/2023\/04\/01-plasnor-automotion01-768x511.jpg 768w, https:\/\/www.plasnor.com\/wp-content\/uploads\/2023\/04\/01-plasnor-automotion01-720x480.jpg 720w\" sizes=\"auto, (max-width: 600px) 100vw, 600px\" \/><\/p>\n","protected":false},"excerpt":{"rendered":"<p>Elaboramos todo tipo de piezas termoconformadas para la industria de la automoci\u00f3n, como carenados o conjuntos ensamblados. Creamos &#8230; <a title=\"Automoci\u00f3n\" class=\"read-more\" href=\"https:\/\/www.plasnor.com\/es\/termoconformado\/sectores-y-aplicaciones\/automocion\/\" aria-label=\"Leer m\u00e1s sobre Automoci\u00f3n\">[ + info ]<\/a><\/p>\n","protected":false},"author":1,"featured_media":0,"parent":14873,"menu_order":0,"comment_status":"closed","ping_status":"closed","template":"","meta":{"footnotes":""},"categories":[436],"tags":[],"class_list":{"0":"post-14875","1":"page","2":"type-page","3":"status-publish","5":"category-page-termonconformado"},"_links":{"self":[{"href":"https:\/\/www.plasnor.com\/es\/wp-json\/wp\/v2\/pages\/14875","targetHints":{"allow":["GET"]}}],"collection":[{"href":"https:\/\/www.plasnor.com\/es\/wp-json\/wp\/v2\/pages"}],"about":[{"href":"https:\/\/www.plasnor.com\/es\/wp-json\/wp\/v2\/types\/page"}],"author":[{"embeddable":true,"href":"https:\/\/www.plasnor.com\/es\/wp-json\/wp\/v2\/users\/1"}],"replies":[{"embeddable":true,"href":"https:\/\/www.plasnor.com\/es\/wp-json\/wp\/v2\/comments?post=14875"}],"version-history":[{"count":0,"href":"https:\/\/www.plasnor.com\/es\/wp-json\/wp\/v2\/pages\/14875\/revisions"}],"up":[{"embeddable":true,"href":"https:\/\/www.plasnor.com\/es\/wp-json\/wp\/v2\/pages\/14873"}],"wp:attachment":[{"href":"https:\/\/www.plasnor.com\/es\/wp-json\/wp\/v2\/media?parent=14875"}],"wp:term":[{"taxonomy":"category","embeddable":true,"href":"https:\/\/www.plasnor.com\/es\/wp-json\/wp\/v2\/categories?post=14875"},{"taxonomy":"post_tag","embeddable":true,"href":"https:\/\/www.plasnor.com\/es\/wp-json\/wp\/v2\/tags?post=14875"}],"curies":[{"name":"wp","href":"https:\/\/api.w.org\/{rel}","templated":true}]}}