{"id":14925,"date":"2023-04-24T10:50:32","date_gmt":"2023-04-24T08:50:32","guid":{"rendered":"https:\/\/www.plasnor.com\/?page_id=14925"},"modified":"2024-02-05T17:01:48","modified_gmt":"2024-02-05T16:01:48","slug":"procesos-productivos-y-servicios-complementarios","status":"publish","type":"page","link":"https:\/\/www.plasnor.com\/es\/termoconformado\/procesos-productivos-y-servicios-complementarios\/","title":{"rendered":"Procesos productivos y servicios complementarios"},"content":{"rendered":"<div id=\"pl-14925\"  class=\"panel-layout\" ><div id=\"pg-14925-0\"  class=\"panel-grid panel-no-style\" ><div id=\"pgc-14925-0-0\"  class=\"panel-grid-cell\" ><div id=\"panel-14925-0-0-0\" class=\"so-panel widget widget_sow-image panel-first-child panel-last-child\" data-index=\"0\" ><div\n\t\t\t\n\t\t\tclass=\"so-widget-sow-image so-widget-sow-image-default-dbf295114b96-14925\"\n\t\t\t\n\t\t>\n<div class=\"sow-image-container\">\n\t\t\t<a href=\"https:\/\/www.plasnor.com\/es\/termoconformado\/procesos-productivos-y-servicios-complementarios\/diseno\/\"\n\t\t\t\t\t>\n\t\t\t<img \n\tsrc=\"https:\/\/www.plasnor.com\/wp-content\/uploads\/2023\/04\/plasnor-termoconformado-design.jpg\" width=\"424\" height=\"251\" srcset=\"https:\/\/www.plasnor.com\/wp-content\/uploads\/2023\/04\/plasnor-termoconformado-design.jpg 424w, https:\/\/www.plasnor.com\/wp-content\/uploads\/2023\/04\/plasnor-termoconformado-design-300x178.jpg 300w\" sizes=\"(max-width: 424px) 100vw, 424px\" title=\"Dise\u00f1o\" alt=\"Dise\u00f1o\" \t\tclass=\"so-widget-image\"\/>\n\t\t\t<\/a><\/div>\n\n<h3 class=\"widget-title\">\t\t<a href=\"https:\/\/www.plasnor.com\/es\/termoconformado\/procesos-productivos-y-servicios-complementarios\/diseno\/\"\n\t\t\t\t\t>\n\t\tDise\u00f1o<\/a><\/h3><\/div><\/div><\/div><div id=\"pgc-14925-0-1\"  class=\"panel-grid-cell\" ><div id=\"panel-14925-0-1-0\" class=\"so-panel widget widget_sow-image panel-first-child panel-last-child\" data-index=\"1\" ><div\n\t\t\t\n\t\t\tclass=\"so-widget-sow-image so-widget-sow-image-default-8b5b6f678277-14925\"\n\t\t\t\n\t\t>\n<div class=\"sow-image-container\">\n\t\t\t<a href=\"https:\/\/www.plasnor.com\/es\/termoconformado\/procesos-productivos-y-servicios-complementarios\/fabricacion-de-moldes\/\"\n\t\t\t\t\t>\n\t\t\t<img \n\tsrc=\"https:\/\/www.plasnor.com\/wp-content\/uploads\/2023\/04\/plasnor-tooling-manufacturing.jpg\" width=\"424\" height=\"251\" srcset=\"https:\/\/www.plasnor.com\/wp-content\/uploads\/2023\/04\/plasnor-tooling-manufacturing.jpg 424w, https:\/\/www.plasnor.com\/wp-content\/uploads\/2023\/04\/plasnor-tooling-manufacturing-300x178.jpg 300w\" sizes=\"(max-width: 424px) 100vw, 424px\" title=\"Fabricaci\u00f3n de moldes\" alt=\"Fabricaci\u00f3n de moldes\" \t\tclass=\"so-widget-image\"\/>\n\t\t\t<\/a><\/div>\n\n<h3 class=\"widget-title\">\t\t<a href=\"https:\/\/www.plasnor.com\/es\/termoconformado\/procesos-productivos-y-servicios-complementarios\/fabricacion-de-moldes\/\"\n\t\t\t\t\t>\n\t\tFabricaci\u00f3n de moldes<\/a><\/h3><\/div><\/div><\/div><div id=\"pgc-14925-0-2\"  class=\"panel-grid-cell\" ><div id=\"panel-14925-0-2-0\" class=\"so-panel widget widget_sow-image panel-first-child panel-last-child\" data-index=\"2\" ><div\n\t\t\t\n\t\t\tclass=\"so-widget-sow-image so-widget-sow-image-default-6ec9e3772f75-14925\"\n\t\t\t\n\t\t>\n<div class=\"sow-image-container\">\n\t\t\t<a href=\"https:\/\/www.plasnor.com\/es\/termoconformado\/procesos-productivos-y-servicios-complementarios\/extrusion\/\"\n\t\t\t\t\t>\n\t\t\t<img \n\tsrc=\"https:\/\/www.plasnor.com\/wp-content\/uploads\/2023\/05\/termoconformado-extrusion-plasnor.png\" width=\"424\" height=\"251\" srcset=\"https:\/\/www.plasnor.com\/wp-content\/uploads\/2023\/05\/termoconformado-extrusion-plasnor.png 424w, https:\/\/www.plasnor.com\/wp-content\/uploads\/2023\/05\/termoconformado-extrusion-plasnor-300x178.png 300w\" sizes=\"(max-width: 424px) 100vw, 424px\" title=\"Extrusi\u00f3n\" alt=\"Extrusi\u00f3n\" \t\tclass=\"so-widget-image\"\/>\n\t\t\t<\/a><\/div>\n\n<h3 class=\"widget-title\">\t\t<a href=\"https:\/\/www.plasnor.com\/es\/termoconformado\/procesos-productivos-y-servicios-complementarios\/extrusion\/\"\n\t\t\t\t\t>\n\t\tExtrusi\u00f3n<\/a><\/h3><\/div><\/div><\/div><\/div><div id=\"pg-14925-1\"  class=\"panel-grid panel-no-style\" ><div id=\"pgc-14925-1-0\"  class=\"panel-grid-cell\" ><div id=\"panel-14925-1-0-0\" class=\"so-panel widget widget_sow-image panel-first-child panel-last-child\" data-index=\"3\" ><div\n\t\t\t\n\t\t\tclass=\"so-widget-sow-image so-widget-sow-image-default-8b5b6f678277-14925\"\n\t\t\t\n\t\t>\n<div class=\"sow-image-container\">\n\t\t\t<a href=\"https:\/\/www.plasnor.com\/es\/termoconformado\/procesos-productivos-y-servicios-complementarios\/proceso-productivo-termoconformado\/\"\n\t\t\t\t\t>\n\t\t\t<img \n\tsrc=\"https:\/\/www.plasnor.com\/wp-content\/uploads\/2023\/04\/thermoforming-procesos-servicios.jpg\" width=\"424\" height=\"251\" srcset=\"https:\/\/www.plasnor.com\/wp-content\/uploads\/2023\/04\/thermoforming-procesos-servicios.jpg 424w, https:\/\/www.plasnor.com\/wp-content\/uploads\/2023\/04\/thermoforming-procesos-servicios-300x178.jpg 300w\" sizes=\"(max-width: 424px) 100vw, 424px\" title=\"Proceso Productivo Termoconformado\" alt=\"Proceso Productivo Termoconformado\" \t\tclass=\"so-widget-image\"\/>\n\t\t\t<\/a><\/div>\n\n<h3 class=\"widget-title\">\t\t<a href=\"https:\/\/www.plasnor.com\/es\/termoconformado\/procesos-productivos-y-servicios-complementarios\/proceso-productivo-termoconformado\/\"\n\t\t\t\t\t>\n\t\tProceso Productivo Termoconformado<\/a><\/h3><\/div><\/div><\/div><div id=\"pgc-14925-1-1\"  class=\"panel-grid-cell\" ><div id=\"panel-14925-1-1-0\" class=\"so-panel widget widget_sow-image panel-first-child panel-last-child\" data-index=\"4\" ><div\n\t\t\t\n\t\t\tclass=\"so-widget-sow-image so-widget-sow-image-default-6ec9e3772f75-14925\"\n\t\t\t\n\t\t>\n<div class=\"sow-image-container\">\n\t\t\t<a href=\"https:\/\/www.plasnor.com\/es\/termoconformado\/procesos-productivos-y-servicios-complementarios\/mecanizado\/\"\n\t\t\t\t\t>\n\t\t\t<img \n\tsrc=\"https:\/\/www.plasnor.com\/wp-content\/uploads\/2023\/04\/plasnor-machining.jpg\" width=\"424\" height=\"251\" srcset=\"https:\/\/www.plasnor.com\/wp-content\/uploads\/2023\/04\/plasnor-machining.jpg 424w, https:\/\/www.plasnor.com\/wp-content\/uploads\/2023\/04\/plasnor-machining-300x178.jpg 300w\" sizes=\"(max-width: 424px) 100vw, 424px\" title=\"Mecanizado\" alt=\"Mecanizado\" \t\tclass=\"so-widget-image\"\/>\n\t\t\t<\/a><\/div>\n\n<h3 class=\"widget-title\">\t\t<a href=\"https:\/\/www.plasnor.com\/es\/termoconformado\/procesos-productivos-y-servicios-complementarios\/mecanizado\/\"\n\t\t\t\t\t>\n\t\tMecanizado<\/a><\/h3><\/div><\/div><\/div><div id=\"pgc-14925-1-2\"  class=\"panel-grid-cell\" ><div id=\"panel-14925-1-2-0\" class=\"so-panel widget widget_sow-image panel-first-child panel-last-child\" data-index=\"5\" ><div\n\t\t\t\n\t\t\tclass=\"so-widget-sow-image so-widget-sow-image-default-8b5b6f678277-14925\"\n\t\t\t\n\t\t>\n<div class=\"sow-image-container\">\n\t\t\t<a href=\"https:\/\/www.plasnor.com\/es\/termoconformado\/procesos-productivos-y-servicios-complementarios\/otros\/\"\n\t\t\t\t\t>\n\t\t\t<img \n\tsrc=\"https:\/\/www.plasnor.com\/wp-content\/uploads\/2023\/04\/termoconformado-otros-procesos.jpg\" width=\"424\" height=\"251\" srcset=\"https:\/\/www.plasnor.com\/wp-content\/uploads\/2023\/04\/termoconformado-otros-procesos.jpg 424w, https:\/\/www.plasnor.com\/wp-content\/uploads\/2023\/04\/termoconformado-otros-procesos-300x178.jpg 300w\" sizes=\"(max-width: 424px) 100vw, 424px\" title=\"Otros procesos\" alt=\"Otros procesos\" \t\tclass=\"so-widget-image\"\/>\n\t\t\t<\/a><\/div>\n\n<h3 class=\"widget-title\">\t\t<a href=\"https:\/\/www.plasnor.com\/es\/termoconformado\/procesos-productivos-y-servicios-complementarios\/otros\/\"\n\t\t\t\t\t>\n\t\tOtros procesos<\/a><\/h3><\/div><\/div><\/div><\/div><\/div>","protected":false},"excerpt":{"rendered":"<p>Dise\u00f1o Fabricaci\u00f3n de moldes Extrusi\u00f3n Proceso Productivo Termoconformado Mecanizado Otros procesos<\/p>\n","protected":false},"author":1,"featured_media":0,"parent":27,"menu_order":0,"comment_status":"closed","ping_status":"closed","template":"","meta":{"footnotes":""},"categories":[436],"tags":[],"class_list":{"0":"post-14925","1":"page","2":"type-page","3":"status-publish","5":"category-page-termonconformado"},"_links":{"self":[{"href":"https:\/\/www.plasnor.com\/es\/wp-json\/wp\/v2\/pages\/14925","targetHints":{"allow":["GET"]}}],"collection":[{"href":"https:\/\/www.plasnor.com\/es\/wp-json\/wp\/v2\/pages"}],"about":[{"href":"https:\/\/www.plasnor.com\/es\/wp-json\/wp\/v2\/types\/page"}],"author":[{"embeddable":true,"href":"https:\/\/www.plasnor.com\/es\/wp-json\/wp\/v2\/users\/1"}],"replies":[{"embeddable":true,"href":"https:\/\/www.plasnor.com\/es\/wp-json\/wp\/v2\/comments?post=14925"}],"version-history":[{"count":0,"href":"https:\/\/www.plasnor.com\/es\/wp-json\/wp\/v2\/pages\/14925\/revisions"}],"up":[{"embeddable":true,"href":"https:\/\/www.plasnor.com\/es\/wp-json\/wp\/v2\/pages\/27"}],"wp:attachment":[{"href":"https:\/\/www.plasnor.com\/es\/wp-json\/wp\/v2\/media?parent=14925"}],"wp:term":[{"taxonomy":"category","embeddable":true,"href":"https:\/\/www.plasnor.com\/es\/wp-json\/wp\/v2\/categories?post=14925"},{"taxonomy":"post_tag","embeddable":true,"href":"https:\/\/www.plasnor.com\/es\/wp-json\/wp\/v2\/tags?post=14925"}],"curies":[{"name":"wp","href":"https:\/\/api.w.org\/{rel}","templated":true}]}}