{"id":14927,"date":"2023-04-24T10:51:00","date_gmt":"2023-04-24T08:51:00","guid":{"rendered":"https:\/\/www.plasnor.com\/?page_id=14927"},"modified":"2024-02-05T17:03:31","modified_gmt":"2024-02-05T16:03:31","slug":"diseno","status":"publish","type":"page","link":"https:\/\/www.plasnor.com\/es\/termoconformado\/procesos-productivos-y-servicios-complementarios\/diseno\/","title":{"rendered":"Dise\u00f1o"},"content":{"rendered":"<p>Dise\u00f1amos moldes y piezas y nuestro departamento de <em><strong>dise\u00f1o<\/strong> <\/em>tiene la capacidad de adaptar piezas de otras tecnolog\u00edas al termoconformado. Realizamos dise\u00f1os llave en mano.<\/p>\n<p><img loading=\"lazy\" decoding=\"async\" class=\"alignnone wp-image-14944 size-full\" src=\"https:\/\/www.plasnor.com\/wp-content\/uploads\/2023\/04\/molde-irizar1.jpg\" alt=\"\" width=\"1000\" height=\"504\" title=\"\" srcset=\"https:\/\/www.plasnor.com\/wp-content\/uploads\/2023\/04\/molde-irizar1.jpg 1000w, https:\/\/www.plasnor.com\/wp-content\/uploads\/2023\/04\/molde-irizar1-300x151.jpg 300w, https:\/\/www.plasnor.com\/wp-content\/uploads\/2023\/04\/molde-irizar1-768x387.jpg 768w\" sizes=\"auto, (max-width: 1000px) 100vw, 1000px\" \/><\/p>\n","protected":false},"excerpt":{"rendered":"<p>Dise\u00f1amos moldes y piezas y nuestro departamento de dise\u00f1o tiene la capacidad de adaptar piezas de otras tecnolog\u00edas &#8230; <a title=\"Dise\u00f1o\" class=\"read-more\" href=\"https:\/\/www.plasnor.com\/es\/termoconformado\/procesos-productivos-y-servicios-complementarios\/diseno\/\" aria-label=\"Leer m\u00e1s sobre Dise\u00f1o\">[ + info ]<\/a><\/p>\n","protected":false},"author":1,"featured_media":0,"parent":14925,"menu_order":0,"comment_status":"closed","ping_status":"closed","template":"","meta":{"footnotes":""},"categories":[436],"tags":[],"class_list":{"0":"post-14927","1":"page","2":"type-page","3":"status-publish","5":"category-page-termonconformado"},"_links":{"self":[{"href":"https:\/\/www.plasnor.com\/es\/wp-json\/wp\/v2\/pages\/14927","targetHints":{"allow":["GET"]}}],"collection":[{"href":"https:\/\/www.plasnor.com\/es\/wp-json\/wp\/v2\/pages"}],"about":[{"href":"https:\/\/www.plasnor.com\/es\/wp-json\/wp\/v2\/types\/page"}],"author":[{"embeddable":true,"href":"https:\/\/www.plasnor.com\/es\/wp-json\/wp\/v2\/users\/1"}],"replies":[{"embeddable":true,"href":"https:\/\/www.plasnor.com\/es\/wp-json\/wp\/v2\/comments?post=14927"}],"version-history":[{"count":0,"href":"https:\/\/www.plasnor.com\/es\/wp-json\/wp\/v2\/pages\/14927\/revisions"}],"up":[{"embeddable":true,"href":"https:\/\/www.plasnor.com\/es\/wp-json\/wp\/v2\/pages\/14925"}],"wp:attachment":[{"href":"https:\/\/www.plasnor.com\/es\/wp-json\/wp\/v2\/media?parent=14927"}],"wp:term":[{"taxonomy":"category","embeddable":true,"href":"https:\/\/www.plasnor.com\/es\/wp-json\/wp\/v2\/categories?post=14927"},{"taxonomy":"post_tag","embeddable":true,"href":"https:\/\/www.plasnor.com\/es\/wp-json\/wp\/v2\/tags?post=14927"}],"curies":[{"name":"wp","href":"https:\/\/api.w.org\/{rel}","templated":true}]}}