{"id":14929,"date":"2023-04-24T10:51:51","date_gmt":"2023-04-24T08:51:51","guid":{"rendered":"https:\/\/www.plasnor.com\/?page_id=14929"},"modified":"2024-02-05T17:08:29","modified_gmt":"2024-02-05T16:08:29","slug":"fabricacion-de-moldes","status":"publish","type":"page","link":"https:\/\/www.plasnor.com\/es\/termoconformado\/procesos-productivos-y-servicios-complementarios\/fabricacion-de-moldes\/","title":{"rendered":"Fabricaci\u00f3n de moldes"},"content":{"rendered":"<p>En Plasnor contamos con un taller mec\u00e1nico para el mantenimiento, la modificaci\u00f3n y la <em><strong>fabricaci\u00f3n de moldes<\/strong><\/em> elaborados en nuestras propias instalaciones. Ello nos permite agilizar la fase de desarrollo del producto y el prototipado de las piezas requeridas por el cliente.<\/p>\n<p>El proceso de fabricaci\u00f3n de moldes permite la posibilidad de utilizar postizos en los moldes para fabricar distintas referencias con un \u00fanico molde. En algunos casos, es posible fabricar diferentes modelos de piezas con un mismo molde utilizando distintos programas de mecanizado.<\/p>\n<p>Para fabricar series largas de un mismo molde se pueden utilizar moldes de varias cavidades. Dependiendo del caso, puede resultar necesario la utilizaci\u00f3n de contra-moldes para el correcto acabado de la pieza.<\/p>\n<p><img loading=\"lazy\" decoding=\"async\" class=\"alignnone wp-image-14949 size-full\" src=\"https:\/\/www.plasnor.com\/wp-content\/uploads\/2023\/04\/plasnor-production-03-automatismos.jpg\" alt=\"\" width=\"500\" height=\"333\" title=\"\" srcset=\"https:\/\/www.plasnor.com\/wp-content\/uploads\/2023\/04\/plasnor-production-03-automatismos.jpg 500w, https:\/\/www.plasnor.com\/wp-content\/uploads\/2023\/04\/plasnor-production-03-automatismos-300x200.jpg 300w\" sizes=\"auto, (max-width: 500px) 100vw, 500px\" \/><\/p>\n","protected":false},"excerpt":{"rendered":"<p>En Plasnor contamos con un taller mec\u00e1nico para el mantenimiento, la modificaci\u00f3n y la fabricaci\u00f3n de moldes elaborados &#8230; <a title=\"Fabricaci\u00f3n de moldes\" class=\"read-more\" href=\"https:\/\/www.plasnor.com\/es\/termoconformado\/procesos-productivos-y-servicios-complementarios\/fabricacion-de-moldes\/\" aria-label=\"Leer m\u00e1s sobre Fabricaci\u00f3n de moldes\">[ + info ]<\/a><\/p>\n","protected":false},"author":1,"featured_media":0,"parent":14925,"menu_order":0,"comment_status":"closed","ping_status":"closed","template":"","meta":{"footnotes":""},"categories":[436],"tags":[],"class_list":{"0":"post-14929","1":"page","2":"type-page","3":"status-publish","5":"category-page-termonconformado"},"_links":{"self":[{"href":"https:\/\/www.plasnor.com\/es\/wp-json\/wp\/v2\/pages\/14929","targetHints":{"allow":["GET"]}}],"collection":[{"href":"https:\/\/www.plasnor.com\/es\/wp-json\/wp\/v2\/pages"}],"about":[{"href":"https:\/\/www.plasnor.com\/es\/wp-json\/wp\/v2\/types\/page"}],"author":[{"embeddable":true,"href":"https:\/\/www.plasnor.com\/es\/wp-json\/wp\/v2\/users\/1"}],"replies":[{"embeddable":true,"href":"https:\/\/www.plasnor.com\/es\/wp-json\/wp\/v2\/comments?post=14929"}],"version-history":[{"count":0,"href":"https:\/\/www.plasnor.com\/es\/wp-json\/wp\/v2\/pages\/14929\/revisions"}],"up":[{"embeddable":true,"href":"https:\/\/www.plasnor.com\/es\/wp-json\/wp\/v2\/pages\/14925"}],"wp:attachment":[{"href":"https:\/\/www.plasnor.com\/es\/wp-json\/wp\/v2\/media?parent=14929"}],"wp:term":[{"taxonomy":"category","embeddable":true,"href":"https:\/\/www.plasnor.com\/es\/wp-json\/wp\/v2\/categories?post=14929"},{"taxonomy":"post_tag","embeddable":true,"href":"https:\/\/www.plasnor.com\/es\/wp-json\/wp\/v2\/tags?post=14929"}],"curies":[{"name":"wp","href":"https:\/\/api.w.org\/{rel}","templated":true}]}}