{"id":14931,"date":"2023-04-24T10:52:35","date_gmt":"2023-04-24T08:52:35","guid":{"rendered":"https:\/\/www.plasnor.com\/?page_id=14931"},"modified":"2024-03-06T12:51:14","modified_gmt":"2024-03-06T11:51:14","slug":"extrusion","status":"publish","type":"page","link":"https:\/\/www.plasnor.com\/es\/termoconformado\/procesos-productivos-y-servicios-complementarios\/extrusion\/","title":{"rendered":"Extrusi\u00f3n"},"content":{"rendered":"<p>En Plasnor somos especialistas en la fabricaci\u00f3n de <em><strong>planchas y bobinas<\/strong><\/em> y contamos con la m\u00e1s moderna maquinaria de coextrusi\u00f3n multicapa. Nuestras l\u00edneas de extrusi\u00f3n nos permiten transformar diferentes tipos de termopl\u00e1sticos en planchas y bobinas de distintos aspectos y acabados.<\/p>\n<p>Para ello disponemos de un laboratorio propio interno con un alto equipamiento para el an\u00e1lisis, estudio y desarrollo de los colores que suministramos a nuestros clientes. Nos permite hacer contratipos de color con rapidez y precisi\u00f3n a la hora de desarrollar nuevos colores y contratipar cualquier color que puedan demandar. De esta manera, garantizamos la fiabilidad en el mantenimiento de los tonos de color en las sucesivas fabricaciones y a lo largo del tiempo.<\/p>\n<p><img loading=\"lazy\" decoding=\"async\" class=\"alignnone wp-image-14937\" src=\"https:\/\/www.plasnor.com\/wp-content\/uploads\/2023\/04\/plasnor-extrusion-044-1.jpg\" alt=\"\" width=\"600\" height=\"392\" title=\"\" srcset=\"https:\/\/www.plasnor.com\/wp-content\/uploads\/2023\/04\/plasnor-extrusion-044-1.jpg 1000w, https:\/\/www.plasnor.com\/wp-content\/uploads\/2023\/04\/plasnor-extrusion-044-1-300x196.jpg 300w, https:\/\/www.plasnor.com\/wp-content\/uploads\/2023\/04\/plasnor-extrusion-044-1-768x502.jpg 768w\" sizes=\"auto, (max-width: 600px) 100vw, 600px\" \/><\/p>\n","protected":false},"excerpt":{"rendered":"<p>En Plasnor somos especialistas en la fabricaci\u00f3n de planchas y bobinas y contamos con la m\u00e1s moderna maquinaria &#8230; <a title=\"Extrusi\u00f3n\" class=\"read-more\" href=\"https:\/\/www.plasnor.com\/es\/termoconformado\/procesos-productivos-y-servicios-complementarios\/extrusion\/\" aria-label=\"Leer m\u00e1s sobre Extrusi\u00f3n\">[ + info ]<\/a><\/p>\n","protected":false},"author":1,"featured_media":0,"parent":14925,"menu_order":0,"comment_status":"closed","ping_status":"closed","template":"","meta":{"footnotes":""},"categories":[436],"tags":[],"class_list":{"0":"post-14931","1":"page","2":"type-page","3":"status-publish","5":"category-page-termonconformado"},"_links":{"self":[{"href":"https:\/\/www.plasnor.com\/es\/wp-json\/wp\/v2\/pages\/14931","targetHints":{"allow":["GET"]}}],"collection":[{"href":"https:\/\/www.plasnor.com\/es\/wp-json\/wp\/v2\/pages"}],"about":[{"href":"https:\/\/www.plasnor.com\/es\/wp-json\/wp\/v2\/types\/page"}],"author":[{"embeddable":true,"href":"https:\/\/www.plasnor.com\/es\/wp-json\/wp\/v2\/users\/1"}],"replies":[{"embeddable":true,"href":"https:\/\/www.plasnor.com\/es\/wp-json\/wp\/v2\/comments?post=14931"}],"version-history":[{"count":0,"href":"https:\/\/www.plasnor.com\/es\/wp-json\/wp\/v2\/pages\/14931\/revisions"}],"up":[{"embeddable":true,"href":"https:\/\/www.plasnor.com\/es\/wp-json\/wp\/v2\/pages\/14925"}],"wp:attachment":[{"href":"https:\/\/www.plasnor.com\/es\/wp-json\/wp\/v2\/media?parent=14931"}],"wp:term":[{"taxonomy":"category","embeddable":true,"href":"https:\/\/www.plasnor.com\/es\/wp-json\/wp\/v2\/categories?post=14931"},{"taxonomy":"post_tag","embeddable":true,"href":"https:\/\/www.plasnor.com\/es\/wp-json\/wp\/v2\/tags?post=14931"}],"curies":[{"name":"wp","href":"https:\/\/api.w.org\/{rel}","templated":true}]}}