{"id":14998,"date":"2023-04-24T11:29:43","date_gmt":"2023-04-24T09:29:43","guid":{"rendered":"https:\/\/www.plasnor.com\/?page_id=14998"},"modified":"2024-02-05T17:12:12","modified_gmt":"2024-02-05T16:12:12","slug":"otros","status":"publish","type":"page","link":"https:\/\/www.plasnor.com\/es\/termoconformado\/procesos-productivos-y-servicios-complementarios\/otros\/","title":{"rendered":"Otros procesos"},"content":{"rendered":"<h3 class=\"red\">Montaje<\/h3>\n<ul>\n<li>Soldadura por ultrasonidos<\/li>\n<li>Montajes de diferentes piezas: fabricaci\u00f3n de conjuntos y subconjuntos.<\/li>\n<li>Colocaci\u00f3n de todo tipo de insertos (met\u00e1licos, pl\u00e1sticos, etc.)<\/li>\n<li>Dejamos la pieza lista para ser montada\/ensamblada.<\/li>\n<\/ul>\n<p>A\u00f1adimos valor a su producto. Realizamos todo tipo de ensamblados, soldaduras y le damos la pieza lista para montar.<\/p>\n<h3 class=\"red\">Inyecci\u00f3n PU<\/h3>\n<p>Completamos las piezas termoconformadas con procesos de montaje e inyecci\u00f3n de poliuretano (aislante, integral, flexible, etc.)<\/p>\n<h3 class=\"red\">Proyectos llave en mano<\/h3>\n<p>Ofertamos a nuestros clientes la posibilidad de gestionar todos los materiales propios y de terceros, desde la recepci\u00f3n y el montaje hasta la entrega a\u00a0cliente final:<\/p>\n<ul>\n<li>Gestionamos la recepci\u00f3n y control de calidad de los componentes mec\u00e1nicos y electr\u00f3nicos propiedad de nuestros clientes.<\/li>\n<li>Fabricamos las piezas pl\u00e1sticas y realizamos el posterior montaje de los componentes.<\/li>\n<li>Realizamos el control de calidad de salida y expedimos directamente a cliente final.<\/li>\n<\/ul>\n<p><img loading=\"lazy\" decoding=\"async\" class=\"alignnone wp-image-14999\" src=\"https:\/\/www.plasnor.com\/wp-content\/uploads\/2023\/04\/plasnor-montaje.jpg\" alt=\"\" width=\"600\" height=\"400\" title=\"\" srcset=\"https:\/\/www.plasnor.com\/wp-content\/uploads\/2023\/04\/plasnor-montaje.jpg 1000w, https:\/\/www.plasnor.com\/wp-content\/uploads\/2023\/04\/plasnor-montaje-300x200.jpg 300w, https:\/\/www.plasnor.com\/wp-content\/uploads\/2023\/04\/plasnor-montaje-768x512.jpg 768w, https:\/\/www.plasnor.com\/wp-content\/uploads\/2023\/04\/plasnor-montaje-720x480.jpg 720w\" sizes=\"auto, (max-width: 600px) 100vw, 600px\" \/><\/p>\n","protected":false},"excerpt":{"rendered":"<p>Montaje Soldadura por ultrasonidos Montajes de diferentes piezas: fabricaci\u00f3n de conjuntos y subconjuntos. Colocaci\u00f3n de todo tipo de &#8230; <a title=\"Otros procesos\" class=\"read-more\" href=\"https:\/\/www.plasnor.com\/es\/termoconformado\/procesos-productivos-y-servicios-complementarios\/otros\/\" aria-label=\"Leer m\u00e1s sobre Otros procesos\">[ + info ]<\/a><\/p>\n","protected":false},"author":1,"featured_media":0,"parent":14925,"menu_order":0,"comment_status":"closed","ping_status":"closed","template":"","meta":{"footnotes":""},"categories":[436],"tags":[],"class_list":{"0":"post-14998","1":"page","2":"type-page","3":"status-publish","5":"category-page-termonconformado"},"_links":{"self":[{"href":"https:\/\/www.plasnor.com\/es\/wp-json\/wp\/v2\/pages\/14998","targetHints":{"allow":["GET"]}}],"collection":[{"href":"https:\/\/www.plasnor.com\/es\/wp-json\/wp\/v2\/pages"}],"about":[{"href":"https:\/\/www.plasnor.com\/es\/wp-json\/wp\/v2\/types\/page"}],"author":[{"embeddable":true,"href":"https:\/\/www.plasnor.com\/es\/wp-json\/wp\/v2\/users\/1"}],"replies":[{"embeddable":true,"href":"https:\/\/www.plasnor.com\/es\/wp-json\/wp\/v2\/comments?post=14998"}],"version-history":[{"count":0,"href":"https:\/\/www.plasnor.com\/es\/wp-json\/wp\/v2\/pages\/14998\/revisions"}],"up":[{"embeddable":true,"href":"https:\/\/www.plasnor.com\/es\/wp-json\/wp\/v2\/pages\/14925"}],"wp:attachment":[{"href":"https:\/\/www.plasnor.com\/es\/wp-json\/wp\/v2\/media?parent=14998"}],"wp:term":[{"taxonomy":"category","embeddable":true,"href":"https:\/\/www.plasnor.com\/es\/wp-json\/wp\/v2\/categories?post=14998"},{"taxonomy":"post_tag","embeddable":true,"href":"https:\/\/www.plasnor.com\/es\/wp-json\/wp\/v2\/tags?post=14998"}],"curies":[{"name":"wp","href":"https:\/\/api.w.org\/{rel}","templated":true}]}}