{"id":15011,"date":"2023-04-24T11:33:06","date_gmt":"2023-04-24T09:33:06","guid":{"rendered":"https:\/\/www.plasnor.com\/?page_id=15011"},"modified":"2024-02-05T17:37:23","modified_gmt":"2024-02-05T16:37:23","slug":"termoconformado-vs-otras-tecnologias","status":"publish","type":"page","link":"https:\/\/www.plasnor.com\/es\/termoconformado\/termoconformado-vs-otras-tecnologias\/","title":{"rendered":"Termoconformado frente a otras tecnolog\u00edas"},"content":{"rendered":"<p>El termoconformado ofrece muchas ventajas <em><strong>frente a otro tipo de materiales y tecnolog\u00edas<\/strong><\/em>. El termoconformado ofrece la posibilidad de elaborar prototipos de manera r\u00e1pida, econ\u00f3mica y con alta capacidad de reproducci\u00f3n, por lo que es altamente recomendable para diferentes sectores y aplicaciones.<\/p>\n<ul style=\"margin-left: 20px;\">\n<li>Gran adaptaci\u00f3n a las necesidades de los clientes.<\/li>\n<li>Costes reducidos en comparaci\u00f3n con moldes de inyecci\u00f3n.<\/li>\n<li>R\u00e1pido desarrollo y fabricaci\u00f3n de prototipos.<\/li>\n<li>Optimizaci\u00f3n del proceso de fabricaci\u00f3n y de los materiales.<\/li>\n<li>Moldes relativamente f\u00e1ciles de modificar y adaptar.<\/li>\n<li>Flexibilidad en la elaboraci\u00f3n de lotes.<\/li>\n<li>Acabados detallados y de excelente aspecto de las piezas acabadas con gran variedad de acabados superficiales.<\/li>\n<li>Procesos de producci\u00f3n integrados.<\/li>\n<li>Amplio abanico de acabados y pintura posterior.<\/li>\n<\/ul>\n<p>&nbsp;<\/p>\n<table>\n<tbody>\n<tr>\n<th>Tecnolog\u00eda<\/th>\n<th>Poliester<\/th>\n<th>Termoconformado<\/th>\n<th>Inyecci\u00f3n<\/th>\n<\/tr>\n<tr>\n<td>Coste molde<\/td>\n<td>Bajo<\/td>\n<td>Medio<\/td>\n<td>Grande<\/td>\n<\/tr>\n<tr>\n<td>Coste pieza<\/td>\n<td>Alto<\/td>\n<td>Medio<\/td>\n<td>Bajo<\/td>\n<\/tr>\n<tr>\n<td>Serie<\/td>\n<td>Bajo<\/td>\n<td>Medio &#8211; Grande<\/td>\n<td>Muy grande<\/td>\n<\/tr>\n<tr>\n<td>Acabado<\/td>\n<td>Necesario pintado<\/td>\n<td>Excelente acabado est\u00e9tico<\/td>\n<td>Buen acabado est\u00e9tico. A veces necesario pintado<\/td>\n<\/tr>\n<\/tbody>\n<\/table>\n<p>&nbsp;<\/p>\n","protected":false},"excerpt":{"rendered":"<p>El termoconformado ofrece muchas ventajas frente a otro tipo de materiales y tecnolog\u00edas. El termoconformado ofrece la posibilidad &#8230; <a title=\"Termoconformado frente a otras tecnolog\u00edas\" class=\"read-more\" href=\"https:\/\/www.plasnor.com\/es\/termoconformado\/termoconformado-vs-otras-tecnologias\/\" aria-label=\"Leer m\u00e1s sobre Termoconformado frente a otras tecnolog\u00edas\">[ + info ]<\/a><\/p>\n","protected":false},"author":1,"featured_media":0,"parent":27,"menu_order":0,"comment_status":"closed","ping_status":"closed","template":"","meta":{"footnotes":""},"categories":[436],"tags":[],"class_list":{"0":"post-15011","1":"page","2":"type-page","3":"status-publish","5":"category-page-termonconformado"},"_links":{"self":[{"href":"https:\/\/www.plasnor.com\/es\/wp-json\/wp\/v2\/pages\/15011","targetHints":{"allow":["GET"]}}],"collection":[{"href":"https:\/\/www.plasnor.com\/es\/wp-json\/wp\/v2\/pages"}],"about":[{"href":"https:\/\/www.plasnor.com\/es\/wp-json\/wp\/v2\/types\/page"}],"author":[{"embeddable":true,"href":"https:\/\/www.plasnor.com\/es\/wp-json\/wp\/v2\/users\/1"}],"replies":[{"embeddable":true,"href":"https:\/\/www.plasnor.com\/es\/wp-json\/wp\/v2\/comments?post=15011"}],"version-history":[{"count":0,"href":"https:\/\/www.plasnor.com\/es\/wp-json\/wp\/v2\/pages\/15011\/revisions"}],"up":[{"embeddable":true,"href":"https:\/\/www.plasnor.com\/es\/wp-json\/wp\/v2\/pages\/27"}],"wp:attachment":[{"href":"https:\/\/www.plasnor.com\/es\/wp-json\/wp\/v2\/media?parent=15011"}],"wp:term":[{"taxonomy":"category","embeddable":true,"href":"https:\/\/www.plasnor.com\/es\/wp-json\/wp\/v2\/categories?post=15011"},{"taxonomy":"post_tag","embeddable":true,"href":"https:\/\/www.plasnor.com\/es\/wp-json\/wp\/v2\/tags?post=15011"}],"curies":[{"name":"wp","href":"https:\/\/api.w.org\/{rel}","templated":true}]}}