{"id":15016,"date":"2023-04-24T11:45:45","date_gmt":"2023-04-24T09:45:45","guid":{"rendered":"https:\/\/www.plasnor.com\/?page_id=15016"},"modified":"2024-02-05T16:57:33","modified_gmt":"2024-02-05T15:57:33","slug":"descripcion-del-proceso-productivo","status":"publish","type":"page","link":"https:\/\/www.plasnor.com\/es\/termoconformado\/descripcion-del-proceso-productivo\/","title":{"rendered":"Descripci\u00f3n del proceso productivo"},"content":{"rendered":"<h2>La Tecnolog\u00eda de TERMOCONFORMADO &#8211; Descripci\u00f3n del proceso productivo<\/h2>\n<h3>Materiales<\/h3>\n<p>Se pueden utilizar la mayor\u00eda de los termopl\u00e1sticos. Deben estar en forma de l\u00e1mina (plancha o bobina).<\/p>\n<h3>Utillajes (Moldes)<\/h3>\n<p>Pueden ser de los siguientes materiales<\/p>\n<ul>\n<li>Aluminio: Vida \u00fatil indefinida. Para series largas. Permite un buen acabado de las piezas.<\/li>\n<li>Resina: Fase de prototipado. Series cortas.<\/li>\n<li>Madera: Actualmente pr\u00e1cticamente en desuso. Muestras o series cortas.<\/li>\n<\/ul>\n<p><img loading=\"lazy\" decoding=\"async\" class=\"alignnone wp-image-15017 size-full\" src=\"https:\/\/www.plasnor.com\/wp-content\/uploads\/2023\/04\/tec1.jpg\" alt=\"\" width=\"227\" height=\"159\" title=\"\"><\/p>\n<figure><\/figure>\n<h3><\/h3>\n<h3>Proceso de termoconformado<\/h3>\n<p>Consta de los siguientes pasos:<\/p>\n<ul>\n<li>Extrusi\u00f3n de la plancha<\/li>\n<li>Colocaci\u00f3n de la plancha sobre el molde<\/li>\n<li>Calentamiento<\/li>\n<li>Moldeo mediante aplicaci\u00f3n de vac\u00edo<\/li>\n<\/ul>\n<p><img loading=\"lazy\" decoding=\"async\" class=\"wp-image-15033 size-full alignnone\" src=\"https:\/\/www.plasnor.com\/wp-content\/uploads\/2023\/04\/tec2.jpg\" alt=\"\" width=\"447\" height=\"86\" title=\"\" srcset=\"https:\/\/www.plasnor.com\/wp-content\/uploads\/2023\/04\/tec2.jpg 447w, https:\/\/www.plasnor.com\/wp-content\/uploads\/2023\/04\/tec2-300x58.jpg 300w\" sizes=\"auto, (max-width: 447px) 100vw, 447px\" \/><\/p>\n<h3><\/h3>\n<h3>Fases del proceso<\/h3>\n<ul>\n<li><strong>Preparaci\u00f3n<\/strong>\n<ul>\n<li>El molde se coloca en la m\u00e1quina termoconformadora.<\/li>\n<\/ul>\n<\/li>\n<\/ul>\n<p style=\"padding-left: 80px;\"><img loading=\"lazy\" decoding=\"async\" class=\"wp-image-15037 size-full alignnone\" src=\"https:\/\/www.plasnor.com\/wp-content\/uploads\/2023\/04\/tec3.jpg\" alt=\"\" width=\"165\" height=\"110\" title=\"\"><\/p>\n<ul>\n<li><strong>Colocaci\u00f3n<\/strong>\n<ul>\n<li>Una l\u00e1mina de pl\u00e1stico (por ejemplo ABS) se coloca sobre el molde.<\/li>\n<\/ul>\n<\/li>\n<\/ul>\n<p style=\"padding-left: 80px;\"><img loading=\"lazy\" decoding=\"async\" class=\"alignnone size-full wp-image-15041\" src=\"https:\/\/www.plasnor.com\/wp-content\/uploads\/2023\/04\/tec4.jpg\" alt=\"\" width=\"165\" height=\"110\" title=\"\"><\/p>\n<ul>\n<li><strong>Calentamiento<\/strong>\n<ul>\n<li>Se calienta la placa de pl\u00e1stico hasta que \u00e9sta se ablanda.<\/li>\n<\/ul>\n<\/li>\n<\/ul>\n<p style=\"padding-left: 80px;\"><img loading=\"lazy\" decoding=\"async\" class=\"alignnone size-full wp-image-15045\" src=\"https:\/\/www.plasnor.com\/wp-content\/uploads\/2023\/04\/tec5.jpg\" alt=\"\" width=\"165\" height=\"110\" title=\"\"> <img loading=\"lazy\" decoding=\"async\" class=\"alignnone size-full wp-image-15049\" src=\"https:\/\/www.plasnor.com\/wp-content\/uploads\/2023\/04\/tec6.jpg\" alt=\"\" width=\"165\" height=\"110\" title=\"\"><\/p>\n<ul>\n<li><strong>Moldeo<\/strong>\n<ul>\n<li>Se aplica vac\u00edo y esto hace que se evac\u00fae todo el aire debajo del pl\u00e1stico. La presi\u00f3n atmosf\u00e9rica sobre el pl\u00e1stico hace que \u00e9ste se adapte al molde.<\/li>\n<\/ul>\n<\/li>\n<\/ul>\n<p style=\"padding-left: 80px;\"><img loading=\"lazy\" decoding=\"async\" class=\"alignnone size-full wp-image-15021\" src=\"https:\/\/www.plasnor.com\/wp-content\/uploads\/2023\/04\/tec7.jpg\" alt=\"\" width=\"165\" height=\"110\" title=\"\"><\/p>\n<ul>\n<li><strong>Refrigeraci\u00f3n<\/strong>\n<ul>\n<li>Mediante un circuito interno de refrigeraci\u00f3n del molde y ventiladores se procede al enfriamiento del pl\u00e1stico. Una vez enfriado lo suficiente, el vac\u00edo es apagado.<\/li>\n<\/ul>\n<\/li>\n<\/ul>\n<p style=\"padding-left: 80px;\"><img loading=\"lazy\" decoding=\"async\" class=\"alignnone size-full wp-image-15025\" src=\"https:\/\/www.plasnor.com\/wp-content\/uploads\/2023\/04\/tec8.jpg\" alt=\"\" width=\"165\" height=\"110\" title=\"\"><\/p>\n<ul>\n<li><strong>Desmoldeo<\/strong>\n<ul>\n<li>El pl\u00e1stico se retira de la m\u00e1quina moldeadora. La plancha ha adquirido la forma deseada.El exceso de pl\u00e1stico se retira quedando solo la pieza limpia.<\/li>\n<\/ul>\n<\/li>\n<\/ul>\n<p style=\"padding-left: 80px;\"><img loading=\"lazy\" decoding=\"async\" class=\"alignnone size-full wp-image-15029\" src=\"https:\/\/www.plasnor.com\/wp-content\/uploads\/2023\/04\/tec9.jpg\" alt=\"\" width=\"166\" height=\"196\" title=\"\"><\/p>\n<p>&nbsp;<\/p>\n","protected":false},"excerpt":{"rendered":"<p>La Tecnolog\u00eda de TERMOCONFORMADO &#8211; Descripci\u00f3n del proceso productivo Materiales Se pueden utilizar la mayor\u00eda de los termopl\u00e1sticos. &#8230; <a title=\"Descripci\u00f3n del proceso productivo\" class=\"read-more\" href=\"https:\/\/www.plasnor.com\/es\/termoconformado\/descripcion-del-proceso-productivo\/\" aria-label=\"Leer m\u00e1s sobre Descripci\u00f3n del proceso productivo\">[ + info ]<\/a><\/p>\n","protected":false},"author":1,"featured_media":0,"parent":27,"menu_order":0,"comment_status":"closed","ping_status":"closed","template":"","meta":{"footnotes":""},"categories":[436],"tags":[],"class_list":{"0":"post-15016","1":"page","2":"type-page","3":"status-publish","5":"category-page-termonconformado"},"_links":{"self":[{"href":"https:\/\/www.plasnor.com\/es\/wp-json\/wp\/v2\/pages\/15016","targetHints":{"allow":["GET"]}}],"collection":[{"href":"https:\/\/www.plasnor.com\/es\/wp-json\/wp\/v2\/pages"}],"about":[{"href":"https:\/\/www.plasnor.com\/es\/wp-json\/wp\/v2\/types\/page"}],"author":[{"embeddable":true,"href":"https:\/\/www.plasnor.com\/es\/wp-json\/wp\/v2\/users\/1"}],"replies":[{"embeddable":true,"href":"https:\/\/www.plasnor.com\/es\/wp-json\/wp\/v2\/comments?post=15016"}],"version-history":[{"count":0,"href":"https:\/\/www.plasnor.com\/es\/wp-json\/wp\/v2\/pages\/15016\/revisions"}],"up":[{"embeddable":true,"href":"https:\/\/www.plasnor.com\/es\/wp-json\/wp\/v2\/pages\/27"}],"wp:attachment":[{"href":"https:\/\/www.plasnor.com\/es\/wp-json\/wp\/v2\/media?parent=15016"}],"wp:term":[{"taxonomy":"category","embeddable":true,"href":"https:\/\/www.plasnor.com\/es\/wp-json\/wp\/v2\/categories?post=15016"},{"taxonomy":"post_tag","embeddable":true,"href":"https:\/\/www.plasnor.com\/es\/wp-json\/wp\/v2\/tags?post=15016"}],"curies":[{"name":"wp","href":"https:\/\/api.w.org\/{rel}","templated":true}]}}