{"id":15556,"date":"2023-04-25T12:16:42","date_gmt":"2023-04-25T10:16:42","guid":{"rendered":"https:\/\/www.plasnor.com\/?page_id=15556"},"modified":"2024-02-05T15:52:36","modified_gmt":"2024-02-05T14:52:36","slug":"puntos-clave","status":"publish","type":"page","link":"https:\/\/www.plasnor.com\/es\/bandejas-de-transporte\/puntos-clave\/","title":{"rendered":"Puntos clave"},"content":{"rendered":"<div id=\"pl-15556\"  class=\"panel-layout\" ><div id=\"pg-15556-0\"  class=\"panel-grid panel-no-style\" ><div id=\"pgc-15556-0-0\"  class=\"panel-grid-cell\" ><div id=\"panel-15556-0-0-0\" class=\"so-panel widget widget_sow-editor panel-first-child panel-last-child\" data-index=\"0\" ><div\n\t\t\t\n\t\t\tclass=\"so-widget-sow-editor so-widget-sow-editor-base\"\n\t\t\t\n\t\t>\n<div class=\"siteorigin-widget-tinymce textwidget\">\n\t<p>Bas\u00e1ndonos en las necesidades del cliente proporcionamos la soluci\u00f3n m\u00e1s eficiente en t\u00e9rminos de flujo log\u00edstico, ergonom\u00eda y compatibilidad con automatismos. Contamos con medios propios para desarrollar todo el proceso, lo cual contribuye a una mejora del servicio y de control de resultados.<\/p>\n<\/div>\n<\/div><\/div><\/div><\/div><div id=\"pg-15556-1\"  class=\"panel-grid panel-no-style\" ><div id=\"pgc-15556-1-0\"  class=\"panel-grid-cell\" ><div id=\"panel-15556-1-0-0\" class=\"so-panel widget widget_sow-image panel-first-child panel-last-child\" data-index=\"1\" ><div\n\t\t\t\n\t\t\tclass=\"so-widget-sow-image so-widget-sow-image-default-8b5b6f678277-15556\"\n\t\t\t\n\t\t>\n<div class=\"sow-image-container\">\n\t\t<img \n\tsrc=\"https:\/\/www.plasnor.com\/wp-content\/uploads\/2023\/04\/diseno-propio-de-bandeja-plasnor.jpg\" width=\"1000\" height=\"563\" srcset=\"https:\/\/www.plasnor.com\/wp-content\/uploads\/2023\/04\/diseno-propio-de-bandeja-plasnor.jpg 1000w, https:\/\/www.plasnor.com\/wp-content\/uploads\/2023\/04\/diseno-propio-de-bandeja-plasnor-300x169.jpg 300w, https:\/\/www.plasnor.com\/wp-content\/uploads\/2023\/04\/diseno-propio-de-bandeja-plasnor-768x432.jpg 768w\" sizes=\"(max-width: 1000px) 100vw, 1000px\" title=\"Dise\u00f1o propio de bandejas\" alt=\"Dise\u00f1o propio de bandejas\" \t\tclass=\"so-widget-image\"\/>\n\t<\/div>\n\n<\/div><\/div><\/div><div id=\"pgc-15556-1-1\"  class=\"panel-grid-cell\" ><div id=\"panel-15556-1-1-0\" class=\"so-panel widget widget_sow-editor panel-first-child panel-last-child\" data-index=\"2\" ><div\n\t\t\t\n\t\t\tclass=\"so-widget-sow-editor so-widget-sow-editor-base\"\n\t\t\t\n\t\t><h3 class=\"widget-title\">Dise\u00f1o propio de bandejas<\/h3>\n<div class=\"siteorigin-widget-tinymce textwidget\">\n\t<p>Planos 3D: Dise\u00f1o propio especializado en este tipo de aplicaciones Definici\u00f3n material \u2013 Laboratorio propio: Buscamos el material m\u00e1s adecuado en t\u00e9rminos de funcionalidad y coste siempre teniendo en cuenta que no se comprometa la calidad de la pieza.<\/p>\n<\/div>\n<\/div><\/div><\/div><\/div><div id=\"pg-15556-2\"  class=\"panel-grid panel-no-style\" ><div id=\"pgc-15556-2-0\"  class=\"panel-grid-cell\" ><div id=\"panel-15556-2-0-0\" class=\"so-panel widget widget_sow-image panel-first-child panel-last-child\" data-index=\"3\" ><div\n\t\t\t\n\t\t\tclass=\"so-widget-sow-image so-widget-sow-image-default-8b5b6f678277-15556\"\n\t\t\t\n\t\t>\n<div class=\"sow-image-container\">\n\t\t<img \n\tsrc=\"https:\/\/www.plasnor.com\/wp-content\/uploads\/2023\/04\/termoconformado-molde.jpg\" width=\"1000\" height=\"667\" srcset=\"https:\/\/www.plasnor.com\/wp-content\/uploads\/2023\/04\/termoconformado-molde.jpg 1000w, https:\/\/www.plasnor.com\/wp-content\/uploads\/2023\/04\/termoconformado-molde-300x200.jpg 300w, https:\/\/www.plasnor.com\/wp-content\/uploads\/2023\/04\/termoconformado-molde-768x512.jpg 768w, https:\/\/www.plasnor.com\/wp-content\/uploads\/2023\/04\/termoconformado-molde-720x480.jpg 720w\" sizes=\"(max-width: 1000px) 100vw, 1000px\" title=\"Fabricaci\u00f3n propia de moldes\" alt=\"Fabricaci\u00f3n propia de moldes\" \t\tclass=\"so-widget-image\"\/>\n\t<\/div>\n\n<\/div><\/div><\/div><div id=\"pgc-15556-2-1\"  class=\"panel-grid-cell\" ><div id=\"panel-15556-2-1-0\" class=\"so-panel widget widget_sow-editor panel-first-child panel-last-child\" data-index=\"4\" ><div\n\t\t\t\n\t\t\tclass=\"so-widget-sow-editor so-widget-sow-editor-base\"\n\t\t\t\n\t\t><h3 class=\"widget-title\">Fabricaci\u00f3n propia de moldes<\/h3>\n<div class=\"siteorigin-widget-tinymce textwidget\">\n\t<p>Disponemos de instalaciones donde fabricamos los moldes tanto para prototipos como para series.<\/p>\n<p>Dependiendo de la cantidad de piezas a termoconformar construimos moldes de madera (prototipo), resina (prototipos + preserie) o aluminio (serie).<\/p>\n<p>En algunos casos, cuando es necesario, utilizamos contra moldes para el correcto acabado de las piezas.<\/p>\n<\/div>\n<\/div><\/div><\/div><\/div><div id=\"pg-15556-3\"  class=\"panel-grid panel-no-style\" ><div id=\"pgc-15556-3-0\"  class=\"panel-grid-cell\" ><div id=\"panel-15556-3-0-0\" class=\"so-panel widget widget_sow-image panel-first-child panel-last-child\" data-index=\"5\" ><div\n\t\t\t\n\t\t\tclass=\"so-widget-sow-image so-widget-sow-image-default-8b5b6f678277-15556\"\n\t\t\t\n\t\t>\n<div class=\"sow-image-container\">\n\t\t<img \n\tsrc=\"https:\/\/www.plasnor.com\/wp-content\/uploads\/2023\/04\/plasnor-extrusion-042.jpg\" width=\"1000\" height=\"654\" srcset=\"https:\/\/www.plasnor.com\/wp-content\/uploads\/2023\/04\/plasnor-extrusion-042.jpg 1000w, https:\/\/www.plasnor.com\/wp-content\/uploads\/2023\/04\/plasnor-extrusion-042-300x196.jpg 300w, https:\/\/www.plasnor.com\/wp-content\/uploads\/2023\/04\/plasnor-extrusion-042-768x502.jpg 768w\" sizes=\"(max-width: 1000px) 100vw, 1000px\" title=\"Proceso de extrusi\u00f3n: somos fabricantes de plancha y bobina\" alt=\"Proceso de extrusi\u00f3n: somos fabricantes de plancha y bobina\" \t\tclass=\"so-widget-image\"\/>\n\t<\/div>\n\n<\/div><\/div><\/div><div id=\"pgc-15556-3-1\"  class=\"panel-grid-cell\" ><div id=\"panel-15556-3-1-0\" class=\"so-panel widget widget_sow-editor panel-first-child panel-last-child\" data-index=\"6\" ><div\n\t\t\t\n\t\t\tclass=\"so-widget-sow-editor so-widget-sow-editor-base\"\n\t\t\t\n\t\t><h3 class=\"widget-title\">Proceso de extrusi\u00f3n: somos fabricantes de plancha y bobina<\/h3>\n<div class=\"siteorigin-widget-tinymce textwidget\">\n\t<\/div>\n<\/div><\/div><\/div><\/div><div id=\"pg-15556-4\"  class=\"panel-grid panel-no-style\" ><div id=\"pgc-15556-4-0\"  class=\"panel-grid-cell\" ><div id=\"panel-15556-4-0-0\" class=\"so-panel widget widget_sow-image panel-first-child panel-last-child\" data-index=\"7\" ><div\n\t\t\t\n\t\t\tclass=\"so-widget-sow-image so-widget-sow-image-default-8b5b6f678277-15556\"\n\t\t\t\n\t\t>\n<div class=\"sow-image-container\">\n\t\t<img \n\tsrc=\"https:\/\/www.plasnor.com\/wp-content\/uploads\/2023\/04\/termoconformado-maquina1.jpg\" width=\"1000\" height=\"667\" srcset=\"https:\/\/www.plasnor.com\/wp-content\/uploads\/2023\/04\/termoconformado-maquina1.jpg 1000w, https:\/\/www.plasnor.com\/wp-content\/uploads\/2023\/04\/termoconformado-maquina1-300x200.jpg 300w, https:\/\/www.plasnor.com\/wp-content\/uploads\/2023\/04\/termoconformado-maquina1-768x512.jpg 768w, https:\/\/www.plasnor.com\/wp-content\/uploads\/2023\/04\/termoconformado-maquina1-720x480.jpg 720w\" sizes=\"(max-width: 1000px) 100vw, 1000px\" title=\"Proceso de termoconformado\" alt=\"Proceso de termoconformado\" \t\tclass=\"so-widget-image\"\/>\n\t<\/div>\n\n<\/div><\/div><\/div><div id=\"pgc-15556-4-1\"  class=\"panel-grid-cell\" ><div id=\"panel-15556-4-1-0\" class=\"so-panel widget widget_sow-editor panel-first-child panel-last-child\" data-index=\"8\" ><div\n\t\t\t\n\t\t\tclass=\"so-widget-sow-editor so-widget-sow-editor-base\"\n\t\t\t\n\t\t><h3 class=\"widget-title\">Proceso de termoconformado<\/h3>\n<div class=\"siteorigin-widget-tinymce textwidget\">\n\t<p>Tenemos diferentes m\u00e1quinas de termoconformado a fin de adecuarnos a las necesidades de las piezas de nuestros clientes. Tanto en tama\u00f1o como en materiales pl\u00e1sticos, ofrecemos a nuestro cliente la soluci\u00f3n de embalaje m\u00e1s eficiente y eficaz.<\/p>\n<p>Tenemos una capacidad de termoconformado de hasta 3.000\u00d72.000\u00d7900 mm<\/p>\n<\/div>\n<\/div><\/div><\/div><\/div><div id=\"pg-15556-5\"  class=\"panel-grid panel-no-style\" ><div id=\"pgc-15556-5-0\"  class=\"panel-grid-cell\" ><div id=\"panel-15556-5-0-0\" class=\"so-panel widget widget_sow-image panel-first-child panel-last-child\" data-index=\"9\" ><div\n\t\t\t\n\t\t\tclass=\"so-widget-sow-image so-widget-sow-image-default-8b5b6f678277-15556\"\n\t\t\t\n\t\t>\n<div class=\"sow-image-container\">\n\t\t<img \n\tsrc=\"https:\/\/www.plasnor.com\/wp-content\/uploads\/2023\/04\/bandeja-de-transporte-llena.jpg\" width=\"1000\" height=\"667\" srcset=\"https:\/\/www.plasnor.com\/wp-content\/uploads\/2023\/04\/bandeja-de-transporte-llena.jpg 1000w, https:\/\/www.plasnor.com\/wp-content\/uploads\/2023\/04\/bandeja-de-transporte-llena-300x200.jpg 300w, https:\/\/www.plasnor.com\/wp-content\/uploads\/2023\/04\/bandeja-de-transporte-llena-768x512.jpg 768w, https:\/\/www.plasnor.com\/wp-content\/uploads\/2023\/04\/bandeja-de-transporte-llena-720x480.jpg 720w\" sizes=\"(max-width: 1000px) 100vw, 1000px\" title=\"Proceso de mecanizado\" alt=\"Proceso de mecanizado\" \t\tclass=\"so-widget-image\"\/>\n\t<\/div>\n\n<\/div><\/div><\/div><div id=\"pgc-15556-5-1\"  class=\"panel-grid-cell\" ><div id=\"panel-15556-5-1-0\" class=\"so-panel widget widget_sow-editor panel-first-child panel-last-child\" data-index=\"10\" ><div\n\t\t\t\n\t\t\tclass=\"so-widget-sow-editor so-widget-sow-editor-base\"\n\t\t\t\n\t\t><h3 class=\"widget-title\">Proceso de mecanizado<\/h3>\n<div class=\"siteorigin-widget-tinymce textwidget\">\n\t<p>Disponemos de varios centros de mecanizado CNC para el perfecto acabado de las bandejas. Corte perimetral, desag\u00fces, aperturas para asideros, etc\u2026<\/p>\n<\/div>\n<\/div><\/div><\/div><\/div><\/div>","protected":false},"excerpt":{"rendered":"<p>Bas\u00e1ndonos en las necesidades del cliente proporcionamos la soluci\u00f3n m\u00e1s eficiente en t\u00e9rminos de flujo log\u00edstico, ergonom\u00eda y &#8230; <a title=\"Puntos clave\" class=\"read-more\" href=\"https:\/\/www.plasnor.com\/es\/bandejas-de-transporte\/puntos-clave\/\" aria-label=\"Leer m\u00e1s sobre Puntos clave\">[ + info ]<\/a><\/p>\n","protected":false},"author":1,"featured_media":0,"parent":29,"menu_order":0,"comment_status":"closed","ping_status":"closed","template":"","meta":{"footnotes":""},"categories":[438],"tags":[],"class_list":{"0":"post-15556","1":"page","2":"type-page","3":"status-publish","5":"category-page-bandeja-transporte"},"_links":{"self":[{"href":"https:\/\/www.plasnor.com\/es\/wp-json\/wp\/v2\/pages\/15556","targetHints":{"allow":["GET"]}}],"collection":[{"href":"https:\/\/www.plasnor.com\/es\/wp-json\/wp\/v2\/pages"}],"about":[{"href":"https:\/\/www.plasnor.com\/es\/wp-json\/wp\/v2\/types\/page"}],"author":[{"embeddable":true,"href":"https:\/\/www.plasnor.com\/es\/wp-json\/wp\/v2\/users\/1"}],"replies":[{"embeddable":true,"href":"https:\/\/www.plasnor.com\/es\/wp-json\/wp\/v2\/comments?post=15556"}],"version-history":[{"count":0,"href":"https:\/\/www.plasnor.com\/es\/wp-json\/wp\/v2\/pages\/15556\/revisions"}],"up":[{"embeddable":true,"href":"https:\/\/www.plasnor.com\/es\/wp-json\/wp\/v2\/pages\/29"}],"wp:attachment":[{"href":"https:\/\/www.plasnor.com\/es\/wp-json\/wp\/v2\/media?parent=15556"}],"wp:term":[{"taxonomy":"category","embeddable":true,"href":"https:\/\/www.plasnor.com\/es\/wp-json\/wp\/v2\/categories?post=15556"},{"taxonomy":"post_tag","embeddable":true,"href":"https:\/\/www.plasnor.com\/es\/wp-json\/wp\/v2\/tags?post=15556"}],"curies":[{"name":"wp","href":"https:\/\/api.w.org\/{rel}","templated":true}]}}