{"id":15634,"date":"2023-04-25T12:24:56","date_gmt":"2023-04-25T10:24:56","guid":{"rendered":"https:\/\/www.plasnor.com\/?page_id=15634"},"modified":"2024-02-05T15:50:16","modified_gmt":"2024-02-05T14:50:16","slug":"objetivos","status":"publish","type":"page","link":"https:\/\/www.plasnor.com\/es\/bandejas-de-transporte\/objetivos\/","title":{"rendered":"Nuestro objetivo"},"content":{"rendered":"<p>Nuestro objetivo es proporcionar una soluci\u00f3n a nuestros clientes en base a sus necesidades.<\/p>\n<h3>Optimizaci\u00f3n log\u00edstica:<\/h3>\n<p>Conseguir alojar un mayor n\u00famero de piezas por bandeja y de bandejas por contenedor. Somos especialistas en buscar la eficiencia del espacio disponible.<\/p>\n<p><img loading=\"lazy\" decoding=\"async\" class=\"alignnone wp-image-15638 size-full\" src=\"https:\/\/www.plasnor.com\/wp-content\/uploads\/2023\/04\/plasnor-automotivepackaging-72-01.jpg\" alt=\"Optimizaci\u00f3n log\u00edstica\" width=\"500\" height=\"281\" title=\"\" srcset=\"https:\/\/www.plasnor.com\/wp-content\/uploads\/2023\/04\/plasnor-automotivepackaging-72-01.jpg 500w, https:\/\/www.plasnor.com\/wp-content\/uploads\/2023\/04\/plasnor-automotivepackaging-72-01-300x169.jpg 300w\" sizes=\"auto, (max-width: 500px) 100vw, 500px\" \/><\/p>\n<h3>Compatibilidad con diferentes modelos de piezas:<\/h3>\n<p>Nuestras bandejas est\u00e1n dise\u00f1adas para que, en la medida de lo posible, un mismo modelo permita alojar diferentes tipos de piezas.<\/p>\n<h3>Compatibilidad con automatismos:<\/h3>\n<p>Permiten que la pieza sea manipulada por automatismos.<\/p>\n<h3>Ergonom\u00eda:<\/h3>\n<p>Dise\u00f1amos nuestras bandejas de forma que posibiliten una manipulaci\u00f3n manual m\u00e1s eficiente y segura para los trabajadores de las piezas y las bandejas. Incluyen adem\u00e1s asideros y sistemas anti-encastre de forma que posibiliten una m\u00e1s f\u00e1cil manipulaci\u00f3n de las bandejas.<\/p>\n<h3>Protecci\u00f3n:<\/h3>\n<p>Las bandejas evitan que la pieza sea da\u00f1ada en el proceso de transporte.<\/p>\n<p><img loading=\"lazy\" decoding=\"async\" class=\"alignnone wp-image-15642 size-full\" src=\"https:\/\/www.plasnor.com\/wp-content\/uploads\/2023\/04\/plasnor-automotivepackaging-identification-72.jpg\" alt=\"Protecci\u00f3n\" width=\"700\" height=\"536\" title=\"\" srcset=\"https:\/\/www.plasnor.com\/wp-content\/uploads\/2023\/04\/plasnor-automotivepackaging-identification-72.jpg 700w, https:\/\/www.plasnor.com\/wp-content\/uploads\/2023\/04\/plasnor-automotivepackaging-identification-72-300x230.jpg 300w\" sizes=\"auto, (max-width: 700px) 100vw, 700px\" \/><\/p>\n<h3>Diferenciaci\u00f3n:<\/h3>\n<p>Ofrecemos la posibilidad de identificar las bandejas utilizando diferentes par\u00e1metros: color, c\u00f3digo o referencia de la bandeja, marca o nombre del propietario, etc.<\/p>\n<p>Existe la posibilidad de marcar las bandejas con bandas de colores para se\u00f1alar el sentido correcto de colocaci\u00f3n de las bandejas o de las piezas.<\/p>\n","protected":false},"excerpt":{"rendered":"<p>Nuestro objetivo es proporcionar una soluci\u00f3n a nuestros clientes en base a sus necesidades. Optimizaci\u00f3n log\u00edstica: Conseguir alojar &#8230; <a title=\"Nuestro objetivo\" class=\"read-more\" href=\"https:\/\/www.plasnor.com\/es\/bandejas-de-transporte\/objetivos\/\" aria-label=\"Leer m\u00e1s sobre Nuestro objetivo\">[ + info ]<\/a><\/p>\n","protected":false},"author":1,"featured_media":0,"parent":29,"menu_order":0,"comment_status":"closed","ping_status":"closed","template":"","meta":{"footnotes":""},"categories":[438],"tags":[],"class_list":{"0":"post-15634","1":"page","2":"type-page","3":"status-publish","5":"category-page-bandeja-transporte"},"_links":{"self":[{"href":"https:\/\/www.plasnor.com\/es\/wp-json\/wp\/v2\/pages\/15634","targetHints":{"allow":["GET"]}}],"collection":[{"href":"https:\/\/www.plasnor.com\/es\/wp-json\/wp\/v2\/pages"}],"about":[{"href":"https:\/\/www.plasnor.com\/es\/wp-json\/wp\/v2\/types\/page"}],"author":[{"embeddable":true,"href":"https:\/\/www.plasnor.com\/es\/wp-json\/wp\/v2\/users\/1"}],"replies":[{"embeddable":true,"href":"https:\/\/www.plasnor.com\/es\/wp-json\/wp\/v2\/comments?post=15634"}],"version-history":[{"count":0,"href":"https:\/\/www.plasnor.com\/es\/wp-json\/wp\/v2\/pages\/15634\/revisions"}],"up":[{"embeddable":true,"href":"https:\/\/www.plasnor.com\/es\/wp-json\/wp\/v2\/pages\/29"}],"wp:attachment":[{"href":"https:\/\/www.plasnor.com\/es\/wp-json\/wp\/v2\/media?parent=15634"}],"wp:term":[{"taxonomy":"category","embeddable":true,"href":"https:\/\/www.plasnor.com\/es\/wp-json\/wp\/v2\/categories?post=15634"},{"taxonomy":"post_tag","embeddable":true,"href":"https:\/\/www.plasnor.com\/es\/wp-json\/wp\/v2\/tags?post=15634"}],"curies":[{"name":"wp","href":"https:\/\/api.w.org\/{rel}","templated":true}]}}