{"id":20,"date":"2023-04-20T16:18:45","date_gmt":"2023-04-20T14:18:45","guid":{"rendered":"https:\/\/www.plasnor.com\/?page_id=20"},"modified":"2024-04-10T08:34:40","modified_gmt":"2024-04-10T06:34:40","slug":"empresa","status":"publish","type":"page","link":"https:\/\/www.plasnor.com\/es\/empresa\/","title":{"rendered":"Empresa"},"content":{"rendered":"<div id=\"pl-20\"  class=\"panel-layout\" ><div id=\"pg-20-0\"  class=\"panel-grid panel-has-style\" ><div class=\"section-interior panel-row-style panel-row-style-for-20-0\" ><div id=\"pgc-20-0-0\"  class=\"panel-grid-cell\" ><div id=\"panel-20-0-0-0\" class=\"so-panel widget widget_sow-image panel-first-child panel-last-child\" data-index=\"0\" ><div\n\t\t\t\n\t\t\tclass=\"so-widget-sow-image so-widget-sow-image-default-8b5b6f678277-20\"\n\t\t\t\n\t\t>\n<div class=\"sow-image-container\">\n\t\t<img \n\tsrc=\"https:\/\/www.plasnor.com\/wp-content\/uploads\/2023\/04\/plasnor-quienes-somos.jpg\" width=\"370\" height=\"130\" srcset=\"https:\/\/www.plasnor.com\/wp-content\/uploads\/2023\/04\/plasnor-quienes-somos.jpg 370w, https:\/\/www.plasnor.com\/wp-content\/uploads\/2023\/04\/plasnor-quienes-somos-300x105.jpg 300w\" sizes=\"(max-width: 370px) 100vw, 370px\" title=\"Plasnor\" alt=\"Plasnor\" \t\tclass=\"so-widget-image\"\/>\n\t<\/div>\n\n<\/div><\/div><\/div><div id=\"pgc-20-0-1\"  class=\"panel-grid-cell\" ><div id=\"panel-20-0-1-0\" class=\"so-panel widget widget_sow-headline panel-first-child panel-last-child\" data-index=\"1\" ><div\n\t\t\t\n\t\t\tclass=\"so-widget-sow-headline so-widget-sow-headline-default-d382a4f31426-20 so-widget-fittext-wrapper\"\n\t\t\t data-fit-text-compressor=\"0.85\"\n\t\t><div class=\"sow-headline-container \">\n\t\t\t\t\t\t\t<h2 class=\"sow-headline\">\n\t\t\t\t\t\t\u00bfQUI\u00c9NES SOMOS?\t\t\t\t\t\t<\/h2>\n\t\t\t\t\t\t\t\t\t\t\t\t<p class=\"sow-sub-headline\">\n\t\t\t\t\t\tLos principales elementos que conforman la identidad de PLASNOR son:\t\t\t\t\t\t<\/p>\n\t\t\t\t\t\t<\/div>\n<\/div><\/div><\/div><\/div><\/div><div id=\"pg-20-1\"  class=\"panel-grid panel-has-style\" ><div class=\"section-interior panel-row-style panel-row-style-for-20-1\" ><div id=\"pgc-20-1-0\"  class=\"panel-grid-cell\" ><div id=\"panel-20-1-0-0\" class=\"so-panel widget widget_sow-image panel-first-child panel-last-child\" data-index=\"2\" ><div\n\t\t\t\n\t\t\tclass=\"so-widget-sow-image so-widget-sow-image-default-8b5b6f678277-20\"\n\t\t\t\n\t\t>\n<div class=\"sow-image-container\">\n\t\t<img \n\tsrc=\"https:\/\/www.plasnor.com\/wp-content\/uploads\/2023\/04\/equipo-humano-quienes-somos.jpg\" width=\"500\" height=\"333\" srcset=\"https:\/\/www.plasnor.com\/wp-content\/uploads\/2023\/04\/equipo-humano-quienes-somos.jpg 500w, https:\/\/www.plasnor.com\/wp-content\/uploads\/2023\/04\/equipo-humano-quienes-somos-300x200.jpg 300w\" sizes=\"(max-width: 500px) 100vw, 500px\" title=\"EQUIPO HUMANO PLASNOR\" alt=\"EQUIPO HUMANO PLASNOR\" \t\tclass=\"so-widget-image\"\/>\n\t<\/div>\n\n<\/div><\/div><\/div><div id=\"pgc-20-1-1\"  class=\"panel-grid-cell\" ><div id=\"panel-20-1-1-0\" class=\"so-panel widget widget_sow-editor panel-first-child panel-last-child\" data-index=\"3\" ><div\n\t\t\t\n\t\t\tclass=\"so-widget-sow-editor so-widget-sow-editor-base\"\n\t\t\t\n\t\t>\n<div class=\"siteorigin-widget-tinymce textwidget\">\n\t<p>\t<img decoding=\"async\" class=\"alignnone wp-image-15452 size-full\" src=\"https:\/\/www.plasnor.com\/wp-content\/uploads\/2023\/04\/1staff.svg\" alt=\"EQUIPO HUMANO\" title=\"\"><\/p>\n<h3>EQUIPO HUMANO<\/h3>\n<p>En PLASNOR valoramos como elemento esencial de nuestra APUESTA COMPETITIVA el EQUIPO HUMANO y el KNOW-HOW de las personas que lo componen.<br \/>\nTrabajamos conjuntamente en la consecuci\u00f3n de nuestra MISI\u00d3N y ESTRATEGIA.<br \/>\nMISI\u00d3N: Ser referente en las \u00e1reas productivas en las que desarrollamos nuestra actividad: EXTRUSI\u00d3N y TERMOCONFORMADO<\/p>\n<\/div>\n<\/div><\/div><\/div><\/div><\/div><div id=\"pg-20-2\"  class=\"panel-grid panel-has-style\" ><div class=\"section-interior panel-row-style panel-row-style-for-20-2\" ><div id=\"pgc-20-2-0\"  class=\"panel-grid-cell\" ><div id=\"panel-20-2-0-0\" class=\"so-panel widget widget_sow-image panel-first-child panel-last-child\" data-index=\"4\" ><div\n\t\t\t\n\t\t\tclass=\"so-widget-sow-image so-widget-sow-image-default-8b5b6f678277-20\"\n\t\t\t\n\t\t>\n<div class=\"sow-image-container\">\n\t\t<img \n\tsrc=\"https:\/\/www.plasnor.com\/wp-content\/uploads\/2023\/04\/fachada-plasnor-quienes-somos2.jpg\" width=\"370\" height=\"237\" srcset=\"https:\/\/www.plasnor.com\/wp-content\/uploads\/2023\/04\/fachada-plasnor-quienes-somos2.jpg 370w, https:\/\/www.plasnor.com\/wp-content\/uploads\/2023\/04\/fachada-plasnor-quienes-somos2-300x192.jpg 300w\" sizes=\"(max-width: 370px) 100vw, 370px\" title=\"EXPERIENCIA PLASNOR\" alt=\"EXPERIENCIA PLASNOR\" \t\tclass=\"so-widget-image\"\/>\n\t<\/div>\n\n<\/div><\/div><\/div><div id=\"pgc-20-2-1\"  class=\"panel-grid-cell\" ><div id=\"panel-20-2-1-0\" class=\"so-panel widget widget_sow-editor panel-first-child panel-last-child\" data-index=\"5\" ><div\n\t\t\t\n\t\t\tclass=\"so-widget-sow-editor so-widget-sow-editor-base\"\n\t\t\t\n\t\t>\n<div class=\"siteorigin-widget-tinymce textwidget\">\n\t<p><img loading=\"lazy\" decoding=\"async\" class=\"alignnone wp-image-15460\" src=\"https:\/\/www.plasnor.com\/wp-content\/uploads\/2024\/03\/50years-cortado.png\" alt=\"\" width=\"169\" height=\"50\" title=\"\"><\/p>\n<h3>EXPERIENCIA<\/h3>\n<p>Contamos con 50 A\u00d1OS de experiencia en la fabricaci\u00f3n de pl\u00e1sticos. A lo largo de su trayectoria, PLASNOR ha seguido una estrategia de diversificaci\u00f3n de sectores que le ha permitido adaptarse a las necesidades de cada momento.<\/p>\n<p>VOCACI\u00d3N DE PERMANENCIA: Nuestro objetivo es la continuidad del PROYECTO PLASNOR para lo que apostamos por el FUTURO.<\/p>\n<\/div>\n<\/div><\/div><\/div><\/div><\/div><div id=\"pg-20-3\"  class=\"panel-grid panel-has-style\" ><div class=\"section-interior panel-row-style panel-row-style-for-20-3\" ><div id=\"pgc-20-3-0\"  class=\"panel-grid-cell\" ><div id=\"panel-20-3-0-0\" class=\"so-panel widget widget_sow-image panel-first-child panel-last-child\" data-index=\"6\" ><div\n\t\t\t\n\t\t\tclass=\"so-widget-sow-image so-widget-sow-image-default-8b5b6f678277-20\"\n\t\t\t\n\t\t>\n<div class=\"sow-image-container\">\n\t\t<img \n\tsrc=\"https:\/\/www.plasnor.com\/wp-content\/uploads\/2023\/04\/plasnor-mecanizado-02-2.jpg\" width=\"500\" height=\"352\" srcset=\"https:\/\/www.plasnor.com\/wp-content\/uploads\/2023\/04\/plasnor-mecanizado-02-2.jpg 500w, https:\/\/www.plasnor.com\/wp-content\/uploads\/2023\/04\/plasnor-mecanizado-02-2-300x211.jpg 300w\" sizes=\"(max-width: 500px) 100vw, 500px\" title=\"PLASNOR TECNOLOG\u00cdA &amp; INSTALACIONES\" alt=\"PLASNOR TECNOLOG\u00cdA &amp; INSTALACIONES\" \t\tclass=\"so-widget-image\"\/>\n\t<\/div>\n\n<\/div><\/div><\/div><div id=\"pgc-20-3-1\"  class=\"panel-grid-cell\" ><div id=\"panel-20-3-1-0\" class=\"so-panel widget widget_sow-editor panel-first-child panel-last-child\" data-index=\"7\" ><div\n\t\t\t\n\t\t\tclass=\"so-widget-sow-editor so-widget-sow-editor-base\"\n\t\t\t\n\t\t>\n<div class=\"siteorigin-widget-tinymce textwidget\">\n\t<p><img decoding=\"async\" class=\"alignnone wp-image-15472 size-full\" src=\"https:\/\/www.plasnor.com\/wp-content\/uploads\/2023\/04\/2technologies-1.svg\" alt=\"\" title=\"\"><\/p>\n<h3>TECNOLOG\u00cdA &amp; INSTALACIONES<\/h3>\n<p>Contamos con dos plantas productivas ubicadas en Legazpi y en Urretxu. Suman una superficie cubierta de m\u00e1s de 11.000 m2 perfectamente acondicionada para llevar a cabo los procesos productivos de EXTRUSI\u00d3N y TERMOCONFORMADO, as\u00ed como otra serie de PROCESOS COMPLEMENTARIOS.<\/p>\n<\/div>\n<\/div><\/div><\/div><\/div><\/div><div id=\"pg-20-4\"  class=\"panel-grid panel-has-style\" ><div class=\"section-interior panel-row-style panel-row-style-for-20-4\" ><div id=\"pgc-20-4-0\"  class=\"panel-grid-cell\" ><div id=\"panel-20-4-0-0\" class=\"so-panel widget widget_sow-image panel-first-child panel-last-child\" data-index=\"8\" ><div\n\t\t\t\n\t\t\tclass=\"so-widget-sow-image so-widget-sow-image-default-8b5b6f678277-20\"\n\t\t\t\n\t\t>\n<div class=\"sow-image-container\">\n\t\t<img \n\tsrc=\"https:\/\/www.plasnor.com\/wp-content\/uploads\/2023\/04\/mapa-internacionalizacion-quienes-somos.jpg\" width=\"370\" height=\"237\" srcset=\"https:\/\/www.plasnor.com\/wp-content\/uploads\/2023\/04\/mapa-internacionalizacion-quienes-somos.jpg 370w, https:\/\/www.plasnor.com\/wp-content\/uploads\/2023\/04\/mapa-internacionalizacion-quienes-somos-300x192.jpg 300w\" sizes=\"(max-width: 370px) 100vw, 370px\" title=\"PLASNOR INTERNACIONALIZACI\u00d3N\" alt=\"PLASNOR INTERNACIONALIZACI\u00d3N\" \t\tclass=\"so-widget-image\"\/>\n\t<\/div>\n\n<\/div><\/div><\/div><div id=\"pgc-20-4-1\"  class=\"panel-grid-cell\" ><div id=\"panel-20-4-1-0\" class=\"so-panel widget widget_sow-editor panel-first-child panel-last-child\" data-index=\"9\" ><div\n\t\t\t\n\t\t\tclass=\"so-widget-sow-editor so-widget-sow-editor-base\"\n\t\t\t\n\t\t>\n<div class=\"siteorigin-widget-tinymce textwidget\">\n\t<p><img decoding=\"async\" class=\"alignnone wp-image-15456\" src=\"https:\/\/www.plasnor.com\/wp-content\/uploads\/2023\/04\/3inter.svg\" alt=\"INTERNACIONALIZACI\u00d3N\" width=\"200\" title=\"\"><\/p>\n<h3>INTERNACIONALIZACI\u00d3N<\/h3>\n<p>Actualmente PLASNOR EXPORTA M\u00c1S DEL 70% DE SUS VENTAS a los CINCO CONTINENTES. Desde hace a\u00f1os PLASNOR viene apostando por una estrategia de INTERNACIONALIZACI\u00d3N Y DIVERSIFICACI\u00d3N DE MERCADOS lo que ha permitido que nuestros productos est\u00e9n presentes y sean competitivos a nivel mundial.<\/p>\n<\/div>\n<\/div><\/div><\/div><\/div><\/div><div id=\"pg-20-5\"  class=\"panel-grid panel-has-style\" ><div class=\"section-interior panel-row-style panel-row-style-for-20-5\" ><div id=\"pgc-20-5-0\"  class=\"panel-grid-cell\" ><div id=\"panel-20-5-0-0\" class=\"so-panel widget widget_sow-image panel-first-child panel-last-child\" data-index=\"10\" ><div\n\t\t\t\n\t\t\tclass=\"so-widget-sow-image so-widget-sow-image-default-8b5b6f678277-20\"\n\t\t\t\n\t\t>\n<div class=\"sow-image-container\">\n\t\t<img \n\tsrc=\"https:\/\/www.plasnor.com\/wp-content\/uploads\/2023\/04\/tecno-instal1-quienes-somos-1.jpg\" width=\"370\" height=\"237\" srcset=\"https:\/\/www.plasnor.com\/wp-content\/uploads\/2023\/04\/tecno-instal1-quienes-somos-1.jpg 370w, https:\/\/www.plasnor.com\/wp-content\/uploads\/2023\/04\/tecno-instal1-quienes-somos-1-300x192.jpg 300w\" sizes=\"(max-width: 370px) 100vw, 370px\" title=\"NUESTROS CLIENTES\" alt=\"NUESTROS CLIENTES\" \t\tclass=\"so-widget-image\"\/>\n\t<\/div>\n\n<\/div><\/div><\/div><div id=\"pgc-20-5-1\"  class=\"panel-grid-cell\" ><div id=\"panel-20-5-1-0\" class=\"so-panel widget widget_sow-editor panel-first-child panel-last-child\" data-index=\"11\" ><div\n\t\t\t\n\t\t\tclass=\"so-widget-sow-editor so-widget-sow-editor-base\"\n\t\t\t\n\t\t>\n<div class=\"siteorigin-widget-tinymce textwidget\">\n\t<h3>NUESTROS CLIENTES<\/h3>\n<p>Entre nuestros clientes contamos con EMPRESAS L\u00cdDERES en los SECTORES M\u00c1S PUNTEROS.<\/p>\n<p>Es nuestro OBJETIVO consolidar las RELACIONES A LARGO PLAZO con nuestros clientes, para poder colaborar en proyectos conjuntos que nos permitan ser PARTNERS m\u00e1s que cliente y proveedor.<\/p>\n<\/div>\n<\/div><\/div><\/div><\/div><\/div><div id=\"pg-20-6\"  class=\"panel-grid panel-has-style\" ><div class=\"section-interior panel-row-style panel-row-style-for-20-6\" ><div id=\"pgc-20-6-0\"  class=\"panel-grid-cell\" ><div id=\"panel-20-6-0-0\" class=\"so-panel widget widget_sow-image panel-first-child panel-last-child\" data-index=\"12\" ><div\n\t\t\t\n\t\t\tclass=\"so-widget-sow-image so-widget-sow-image-default-8b5b6f678277-20\"\n\t\t\t\n\t\t>\n<div class=\"sow-image-container\">\n\t\t<img \n\tsrc=\"https:\/\/www.plasnor.com\/wp-content\/uploads\/2023\/04\/servicio-quienes-somos.jpg\" width=\"370\" height=\"237\" srcset=\"https:\/\/www.plasnor.com\/wp-content\/uploads\/2023\/04\/servicio-quienes-somos.jpg 370w, https:\/\/www.plasnor.com\/wp-content\/uploads\/2023\/04\/servicio-quienes-somos-300x192.jpg 300w\" sizes=\"(max-width: 370px) 100vw, 370px\" title=\"SERVICIO &amp; FLEXIBILIDAD\" alt=\"SERVICIO &amp; FLEXIBILIDAD\" \t\tclass=\"so-widget-image\"\/>\n\t<\/div>\n\n<\/div><\/div><\/div><div id=\"pgc-20-6-1\"  class=\"panel-grid-cell\" ><div id=\"panel-20-6-1-0\" class=\"so-panel widget widget_sow-editor panel-first-child panel-last-child\" data-index=\"13\" ><div\n\t\t\t\n\t\t\tclass=\"so-widget-sow-editor so-widget-sow-editor-base\"\n\t\t\t\n\t\t>\n<div class=\"siteorigin-widget-tinymce textwidget\">\n\t<h3>SERVICIO &amp; FLEXIBILIDAD<\/h3>\n<p>Consideramos imprescindible una CLARA ORIENTACI\u00d3N AL CLIENTE. Destacamos por nuestra FLEXIBILIDAD y CAPACIDAD A LA HORA DE DAR SERVICIO.<\/p>\n<p>NUESTRO OBJETIVO es DAR UN SERVICIO DE CALIDAD y SATISFACER LAS NECESIDADES DE NUESTROS CLIENTES.<\/p>\n<\/div>\n<\/div><\/div><\/div><\/div><\/div><div id=\"pg-20-7\"  class=\"panel-grid panel-has-style\" ><div class=\"section-interior panel-row-style panel-row-style-for-20-7\" ><div id=\"pgc-20-7-0\"  class=\"panel-grid-cell\" ><div id=\"panel-20-7-0-0\" class=\"so-panel widget widget_sow-image panel-first-child panel-last-child\" data-index=\"14\" ><div\n\t\t\t\n\t\t\tclass=\"so-widget-sow-image so-widget-sow-image-default-8b5b6f678277-20\"\n\t\t\t\n\t\t>\n<div class=\"sow-image-container\">\n\t\t<img \n\tsrc=\"https:\/\/www.plasnor.com\/wp-content\/uploads\/2023\/04\/idi-quienes-somos.jpg\" width=\"370\" height=\"237\" srcset=\"https:\/\/www.plasnor.com\/wp-content\/uploads\/2023\/04\/idi-quienes-somos.jpg 370w, https:\/\/www.plasnor.com\/wp-content\/uploads\/2023\/04\/idi-quienes-somos-300x192.jpg 300w\" sizes=\"(max-width: 370px) 100vw, 370px\" title=\"Plasnor I+D+i\" alt=\"Plasnor I+D+i\" \t\tclass=\"so-widget-image\"\/>\n\t<\/div>\n\n<\/div><\/div><\/div><div id=\"pgc-20-7-1\"  class=\"panel-grid-cell\" ><div id=\"panel-20-7-1-0\" class=\"so-panel widget widget_sow-editor panel-first-child panel-last-child\" data-index=\"15\" ><div\n\t\t\t\n\t\t\tclass=\"so-widget-sow-editor so-widget-sow-editor-base\"\n\t\t\t\n\t\t>\n<div class=\"siteorigin-widget-tinymce textwidget\">\n\t<p><img loading=\"lazy\" decoding=\"async\" class=\"alignnone wp-image-15464\" src=\"https:\/\/www.plasnor.com\/wp-content\/uploads\/2023\/04\/5rdi.svg\" alt=\"I+D+i\" width=\"167\" height=\"30\" title=\"\"><\/p>\n<h3><span style=\"color: #ffffff;\"><a style=\"color: #ffffff;\" href=\"https:\/\/www.plasnor.com\/es\/i-d-i\/\">I+D+i<\/a><\/span><\/h3>\n<p>En PLASNOR consideramos el I+D+i PARTE ESENCIAL DE NUESTRA ESTRATEGIA EMPRESARIAL como apuesta de futuro y factor necesario para la mejora continua.<\/p>\n<p>Contamos con un DEPARTAMENTO PROPIO de I+D y colaboramos EN DIFERENTES PROYECTOS EUROPEOS de desarrollo de producto con CENTROS TECNOL\u00d3GICOS.<\/p>\n<\/div>\n<\/div><\/div><\/div><\/div><\/div><div id=\"pg-20-8\"  class=\"panel-grid panel-has-style\" ><div class=\"section-interior panel-row-style panel-row-style-for-20-8\" ><div id=\"pgc-20-8-0\"  class=\"panel-grid-cell\" ><div id=\"panel-20-8-0-0\" class=\"so-panel widget widget_sow-image panel-first-child panel-last-child\" data-index=\"16\" ><div\n\t\t\t\n\t\t\tclass=\"so-widget-sow-image so-widget-sow-image-default-8b5b6f678277-20\"\n\t\t\t\n\t\t>\n<div class=\"sow-image-container\">\n\t\t<img \n\tsrc=\"https:\/\/www.plasnor.com\/wp-content\/uploads\/2024\/04\/ISO9001-2015-Certificado-ESPANOL-expira-2024-11-08-PLASNOR-SL_page-0001cortado.jpg\" width=\"1241\" height=\"709\" srcset=\"https:\/\/www.plasnor.com\/wp-content\/uploads\/2024\/04\/ISO9001-2015-Certificado-ESPANOL-expira-2024-11-08-PLASNOR-SL_page-0001cortado.jpg 1241w, https:\/\/www.plasnor.com\/wp-content\/uploads\/2024\/04\/ISO9001-2015-Certificado-ESPANOL-expira-2024-11-08-PLASNOR-SL_page-0001cortado-300x171.jpg 300w, https:\/\/www.plasnor.com\/wp-content\/uploads\/2024\/04\/ISO9001-2015-Certificado-ESPANOL-expira-2024-11-08-PLASNOR-SL_page-0001cortado-1024x585.jpg 1024w, https:\/\/www.plasnor.com\/wp-content\/uploads\/2024\/04\/ISO9001-2015-Certificado-ESPANOL-expira-2024-11-08-PLASNOR-SL_page-0001cortado-768x439.jpg 768w\" sizes=\"(max-width: 1241px) 100vw, 1241px\" title=\"Plasnor Calidad\" alt=\"Plasnor Calidad\" \t\tclass=\"so-widget-image\"\/>\n\t<\/div>\n\n<\/div><\/div><\/div><div id=\"pgc-20-8-1\"  class=\"panel-grid-cell\" ><div id=\"panel-20-8-1-0\" class=\"so-panel widget widget_sow-editor panel-first-child panel-last-child\" data-index=\"17\" ><div\n\t\t\t\n\t\t\tclass=\"so-widget-sow-editor so-widget-sow-editor-base\"\n\t\t\t\n\t\t>\n<div class=\"siteorigin-widget-tinymce textwidget\">\n\t<p><img loading=\"lazy\" decoding=\"async\" class=\"alignnone wp-image-15544 size-full\" src=\"https:\/\/www.plasnor.com\/wp-content\/uploads\/2023\/04\/icono-calidad.png\" alt=\"Calidad\" width=\"167\" height=\"30\" title=\"\"><\/p>\n<h3>Calidad<\/h3>\n<p>La Pol\u00edtica de Gesti\u00f3n de nuestra empresa se encuentra a su disposici\u00f3n:<\/p>\n<p><a class=\"pdf\" href=\"https:\/\/www.plasnor.com\/wp-content\/uploads\/2024\/04\/ISO9001-2015-Certificado-ESPANOL-expira-2024-11-08-PLASNOR-SL.pdf\" target=\"_blank\" rel=\"noopener noreferrer\"><img decoding=\"async\" class=\"alignnone size-full\" src=\"\/wp-content\/uploads\/2023\/04\/icono-pdf2.png\" alt=\"\" title=\"\"><u> ISO Certificate 9001:2015<\/u><\/a><\/p>\n<\/div>\n<\/div><\/div><\/div><\/div><\/div><\/div>","protected":false},"excerpt":{"rendered":"<p>EQUIPO HUMANO En PLASNOR valoramos como elemento esencial de nuestra APUESTA COMPETITIVA el EQUIPO HUMANO y el KNOW-HOW &#8230; <a title=\"Empresa\" class=\"read-more\" href=\"https:\/\/www.plasnor.com\/es\/empresa\/\" aria-label=\"Leer m\u00e1s sobre Empresa\">[ + info ]<\/a><\/p>\n","protected":false},"author":1,"featured_media":0,"parent":0,"menu_order":0,"comment_status":"closed","ping_status":"closed","template":"","meta":{"footnotes":""},"categories":[],"tags":[],"class_list":["post-20","page","type-page","status-publish"],"_links":{"self":[{"href":"https:\/\/www.plasnor.com\/es\/wp-json\/wp\/v2\/pages\/20","targetHints":{"allow":["GET"]}}],"collection":[{"href":"https:\/\/www.plasnor.com\/es\/wp-json\/wp\/v2\/pages"}],"about":[{"href":"https:\/\/www.plasnor.com\/es\/wp-json\/wp\/v2\/types\/page"}],"author":[{"embeddable":true,"href":"https:\/\/www.plasnor.com\/es\/wp-json\/wp\/v2\/users\/1"}],"replies":[{"embeddable":true,"href":"https:\/\/www.plasnor.com\/es\/wp-json\/wp\/v2\/comments?post=20"}],"version-history":[{"count":1,"href":"https:\/\/www.plasnor.com\/es\/wp-json\/wp\/v2\/pages\/20\/revisions"}],"predecessor-version":[{"id":19197,"href":"https:\/\/www.plasnor.com\/es\/wp-json\/wp\/v2\/pages\/20\/revisions\/19197"}],"wp:attachment":[{"href":"https:\/\/www.plasnor.com\/es\/wp-json\/wp\/v2\/media?parent=20"}],"wp:term":[{"taxonomy":"category","embeddable":true,"href":"https:\/\/www.plasnor.com\/es\/wp-json\/wp\/v2\/categories?post=20"},{"taxonomy":"post_tag","embeddable":true,"href":"https:\/\/www.plasnor.com\/es\/wp-json\/wp\/v2\/tags?post=20"}],"curies":[{"name":"wp","href":"https:\/\/api.w.org\/{rel}","templated":true}]}}