{"id":31,"date":"2023-04-20T16:27:21","date_gmt":"2023-04-20T14:27:21","guid":{"rendered":"https:\/\/www.plasnor.com\/?page_id=31"},"modified":"2024-02-05T16:29:26","modified_gmt":"2024-02-05T15:29:26","slug":"i-d-i","status":"publish","type":"page","link":"https:\/\/www.plasnor.com\/es\/i-d-i\/","title":{"rendered":"I + D + i"},"content":{"rendered":"<div id=\"pl-31\"  class=\"panel-layout\" ><div id=\"pg-31-0\"  class=\"panel-grid panel-no-style\" ><div id=\"pgc-31-0-0\"  class=\"panel-grid-cell\" ><div id=\"panel-31-0-0-0\" class=\"so-panel widget widget_sow-editor panel-first-child panel-last-child\" data-index=\"0\" ><div\n\t\t\t\n\t\t\tclass=\"so-widget-sow-editor so-widget-sow-editor-base\"\n\t\t\t\n\t\t>\n<div class=\"siteorigin-widget-tinymce textwidget\">\n\t<p>Nuestra apuesta estrat\u00e9gica por la tecnolog\u00eda e innovaci\u00f3n a largo plazo ha derivado en la creaci\u00f3n de equipos multidisciplinares especializados. Con a\u00f1os de experiencia en el sector del pl\u00e1stico, desarrollan diferentes proyectos de I+D+i para la creaci\u00f3n de nuevos materiales, nuevas aplicaciones, nuevos procesos de fabricaci\u00f3n y nuevos servicios.<\/p>\n<p>Nuestros equipos trabajan en estrecha colaboraci\u00f3n con centros tecnol\u00f3gicos, universidades, clientes, proveedores, y dem\u00e1s agentes que a\u00f1aden valor al proceso, sumando sinergias y constituyendo redes de gran valor a\u00f1adido.<\/p>\n<p>El origen de nuestra apuesta por el I+D+i se encuentra en la creaci\u00f3n de Plasnor, donde los fundadores demostraron una inquietud ilimitada por investigar y desarrollar nuevos materiales y procesos, que ha calado en el ADN de las personas y proyectos que formamos Plasnor.<\/p>\n<\/div>\n<\/div><\/div><\/div><div id=\"pgc-31-0-1\"  class=\"panel-grid-cell\" ><div id=\"panel-31-0-1-0\" class=\"so-panel widget widget_sow-image panel-first-child panel-last-child\" data-index=\"1\" ><div\n\t\t\t\n\t\t\tclass=\"so-widget-sow-image so-widget-sow-image-default-113ccd71f3e6-31\"\n\t\t\t\n\t\t>\n<div class=\"sow-image-container\">\n\t\t<img \n\tsrc=\"https:\/\/www.plasnor.com\/wp-content\/uploads\/2023\/04\/plasnor-innovation3.jpg\" width=\"800\" height=\"512\" srcset=\"https:\/\/www.plasnor.com\/wp-content\/uploads\/2023\/04\/plasnor-innovation3.jpg 800w, https:\/\/www.plasnor.com\/wp-content\/uploads\/2023\/04\/plasnor-innovation3-300x192.jpg 300w, https:\/\/www.plasnor.com\/wp-content\/uploads\/2023\/04\/plasnor-innovation3-768x492.jpg 768w\" sizes=\"(max-width: 800px) 100vw, 800px\" title=\"Plasnor I + D + i\" alt=\"Plasnor I + D + i\" \t\tclass=\"so-widget-image\"\/>\n\t<\/div>\n\n<\/div><\/div><\/div><\/div><\/div>","protected":false},"excerpt":{"rendered":"<p>Nuestra apuesta estrat\u00e9gica por la tecnolog\u00eda e innovaci\u00f3n a largo plazo ha derivado en la creaci\u00f3n de equipos &#8230; <a title=\"I + D + i\" class=\"read-more\" href=\"https:\/\/www.plasnor.com\/es\/i-d-i\/\" aria-label=\"Leer m\u00e1s sobre I + D + i\">[ + info ]<\/a><\/p>\n","protected":false},"author":1,"featured_media":0,"parent":0,"menu_order":0,"comment_status":"closed","ping_status":"closed","template":"","meta":{"footnotes":""},"categories":[],"tags":[],"class_list":["post-31","page","type-page","status-publish"],"_links":{"self":[{"href":"https:\/\/www.plasnor.com\/es\/wp-json\/wp\/v2\/pages\/31","targetHints":{"allow":["GET"]}}],"collection":[{"href":"https:\/\/www.plasnor.com\/es\/wp-json\/wp\/v2\/pages"}],"about":[{"href":"https:\/\/www.plasnor.com\/es\/wp-json\/wp\/v2\/types\/page"}],"author":[{"embeddable":true,"href":"https:\/\/www.plasnor.com\/es\/wp-json\/wp\/v2\/users\/1"}],"replies":[{"embeddable":true,"href":"https:\/\/www.plasnor.com\/es\/wp-json\/wp\/v2\/comments?post=31"}],"version-history":[{"count":0,"href":"https:\/\/www.plasnor.com\/es\/wp-json\/wp\/v2\/pages\/31\/revisions"}],"wp:attachment":[{"href":"https:\/\/www.plasnor.com\/es\/wp-json\/wp\/v2\/media?parent=31"}],"wp:term":[{"taxonomy":"category","embeddable":true,"href":"https:\/\/www.plasnor.com\/es\/wp-json\/wp\/v2\/categories?post=31"},{"taxonomy":"post_tag","embeddable":true,"href":"https:\/\/www.plasnor.com\/es\/wp-json\/wp\/v2\/tags?post=31"}],"curies":[{"name":"wp","href":"https:\/\/api.w.org\/{rel}","templated":true}]}}