{"id":57,"date":"2023-04-20T19:31:07","date_gmt":"2023-04-20T17:31:07","guid":{"rendered":"https:\/\/www.plasnor.com\/?page_id=57"},"modified":"2023-04-20T19:31:27","modified_gmt":"2023-04-20T17:31:27","slug":"politicas-de-cookies","status":"publish","type":"page","link":"https:\/\/www.plasnor.com\/es\/politicas-de-cookies\/","title":{"rendered":"Pol\u00edticas de cookies"},"content":{"rendered":"<h3>\u00bfQu\u00e9 son las cookies?<\/h3>\n<p>Este sitio web utiliza cookies y\/o tecnolog\u00edas similares que almacenan y recuperan informaci\u00f3n cuando navegas. En general, estas tecnolog\u00edas pueden servir para finalidades muy diversas, como, por ejemplo, reconocerte como usuario, obtener informaci\u00f3n sobre tus h\u00e1bitos de navegaci\u00f3n, o personalizar la forma en que se muestra el contenido. Los usos concretos que hacemos de estas tecnolog\u00edas se describen a continuaci\u00f3n.<\/p>\n<h3>\u00bfPara qu\u00e9 utiliza las cookies esta p\u00e1gina web?<\/h3>\n<p>Esta p\u00e1gina web utiliza las cookies para una serie de finalidades, incluidas:<\/p>\n<ul>\n<li><strong>An\u00e1lisis<\/strong>: son aquellas que, tratadas por nosotros o por terceros, nos permiten cuantificar el n\u00famero de usuarios y as\u00ed realizar la medici\u00f3n y an\u00e1lisis estad\u00edstico de la utilizaci\u00f3n que hacen los usuarios del servicio ofertado. Para ello se analiza su navegaci\u00f3n en nuestra p\u00e1gina web con el fin de mejorar la oferta de productos oservicios que le ofrecemos.<\/li>\n<li><strong>Publicitarias: <\/strong>son aquellas que, tratadas por nosotros o por terceros, nos permiten analizar sus h\u00e1bitos de navegaci\u00f3n en Internet para que<\/li>\n<\/ul>\n<p>podamos mostrarle publicidad relacionada con su perfil de navegaci\u00f3n.<\/p>\n<h3>\u00bfQui\u00e9n utiliza las cookies en esta p\u00e1gina web?<\/h3>\n<p>La identificaci\u00f3n de qui\u00e9n utiliza las cookies, el tipo de cookies utilizadas y dem\u00e1s detalles, se indica a continuaci\u00f3n:<\/p>\n<table border=\"1\">\n<tbody>\n<tr>\n<td style=\"border: 1px solid #555555 !important; padding: 5px !important; background: #eee !important;\" colspan=\"4\"><strong>Cookies propias<\/strong><\/td>\n<\/tr>\n<tr>\n<td style=\"border: 1px solid #555555 !important; padding: 5px !important;\"><strong>Entidad que utiliza las cookies<\/strong><\/td>\n<td style=\"border: 1px solid #555555 !important; padding: 5px !important;\"><strong>Cookies<\/strong><\/td>\n<td style=\"border: 1px solid #555555 !important; padding: 5px !important;\"><strong>Prop\u00f3sito<\/strong><\/td>\n<td style=\"border: 1px solid #555555 !important; padding: 5px !important;\"><strong>Periodo de conservaci\u00f3n<\/strong><\/td>\n<\/tr>\n<tr>\n<td style=\"border: 1px solid #555555 !important; padding: 5px !important;\">El propietario de esta web<\/td>\n<td style=\"border: 1px solid #555555 !important; padding: 5px !important;\">Propias<\/td>\n<td style=\"border: 1px solid #555555 !important; padding: 5px !important;\">Mejorar la navegaci\u00f3n de los usuarios<\/td>\n<td style=\"border: 1px solid #555555 !important; padding: 5px !important;\">Sesi\u00f3n<\/td>\n<\/tr>\n<\/tbody>\n<\/table>\n<p>&nbsp;<\/p>\n<table border=\"1\">\n<tbody>\n<tr>\n<td style=\"border: 1px solid #555555 !important; padding: 5px !important; background: #eee !important;\" colspan=\"3\"><strong>Cookies de terceros<\/strong><\/td>\n<\/tr>\n<tr>\n<td style=\"border: 1px solid #555555 !important; padding: 5px !important;\"><strong>Entidad que utiliza las cookies<\/strong><\/td>\n<td style=\"border: 1px solid #555555 !important; padding: 5px !important;\"><strong>Prop\u00f3sito<\/strong><\/td>\n<td style=\"border: 1px solid #555555 !important; padding: 5px !important;\"><strong>M\u00e1s informaci\u00f3n<\/strong><\/td>\n<\/tr>\n<tr>\n<td style=\"border: 1px solid #555555 !important; padding: 5px !important;\">Google Analytics<\/td>\n<td style=\"border: 1px solid #555555 !important; padding: 5px !important;\">Recoger informaci\u00f3n sobre la navegaci\u00f3n de los usuarios por el sitio con el fin de conocer el origen de las visitas y otros datos similares a nivel estad\u00edstico.<\/td>\n<td style=\"border: 1px solid #555555 !important; padding: 5px !important;\"><a href=\"https:\/\/developers.google.com\/analytics\/devguides\/collection\/analyticsjs\/cookie-usage\" target=\"_blank\" rel=\"noopener nofollow\">Google Analytics<\/a><br \/>\n<a href=\"http:\/\/www.google.com\/intl\/es\/privacy.html\" target=\"_blank\" rel=\"noopener nofollow\">Centro de privacidad de Google<\/a><\/td>\n<\/tr>\n<\/tbody>\n<\/table>\n<p><strong>Nota<\/strong>: Las cookies de tipo \u201cPropias\u201d son utilizadas s\u00f3lo por el propietario de esta web y las cookies \u201cDe terceros\u201d son utilizadas, tambi\u00e9n, por el prestador del servicio que est\u00e1 detallado la tabla anterior.<\/p>\n<p>Puede informarse de las transferencias a terceros pa\u00edses que, en su caso, realizan los terceros identificados en esta pol\u00edtica de cookies en sus correspondientes pol\u00edticas (ver los enlaces facilitados en el apartado \u201cM\u00e1s informaci\u00f3n\u201d de la tabla anterior).<\/p>\n<h3>\u00bfC\u00f3mo puedo desactivar o eliminar estas cookies?<\/h3>\n<p>Puede usted permitir o bloquear las cookies, as\u00ed como borrar sus datos de navegaci\u00f3n (incluidas las cookies) desde el navegador que usted utiliza. Consultelas opciones e instrucciones que ofrece su navegador para ello. Tenga en cuenta que si acepta las cookies de terceros, deber\u00e1 eliminarlas desde las opciones delnavegador.<\/p>\n<p>A continuaci\u00f3ntiene disponibles los enlaces con la informaci\u00f3n para gestionar las cookies de los navegadores m\u00e1s utilizados:<\/p>\n<ul>\n<li><strong>Firefox<\/strong>: <a href=\"http:\/\/support.mozilla.org\/es\/kb\/habilitar-y-deshabilitar-cookies-que-los-sitios-we\" target=\"_blank\" rel=\"noopener nofollow\">http:\/\/support.mozilla.org\/es\/kb\/habilitar-y-deshabilitar-cookies-que-los-sitios-we<\/a><\/li>\n<li><strong>Chrome<\/strong>: <a href=\"http:\/\/support.google.com\/chrome\/bin\/answer.py?hl=es&amp;answer=95647\" target=\"_blank\" rel=\"noopener nofollow\">http:\/\/support.google.com\/chrome\/bin\/answer.py?hl=es&amp;answer=95647<\/a><\/li>\n<li><strong>Internet Explorer<\/strong>: <a href=\"https:\/\/support.microsoft.com\/es-es\/help\/278835\/how-to-delete-cookie-files-in-internet-explorer\" target=\"_blank\" rel=\"noopener nofollow\">https:\/\/support.microsoft.com\/es-es\/help\/278835\/how-to-delete-cookie-files-in-internet-explorer<\/a><\/li>\n<li><strong>Microsoft Edge:<\/strong><a href=\"https:\/\/support.microsoft.com\/es-es\/help\/4468242\/microsoft-edge-browsing-data-and-privacy-microsoft-privacy\" target=\"_blank\" rel=\"noopener nofollow\">https:\/\/support.microsoft.com\/es-es\/help\/4468242\/microsoft-edge-browsing-data-and-privacy-microsoft-privacy<\/a><\/li>\n<li><strong>Safari<\/strong>: <a href=\"http:\/\/support.apple.com\/kb\/ph5042\" target=\"_blank\" rel=\"noopener nofollow\">http:\/\/support.apple.com\/kb\/ph5042<\/a><\/li>\n<li><strong>Opera<\/strong>: <a href=\"http:\/\/help.opera.com\/Windows\/11.50\/es-ES\/cookies.html\" target=\"_blank\" rel=\"noopener nofollow\">http:\/\/help.opera.com\/Windows\/11.50\/es-ES\/cookies.html<\/a><\/li>\n<li><strong>Otros navegadores<\/strong>:consulte la documentaci\u00f3n del navegador que tenga instalado.<\/li>\n<\/ul>\n<h3><\/h3>\n<h3>Complemento de inhabilitaci\u00f3n para navegadores de Google Analytics<\/h3>\n<p>Si desea rechazar las cookies anal\u00edticas de Google Analytics en todos los navegadores, de forma que no se env\u00ede informaci\u00f3n suya a Google Analitys, puede descargar un complemento que realiza esta funci\u00f3n desde este enlace: <a href=\"https:\/\/tools.google.com\/dlpage\/gaoptout\" target=\"_blank\" rel=\"noopener nofollow\">https:\/\/tools.google.com\/dlpage\/gaoptout<\/a>.<\/p>\n<h3>Ejercicio de derechos<\/h3>\n<p>Puede conocer y ejercer sus derechos en materia de protecci\u00f3n de datos accediendo a nuestra <a href=\"\/politica-de-privacidad\/\" target=\"_blank\" rel=\"noopener\"><u>Pol\u00edtica de Privacidad<\/u>.<\/a><\/p>\n","protected":false},"excerpt":{"rendered":"<p>\u00bfQu\u00e9 son las cookies? Este sitio web utiliza cookies y\/o tecnolog\u00edas similares que almacenan y recuperan informaci\u00f3n cuando &#8230; <a title=\"Pol\u00edticas de cookies\" class=\"read-more\" href=\"https:\/\/www.plasnor.com\/es\/politicas-de-cookies\/\" aria-label=\"Leer m\u00e1s sobre Pol\u00edticas de cookies\">[ + info ]<\/a><\/p>\n","protected":false},"author":1,"featured_media":0,"parent":0,"menu_order":0,"comment_status":"closed","ping_status":"closed","template":"","meta":{"footnotes":""},"categories":[],"tags":[],"class_list":["post-57","page","type-page","status-publish"],"_links":{"self":[{"href":"https:\/\/www.plasnor.com\/es\/wp-json\/wp\/v2\/pages\/57","targetHints":{"allow":["GET"]}}],"collection":[{"href":"https:\/\/www.plasnor.com\/es\/wp-json\/wp\/v2\/pages"}],"about":[{"href":"https:\/\/www.plasnor.com\/es\/wp-json\/wp\/v2\/types\/page"}],"author":[{"embeddable":true,"href":"https:\/\/www.plasnor.com\/es\/wp-json\/wp\/v2\/users\/1"}],"replies":[{"embeddable":true,"href":"https:\/\/www.plasnor.com\/es\/wp-json\/wp\/v2\/comments?post=57"}],"version-history":[{"count":0,"href":"https:\/\/www.plasnor.com\/es\/wp-json\/wp\/v2\/pages\/57\/revisions"}],"wp:attachment":[{"href":"https:\/\/www.plasnor.com\/es\/wp-json\/wp\/v2\/media?parent=57"}],"wp:term":[{"taxonomy":"category","embeddable":true,"href":"https:\/\/www.plasnor.com\/es\/wp-json\/wp\/v2\/categories?post=57"},{"taxonomy":"post_tag","embeddable":true,"href":"https:\/\/www.plasnor.com\/es\/wp-json\/wp\/v2\/tags?post=57"}],"curies":[{"name":"wp","href":"https:\/\/api.w.org\/{rel}","templated":true}]}}