{"id":88,"date":"2023-04-20T20:07:27","date_gmt":"2023-04-20T18:07:27","guid":{"rendered":"https:\/\/www.plasnor.com\/?page_id=88"},"modified":"2024-02-05T16:01:56","modified_gmt":"2024-02-05T15:01:56","slug":"acabados","status":"publish","type":"page","link":"https:\/\/www.plasnor.com\/es\/extrusion\/acabados\/","title":{"rendered":"Acabados"},"content":{"rendered":"<div id=\"pl-88\"  class=\"panel-layout\" ><div id=\"pg-88-0\"  class=\"panel-grid panel-no-style\" ><div id=\"pgc-88-0-0\"  class=\"panel-grid-cell\" ><div id=\"panel-88-0-0-0\" class=\"so-panel widget widget_sow-headline panel-first-child panel-last-child\" data-index=\"0\" ><div\n\t\t\t\n\t\t\tclass=\"so-widget-sow-headline so-widget-sow-headline-default-57294de3285c-88 so-widget-fittext-wrapper\"\n\t\t\t data-fit-text-compressor=\"0.85\"\n\t\t><div class=\"sow-headline-container \">\n\t\t\t\t\t\t\t<h2 class=\"sow-headline\">\n\t\t\t\t\t\tEspecialistas en colores\t\t\t\t\t\t<\/h2>\n\t\t\t\t\t\t\t\t\t\t\t<div class=\"decoration\">\n\t\t\t\t\t\t<div class=\"decoration-inside\"><\/div>\n\t\t\t\t\t<\/div>\n\t\t\t\t\t\t\t\t\t\t\t<p class=\"sow-sub-headline\">\n\t\t\t\t\t\tPodemos suministrar una amplia gama de acabados para adaptarnos a los requerimientos de nuestros clientes.\t\t\t\t\t\t<\/p>\n\t\t\t\t\t\t<\/div>\n<\/div><\/div><\/div><\/div><div id=\"pg-88-1\"  class=\"panel-grid panel-has-style\" ><div class=\"tipos-acabados panel-row-style panel-row-style-for-88-1\" ><div id=\"pgc-88-1-0\"  class=\"panel-grid-cell\" ><div id=\"panel-88-1-0-0\" class=\"so-panel widget widget_sow-image panel-first-child panel-last-child\" data-index=\"1\" ><div\n\t\t\t\n\t\t\tclass=\"so-widget-sow-image so-widget-sow-image-default-113ccd71f3e6-88\"\n\t\t\t\n\t\t>\n<div class=\"sow-image-container\">\n\t\t\t<a href=\"#colores-solidos\"\n\t\t\t\t\t>\n\t\t\t<img \n\tsrc=\"https:\/\/www.plasnor.com\/wp-content\/uploads\/2023\/04\/solidos-medios.jpg\" width=\"375\" height=\"250\" srcset=\"https:\/\/www.plasnor.com\/wp-content\/uploads\/2023\/04\/solidos-medios.jpg 375w, https:\/\/www.plasnor.com\/wp-content\/uploads\/2023\/04\/solidos-medios-300x200.jpg 300w\" sizes=\"(max-width: 375px) 100vw, 375px\" title=\"Colores s\u00f3lidos\" alt=\"Colores s\u00f3lidos\" \t\tclass=\"so-widget-image\"\/>\n\t\t\t<\/a><\/div>\n\n<h3 class=\"widget-title\">\t\t<a href=\"#colores-solidos\"\n\t\t\t\t\t>\n\t\tColores s\u00f3lidos<\/a><\/h3><\/div><\/div><\/div><div id=\"pgc-88-1-1\"  class=\"panel-grid-cell\" ><div id=\"panel-88-1-1-0\" class=\"so-panel widget widget_sow-image panel-first-child panel-last-child\" data-index=\"2\" ><div\n\t\t\t\n\t\t\tclass=\"so-widget-sow-image so-widget-sow-image-default-113ccd71f3e6-88\"\n\t\t\t\n\t\t>\n<div class=\"sow-image-container\">\n\t\t\t<a href=\"#disenos-decorativos\"\n\t\t\t\t\t>\n\t\t\t<img \n\tsrc=\"https:\/\/www.plasnor.com\/wp-content\/uploads\/2023\/04\/decorativa1.jpg\" width=\"375\" height=\"250\" srcset=\"https:\/\/www.plasnor.com\/wp-content\/uploads\/2023\/04\/decorativa1.jpg 375w, https:\/\/www.plasnor.com\/wp-content\/uploads\/2023\/04\/decorativa1-300x200.jpg 300w\" sizes=\"(max-width: 375px) 100vw, 375px\" title=\"Dise\u00f1os decorativos\" alt=\"Dise\u00f1os decorativos\" \t\tclass=\"so-widget-image\"\/>\n\t\t\t<\/a><\/div>\n\n<h3 class=\"widget-title\">\t\t<a href=\"#disenos-decorativos\"\n\t\t\t\t\t>\n\t\tDise\u00f1os decorativos<\/a><\/h3><\/div><\/div><\/div><div id=\"pgc-88-1-2\"  class=\"panel-grid-cell\" ><div id=\"panel-88-1-2-0\" class=\"so-panel widget widget_sow-image panel-first-child panel-last-child\" data-index=\"3\" ><div\n\t\t\t\n\t\t\tclass=\"so-widget-sow-image so-widget-sow-image-default-113ccd71f3e6-88\"\n\t\t\t\n\t\t>\n<div class=\"sow-image-container\">\n\t\t\t<a href=\"#metalicos\"\n\t\t\t\t\t>\n\t\t\t<img \n\tsrc=\"https:\/\/www.plasnor.com\/wp-content\/uploads\/2023\/04\/metalico.jpg\" width=\"375\" height=\"250\" srcset=\"https:\/\/www.plasnor.com\/wp-content\/uploads\/2023\/04\/metalico.jpg 375w, https:\/\/www.plasnor.com\/wp-content\/uploads\/2023\/04\/metalico-300x200.jpg 300w\" sizes=\"(max-width: 375px) 100vw, 375px\" title=\"Colores metalizados\" alt=\"Colores metalizados\" \t\tclass=\"so-widget-image\"\/>\n\t\t\t<\/a><\/div>\n\n<h3 class=\"widget-title\">\t\t<a href=\"#metalicos\"\n\t\t\t\t\t>\n\t\tColores metalizados<\/a><\/h3><\/div><\/div><\/div><div id=\"pgc-88-1-3\"  class=\"panel-grid-cell\" ><div id=\"panel-88-1-3-0\" class=\"so-panel widget widget_sow-image panel-first-child panel-last-child\" data-index=\"4\" ><div\n\t\t\t\n\t\t\tclass=\"so-widget-sow-image so-widget-sow-image-default-113ccd71f3e6-88\"\n\t\t\t\n\t\t>\n<div class=\"sow-image-container\">\n\t\t\t<a href=\"#grabados\"\n\t\t\t\t\t>\n\t\t\t<img \n\tsrc=\"https:\/\/www.plasnor.com\/wp-content\/uploads\/2023\/04\/grabado.jpg\" width=\"375\" height=\"250\" srcset=\"https:\/\/www.plasnor.com\/wp-content\/uploads\/2023\/04\/grabado.jpg 375w, https:\/\/www.plasnor.com\/wp-content\/uploads\/2023\/04\/grabado-300x200.jpg 300w\" sizes=\"(max-width: 375px) 100vw, 375px\" title=\"Grabados\" alt=\"Grabados\" \t\tclass=\"so-widget-image\"\/>\n\t\t\t<\/a><\/div>\n\n<h3 class=\"widget-title\">\t\t<a href=\"#grabados\"\n\t\t\t\t\t>\n\t\tGrabados<\/a><\/h3><\/div><\/div><\/div><\/div><\/div><div id=\"pg-88-2\"  class=\"panel-grid panel-has-style\" ><div id=\"colores-solidos\" class=\"panel-row-style panel-row-style-for-88-2\" ><div id=\"pgc-88-2-0\"  class=\"panel-grid-cell\" ><div id=\"panel-88-2-0-0\" class=\"so-panel widget widget_sow-editor panel-first-child panel-last-child\" data-index=\"5\" ><div\n\t\t\t\n\t\t\tclass=\"so-widget-sow-editor so-widget-sow-editor-base\"\n\t\t\t\n\t\t><h3 class=\"widget-title\">Colores s\u00f3lidos<\/h3>\n<div class=\"siteorigin-widget-tinymce textwidget\">\n\t<div class=\"siteorigin-widget-tinymce textwidget\">\n<p>Contamos con la m\u00e1s amplia gama de colores en el mercado.<\/p>\n<p><img loading=\"lazy\" decoding=\"async\" class=\"alignnone wp-image-15195 size-full\" src=\"https:\/\/www.plasnor.com\/wp-content\/uploads\/2023\/04\/colores.jpg\" alt=\"\" width=\"868\" height=\"208\" srcset=\"https:\/\/www.plasnor.com\/wp-content\/uploads\/2023\/04\/colores.jpg 868w, https:\/\/www.plasnor.com\/wp-content\/uploads\/2023\/04\/colores-300x72.jpg 300w, https:\/\/www.plasnor.com\/wp-content\/uploads\/2023\/04\/colores-768x184.jpg 768w\" sizes=\"auto, (max-width: 868px) 100vw, 868px\" title=\"\"><\/p>\n<p>Podemos desarrollar cualquier color que nuestros clientes necesiten. Partiendo de una referencia internacional como un Pantone, un RAL, o una muestra del cliente, contratipamos r\u00e1pidamente y con precisi\u00f3n el color solicitado. Podemos hacerlo porque contamos con un equipo experto y un laboratorio interno. Asimismo la fabricaci\u00f3n del masterbach se hace tambi\u00e9n en nuestra instalaciones. Somos sin duda especialistas de los colores.<\/p>\n<p><strong>Adem\u00e1s podemos dotar a nuestras planchas y bobinas diversos aspectos de superficie : brillo, mate, satinado.<\/strong><\/p>\n<\/div>\n<\/div>\n<\/div><\/div><\/div><\/div><\/div><div id=\"pg-88-3\"  class=\"panel-grid panel-has-style\" ><div id=\"disenos-decorativos\" class=\"panel-row-style panel-row-style-for-88-3\" ><div id=\"pgc-88-3-0\"  class=\"panel-grid-cell\" ><div id=\"panel-88-3-0-0\" class=\"so-panel widget widget_sow-editor panel-first-child panel-last-child\" data-index=\"6\" ><div class=\"galeria-colores panel-widget-style panel-widget-style-for-88-3-0-0\" ><div\n\t\t\t\n\t\t\tclass=\"so-widget-sow-editor so-widget-sow-editor-base\"\n\t\t\t\n\t\t><h3 class=\"widget-title\">Dise\u00f1os decorativos<\/h3>\n<div class=\"siteorigin-widget-tinymce textwidget\">\n\t<div class=\"siteorigin-widget-tinymce textwidget\">PLASNOR es l\u00edder en el&nbsp;mercado de imitaciones en alto brillo acr\u00edlico. Durante los \u00faltimos a\u00f1os, hemos desarrollado la m\u00e1s exclusiva e innovadora gama de acabados como maderas, textiles, cer\u00e1micos o geom\u00e9tricos, as\u00ed como acabados m\u00e1s t\u00e9cnicos como el aluminio cepillado.<\/p>\n<div id='gallery-1' class='gallery galleryid-88 gallery-columns-6 gallery-size-full'><figure class='gallery-item'>\n\t\t\t<div class='gallery-icon landscape'>\n\t\t\t\t<img loading=\"lazy\" decoding=\"async\" width=\"200\" height=\"200\" src=\"https:\/\/www.plasnor.com\/wp-content\/uploads\/2023\/04\/brushed-alu-pl58215balu1.jpg\" class=\"attachment-full size-full\" alt=\"Dise\u00f1o brushed aluminium\" aria-describedby=\"gallery-1-15227\" srcset=\"https:\/\/www.plasnor.com\/wp-content\/uploads\/2023\/04\/brushed-alu-pl58215balu1.jpg 200w, https:\/\/www.plasnor.com\/wp-content\/uploads\/2023\/04\/brushed-alu-pl58215balu1-150x150.jpg 150w\" sizes=\"auto, (max-width: 200px) 100vw, 200px\" title=\"\">\n\t\t\t<\/div>\n\t\t\t\t<figcaption class='wp-caption-text gallery-caption' id='gallery-1-15227'>\n\t\t\t\tBRUSHED ALUMINIUM\n\t\t\t\t<\/figcaption><\/figure><figure class='gallery-item'>\n\t\t\t<div class='gallery-icon landscape'>\n\t\t\t\t<img loading=\"lazy\" decoding=\"async\" width=\"200\" height=\"200\" src=\"https:\/\/www.plasnor.com\/wp-content\/uploads\/2023\/04\/brushed-anthracite1.jpg\" class=\"attachment-full size-full\" alt=\"Dise\u00f1o brushed anthracite\" aria-describedby=\"gallery-1-15231\" srcset=\"https:\/\/www.plasnor.com\/wp-content\/uploads\/2023\/04\/brushed-anthracite1.jpg 200w, https:\/\/www.plasnor.com\/wp-content\/uploads\/2023\/04\/brushed-anthracite1-150x150.jpg 150w\" sizes=\"auto, (max-width: 200px) 100vw, 200px\" title=\"\">\n\t\t\t<\/div>\n\t\t\t\t<figcaption class='wp-caption-text gallery-caption' id='gallery-1-15231'>\n\t\t\t\tBRUSHED ANTHRACITE\n\t\t\t\t<\/figcaption><\/figure><figure class='gallery-item'>\n\t\t\t<div class='gallery-icon landscape'>\n\t\t\t\t<img loading=\"lazy\" decoding=\"async\" width=\"200\" height=\"200\" src=\"https:\/\/www.plasnor.com\/wp-content\/uploads\/2023\/04\/textile1.jpg\" class=\"attachment-full size-full\" alt=\"Dise\u00f1o textile metal\" aria-describedby=\"gallery-1-15255\" srcset=\"https:\/\/www.plasnor.com\/wp-content\/uploads\/2023\/04\/textile1.jpg 200w, https:\/\/www.plasnor.com\/wp-content\/uploads\/2023\/04\/textile1-150x150.jpg 150w\" sizes=\"auto, (max-width: 200px) 100vw, 200px\" title=\"\">\n\t\t\t<\/div>\n\t\t\t\t<figcaption class='wp-caption-text gallery-caption' id='gallery-1-15255'>\n\t\t\t\tTEXTILE METAL\n\t\t\t\t<\/figcaption><\/figure><figure class='gallery-item'>\n\t\t\t<div class='gallery-icon landscape'>\n\t\t\t\t<img loading=\"lazy\" decoding=\"async\" width=\"200\" height=\"200\" src=\"https:\/\/www.plasnor.com\/wp-content\/uploads\/2023\/04\/light-zebrano-pl55322lzeb2.jpg\" class=\"attachment-full size-full\" alt=\"Dise\u00f1o light zebrano\" aria-describedby=\"gallery-1-15251\" srcset=\"https:\/\/www.plasnor.com\/wp-content\/uploads\/2023\/04\/light-zebrano-pl55322lzeb2.jpg 200w, https:\/\/www.plasnor.com\/wp-content\/uploads\/2023\/04\/light-zebrano-pl55322lzeb2-150x150.jpg 150w\" sizes=\"auto, (max-width: 200px) 100vw, 200px\" title=\"\">\n\t\t\t<\/div>\n\t\t\t\t<figcaption class='wp-caption-text gallery-caption' id='gallery-1-15251'>\n\t\t\t\tLIGHT ZEBRANO\n\t\t\t\t<\/figcaption><\/figure><figure class='gallery-item'>\n\t\t\t<div class='gallery-icon landscape'>\n\t\t\t\t<img loading=\"lazy\" decoding=\"async\" width=\"200\" height=\"200\" src=\"https:\/\/www.plasnor.com\/wp-content\/uploads\/2023\/04\/eb-dark-zebrano-pl57219dze1.jpg\" class=\"attachment-full size-full\" alt=\"Dise\u00f1o dark zebrano\" aria-describedby=\"gallery-1-15239\" srcset=\"https:\/\/www.plasnor.com\/wp-content\/uploads\/2023\/04\/eb-dark-zebrano-pl57219dze1.jpg 200w, https:\/\/www.plasnor.com\/wp-content\/uploads\/2023\/04\/eb-dark-zebrano-pl57219dze1-150x150.jpg 150w\" sizes=\"auto, (max-width: 200px) 100vw, 200px\" title=\"\">\n\t\t\t<\/div>\n\t\t\t\t<figcaption class='wp-caption-text gallery-caption' id='gallery-1-15239'>\n\t\t\t\tDARK ZEBRANO\n\t\t\t\t<\/figcaption><\/figure><figure class='gallery-item'>\n\t\t\t<div class='gallery-icon landscape'>\n\t\t\t\t<img loading=\"lazy\" decoding=\"async\" width=\"200\" height=\"200\" src=\"https:\/\/www.plasnor.com\/wp-content\/uploads\/2023\/04\/light-oak-pl55309lo1.jpg\" class=\"attachment-full size-full\" alt=\"Dise\u00f1o light oak\" aria-describedby=\"gallery-1-15247\" srcset=\"https:\/\/www.plasnor.com\/wp-content\/uploads\/2023\/04\/light-oak-pl55309lo1.jpg 200w, https:\/\/www.plasnor.com\/wp-content\/uploads\/2023\/04\/light-oak-pl55309lo1-150x150.jpg 150w\" sizes=\"auto, (max-width: 200px) 100vw, 200px\" title=\"\">\n\t\t\t<\/div>\n\t\t\t\t<figcaption class='wp-caption-text gallery-caption' id='gallery-1-15247'>\n\t\t\t\tLIGHT OAK\n\t\t\t\t<\/figcaption><\/figure><figure class='gallery-item'>\n\t\t\t<div class='gallery-icon landscape'>\n\t\t\t\t<img loading=\"lazy\" decoding=\"async\" width=\"200\" height=\"200\" src=\"https:\/\/www.plasnor.com\/wp-content\/uploads\/2023\/04\/light-ceramic-pl50251lc1.jpg\" class=\"attachment-full size-full\" alt=\"Dise\u00f1o light ceramic\" aria-describedby=\"gallery-1-15243\" srcset=\"https:\/\/www.plasnor.com\/wp-content\/uploads\/2023\/04\/light-ceramic-pl50251lc1.jpg 200w, https:\/\/www.plasnor.com\/wp-content\/uploads\/2023\/04\/light-ceramic-pl50251lc1-150x150.jpg 150w\" sizes=\"auto, (max-width: 200px) 100vw, 200px\" title=\"\">\n\t\t\t<\/div>\n\t\t\t\t<figcaption class='wp-caption-text gallery-caption' id='gallery-1-15243'>\n\t\t\t\tLIGHT CERAMIC\n\t\t\t\t<\/figcaption><\/figure><figure class='gallery-item'>\n\t\t\t<div class='gallery-icon landscape'>\n\t\t\t\t<img loading=\"lazy\" decoding=\"async\" width=\"200\" height=\"200\" src=\"https:\/\/www.plasnor.com\/wp-content\/uploads\/2023\/04\/dark-ceramic-pl55322d1.jpg\" class=\"attachment-full size-full\" alt=\"Dise\u00f1o dark ceramic\" aria-describedby=\"gallery-1-15235\" srcset=\"https:\/\/www.plasnor.com\/wp-content\/uploads\/2023\/04\/dark-ceramic-pl55322d1.jpg 200w, https:\/\/www.plasnor.com\/wp-content\/uploads\/2023\/04\/dark-ceramic-pl55322d1-150x150.jpg 150w\" sizes=\"auto, (max-width: 200px) 100vw, 200px\" title=\"\">\n\t\t\t<\/div>\n\t\t\t\t<figcaption class='wp-caption-text gallery-caption' id='gallery-1-15235'>\n\t\t\t\tDARK CERAMIC\n\t\t\t\t<\/figcaption><\/figure><figure class='gallery-item'>\n\t\t\t<div class='gallery-icon landscape'>\n\t\t\t\t<img loading=\"lazy\" decoding=\"async\" width=\"200\" height=\"200\" src=\"https:\/\/www.plasnor.com\/wp-content\/uploads\/2023\/04\/bamboo-pl55309BU.jpg\" class=\"attachment-full size-full\" alt=\"\" aria-describedby=\"gallery-1-15211\" srcset=\"https:\/\/www.plasnor.com\/wp-content\/uploads\/2023\/04\/bamboo-pl55309BU.jpg 200w, https:\/\/www.plasnor.com\/wp-content\/uploads\/2023\/04\/bamboo-pl55309BU-150x150.jpg 150w\" sizes=\"auto, (max-width: 200px) 100vw, 200px\" title=\"\">\n\t\t\t<\/div>\n\t\t\t\t<figcaption class='wp-caption-text gallery-caption' id='gallery-1-15211'>\n\t\t\t\tBAMBU\n\t\t\t\t<\/figcaption><\/figure><figure class='gallery-item'>\n\t\t\t<div class='gallery-icon landscape'>\n\t\t\t\t<img loading=\"lazy\" decoding=\"async\" width=\"200\" height=\"200\" src=\"https:\/\/www.plasnor.com\/wp-content\/uploads\/2023\/04\/black-wood-pl56203bw1.jpg\" class=\"attachment-full size-full\" alt=\"Dise\u00f1o black wood\" aria-describedby=\"gallery-1-15223\" srcset=\"https:\/\/www.plasnor.com\/wp-content\/uploads\/2023\/04\/black-wood-pl56203bw1.jpg 200w, https:\/\/www.plasnor.com\/wp-content\/uploads\/2023\/04\/black-wood-pl56203bw1-150x150.jpg 150w\" sizes=\"auto, (max-width: 200px) 100vw, 200px\" title=\"\">\n\t\t\t<\/div>\n\t\t\t\t<figcaption class='wp-caption-text gallery-caption' id='gallery-1-15223'>\n\t\t\t\tBLACK WOOD\n\t\t\t\t<\/figcaption><\/figure><figure class='gallery-item'>\n\t\t\t<div class='gallery-icon landscape'>\n\t\t\t\t<img loading=\"lazy\" decoding=\"async\" width=\"200\" height=\"200\" src=\"https:\/\/www.plasnor.com\/wp-content\/uploads\/2023\/04\/textile-beige-pl553091.jpg\" class=\"attachment-full size-full\" alt=\"Dise\u00f1o textile beige\" aria-describedby=\"gallery-1-15259\" srcset=\"https:\/\/www.plasnor.com\/wp-content\/uploads\/2023\/04\/textile-beige-pl553091.jpg 200w, https:\/\/www.plasnor.com\/wp-content\/uploads\/2023\/04\/textile-beige-pl553091-150x150.jpg 150w\" sizes=\"auto, (max-width: 200px) 100vw, 200px\" title=\"\">\n\t\t\t<\/div>\n\t\t\t\t<figcaption class='wp-caption-text gallery-caption' id='gallery-1-15259'>\n\t\t\t\tTEXTILE BEIGE\n\t\t\t\t<\/figcaption><\/figure><figure class='gallery-item'>\n\t\t\t<div class='gallery-icon landscape'>\n\t\t\t\t<img loading=\"lazy\" decoding=\"async\" width=\"200\" height=\"200\" src=\"https:\/\/www.plasnor.com\/wp-content\/uploads\/2023\/04\/textile-copper-pl572191.jpg\" class=\"attachment-full size-full\" alt=\"Dise\u00f1o textile cooper\" aria-describedby=\"gallery-1-15263\" srcset=\"https:\/\/www.plasnor.com\/wp-content\/uploads\/2023\/04\/textile-copper-pl572191.jpg 200w, https:\/\/www.plasnor.com\/wp-content\/uploads\/2023\/04\/textile-copper-pl572191-150x150.jpg 150w\" sizes=\"auto, (max-width: 200px) 100vw, 200px\" title=\"\">\n\t\t\t<\/div>\n\t\t\t\t<figcaption class='wp-caption-text gallery-caption' id='gallery-1-15263'>\n\t\t\t\tTEXTILE COOPER\n\t\t\t\t<\/figcaption><\/figure><figure class='gallery-item'>\n\t\t\t<div class='gallery-icon landscape'>\n\t\t\t\t<img loading=\"lazy\" decoding=\"async\" width=\"200\" height=\"200\" src=\"https:\/\/www.plasnor.com\/wp-content\/uploads\/2023\/04\/ash-white.jpg\" class=\"attachment-full size-full\" alt=\"Dise\u00f1o ash white\" aria-describedby=\"gallery-1-15207\" srcset=\"https:\/\/www.plasnor.com\/wp-content\/uploads\/2023\/04\/ash-white.jpg 200w, https:\/\/www.plasnor.com\/wp-content\/uploads\/2023\/04\/ash-white-150x150.jpg 150w\" sizes=\"auto, (max-width: 200px) 100vw, 200px\" title=\"\">\n\t\t\t<\/div>\n\t\t\t\t<figcaption class='wp-caption-text gallery-caption' id='gallery-1-15207'>\n\t\t\t\tASH WHITE\n\t\t\t\t<\/figcaption><\/figure><figure class='gallery-item'>\n\t\t\t<div class='gallery-icon landscape'>\n\t\t\t\t<img loading=\"lazy\" decoding=\"async\" width=\"200\" height=\"200\" src=\"https:\/\/www.plasnor.com\/wp-content\/uploads\/2023\/04\/ash-brown.jpg\" class=\"attachment-full size-full\" alt=\"Dise\u00f1o ash brown\" aria-describedby=\"gallery-1-15203\" srcset=\"https:\/\/www.plasnor.com\/wp-content\/uploads\/2023\/04\/ash-brown.jpg 200w, https:\/\/www.plasnor.com\/wp-content\/uploads\/2023\/04\/ash-brown-150x150.jpg 150w\" sizes=\"auto, (max-width: 200px) 100vw, 200px\" title=\"\">\n\t\t\t<\/div>\n\t\t\t\t<figcaption class='wp-caption-text gallery-caption' id='gallery-1-15203'>\n\t\t\t\tASH BROWN\n\t\t\t\t<\/figcaption><\/figure><figure class='gallery-item'>\n\t\t\t<div class='gallery-icon landscape'>\n\t\t\t\t<img loading=\"lazy\" decoding=\"async\" width=\"200\" height=\"200\" src=\"https:\/\/www.plasnor.com\/wp-content\/uploads\/2023\/04\/ash-black.jpg\" class=\"attachment-full size-full\" alt=\"Dise\u00f1o ash black\" aria-describedby=\"gallery-1-15199\" srcset=\"https:\/\/www.plasnor.com\/wp-content\/uploads\/2023\/04\/ash-black.jpg 200w, https:\/\/www.plasnor.com\/wp-content\/uploads\/2023\/04\/ash-black-150x150.jpg 150w\" sizes=\"auto, (max-width: 200px) 100vw, 200px\" title=\"\">\n\t\t\t<\/div>\n\t\t\t\t<figcaption class='wp-caption-text gallery-caption' id='gallery-1-15199'>\n\t\t\t\tASH BLACK\n\t\t\t\t<\/figcaption><\/figure><figure class='gallery-item'>\n\t\t\t<div class='gallery-icon landscape'>\n\t\t\t\t<img loading=\"lazy\" decoding=\"async\" width=\"200\" height=\"200\" src=\"https:\/\/www.plasnor.com\/wp-content\/uploads\/2023\/04\/black-stripes-pl53203nl1.jpg\" class=\"attachment-full size-full\" alt=\"Dise\u00f1o black stripes\" aria-describedby=\"gallery-1-15219\" srcset=\"https:\/\/www.plasnor.com\/wp-content\/uploads\/2023\/04\/black-stripes-pl53203nl1.jpg 200w, https:\/\/www.plasnor.com\/wp-content\/uploads\/2023\/04\/black-stripes-pl53203nl1-150x150.jpg 150w\" sizes=\"auto, (max-width: 200px) 100vw, 200px\" title=\"\">\n\t\t\t<\/div>\n\t\t\t\t<figcaption class='wp-caption-text gallery-caption' id='gallery-1-15219'>\n\t\t\t\tBLACK STRIPES\n\t\t\t\t<\/figcaption><\/figure><figure class='gallery-item'>\n\t\t\t<div class='gallery-icon landscape'>\n\t\t\t\t<img loading=\"lazy\" decoding=\"async\" width=\"200\" height=\"200\" src=\"https:\/\/www.plasnor.com\/wp-content\/uploads\/2023\/04\/acrylic-narrow-lines.jpg\" class=\"attachment-full size-full\" alt=\"Dise\u00f1o acrylic narrow lines\" aria-describedby=\"gallery-1-15267\" srcset=\"https:\/\/www.plasnor.com\/wp-content\/uploads\/2023\/04\/acrylic-narrow-lines.jpg 200w, https:\/\/www.plasnor.com\/wp-content\/uploads\/2023\/04\/acrylic-narrow-lines-150x150.jpg 150w\" sizes=\"auto, (max-width: 200px) 100vw, 200px\" title=\"\">\n\t\t\t<\/div>\n\t\t\t\t<figcaption class='wp-caption-text gallery-caption' id='gallery-1-15267'>\n\t\t\t\tACRYLIC NARROW LINES\n\t\t\t\t<\/figcaption><\/figure><figure class='gallery-item'>\n\t\t\t<div class='gallery-icon landscape'>\n\t\t\t\t<img loading=\"lazy\" decoding=\"async\" width=\"200\" height=\"200\" src=\"https:\/\/www.plasnor.com\/wp-content\/uploads\/2023\/04\/acrylic-narrow-lines-claro.jpg\" class=\"attachment-full size-full\" alt=\"Dise\u00f1o acrylic narrow lines claro\" aria-describedby=\"gallery-1-15271\" srcset=\"https:\/\/www.plasnor.com\/wp-content\/uploads\/2023\/04\/acrylic-narrow-lines-claro.jpg 200w, https:\/\/www.plasnor.com\/wp-content\/uploads\/2023\/04\/acrylic-narrow-lines-claro-150x150.jpg 150w\" sizes=\"auto, (max-width: 200px) 100vw, 200px\" title=\"\">\n\t\t\t<\/div>\n\t\t\t\t<figcaption class='wp-caption-text gallery-caption' id='gallery-1-15271'>\n\t\t\t\tACRYLIC NARROW LINES CLARO\n\t\t\t\t<\/figcaption><\/figure>\n\t\t<\/div>\n\n<\/div>\n<\/div>\n<\/div><\/div><\/div><\/div><\/div><\/div><div id=\"pg-88-4\"  class=\"panel-grid panel-has-style\" ><div id=\"metalicos\" class=\"panel-row-style panel-row-style-for-88-4\" ><div id=\"pgc-88-4-0\"  class=\"panel-grid-cell\" ><div id=\"panel-88-4-0-0\" class=\"so-panel widget widget_sow-editor panel-first-child panel-last-child\" data-index=\"7\" ><div\n\t\t\t\n\t\t\tclass=\"so-widget-sow-editor so-widget-sow-editor-base\"\n\t\t\t\n\t\t><h3 class=\"widget-title\">Colores metalizados<\/h3>\n<div class=\"siteorigin-widget-tinymce textwidget\">\n\t<div class=\"siteorigin-widget-tinymce textwidget\">\n<p>Toda nuestra gama de colores puede tambi\u00e9n ser suministrada en aspecto metalizado tanto en brillo como en mate aportando a nuestras planchas un plus est\u00e9tico muy apreciado por nuestros clientes<\/p>\n<\/div>\n<\/div>\n<\/div><\/div><\/div><\/div><\/div><div id=\"pg-88-5\"  class=\"panel-grid panel-has-style\" ><div id=\"grabados\" class=\"panel-row-style panel-row-style-for-88-5\" ><div id=\"pgc-88-5-0\"  class=\"panel-grid-cell\" ><div id=\"panel-88-5-0-0\" class=\"so-panel widget widget_sow-editor panel-first-child panel-last-child\" data-index=\"8\" ><div\n\t\t\t\n\t\t\tclass=\"so-widget-sow-editor so-widget-sow-editor-base\"\n\t\t\t\n\t\t><h3 class=\"widget-title\">Grabados<\/h3>\n<div class=\"siteorigin-widget-tinymce textwidget\">\n\t<div class=\"siteorigin-widget-tinymce textwidget\">\n<p>Igualmente podemos suministrar nuestros diferentes materiales en distintos acabados grabados ampliamente utilizados en entornos industriales<\/p>\n<\/div>\n<\/div>\n<\/div><\/div><\/div><\/div><\/div><\/div>","protected":false},"excerpt":{"rendered":"<p>Especialistas en colores Podemos suministrar una amplia gama de acabados para adaptarnos a los requerimientos de nuestros clientes. &#8230; <a title=\"Acabados\" class=\"read-more\" href=\"https:\/\/www.plasnor.com\/es\/extrusion\/acabados\/\" aria-label=\"Leer m\u00e1s sobre Acabados\">[ + info ]<\/a><\/p>\n","protected":false},"author":1,"featured_media":0,"parent":23,"menu_order":0,"comment_status":"closed","ping_status":"closed","template":"","meta":{"footnotes":""},"categories":[7],"tags":[],"class_list":{"0":"post-88","1":"page","2":"type-page","3":"status-publish","5":"category-page-extrusion"},"_links":{"self":[{"href":"https:\/\/www.plasnor.com\/es\/wp-json\/wp\/v2\/pages\/88","targetHints":{"allow":["GET"]}}],"collection":[{"href":"https:\/\/www.plasnor.com\/es\/wp-json\/wp\/v2\/pages"}],"about":[{"href":"https:\/\/www.plasnor.com\/es\/wp-json\/wp\/v2\/types\/page"}],"author":[{"embeddable":true,"href":"https:\/\/www.plasnor.com\/es\/wp-json\/wp\/v2\/users\/1"}],"replies":[{"embeddable":true,"href":"https:\/\/www.plasnor.com\/es\/wp-json\/wp\/v2\/comments?post=88"}],"version-history":[{"count":0,"href":"https:\/\/www.plasnor.com\/es\/wp-json\/wp\/v2\/pages\/88\/revisions"}],"up":[{"embeddable":true,"href":"https:\/\/www.plasnor.com\/es\/wp-json\/wp\/v2\/pages\/23"}],"wp:attachment":[{"href":"https:\/\/www.plasnor.com\/es\/wp-json\/wp\/v2\/media?parent=88"}],"wp:term":[{"taxonomy":"category","embeddable":true,"href":"https:\/\/www.plasnor.com\/es\/wp-json\/wp\/v2\/categories?post=88"},{"taxonomy":"post_tag","embeddable":true,"href":"https:\/\/www.plasnor.com\/es\/wp-json\/wp\/v2\/tags?post=88"}],"curies":[{"name":"wp","href":"https:\/\/api.w.org\/{rel}","templated":true}]}}