{"id":90,"date":"2023-04-20T20:18:54","date_gmt":"2023-04-20T18:18:54","guid":{"rendered":"https:\/\/www.plasnor.com\/?page_id=90"},"modified":"2024-02-05T16:20:04","modified_gmt":"2024-02-05T15:20:04","slug":"sectores-y-aplicaciones","status":"publish","type":"page","link":"https:\/\/www.plasnor.com\/es\/extrusion\/sectores-y-aplicaciones\/","title":{"rendered":"Sectores y aplicaciones"},"content":{"rendered":"<div id=\"pl-90\"  class=\"panel-layout\" ><div id=\"pg-90-0\"  class=\"panel-grid panel-no-style\" ><div id=\"pgc-90-0-0\"  class=\"panel-grid-cell\" ><div id=\"panel-90-0-0-0\" class=\"so-panel widget widget_sow-headline panel-first-child panel-last-child\" data-index=\"0\" ><div\n\t\t\t\n\t\t\tclass=\"so-widget-sow-headline so-widget-sow-headline-default-57294de3285c-90 so-widget-fittext-wrapper\"\n\t\t\t data-fit-text-compressor=\"0.85\"\n\t\t><div class=\"sow-headline-container \">\n\t\t\t\t\t\t\t<h2 class=\"sow-headline\">\n\t\t\t\t\t\tSectores y aplicaciones EXTRUSI\u00d3N\t\t\t\t\t\t<\/h2>\n\t\t\t\t\t\t\t\t\t\t\t<div class=\"decoration\">\n\t\t\t\t\t\t<div class=\"decoration-inside\"><\/div>\n\t\t\t\t\t<\/div>\n\t\t\t\t\t\t\t\t\t\t\t<p class=\"sow-sub-headline\">\n\t\t\t\t\t\tTransformamos planchas y bobinas para piezas de clientes pertenecientes a sectores muy diversos:\t\t\t\t\t\t<\/p>\n\t\t\t\t\t\t<\/div>\n<\/div><\/div><\/div><\/div><div id=\"pg-90-1\"  class=\"panel-grid panel-has-style\" ><div class=\"extrusion-sectores panel-row-style panel-row-style-for-90-1\" ><div id=\"pgc-90-1-0\"  class=\"panel-grid-cell\" ><div id=\"panel-90-1-0-0\" class=\"so-panel widget widget_sow-image panel-first-child panel-last-child\" data-index=\"1\" ><div\n\t\t\t\n\t\t\tclass=\"so-widget-sow-image so-widget-sow-image-default-113ccd71f3e6-90\"\n\t\t\t\n\t\t>\n<div class=\"sow-image-container\">\n\t\t\t<a href=\"#termoconformado\"\n\t\t\t\t\t>\n\t\t\t<img \n\tsrc=\"https:\/\/www.plasnor.com\/wp-content\/uploads\/2023\/04\/1.svg\" title=\"Termoconformado\" alt=\"Termoconformado\" \t\tclass=\"so-widget-image\"\/>\n\t\t\t<\/a><\/div>\n\n<h3 class=\"widget-title\">\t\t<a href=\"#termoconformado\"\n\t\t\t\t\t>\n\t\tTermoconformado<\/a><\/h3><\/div><\/div><\/div><div id=\"pgc-90-1-1\"  class=\"panel-grid-cell\" ><div id=\"panel-90-1-1-0\" class=\"so-panel widget widget_sow-image panel-first-child panel-last-child\" data-index=\"2\" ><div\n\t\t\t\n\t\t\tclass=\"so-widget-sow-image so-widget-sow-image-default-113ccd71f3e6-90\"\n\t\t\t\n\t\t>\n<div class=\"sow-image-container\">\n\t\t\t<a href=\"#sanitario\"\n\t\t\t\t\t>\n\t\t\t<img \n\tsrc=\"https:\/\/www.plasnor.com\/wp-content\/uploads\/2023\/04\/2.svg\" title=\"Sanitario\" alt=\"Sanitario\" \t\tclass=\"so-widget-image\"\/>\n\t\t\t<\/a><\/div>\n\n<h3 class=\"widget-title\">\t\t<a href=\"#sanitario\"\n\t\t\t\t\t>\n\t\tSanitario<\/a><\/h3><\/div><\/div><\/div><div id=\"pgc-90-1-2\"  class=\"panel-grid-cell\" ><div id=\"panel-90-1-2-0\" class=\"so-panel widget widget_sow-image panel-first-child panel-last-child\" data-index=\"3\" ><div\n\t\t\t\n\t\t\tclass=\"so-widget-sow-image so-widget-sow-image-default-113ccd71f3e6-90\"\n\t\t\t\n\t\t>\n<div class=\"sow-image-container\">\n\t\t\t<a href=\"#frio\"\n\t\t\t\t\t>\n\t\t\t<img \n\tsrc=\"https:\/\/www.plasnor.com\/wp-content\/uploads\/2023\/04\/3.svg\" title=\"Fr\u00edo\" alt=\"Fr\u00edo\" \t\tclass=\"so-widget-image\"\/>\n\t\t\t<\/a><\/div>\n\n<h3 class=\"widget-title\">\t\t<a href=\"#frio\"\n\t\t\t\t\t>\n\t\tFr\u00edo<\/a><\/h3><\/div><\/div><\/div><div id=\"pgc-90-1-3\"  class=\"panel-grid-cell\" ><div id=\"panel-90-1-3-0\" class=\"so-panel widget widget_sow-image panel-first-child panel-last-child\" data-index=\"4\" ><div\n\t\t\t\n\t\t\tclass=\"so-widget-sow-image so-widget-sow-image-default-113ccd71f3e6-90\"\n\t\t\t\n\t\t>\n<div class=\"sow-image-container\">\n\t\t\t<a href=\"#plv\"\n\t\t\t\t\t>\n\t\t\t<img \n\tsrc=\"https:\/\/www.plasnor.com\/wp-content\/uploads\/2023\/04\/4.svg\" title=\"PLV\" alt=\"PLV\" \t\tclass=\"so-widget-image\"\/>\n\t\t\t<\/a><\/div>\n\n<h3 class=\"widget-title\">\t\t<a href=\"#plv\"\n\t\t\t\t\t>\n\t\tPLV<\/a><\/h3><\/div><\/div><\/div><div id=\"pgc-90-1-4\"  class=\"panel-grid-cell\" ><div id=\"panel-90-1-4-0\" class=\"so-panel widget widget_sow-image panel-first-child panel-last-child\" data-index=\"5\" ><div\n\t\t\t\n\t\t\tclass=\"so-widget-sow-image so-widget-sow-image-default-113ccd71f3e6-90\"\n\t\t\t\n\t\t>\n<div class=\"sow-image-container\">\n\t\t\t<a href=\"#mueble\"\n\t\t\t\t\t>\n\t\t\t<img \n\tsrc=\"https:\/\/www.plasnor.com\/wp-content\/uploads\/2023\/04\/5.svg\" title=\"Mueble\" alt=\"Mueble\" \t\tclass=\"so-widget-image\"\/>\n\t\t\t<\/a><\/div>\n\n<h3 class=\"widget-title\">\t\t<a href=\"#mueble\"\n\t\t\t\t\t>\n\t\tMueble<\/a><\/h3><\/div><\/div><\/div><\/div><\/div><div id=\"pg-90-2\"  class=\"panel-grid panel-has-style\" ><div class=\"extrusion-sectores panel-row-style panel-row-style-for-90-2\" ><div id=\"pgc-90-2-0\"  class=\"panel-grid-cell\" ><div id=\"panel-90-2-0-0\" class=\"so-panel widget widget_sow-image panel-first-child panel-last-child\" data-index=\"6\" ><div\n\t\t\t\n\t\t\tclass=\"so-widget-sow-image so-widget-sow-image-default-113ccd71f3e6-90\"\n\t\t\t\n\t\t>\n<div class=\"sow-image-container\">\n\t\t\t<a href=\"#embalaje\"\n\t\t\t\t\t>\n\t\t\t<img \n\tsrc=\"https:\/\/www.plasnor.com\/wp-content\/uploads\/2023\/04\/6.svg\" title=\"Embalaje\" alt=\"Embalaje\" \t\tclass=\"so-widget-image\"\/>\n\t\t\t<\/a><\/div>\n\n<h3 class=\"widget-title\">\t\t<a href=\"#embalaje\"\n\t\t\t\t\t>\n\t\tEmbalaje<\/a><\/h3><\/div><\/div><\/div><div id=\"pgc-90-2-1\"  class=\"panel-grid-cell\" ><div id=\"panel-90-2-1-0\" class=\"so-panel widget widget_sow-image panel-first-child panel-last-child\" data-index=\"7\" ><div\n\t\t\t\n\t\t\tclass=\"so-widget-sow-image so-widget-sow-image-default-113ccd71f3e6-90\"\n\t\t\t\n\t\t>\n<div class=\"sow-image-container\">\n\t\t\t<a href=\"#automocion\"\n\t\t\t\t\t>\n\t\t\t<img \n\tsrc=\"https:\/\/www.plasnor.com\/wp-content\/uploads\/2023\/04\/7.svg\" title=\"Automoci\u00f3n\" alt=\"Automoci\u00f3n\" \t\tclass=\"so-widget-image\"\/>\n\t\t\t<\/a><\/div>\n\n<h3 class=\"widget-title\">\t\t<a href=\"#automocion\"\n\t\t\t\t\t>\n\t\tAutomoci\u00f3n<\/a><\/h3><\/div><\/div><\/div><div id=\"pgc-90-2-2\"  class=\"panel-grid-cell\" ><div id=\"panel-90-2-2-0\" class=\"so-panel widget widget_sow-image panel-first-child panel-last-child\" data-index=\"8\" ><div\n\t\t\t\n\t\t\tclass=\"so-widget-sow-image so-widget-sow-image-default-113ccd71f3e6-90\"\n\t\t\t\n\t\t>\n<div class=\"sow-image-container\">\n\t\t\t<a href=\"#medico\"\n\t\t\t\t\t>\n\t\t\t<img \n\tsrc=\"https:\/\/www.plasnor.com\/wp-content\/uploads\/2023\/04\/8.svg\" title=\"M\u00e9dico\" alt=\"M\u00e9dico\" \t\tclass=\"so-widget-image\"\/>\n\t\t\t<\/a><\/div>\n\n<h3 class=\"widget-title\">\t\t<a href=\"#medico\"\n\t\t\t\t\t>\n\t\tM\u00e9dico<\/a><\/h3><\/div><\/div><\/div><div id=\"pgc-90-2-3\"  class=\"panel-grid-cell panel-grid-cell-mobile-last\" ><div id=\"panel-90-2-3-0\" class=\"so-panel widget widget_sow-image panel-first-child panel-last-child\" data-index=\"9\" ><div\n\t\t\t\n\t\t\tclass=\"so-widget-sow-image so-widget-sow-image-default-113ccd71f3e6-90\"\n\t\t\t\n\t\t>\n<div class=\"sow-image-container\">\n\t\t\t<a href=\"#energia-renovable\"\n\t\t\t\t\t>\n\t\t\t<img \n\tsrc=\"https:\/\/www.plasnor.com\/wp-content\/uploads\/2023\/04\/9.svg\" title=\"Energ\u00edas renovables\" alt=\"Energ\u00edas renovables\" \t\tclass=\"so-widget-image\"\/>\n\t\t\t<\/a><\/div>\n\n<h3 class=\"widget-title\">\t\t<a href=\"#energia-renovable\"\n\t\t\t\t\t>\n\t\tEnerg\u00edas renovables<\/a><\/h3><\/div><\/div><\/div><div id=\"pgc-90-2-4\"  class=\"panel-grid-cell panel-grid-cell-empty\" ><\/div><\/div><\/div><div id=\"pg-90-3\"  class=\"panel-grid panel-has-style\" ><div id=\"termoconformado\" class=\"panel-row-style panel-row-style-for-90-3\" ><div id=\"pgc-90-3-0\"  class=\"panel-grid-cell\" ><div id=\"panel-90-3-0-0\" class=\"so-panel widget widget_sow-editor panel-first-child panel-last-child\" data-index=\"10\" ><div\n\t\t\t\n\t\t\tclass=\"so-widget-sow-editor so-widget-sow-editor-base\"\n\t\t\t\n\t\t><h3 class=\"widget-title\">Termoconformado<\/h3>\n<div class=\"siteorigin-widget-tinymce textwidget\">\n\t<div class=\"siteorigin-widget-tinymce textwidget\">\n<p><img loading=\"lazy\" decoding=\"async\" class=\"alignleft wp-image-15330 size-full\" src=\"https:\/\/www.plasnor.com\/wp-content\/uploads\/2023\/04\/01-plasnor-termoconformado.jpg\" alt=\"Termoconformado\" width=\"424\" height=\"251\" srcset=\"https:\/\/www.plasnor.com\/wp-content\/uploads\/2023\/04\/01-plasnor-termoconformado.jpg 424w, https:\/\/www.plasnor.com\/wp-content\/uploads\/2023\/04\/01-plasnor-termoconformado-300x178.jpg 300w\" sizes=\"auto, (max-width: 424px) 100vw, 424px\" title=\"\"> Para este sector suministramos planchas y\/o bobinas realizadas en muy diversos termopl\u00e1sticos (PS, ABS, ABS\/PMMA, autoextinguibles, ABS\/PC, PS\/PE, etc) en funci\u00f3n de los requisitos normativos, la funci\u00f3n de las piezas y el lugar en el que se colocar\u00e1n. Todo ello para que los termoconformadores las transformen en c\u00e1rteres, carcasas, protectores, embellecedores, bandejas, expositores, etc<\/p>\n<\/div>\n<\/div>\n<\/div><\/div><\/div><\/div><\/div><div id=\"pg-90-4\"  class=\"panel-grid panel-has-style\" ><div id=\"sanitario\" class=\"panel-row-style panel-row-style-for-90-4\" ><div id=\"pgc-90-4-0\"  class=\"panel-grid-cell\" ><div id=\"panel-90-4-0-0\" class=\"so-panel widget widget_sow-editor panel-first-child panel-last-child\" data-index=\"11\" ><div\n\t\t\t\n\t\t\tclass=\"so-widget-sow-editor so-widget-sow-editor-base\"\n\t\t\t\n\t\t><h3 class=\"widget-title\">Sanitario<\/h3>\n<div class=\"siteorigin-widget-tinymce textwidget\">\n\t<div class=\"siteorigin-widget-tinymce textwidget\">\n<p><img loading=\"lazy\" decoding=\"async\" class=\"alignleft wp-image-15334 size-full\" src=\"https:\/\/www.plasnor.com\/wp-content\/uploads\/2023\/04\/02-plasnor-sanitary.jpg\" alt=\"Sanitario\" width=\"424\" height=\"251\" srcset=\"https:\/\/www.plasnor.com\/wp-content\/uploads\/2023\/04\/02-plasnor-sanitary.jpg 424w, https:\/\/www.plasnor.com\/wp-content\/uploads\/2023\/04\/02-plasnor-sanitary-300x178.jpg 300w\" sizes=\"auto, (max-width: 424px) 100vw, 424px\" title=\"\"> Para el sector sanitario fundamentalmente proveemos planchas en ABS\/PMMA que estos a su vez transforman en piezas de sanitario como ba\u00f1eras, cabinas, columnas y platos de ducha e incluso SPAs. Tambi\u00e9n se suministran en menor proporci\u00f3n otros materiales como nuestro NORSAN SUPERMAT, imitaciones madera, m\u00e1rmol, cer\u00e1mica etc .<\/p>\n<\/div>\n<\/div>\n<\/div><\/div><\/div><\/div><\/div><div id=\"pg-90-5\"  class=\"panel-grid panel-has-style\" ><div id=\"frio\" class=\"panel-row-style panel-row-style-for-90-5\" ><div id=\"pgc-90-5-0\"  class=\"panel-grid-cell\" ><div id=\"panel-90-5-0-0\" class=\"so-panel widget widget_sow-editor panel-first-child panel-last-child\" data-index=\"12\" ><div\n\t\t\t\n\t\t\tclass=\"so-widget-sow-editor so-widget-sow-editor-base\"\n\t\t\t\n\t\t><h3 class=\"widget-title\">Fr\u00edo<\/h3>\n<div class=\"siteorigin-widget-tinymce textwidget\">\n\t<div class=\"siteorigin-widget-tinymce textwidget\">\n<p><img loading=\"lazy\" decoding=\"async\" class=\"alignleft wp-image-15342 size-full\" src=\"https:\/\/www.plasnor.com\/wp-content\/uploads\/2023\/04\/03-plasnor-frio2.jpg\" alt=\"Fr\u00edo\" width=\"424\" height=\"251\" srcset=\"https:\/\/www.plasnor.com\/wp-content\/uploads\/2023\/04\/03-plasnor-frio2.jpg 424w, https:\/\/www.plasnor.com\/wp-content\/uploads\/2023\/04\/03-plasnor-frio2-300x178.jpg 300w\" sizes=\"auto, (max-width: 424px) 100vw, 424px\" title=\"\"> Proveemos al sector del fr\u00edo de planchas y bobinas en PS antifreon apto para interiores y laterales de c\u00e1maras frigor\u00edficas y refrigeradoras. Es un PS que resiste el proceso posterior de inyecci\u00f3n de PU al que se someten frecuentemente este tipo de piezas.<\/p>\n<\/div>\n<\/div>\n<\/div><\/div><\/div><\/div><\/div><div id=\"pg-90-6\"  class=\"panel-grid panel-has-style\" ><div id=\"plv\" class=\"panel-row-style panel-row-style-for-90-6\" ><div id=\"pgc-90-6-0\"  class=\"panel-grid-cell\" ><div id=\"panel-90-6-0-0\" class=\"so-panel widget widget_sow-editor panel-first-child panel-last-child\" data-index=\"13\" ><div\n\t\t\t\n\t\t\tclass=\"so-widget-sow-editor so-widget-sow-editor-base\"\n\t\t\t\n\t\t><h3 class=\"widget-title\">PLV<\/h3>\n<div class=\"siteorigin-widget-tinymce textwidget\">\n\t<div class=\"siteorigin-widget-tinymce textwidget\">\n<p><img loading=\"lazy\" decoding=\"async\" class=\"alignleft wp-image-15346 size-full\" src=\"https:\/\/www.plasnor.com\/wp-content\/uploads\/2023\/04\/04-plasnor-advertising.jpg\" alt=\"PLV\" width=\"424\" height=\"251\" srcset=\"https:\/\/www.plasnor.com\/wp-content\/uploads\/2023\/04\/04-plasnor-advertising.jpg 424w, https:\/\/www.plasnor.com\/wp-content\/uploads\/2023\/04\/04-plasnor-advertising-300x178.jpg 300w\" sizes=\"auto, (max-width: 424px) 100vw, 424px\" title=\"\"> El sector de la publicidad en el lugar de venta consume frecuentemente nuestro PS para elaborar expositores y\/o carteler\u00eda publicitaria mediante diferentes procesos como el termoconformado, el mecanizado, el plegado en caliente, la impresi\u00f3n, la impresi\u00f3n off set, etc. La capacidad de desarrollar colores muy r\u00e1pidamente es fundamental en este sector.<\/p>\n<\/div>\n<\/div>\n<\/div><\/div><\/div><\/div><\/div><div id=\"pg-90-7\"  class=\"panel-grid panel-has-style\" ><div id=\"mueble\" class=\"panel-row-style panel-row-style-for-90-7\" ><div id=\"pgc-90-7-0\"  class=\"panel-grid-cell\" ><div id=\"panel-90-7-0-0\" class=\"so-panel widget widget_sow-editor panel-first-child panel-last-child\" data-index=\"14\" ><div\n\t\t\t\n\t\t\tclass=\"so-widget-sow-editor so-widget-sow-editor-base\"\n\t\t\t\n\t\t><h3 class=\"widget-title\">Mueble<\/h3>\n<div class=\"siteorigin-widget-tinymce textwidget\">\n\t<div class=\"siteorigin-widget-tinymce textwidget\">\n<p><img loading=\"lazy\" decoding=\"async\" class=\"alignleft wp-image-15352 size-full\" src=\"https:\/\/www.plasnor.com\/wp-content\/uploads\/2023\/04\/05-plasnor-furniture.jpg\" alt=\"Mueble\" width=\"424\" height=\"251\" srcset=\"https:\/\/www.plasnor.com\/wp-content\/uploads\/2023\/04\/05-plasnor-furniture.jpg 424w, https:\/\/www.plasnor.com\/wp-content\/uploads\/2023\/04\/05-plasnor-furniture-300x178.jpg 300w\" sizes=\"auto, (max-width: 424px) 100vw, 424px\" title=\"\"> Para el sector del mueble elaboramos unas planchas con superficie acr\u00edlica de alto brillo que son altamente valoradas este mercado. Se trata de nuestra marca NORSAN HIGH GLOSS . Nuestros clientes las utilizan para recubrir paneles de madera mediante un proceso de encolado. Posteriormente someten sus paneles a un proceso de corte para fabricar puertas de armarios de cocina.<br \/>El brillo espejo de nuestras placas es particularmente apreciado por nuestros clientes. Una muy amplia gama de colores disponibles y multiples dise\u00f1os decorativos completan nuestra oferta y hacen que, a d\u00eda de hoy, este sea nuestro producto estrella que se exporta a 3 continentes.<\/p>\n<\/div>\n<\/div>\n<\/div><\/div><\/div><\/div><\/div><div id=\"pg-90-8\"  class=\"panel-grid panel-has-style\" ><div id=\"embalaje\" class=\"panel-row-style panel-row-style-for-90-8\" ><div id=\"pgc-90-8-0\"  class=\"panel-grid-cell\" ><div id=\"panel-90-8-0-0\" class=\"so-panel widget widget_sow-editor panel-first-child panel-last-child\" data-index=\"15\" ><div\n\t\t\t\n\t\t\tclass=\"so-widget-sow-editor so-widget-sow-editor-base\"\n\t\t\t\n\t\t><h3 class=\"widget-title\">Embalaje<\/h3>\n<div class=\"siteorigin-widget-tinymce textwidget\">\n\t<div class=\"siteorigin-widget-tinymce textwidget\">\n<p><img loading=\"lazy\" decoding=\"async\" class=\"alignleft wp-image-15358 size-full\" src=\"https:\/\/www.plasnor.com\/wp-content\/uploads\/2023\/04\/06-plasnor-packaging.jpg\" alt=\"Embalaje\" width=\"424\" height=\"251\" srcset=\"https:\/\/www.plasnor.com\/wp-content\/uploads\/2023\/04\/06-plasnor-packaging.jpg 424w, https:\/\/www.plasnor.com\/wp-content\/uploads\/2023\/04\/06-plasnor-packaging-300x178.jpg 300w\" sizes=\"auto, (max-width: 424px) 100vw, 424px\" title=\"\"> Suministramos plancha para confeccionar embalajes en distintos en materiales que, a veces son b\u00e1sicos y, a veces muy t\u00e9cnicos, como en el caso de los materiales anti-viruta. As\u00ed, proveemos plancha a empresas que fabrican embalajes a medida en funci\u00f3n de sus requisitos t\u00e9cnicos. Son materiales para termoconformar sus bandejas para el transporte o almacenaje de piezas en condiciones \u00f3ptimas que protejan el producto y permitan ganar tiempo y espacio.<\/p>\n<\/div>\n<\/div>\n<\/div><\/div><\/div><\/div><\/div><div id=\"pg-90-9\"  class=\"panel-grid panel-has-style\" ><div id=\"automocion\" class=\"panel-row-style panel-row-style-for-90-9\" ><div id=\"pgc-90-9-0\"  class=\"panel-grid-cell\" ><div id=\"panel-90-9-0-0\" class=\"so-panel widget widget_sow-editor panel-first-child panel-last-child\" data-index=\"16\" ><div\n\t\t\t\n\t\t\tclass=\"so-widget-sow-editor so-widget-sow-editor-base\"\n\t\t\t\n\t\t><h3 class=\"widget-title\">Automoci\u00f3n<\/h3>\n<div class=\"siteorigin-widget-tinymce textwidget\">\n\t<div class=\"siteorigin-widget-tinymce textwidget\">\n<p><img loading=\"lazy\" decoding=\"async\" class=\"alignleft wp-image-15366 size-full\" src=\"https:\/\/www.plasnor.com\/wp-content\/uploads\/2023\/04\/07-plasnor-automotion.jpg\" alt=\"Automoci\u00f3n\" width=\"424\" height=\"251\" srcset=\"https:\/\/www.plasnor.com\/wp-content\/uploads\/2023\/04\/07-plasnor-automotion.jpg 424w, https:\/\/www.plasnor.com\/wp-content\/uploads\/2023\/04\/07-plasnor-automotion-300x178.jpg 300w\" sizes=\"auto, (max-width: 424px) 100vw, 424px\" title=\"\"> Suministramos planchas en ABS, en PS\/PE y en ABS\/PMMA de diferentes aspectos de superficie para piezas de interiores (portaequipajes, asientos, salpicaderos, guarda barros , techos , carenados, protecciones) y exteriores (techos,capots, faros, etc ) de autobuses, coches sin permisos de conducir, tractores, trenes, etc.<\/p>\n<\/div>\n<\/div>\n<\/div><\/div><\/div><\/div><\/div><div id=\"pg-90-10\"  class=\"panel-grid panel-has-style\" ><div id=\"medico\" class=\"panel-row-style panel-row-style-for-90-10\" ><div id=\"pgc-90-10-0\"  class=\"panel-grid-cell\" ><div id=\"panel-90-10-0-0\" class=\"so-panel widget widget_sow-editor panel-first-child panel-last-child\" data-index=\"17\" ><div\n\t\t\t\n\t\t\tclass=\"so-widget-sow-editor so-widget-sow-editor-base\"\n\t\t\t\n\t\t><h3 class=\"widget-title\">M\u00e9dico<\/h3>\n<div class=\"siteorigin-widget-tinymce textwidget\">\n\t<div class=\"siteorigin-widget-tinymce textwidget\">\n<p><img loading=\"lazy\" decoding=\"async\" class=\"alignleft wp-image-15372 size-full\" src=\"https:\/\/www.plasnor.com\/wp-content\/uploads\/2023\/04\/08-plasnor-hospital-furniture.jpg\" alt=\"M\u00e9dico\" width=\"424\" height=\"251\" srcset=\"https:\/\/www.plasnor.com\/wp-content\/uploads\/2023\/04\/08-plasnor-hospital-furniture.jpg 424w, https:\/\/www.plasnor.com\/wp-content\/uploads\/2023\/04\/08-plasnor-hospital-furniture-300x178.jpg 300w\" sizes=\"auto, (max-width: 424px) 100vw, 424px\" title=\"\"> Suministramos igualmente planchas en materiales adaptados a su aplicaci\u00f3n (PS, ABS, in\u00edfugos) para el sector farmac\u00e9utico, el hospitalario, y el m\u00e9dico.<br \/>Estos sectores fabrican con ellas piezas como por ejemplo, barquetas farmac\u00e9uticas, piezas para camas o partes de carritos, as\u00ed como diferentes componentes de maquinaria hospitalaria. En ocasiones y cada vez m\u00e1s frecuentemente se requieren suministrar planchas que cumplan ciertas normativas farmac\u00e9uticas y tambi\u00e9n materiales in\u00edfugos para respetar las exigencias de las nuevas normativas de resistencia al fuego.<\/p>\n<\/div>\n<\/div>\n<\/div><\/div><\/div><\/div><\/div><div id=\"pg-90-11\"  class=\"panel-grid panel-has-style\" ><div id=\"energia-renovable\" class=\"panel-row-style panel-row-style-for-90-11\" ><div id=\"pgc-90-11-0\"  class=\"panel-grid-cell\" ><div id=\"panel-90-11-0-0\" class=\"so-panel widget widget_sow-editor panel-first-child panel-last-child\" data-index=\"18\" ><div\n\t\t\t\n\t\t\tclass=\"so-widget-sow-editor so-widget-sow-editor-base\"\n\t\t\t\n\t\t><h3 class=\"widget-title\">Energ\u00edas renovables<\/h3>\n<div class=\"siteorigin-widget-tinymce textwidget\">\n\t<div class=\"siteorigin-widget-tinymce textwidget\">\n<p><img loading=\"lazy\" decoding=\"async\" class=\"wp-image-15380 size-full alignleft\" src=\"https:\/\/www.plasnor.com\/wp-content\/uploads\/2023\/04\/09-plasnor-Eolico.jpg\" alt=\"Energ\u00edas renovables\" width=\"424\" height=\"251\" srcset=\"https:\/\/www.plasnor.com\/wp-content\/uploads\/2023\/04\/09-plasnor-Eolico.jpg 424w, https:\/\/www.plasnor.com\/wp-content\/uploads\/2023\/04\/09-plasnor-Eolico-300x178.jpg 300w\" sizes=\"auto, (max-width: 424px) 100vw, 424px\" title=\"\"> Proveemos planchas en distintos materiales como el ABS\/ASA y\/o similares para piezas que forman parte de equipos generadores de energ\u00edas renovables como generadores e\u00f3licos, acumuladores solares, etc.<\/p>\n<\/div>\n<\/div>\n<\/div><\/div><\/div><\/div><\/div><\/div>","protected":false},"excerpt":{"rendered":"<p>Sectores y aplicaciones EXTRUSI\u00d3N Transformamos planchas y bobinas para piezas de clientes pertenecientes a sectores muy diversos: Termoconformado &#8230; <a title=\"Sectores y aplicaciones\" class=\"read-more\" href=\"https:\/\/www.plasnor.com\/es\/extrusion\/sectores-y-aplicaciones\/\" aria-label=\"Leer m\u00e1s sobre Sectores y aplicaciones\">[ + info ]<\/a><\/p>\n","protected":false},"author":1,"featured_media":0,"parent":23,"menu_order":0,"comment_status":"closed","ping_status":"closed","template":"","meta":{"footnotes":""},"categories":[7],"tags":[],"class_list":{"0":"post-90","1":"page","2":"type-page","3":"status-publish","5":"category-page-extrusion"},"_links":{"self":[{"href":"https:\/\/www.plasnor.com\/es\/wp-json\/wp\/v2\/pages\/90","targetHints":{"allow":["GET"]}}],"collection":[{"href":"https:\/\/www.plasnor.com\/es\/wp-json\/wp\/v2\/pages"}],"about":[{"href":"https:\/\/www.plasnor.com\/es\/wp-json\/wp\/v2\/types\/page"}],"author":[{"embeddable":true,"href":"https:\/\/www.plasnor.com\/es\/wp-json\/wp\/v2\/users\/1"}],"replies":[{"embeddable":true,"href":"https:\/\/www.plasnor.com\/es\/wp-json\/wp\/v2\/comments?post=90"}],"version-history":[{"count":0,"href":"https:\/\/www.plasnor.com\/es\/wp-json\/wp\/v2\/pages\/90\/revisions"}],"up":[{"embeddable":true,"href":"https:\/\/www.plasnor.com\/es\/wp-json\/wp\/v2\/pages\/23"}],"wp:attachment":[{"href":"https:\/\/www.plasnor.com\/es\/wp-json\/wp\/v2\/media?parent=90"}],"wp:term":[{"taxonomy":"category","embeddable":true,"href":"https:\/\/www.plasnor.com\/es\/wp-json\/wp\/v2\/categories?post=90"},{"taxonomy":"post_tag","embeddable":true,"href":"https:\/\/www.plasnor.com\/es\/wp-json\/wp\/v2\/tags?post=90"}],"curies":[{"name":"wp","href":"https:\/\/api.w.org\/{rel}","templated":true}]}}