{"id":98,"date":"2023-04-20T20:23:42","date_gmt":"2023-04-20T18:23:42","guid":{"rendered":"https:\/\/www.plasnor.com\/?page_id=98"},"modified":"2024-02-05T16:09:10","modified_gmt":"2024-02-05T15:09:10","slug":"fabricacion-de-masterbach","status":"publish","type":"page","link":"https:\/\/www.plasnor.com\/es\/extrusion\/fabricacion-de-masterbach\/","title":{"rendered":"Fabricaci\u00f3n de masterbach"},"content":{"rendered":"<p>Unida a la ventaja de contar con un laboratorio propio, el hecho de fabricar nuestros concentrados de color (masterbaches) internamente, nos permite ser especialistas del color.<\/p>\n<p>Una vez definidas las f\u00f3rmulas de los colores en nuestro laboratorio, elaboramos los masterbaches en maquinaria adaptada para la mezcla de materia prima pl\u00e1stica con aditivos y\/o pigmentos, siguiendo las formulaciones previamente desarrolladas.<\/p>\n<p>As\u00ed elaboramos un m\u00e1ster que garantice una vez m\u00e1s la precisi\u00f3n en el tono del color y su \u00f3ptima distribuci\u00f3n en el posterior proceso de coextrusi\u00f3n multicapa de planchas o bobinas.<\/p>\n<div id='gallery-1' class='gallery galleryid-98 gallery-columns-3 gallery-size-full'><figure class='gallery-item'>\n\t\t\t<div class='gallery-icon landscape'>\n\t\t\t\t<a href='https:\/\/www.plasnor.com\/wp-content\/uploads\/2023\/04\/plasnor-masterbach-01.jpg'><img loading=\"lazy\" decoding=\"async\" width=\"800\" height=\"566\" src=\"https:\/\/www.plasnor.com\/wp-content\/uploads\/2023\/04\/plasnor-masterbach-01.jpg\" class=\"attachment-full size-full\" alt=\"Nuestro laboratorio\" srcset=\"https:\/\/www.plasnor.com\/wp-content\/uploads\/2023\/04\/plasnor-masterbach-01.jpg 800w, https:\/\/www.plasnor.com\/wp-content\/uploads\/2023\/04\/plasnor-masterbach-01-300x212.jpg 300w, https:\/\/www.plasnor.com\/wp-content\/uploads\/2023\/04\/plasnor-masterbach-01-768x543.jpg 768w\" sizes=\"auto, (max-width: 800px) 100vw, 800px\" title=\"\"><\/a>\n\t\t\t<\/div><\/figure><figure class='gallery-item'>\n\t\t\t<div class='gallery-icon landscape'>\n\t\t\t\t<a href='https:\/\/www.plasnor.com\/wp-content\/uploads\/2023\/04\/plasnor-masterbach-021.jpg'><img loading=\"lazy\" decoding=\"async\" width=\"800\" height=\"566\" src=\"https:\/\/www.plasnor.com\/wp-content\/uploads\/2023\/04\/plasnor-masterbach-021.jpg\" class=\"attachment-full size-full\" alt=\"\" srcset=\"https:\/\/www.plasnor.com\/wp-content\/uploads\/2023\/04\/plasnor-masterbach-021.jpg 800w, https:\/\/www.plasnor.com\/wp-content\/uploads\/2023\/04\/plasnor-masterbach-021-300x212.jpg 300w, https:\/\/www.plasnor.com\/wp-content\/uploads\/2023\/04\/plasnor-masterbach-021-768x543.jpg 768w\" sizes=\"auto, (max-width: 800px) 100vw, 800px\" title=\"\"><\/a>\n\t\t\t<\/div><\/figure><figure class='gallery-item'>\n\t\t\t<div class='gallery-icon landscape'>\n\t\t\t\t<a href='https:\/\/www.plasnor.com\/wp-content\/uploads\/2023\/04\/plasnor-masterbach-04.jpg'><img loading=\"lazy\" decoding=\"async\" width=\"800\" height=\"566\" src=\"https:\/\/www.plasnor.com\/wp-content\/uploads\/2023\/04\/plasnor-masterbach-04.jpg\" class=\"attachment-full size-full\" alt=\"\" srcset=\"https:\/\/www.plasnor.com\/wp-content\/uploads\/2023\/04\/plasnor-masterbach-04.jpg 800w, https:\/\/www.plasnor.com\/wp-content\/uploads\/2023\/04\/plasnor-masterbach-04-300x212.jpg 300w, https:\/\/www.plasnor.com\/wp-content\/uploads\/2023\/04\/plasnor-masterbach-04-768x543.jpg 768w\" sizes=\"auto, (max-width: 800px) 100vw, 800px\" title=\"\"><\/a>\n\t\t\t<\/div><\/figure>\n\t\t<\/div>\n\n","protected":false},"excerpt":{"rendered":"<p>Unida a la ventaja de contar con un laboratorio propio, el hecho de fabricar nuestros concentrados de color &#8230; <a title=\"Fabricaci\u00f3n de masterbach\" class=\"read-more\" href=\"https:\/\/www.plasnor.com\/es\/extrusion\/fabricacion-de-masterbach\/\" aria-label=\"Leer m\u00e1s sobre Fabricaci\u00f3n de masterbach\">[ + info ]<\/a><\/p>\n","protected":false},"author":1,"featured_media":0,"parent":23,"menu_order":0,"comment_status":"closed","ping_status":"closed","template":"","meta":{"footnotes":""},"categories":[7],"tags":[],"class_list":{"0":"post-98","1":"page","2":"type-page","3":"status-publish","5":"category-page-extrusion"},"_links":{"self":[{"href":"https:\/\/www.plasnor.com\/es\/wp-json\/wp\/v2\/pages\/98","targetHints":{"allow":["GET"]}}],"collection":[{"href":"https:\/\/www.plasnor.com\/es\/wp-json\/wp\/v2\/pages"}],"about":[{"href":"https:\/\/www.plasnor.com\/es\/wp-json\/wp\/v2\/types\/page"}],"author":[{"embeddable":true,"href":"https:\/\/www.plasnor.com\/es\/wp-json\/wp\/v2\/users\/1"}],"replies":[{"embeddable":true,"href":"https:\/\/www.plasnor.com\/es\/wp-json\/wp\/v2\/comments?post=98"}],"version-history":[{"count":0,"href":"https:\/\/www.plasnor.com\/es\/wp-json\/wp\/v2\/pages\/98\/revisions"}],"up":[{"embeddable":true,"href":"https:\/\/www.plasnor.com\/es\/wp-json\/wp\/v2\/pages\/23"}],"wp:attachment":[{"href":"https:\/\/www.plasnor.com\/es\/wp-json\/wp\/v2\/media?parent=98"}],"wp:term":[{"taxonomy":"category","embeddable":true,"href":"https:\/\/www.plasnor.com\/es\/wp-json\/wp\/v2\/categories?post=98"},{"taxonomy":"post_tag","embeddable":true,"href":"https:\/\/www.plasnor.com\/es\/wp-json\/wp\/v2\/tags?post=98"}],"curies":[{"name":"wp","href":"https:\/\/api.w.org\/{rel}","templated":true}]}}