{"id":17012,"date":"2023-04-25T12:24:56","date_gmt":"2023-04-25T10:24:56","guid":{"rendered":"https:\/\/www.plasnor.com\/objective\/"},"modified":"2024-02-05T15:51:44","modified_gmt":"2024-02-05T14:51:44","slug":"objectif","status":"publish","type":"page","link":"https:\/\/www.plasnor.com\/fr\/plateaux-de-transport\/objectif\/","title":{"rendered":"Notre objectif"},"content":{"rendered":"<p>Apporter \u00e0 nos clients une solution adapt\u00e9e \u00e0 leurs besoins.<\/p>\n<h3>Optimisation logistique:<\/h3>\n<p>Pouvoir introduire le plus grand nombre de pi\u00e8ces dans chaque plateau et le plus grand nombre de plateaux par conteneur. Nous sommes sp\u00e9cialis\u00e9s dans la recherche de l\u2019efficacit\u00e9 de l\u2019espace disponible.<\/p>\n<p><img loading=\"lazy\" decoding=\"async\" class=\"alignnone wp-image-15638 size-full\" src=\"https:\/\/www.plasnor.com\/wp-content\/uploads\/2023\/04\/plasnor-automotivepackaging-72-01.jpg\" alt=\"Optimizaci\u00f3n log\u00edstica\" width=\"500\" height=\"281\" title=\"\" srcset=\"https:\/\/www.plasnor.com\/wp-content\/uploads\/2023\/04\/plasnor-automotivepackaging-72-01.jpg 500w, https:\/\/www.plasnor.com\/wp-content\/uploads\/2023\/04\/plasnor-automotivepackaging-72-01-300x169.jpg 300w\" sizes=\"auto, (max-width: 500px) 100vw, 500px\" \/><\/p>\n<h3>Compatibilit\u00e9 avec diff\u00e9rents mod\u00e8les de pi\u00e8ces:<\/h3>\n<p>Nos plateaux sont con\u00e7us pour que, dans la mesure du possible, un m\u00eame mod\u00e8le puisse contenir diff\u00e9rents types de pi\u00e8ces.<\/p>\n<h3>Compatibilit\u00e9 avec des automatismes:<\/h3>\n<p>Nos plateaux permettent la manipulation des pi\u00e8ces par des automates.<\/p>\n<h3>Ergonomie:<\/h3>\n<p>Nous concevons nos plateaux de mani\u00e8re \u00e0 permettre une manipulation manuelle plus efficace et plus s\u00fbre par les op\u00e9rateurs, encore facilit\u00e9e par des anses et des syst\u00e8mes anti-encastrement.<\/p>\n<h3>Protection:<\/h3>\n<p>Les plateaux \u00e9vitent que la pi\u00e8ce ne soit endommag\u00e9e durant le transport.<\/p>\n<p><img loading=\"lazy\" decoding=\"async\" class=\"alignnone wp-image-15642 size-full\" src=\"https:\/\/www.plasnor.com\/wp-content\/uploads\/2023\/04\/plasnor-automotivepackaging-identification-72.jpg\" alt=\"Protecci\u00f3n\" width=\"700\" height=\"536\" title=\"\" srcset=\"https:\/\/www.plasnor.com\/wp-content\/uploads\/2023\/04\/plasnor-automotivepackaging-identification-72.jpg 700w, https:\/\/www.plasnor.com\/wp-content\/uploads\/2023\/04\/plasnor-automotivepackaging-identification-72-300x230.jpg 300w\" sizes=\"auto, (max-width: 700px) 100vw, 700px\" \/><\/p>\n<h3>Diff\u00e9renciation:<\/h3>\n<p>Nous offrons la possibilit\u00e9 d\u2019identifier les plateaux \u00e0 l\u2019aide de diff\u00e9rents crit\u00e8res\u00a0: couleur, code ou r\u00e9f\u00e9rence de plateau, logo ou nom du propri\u00e9taire, etc.<\/p>\n<p>Les plateaux peuvent \u00eatre marqu\u00e9s avec des bandes de couleur indiquant le sens de rangement correct des plateaux ou des pi\u00e8ces.<\/p>\n","protected":false},"excerpt":{"rendered":"<p>Apporter \u00e0 nos clients une solution adapt\u00e9e \u00e0 leurs besoins. Optimisation logistique: Pouvoir introduire le plus grand nombre &#8230; <a title=\"Notre objectif\" class=\"read-more\" href=\"https:\/\/www.plasnor.com\/fr\/plateaux-de-transport\/objectif\/\" aria-label=\"En savoir plus sur Notre objectif\">[ + info ]<\/a><\/p>\n","protected":false},"author":1,"featured_media":0,"parent":17098,"menu_order":0,"comment_status":"closed","ping_status":"closed","template":"","meta":{"footnotes":""},"categories":[466],"tags":[],"class_list":{"0":"post-17012","1":"page","2":"type-page","3":"status-publish","5":"category-page-bandeja-transporte-fr"},"_links":{"self":[{"href":"https:\/\/www.plasnor.com\/fr\/wp-json\/wp\/v2\/pages\/17012","targetHints":{"allow":["GET"]}}],"collection":[{"href":"https:\/\/www.plasnor.com\/fr\/wp-json\/wp\/v2\/pages"}],"about":[{"href":"https:\/\/www.plasnor.com\/fr\/wp-json\/wp\/v2\/types\/page"}],"author":[{"embeddable":true,"href":"https:\/\/www.plasnor.com\/fr\/wp-json\/wp\/v2\/users\/1"}],"replies":[{"embeddable":true,"href":"https:\/\/www.plasnor.com\/fr\/wp-json\/wp\/v2\/comments?post=17012"}],"version-history":[{"count":0,"href":"https:\/\/www.plasnor.com\/fr\/wp-json\/wp\/v2\/pages\/17012\/revisions"}],"up":[{"embeddable":true,"href":"https:\/\/www.plasnor.com\/fr\/wp-json\/wp\/v2\/pages\/17098"}],"wp:attachment":[{"href":"https:\/\/www.plasnor.com\/fr\/wp-json\/wp\/v2\/media?parent=17012"}],"wp:term":[{"taxonomy":"category","embeddable":true,"href":"https:\/\/www.plasnor.com\/fr\/wp-json\/wp\/v2\/categories?post=17012"},{"taxonomy":"post_tag","embeddable":true,"href":"https:\/\/www.plasnor.com\/fr\/wp-json\/wp\/v2\/tags?post=17012"}],"curies":[{"name":"wp","href":"https:\/\/api.w.org\/{rel}","templated":true}]}}