{"id":17016,"date":"2023-04-25T12:16:42","date_gmt":"2023-04-25T10:16:42","guid":{"rendered":"https:\/\/www.plasnor.com\/key-points\/"},"modified":"2024-02-05T15:53:57","modified_gmt":"2024-02-05T14:53:57","slug":"points-cles","status":"publish","type":"page","link":"https:\/\/www.plasnor.com\/fr\/plateaux-de-transport\/points-cles\/","title":{"rendered":"Points cl\u00e9s"},"content":{"rendered":"<div id=\"pl-17016\"  class=\"panel-layout\" ><div id=\"pg-17016-0\"  class=\"panel-grid panel-no-style\" ><div id=\"pgc-17016-0-0\"  class=\"panel-grid-cell\" ><div id=\"panel-17016-0-0-0\" class=\"so-panel widget widget_sow-editor panel-first-child panel-last-child\" data-index=\"0\" ><div\n\t\t\t\n\t\t\tclass=\"so-widget-sow-editor so-widget-sow-editor-base\"\n\t\t\t\n\t\t>\n<div class=\"siteorigin-widget-tinymce textwidget\">\n\t<p>\u00c0 partir des besoins du client, nous lui fournissons la solution la plus efficace en termes de flux logistique, d\u2019ergonomie et de compatibilit\u00e9 avec les automatismes. La disposition de nos propres \u00e9quipements pour d\u00e9velopper l\u2019ensemble du processus est un atout qui contribue \u00e0 am\u00e9liorer le service et le contr\u00f4le des r\u00e9sultats.<\/p>\n<\/div>\n<\/div><\/div><\/div><\/div><div id=\"pg-17016-1\"  class=\"panel-grid panel-no-style\" ><div id=\"pgc-17016-1-0\"  class=\"panel-grid-cell\" ><div id=\"panel-17016-1-0-0\" class=\"so-panel widget widget_sow-image panel-first-child panel-last-child\" data-index=\"1\" ><div\n\t\t\t\n\t\t\tclass=\"so-widget-sow-image so-widget-sow-image-default-8b5b6f678277-17016\"\n\t\t\t\n\t\t>\n<div class=\"sow-image-container\">\n\t\t<img \n\tsrc=\"https:\/\/www.plasnor.com\/wp-content\/uploads\/2023\/04\/diseno-propio-de-bandeja-plasnor.jpg\" width=\"1000\" height=\"563\" srcset=\"https:\/\/www.plasnor.com\/wp-content\/uploads\/2023\/04\/diseno-propio-de-bandeja-plasnor.jpg 1000w, https:\/\/www.plasnor.com\/wp-content\/uploads\/2023\/04\/diseno-propio-de-bandeja-plasnor-300x169.jpg 300w, https:\/\/www.plasnor.com\/wp-content\/uploads\/2023\/04\/diseno-propio-de-bandeja-plasnor-768x432.jpg 768w\" sizes=\"(max-width: 1000px) 100vw, 1000px\" title=\"Design propre de plateaux\" alt=\"Design propre de plateaux\" \t\tclass=\"so-widget-image\"\/>\n\t<\/div>\n\n<\/div><\/div><\/div><div id=\"pgc-17016-1-1\"  class=\"panel-grid-cell\" ><div id=\"panel-17016-1-1-0\" class=\"so-panel widget widget_sow-editor panel-first-child panel-last-child\" data-index=\"2\" ><div\n\t\t\t\n\t\t\tclass=\"so-widget-sow-editor so-widget-sow-editor-base\"\n\t\t\t\n\t\t><h3 class=\"widget-title\">Design propre de plateaux<\/h3>\n<div class=\"siteorigin-widget-tinymce textwidget\">\n\t<p>Plans 3D\u00a0: nous avons notre propre design sp\u00e9cialis\u00e9 dans ce type d\u2019applications D\u00e9finition mat\u00e9riau \u2013 Laboratoire propre\u00a0: nous cherchons le mat\u00e9riau le plus ad\u00e9quat en termes de fonctionnalit\u00e9 et de co\u00fbt, en veillant toujours \u00e0 ne pas compromettre la qualit\u00e9 de la pi\u00e8ce.<\/p>\n<\/div>\n<\/div><\/div><\/div><\/div><div id=\"pg-17016-2\"  class=\"panel-grid panel-no-style\" ><div id=\"pgc-17016-2-0\"  class=\"panel-grid-cell\" ><div id=\"panel-17016-2-0-0\" class=\"so-panel widget widget_sow-image panel-first-child panel-last-child\" data-index=\"3\" ><div\n\t\t\t\n\t\t\tclass=\"so-widget-sow-image so-widget-sow-image-default-8b5b6f678277-17016\"\n\t\t\t\n\t\t>\n<div class=\"sow-image-container\">\n\t\t<img \n\tsrc=\"https:\/\/www.plasnor.com\/wp-content\/uploads\/2023\/04\/termoconformado-molde.jpg\" width=\"1000\" height=\"667\" srcset=\"https:\/\/www.plasnor.com\/wp-content\/uploads\/2023\/04\/termoconformado-molde.jpg 1000w, https:\/\/www.plasnor.com\/wp-content\/uploads\/2023\/04\/termoconformado-molde-300x200.jpg 300w, https:\/\/www.plasnor.com\/wp-content\/uploads\/2023\/04\/termoconformado-molde-768x512.jpg 768w, https:\/\/www.plasnor.com\/wp-content\/uploads\/2023\/04\/termoconformado-molde-720x480.jpg 720w\" sizes=\"(max-width: 1000px) 100vw, 1000px\" title=\"Fabrication propre de moules\" alt=\"Fabrication propre de moules\" \t\tclass=\"so-widget-image\"\/>\n\t<\/div>\n\n<\/div><\/div><\/div><div id=\"pgc-17016-2-1\"  class=\"panel-grid-cell\" ><div id=\"panel-17016-2-1-0\" class=\"so-panel widget widget_sow-editor panel-first-child panel-last-child\" data-index=\"4\" ><div\n\t\t\t\n\t\t\tclass=\"so-widget-sow-editor so-widget-sow-editor-base\"\n\t\t\t\n\t\t><h3 class=\"widget-title\">Fabrication propre de moules<\/h3>\n<div class=\"siteorigin-widget-tinymce textwidget\">\n\t<p>Nous fabriquons dans nos installations les moules pour les prototypes comme pour les s\u00e9ries.<\/p>\n<p>Suivant la quantit\u00e9 de pi\u00e8ces \u00e0 thermoformer, nous construisons des moules en bois (prototypes), en r\u00e9sine (prototypes + pr\u00e9s\u00e9ries) ou en aluminium (s\u00e9ries).<\/p>\n<p>Dans certains cas, il peut \u00eatre n\u00e9cessaire d\u2019utiliser des moules n\u00e9gatifs pour la finition correcte des pi\u00e8ces.<\/p>\n<\/div>\n<\/div><\/div><\/div><\/div><div id=\"pg-17016-3\"  class=\"panel-grid panel-no-style\" ><div id=\"pgc-17016-3-0\"  class=\"panel-grid-cell\" ><div id=\"panel-17016-3-0-0\" class=\"so-panel widget widget_sow-image panel-first-child panel-last-child\" data-index=\"5\" ><div\n\t\t\t\n\t\t\tclass=\"so-widget-sow-image so-widget-sow-image-default-8b5b6f678277-17016\"\n\t\t\t\n\t\t>\n<div class=\"sow-image-container\">\n\t\t<img \n\tsrc=\"https:\/\/www.plasnor.com\/wp-content\/uploads\/2023\/04\/plasnor-extrusion-042.jpg\" width=\"1000\" height=\"654\" srcset=\"https:\/\/www.plasnor.com\/wp-content\/uploads\/2023\/04\/plasnor-extrusion-042.jpg 1000w, https:\/\/www.plasnor.com\/wp-content\/uploads\/2023\/04\/plasnor-extrusion-042-300x196.jpg 300w, https:\/\/www.plasnor.com\/wp-content\/uploads\/2023\/04\/plasnor-extrusion-042-768x502.jpg 768w\" sizes=\"(max-width: 1000px) 100vw, 1000px\" title=\"Processus d\u2019extrusion : nous sommes fabricants de plaques et de bobines\" alt=\"Processus d\u2019extrusion : nous sommes fabricants de plaques et de bobines\" \t\tclass=\"so-widget-image\"\/>\n\t<\/div>\n\n<\/div><\/div><\/div><div id=\"pgc-17016-3-1\"  class=\"panel-grid-cell\" ><div id=\"panel-17016-3-1-0\" class=\"so-panel widget widget_sow-editor panel-first-child panel-last-child\" data-index=\"6\" ><div\n\t\t\t\n\t\t\tclass=\"so-widget-sow-editor so-widget-sow-editor-base\"\n\t\t\t\n\t\t><h3 class=\"widget-title\">Processus d\u2019extrusion : nous sommes fabricants de plaques et de bobines<\/h3>\n<div class=\"siteorigin-widget-tinymce textwidget\">\n\t<\/div>\n<\/div><\/div><\/div><\/div><div id=\"pg-17016-4\"  class=\"panel-grid panel-no-style\" ><div id=\"pgc-17016-4-0\"  class=\"panel-grid-cell\" ><div id=\"panel-17016-4-0-0\" class=\"so-panel widget widget_sow-image panel-first-child panel-last-child\" data-index=\"7\" ><div\n\t\t\t\n\t\t\tclass=\"so-widget-sow-image so-widget-sow-image-default-8b5b6f678277-17016\"\n\t\t\t\n\t\t>\n<div class=\"sow-image-container\">\n\t\t<img \n\tsrc=\"https:\/\/www.plasnor.com\/wp-content\/uploads\/2023\/04\/termoconformado-maquina1.jpg\" width=\"1000\" height=\"667\" srcset=\"https:\/\/www.plasnor.com\/wp-content\/uploads\/2023\/04\/termoconformado-maquina1.jpg 1000w, https:\/\/www.plasnor.com\/wp-content\/uploads\/2023\/04\/termoconformado-maquina1-300x200.jpg 300w, https:\/\/www.plasnor.com\/wp-content\/uploads\/2023\/04\/termoconformado-maquina1-768x512.jpg 768w, https:\/\/www.plasnor.com\/wp-content\/uploads\/2023\/04\/termoconformado-maquina1-720x480.jpg 720w\" sizes=\"(max-width: 1000px) 100vw, 1000px\" title=\"Processus de thermoformage\" alt=\"Processus de thermoformage\" \t\tclass=\"so-widget-image\"\/>\n\t<\/div>\n\n<\/div><\/div><\/div><div id=\"pgc-17016-4-1\"  class=\"panel-grid-cell\" ><div id=\"panel-17016-4-1-0\" class=\"so-panel widget widget_sow-editor panel-first-child panel-last-child\" data-index=\"8\" ><div\n\t\t\t\n\t\t\tclass=\"so-widget-sow-editor so-widget-sow-editor-base\"\n\t\t\t\n\t\t><h3 class=\"widget-title\">Processus de thermoformage<\/h3>\n<div class=\"siteorigin-widget-tinymce textwidget\">\n\t<p>Nous poss\u00e9dons diff\u00e9rentes thermoformeuses qui nous permettent d\u2019adapter nos productions aux pi\u00e8ces de nos clients. Nous offrons \u00e0 notre client la solution d\u2019emballage la plus rentable et la plus efficace, du point de vue des dimensions comme des mati\u00e8res plastiques utilis\u00e9es, avec une capacit\u00e9 de thermoformage pouvant atteindre des dimensions de 3.000 \u00d7 2.000 \u00d7 900 mm.<\/p>\n<\/div>\n<\/div><\/div><\/div><\/div><div id=\"pg-17016-5\"  class=\"panel-grid panel-no-style\" ><div id=\"pgc-17016-5-0\"  class=\"panel-grid-cell\" ><div id=\"panel-17016-5-0-0\" class=\"so-panel widget widget_sow-image panel-first-child panel-last-child\" data-index=\"9\" ><div\n\t\t\t\n\t\t\tclass=\"so-widget-sow-image so-widget-sow-image-default-8b5b6f678277-17016\"\n\t\t\t\n\t\t>\n<div class=\"sow-image-container\">\n\t\t<img \n\tsrc=\"https:\/\/www.plasnor.com\/wp-content\/uploads\/2023\/04\/bandeja-de-transporte-llena.jpg\" width=\"1000\" height=\"667\" srcset=\"https:\/\/www.plasnor.com\/wp-content\/uploads\/2023\/04\/bandeja-de-transporte-llena.jpg 1000w, https:\/\/www.plasnor.com\/wp-content\/uploads\/2023\/04\/bandeja-de-transporte-llena-300x200.jpg 300w, https:\/\/www.plasnor.com\/wp-content\/uploads\/2023\/04\/bandeja-de-transporte-llena-768x512.jpg 768w, https:\/\/www.plasnor.com\/wp-content\/uploads\/2023\/04\/bandeja-de-transporte-llena-720x480.jpg 720w\" sizes=\"(max-width: 1000px) 100vw, 1000px\" title=\"Processus d\u2019usinage\" alt=\"Processus d\u2019usinage\" \t\tclass=\"so-widget-image\"\/>\n\t<\/div>\n\n<\/div><\/div><\/div><div id=\"pgc-17016-5-1\"  class=\"panel-grid-cell\" ><div id=\"panel-17016-5-1-0\" class=\"so-panel widget widget_sow-editor panel-first-child panel-last-child\" data-index=\"10\" ><div\n\t\t\t\n\t\t\tclass=\"so-widget-sow-editor so-widget-sow-editor-base\"\n\t\t\t\n\t\t><h3 class=\"widget-title\">Processus d\u2019usinage<\/h3>\n<div class=\"siteorigin-widget-tinymce textwidget\">\n\t<p>Nous disposons de plusieurs centres d\u2019usinage CNC pour la finition parfaite des plateaux. D\u00e9coupe du pourtour, trous d\u2019\u00e9coulement, ouvertures pour la pr\u00e9hension, etc\u2026<\/p>\n<\/div>\n<\/div><\/div><\/div><\/div><\/div>","protected":false},"excerpt":{"rendered":"<p>\u00c0 partir des besoins du client, nous lui fournissons la solution la plus efficace en termes de flux &#8230; <a title=\"Points cl\u00e9s\" class=\"read-more\" href=\"https:\/\/www.plasnor.com\/fr\/plateaux-de-transport\/points-cles\/\" aria-label=\"En savoir plus sur Points cl\u00e9s\">[ + info ]<\/a><\/p>\n","protected":false},"author":1,"featured_media":0,"parent":17098,"menu_order":0,"comment_status":"closed","ping_status":"closed","template":"","meta":{"footnotes":""},"categories":[466],"tags":[],"class_list":{"0":"post-17016","1":"page","2":"type-page","3":"status-publish","5":"category-page-bandeja-transporte-fr"},"_links":{"self":[{"href":"https:\/\/www.plasnor.com\/fr\/wp-json\/wp\/v2\/pages\/17016","targetHints":{"allow":["GET"]}}],"collection":[{"href":"https:\/\/www.plasnor.com\/fr\/wp-json\/wp\/v2\/pages"}],"about":[{"href":"https:\/\/www.plasnor.com\/fr\/wp-json\/wp\/v2\/types\/page"}],"author":[{"embeddable":true,"href":"https:\/\/www.plasnor.com\/fr\/wp-json\/wp\/v2\/users\/1"}],"replies":[{"embeddable":true,"href":"https:\/\/www.plasnor.com\/fr\/wp-json\/wp\/v2\/comments?post=17016"}],"version-history":[{"count":0,"href":"https:\/\/www.plasnor.com\/fr\/wp-json\/wp\/v2\/pages\/17016\/revisions"}],"up":[{"embeddable":true,"href":"https:\/\/www.plasnor.com\/fr\/wp-json\/wp\/v2\/pages\/17098"}],"wp:attachment":[{"href":"https:\/\/www.plasnor.com\/fr\/wp-json\/wp\/v2\/media?parent=17016"}],"wp:term":[{"taxonomy":"category","embeddable":true,"href":"https:\/\/www.plasnor.com\/fr\/wp-json\/wp\/v2\/categories?post=17016"},{"taxonomy":"post_tag","embeddable":true,"href":"https:\/\/www.plasnor.com\/fr\/wp-json\/wp\/v2\/tags?post=17016"}],"curies":[{"name":"wp","href":"https:\/\/api.w.org\/{rel}","templated":true}]}}