{"id":17026,"date":"2023-04-24T11:33:06","date_gmt":"2023-04-24T09:33:06","guid":{"rendered":"https:\/\/www.plasnor.com\/thermoforming-opposed-to-other-technologies\/"},"modified":"2024-02-05T17:38:23","modified_gmt":"2024-02-05T16:38:23","slug":"le-thermoformage-compare-a-dautres-technologies","status":"publish","type":"page","link":"https:\/\/www.plasnor.com\/fr\/thermoformage\/le-thermoformage-compare-a-dautres-technologies\/","title":{"rendered":"Le thermoformage compar\u00e9 \u00e0 d\u2019autres technologies"},"content":{"rendered":"<ul>\n<li>Grandes possibilit\u00e9s d\u2019adaptation aux besoins.<\/li>\n<li>D\u00e9veloppement rapide de prototypes.<\/li>\n<li>Optimisation du processus et des mat\u00e9riaux.<\/li>\n<li>Rapidit\u00e9 de production.<\/li>\n<li>Moules relativement faciles \u00e0 modifier.<\/li>\n<li>Bel aspect esth\u00e9tique de la pi\u00e8ce finie.<\/li>\n<li>Co\u00fbts d\u2019outillage r\u00e9duits.<\/li>\n<li>Plastiques color\u00e9s et possibilit\u00e9 de peinture post\u00e9rieure.<\/li>\n<li>Processus de production int\u00e9gr\u00e9 et souplesse de lots.<\/li>\n<\/ul>\n<table>\n<tbody>\n<tr>\n<th>Technologie<\/th>\n<th>Polyester<\/th>\n<th>Thermoformage<\/th>\n<th>Injection<\/th>\n<\/tr>\n<tr>\n<td>Co\u00fbt moule<\/td>\n<td>Bas<\/td>\n<td>Moyen<\/td>\n<td>\u00c9lev\u00e9<\/td>\n<\/tr>\n<tr>\n<td>Co\u00fbt pi\u00e8ce<\/td>\n<td>\u00c9lev\u00e9<\/td>\n<td>Moyen<\/td>\n<td>Bas<\/td>\n<\/tr>\n<tr>\n<td>S\u00e9rie<\/td>\n<td>Petite<\/td>\n<td>Moyenne \u00e0 grande<\/td>\n<td>Tr\u00e8s grande<\/td>\n<\/tr>\n<tr>\n<td>Finition<\/td>\n<td>N\u00e9cessit\u00e9 de peinture<\/td>\n<td>Excellente finition esth\u00e9tique<\/td>\n<td>Bonne finition esth\u00e9tique. Parfois n\u00e9cessit\u00e9 de peinture<\/td>\n<\/tr>\n<\/tbody>\n<\/table>\n","protected":false},"excerpt":{"rendered":"<p>Grandes possibilit\u00e9s d\u2019adaptation aux besoins. D\u00e9veloppement rapide de prototypes. Optimisation du processus et des mat\u00e9riaux. Rapidit\u00e9 de production. &#8230; <a title=\"Le thermoformage compar\u00e9 \u00e0 d\u2019autres technologies\" class=\"read-more\" href=\"https:\/\/www.plasnor.com\/fr\/thermoformage\/le-thermoformage-compare-a-dautres-technologies\/\" aria-label=\"En savoir plus sur Le thermoformage compar\u00e9 \u00e0 d\u2019autres technologies\">[ + info ]<\/a><\/p>\n","protected":false},"author":1,"featured_media":0,"parent":17100,"menu_order":0,"comment_status":"closed","ping_status":"closed","template":"","meta":{"footnotes":""},"categories":[468],"tags":[],"class_list":{"0":"post-17026","1":"page","2":"type-page","3":"status-publish","5":"category-page-termonconformado-fr"},"_links":{"self":[{"href":"https:\/\/www.plasnor.com\/fr\/wp-json\/wp\/v2\/pages\/17026","targetHints":{"allow":["GET"]}}],"collection":[{"href":"https:\/\/www.plasnor.com\/fr\/wp-json\/wp\/v2\/pages"}],"about":[{"href":"https:\/\/www.plasnor.com\/fr\/wp-json\/wp\/v2\/types\/page"}],"author":[{"embeddable":true,"href":"https:\/\/www.plasnor.com\/fr\/wp-json\/wp\/v2\/users\/1"}],"replies":[{"embeddable":true,"href":"https:\/\/www.plasnor.com\/fr\/wp-json\/wp\/v2\/comments?post=17026"}],"version-history":[{"count":0,"href":"https:\/\/www.plasnor.com\/fr\/wp-json\/wp\/v2\/pages\/17026\/revisions"}],"up":[{"embeddable":true,"href":"https:\/\/www.plasnor.com\/fr\/wp-json\/wp\/v2\/pages\/17100"}],"wp:attachment":[{"href":"https:\/\/www.plasnor.com\/fr\/wp-json\/wp\/v2\/media?parent=17026"}],"wp:term":[{"taxonomy":"category","embeddable":true,"href":"https:\/\/www.plasnor.com\/fr\/wp-json\/wp\/v2\/categories?post=17026"},{"taxonomy":"post_tag","embeddable":true,"href":"https:\/\/www.plasnor.com\/fr\/wp-json\/wp\/v2\/tags?post=17026"}],"curies":[{"name":"wp","href":"https:\/\/api.w.org\/{rel}","templated":true}]}}