{"id":17028,"date":"2023-04-24T11:31:25","date_gmt":"2023-04-24T09:31:25","guid":{"rendered":"https:\/\/www.plasnor.com\/materials\/"},"modified":"2024-02-05T17:00:07","modified_gmt":"2024-02-05T16:00:07","slug":"materiaux","status":"publish","type":"page","link":"https:\/\/www.plasnor.com\/fr\/thermoformage\/materiaux\/","title":{"rendered":"Mat\u00e9riaux \u2013 Thermoformage"},"content":{"rendered":"<p>\u00c0 chaque application correspond un mat\u00e9riau sp\u00e9cifique. Nous conseillons le client sur le choix du mat\u00e9riau le plus ad\u00e9quat \u00e0 ses n\u00e9cessit\u00e9s.<\/p>\n<p>Pour certaines applications sp\u00e9ciales, ext\u00e9rieures, antistatiques, anti-vandalisme, etc. nous utilisons aussi des mat\u00e9riaux AUTOEXTINGUIBLES ou IGNIFUGES , R\u00c9SISTANTS AUX UV\u2026<\/p>\n<div class=\"row\">Les mat\u00e9riaux que nous utilisons sont, entre autres\u00a0: HIPS, ABS, ABS\/PMMA, PC, HDPE, BLEND ABS\/PC, PP, ABS\/TPU, ABS\/TPE, PE SOFT, BLEND PS-PE, etc. Nous r\u00e9pondons \u00e0 vos besoins. Mat\u00e9riaux certifi\u00e9s.<\/div>\n<p><img loading=\"lazy\" decoding=\"async\" class=\"alignnone wp-image-15006\" src=\"https:\/\/www.plasnor.com\/wp-content\/uploads\/2023\/04\/plasnor-masterbach1.jpg\" alt=\"\" width=\"600\" height=\"397\" title=\"\" srcset=\"https:\/\/www.plasnor.com\/wp-content\/uploads\/2023\/04\/plasnor-masterbach1.jpg 1000w, https:\/\/www.plasnor.com\/wp-content\/uploads\/2023\/04\/plasnor-masterbach1-300x199.jpg 300w, https:\/\/www.plasnor.com\/wp-content\/uploads\/2023\/04\/plasnor-masterbach1-768x508.jpg 768w, https:\/\/www.plasnor.com\/wp-content\/uploads\/2023\/04\/plasnor-masterbach1-950x630.jpg 950w\" sizes=\"auto, (max-width: 600px) 100vw, 600px\" \/><\/p>\n","protected":false},"excerpt":{"rendered":"<p>\u00c0 chaque application correspond un mat\u00e9riau sp\u00e9cifique. Nous conseillons le client sur le choix du mat\u00e9riau le plus &#8230; <a title=\"Mat\u00e9riaux \u2013 Thermoformage\" class=\"read-more\" href=\"https:\/\/www.plasnor.com\/fr\/thermoformage\/materiaux\/\" aria-label=\"En savoir plus sur Mat\u00e9riaux \u2013 Thermoformage\">[ + info ]<\/a><\/p>\n","protected":false},"author":1,"featured_media":0,"parent":17100,"menu_order":0,"comment_status":"closed","ping_status":"closed","template":"","meta":{"footnotes":""},"categories":[468],"tags":[],"class_list":{"0":"post-17028","1":"page","2":"type-page","3":"status-publish","5":"category-page-termonconformado-fr"},"_links":{"self":[{"href":"https:\/\/www.plasnor.com\/fr\/wp-json\/wp\/v2\/pages\/17028","targetHints":{"allow":["GET"]}}],"collection":[{"href":"https:\/\/www.plasnor.com\/fr\/wp-json\/wp\/v2\/pages"}],"about":[{"href":"https:\/\/www.plasnor.com\/fr\/wp-json\/wp\/v2\/types\/page"}],"author":[{"embeddable":true,"href":"https:\/\/www.plasnor.com\/fr\/wp-json\/wp\/v2\/users\/1"}],"replies":[{"embeddable":true,"href":"https:\/\/www.plasnor.com\/fr\/wp-json\/wp\/v2\/comments?post=17028"}],"version-history":[{"count":0,"href":"https:\/\/www.plasnor.com\/fr\/wp-json\/wp\/v2\/pages\/17028\/revisions"}],"up":[{"embeddable":true,"href":"https:\/\/www.plasnor.com\/fr\/wp-json\/wp\/v2\/pages\/17100"}],"wp:attachment":[{"href":"https:\/\/www.plasnor.com\/fr\/wp-json\/wp\/v2\/media?parent=17028"}],"wp:term":[{"taxonomy":"category","embeddable":true,"href":"https:\/\/www.plasnor.com\/fr\/wp-json\/wp\/v2\/categories?post=17028"},{"taxonomy":"post_tag","embeddable":true,"href":"https:\/\/www.plasnor.com\/fr\/wp-json\/wp\/v2\/tags?post=17028"}],"curies":[{"name":"wp","href":"https:\/\/api.w.org\/{rel}","templated":true}]}}