{"id":17030,"date":"2023-04-24T11:29:43","date_gmt":"2023-04-24T09:29:43","guid":{"rendered":"https:\/\/www.plasnor.com\/other\/"},"modified":"2024-02-05T17:13:08","modified_gmt":"2024-02-05T16:13:08","slug":"autres","status":"publish","type":"page","link":"https:\/\/www.plasnor.com\/fr\/thermoformage\/processus-productifs-et-services-complementaires\/autres\/","title":{"rendered":"Autres, processus productifs et services"},"content":{"rendered":"<h3 class=\"red\">Montage<\/h3>\n<ul>\n<li>Soudage par ultrason<\/li>\n<li>Montages de diff\u00e9rentes pi\u00e8ces\u00a0: fabrication d\u2019ensembles et de sous-ensembles.<\/li>\n<li>Pose de tout type d\u2019inserts (m\u00e9talliques, plastiques, etc.)<\/li>\n<li>Pi\u00e8ce fournie pr\u00eate \u00e0 monter \/ assembler.<\/li>\n<\/ul>\n<p>Nous apportons de la valeur ajout\u00e9e \u00e0 votre produit, en r\u00e9alisant tout type d\u2019assemblages et de soudures et vous livrons la pi\u00e8ce pr\u00eate \u00e0 \u00eatre mont\u00e9e.<\/p>\n<h3 class=\"red\">Injection PU<\/h3>\n<p>Nous compl\u00e9tons les pi\u00e8ces thermoform\u00e9es avec des processus de montage et d\u2019injection de polyur\u00e9thane (isolant, compact, expansif, etc.)<\/p>\n<h3 class=\"red\">Projets cl\u00e9-en-main<\/h3>\n<p>Nous proposons \u00e0 nos clients de nous occuper de tous leurs mat\u00e9riaux propres et de tiers, depuis la r\u00e9ception et le montage jusqu\u2019\u00e0 la livraison au client final\u00a0:<\/p>\n<ul>\n<li>Nous assurons la r\u00e9ception et le contr\u00f4le de qualit\u00e9 des composants m\u00e9caniques et \u00e9lectroniques appartenant \u00e0 nos clients.<\/li>\n<li>Nous fabriquons les pi\u00e8ces en plastique et r\u00e9alisons le montage post\u00e9rieur des composants.<\/li>\n<li>Nous nous occupons du contr\u00f4le de qualit\u00e9 du produit fini et l\u2019exp\u00e9dions directement au client final.<\/li>\n<\/ul>\n<p><img loading=\"lazy\" decoding=\"async\" class=\"alignnone wp-image-14999\" src=\"https:\/\/www.plasnor.com\/wp-content\/uploads\/2023\/04\/plasnor-montaje.jpg\" alt=\"\" width=\"600\" height=\"400\" title=\"\" srcset=\"https:\/\/www.plasnor.com\/wp-content\/uploads\/2023\/04\/plasnor-montaje.jpg 1000w, https:\/\/www.plasnor.com\/wp-content\/uploads\/2023\/04\/plasnor-montaje-300x200.jpg 300w, https:\/\/www.plasnor.com\/wp-content\/uploads\/2023\/04\/plasnor-montaje-768x512.jpg 768w, https:\/\/www.plasnor.com\/wp-content\/uploads\/2023\/04\/plasnor-montaje-720x480.jpg 720w\" sizes=\"auto, (max-width: 600px) 100vw, 600px\" \/><\/p>\n","protected":false},"excerpt":{"rendered":"<p>Montage Soudage par ultrason Montages de diff\u00e9rentes pi\u00e8ces\u00a0: fabrication d\u2019ensembles et de sous-ensembles. Pose de tout type d\u2019inserts &#8230; <a title=\"Autres, processus productifs et services\" class=\"read-more\" href=\"https:\/\/www.plasnor.com\/fr\/thermoformage\/processus-productifs-et-services-complementaires\/autres\/\" aria-label=\"En savoir plus sur Autres, processus productifs et services\">[ + info ]<\/a><\/p>\n","protected":false},"author":1,"featured_media":0,"parent":17042,"menu_order":0,"comment_status":"closed","ping_status":"closed","template":"","meta":{"footnotes":""},"categories":[468],"tags":[],"class_list":{"0":"post-17030","1":"page","2":"type-page","3":"status-publish","5":"category-page-termonconformado-fr"},"_links":{"self":[{"href":"https:\/\/www.plasnor.com\/fr\/wp-json\/wp\/v2\/pages\/17030","targetHints":{"allow":["GET"]}}],"collection":[{"href":"https:\/\/www.plasnor.com\/fr\/wp-json\/wp\/v2\/pages"}],"about":[{"href":"https:\/\/www.plasnor.com\/fr\/wp-json\/wp\/v2\/types\/page"}],"author":[{"embeddable":true,"href":"https:\/\/www.plasnor.com\/fr\/wp-json\/wp\/v2\/users\/1"}],"replies":[{"embeddable":true,"href":"https:\/\/www.plasnor.com\/fr\/wp-json\/wp\/v2\/comments?post=17030"}],"version-history":[{"count":0,"href":"https:\/\/www.plasnor.com\/fr\/wp-json\/wp\/v2\/pages\/17030\/revisions"}],"up":[{"embeddable":true,"href":"https:\/\/www.plasnor.com\/fr\/wp-json\/wp\/v2\/pages\/17042"}],"wp:attachment":[{"href":"https:\/\/www.plasnor.com\/fr\/wp-json\/wp\/v2\/media?parent=17030"}],"wp:term":[{"taxonomy":"category","embeddable":true,"href":"https:\/\/www.plasnor.com\/fr\/wp-json\/wp\/v2\/categories?post=17030"},{"taxonomy":"post_tag","embeddable":true,"href":"https:\/\/www.plasnor.com\/fr\/wp-json\/wp\/v2\/tags?post=17030"}],"curies":[{"name":"wp","href":"https:\/\/api.w.org\/{rel}","templated":true}]}}