{"id":17036,"date":"2023-04-24T10:52:35","date_gmt":"2023-04-24T08:52:35","guid":{"rendered":"https:\/\/www.plasnor.com\/extrusion\/"},"modified":"2024-02-05T17:06:28","modified_gmt":"2024-02-05T16:06:28","slug":"extrusion","status":"publish","type":"page","link":"https:\/\/www.plasnor.com\/fr\/thermoformage\/processus-productifs-et-services-complementaires\/extrusion\/","title":{"rendered":"Extrusion"},"content":{"rendered":"<h3>Sp\u00e9cialistes en plaques et bobines<\/h3>\n<p>Nous disposons des machines les plus modernes pour la coextrusion multicouche. Nos lignes d\u2019extrusion nous permettent de transformer toute une s\u00e9rie de mati\u00e8res thermoplastiques en diff\u00e9rents types de plaques et de bobines. Dans ce but, nos op\u00e9rateurs sont parfaitement qualifi\u00e9s et exp\u00e9riment\u00e9s dans le m\u00e9tier de l\u2019extrusion.<\/p>\n<p><img loading=\"lazy\" decoding=\"async\" class=\"alignnone wp-image-14937\" src=\"https:\/\/www.plasnor.com\/wp-content\/uploads\/2023\/04\/plasnor-extrusion-044-1.jpg\" alt=\"\" width=\"600\" height=\"392\" title=\"\" srcset=\"https:\/\/www.plasnor.com\/wp-content\/uploads\/2023\/04\/plasnor-extrusion-044-1.jpg 1000w, https:\/\/www.plasnor.com\/wp-content\/uploads\/2023\/04\/plasnor-extrusion-044-1-300x196.jpg 300w, https:\/\/www.plasnor.com\/wp-content\/uploads\/2023\/04\/plasnor-extrusion-044-1-768x502.jpg 768w\" sizes=\"auto, (max-width: 600px) 100vw, 600px\" \/><\/p>\n","protected":false},"excerpt":{"rendered":"<p>Sp\u00e9cialistes en plaques et bobines Nous disposons des machines les plus modernes pour la coextrusion multicouche. Nos lignes &#8230; <a title=\"Extrusion\" class=\"read-more\" href=\"https:\/\/www.plasnor.com\/fr\/thermoformage\/processus-productifs-et-services-complementaires\/extrusion\/\" aria-label=\"En savoir plus sur Extrusion\">[ + info ]<\/a><\/p>\n","protected":false},"author":1,"featured_media":0,"parent":17042,"menu_order":0,"comment_status":"closed","ping_status":"closed","template":"","meta":{"footnotes":""},"categories":[468],"tags":[],"class_list":{"0":"post-17036","1":"page","2":"type-page","3":"status-publish","5":"category-page-termonconformado-fr"},"_links":{"self":[{"href":"https:\/\/www.plasnor.com\/fr\/wp-json\/wp\/v2\/pages\/17036","targetHints":{"allow":["GET"]}}],"collection":[{"href":"https:\/\/www.plasnor.com\/fr\/wp-json\/wp\/v2\/pages"}],"about":[{"href":"https:\/\/www.plasnor.com\/fr\/wp-json\/wp\/v2\/types\/page"}],"author":[{"embeddable":true,"href":"https:\/\/www.plasnor.com\/fr\/wp-json\/wp\/v2\/users\/1"}],"replies":[{"embeddable":true,"href":"https:\/\/www.plasnor.com\/fr\/wp-json\/wp\/v2\/comments?post=17036"}],"version-history":[{"count":0,"href":"https:\/\/www.plasnor.com\/fr\/wp-json\/wp\/v2\/pages\/17036\/revisions"}],"up":[{"embeddable":true,"href":"https:\/\/www.plasnor.com\/fr\/wp-json\/wp\/v2\/pages\/17042"}],"wp:attachment":[{"href":"https:\/\/www.plasnor.com\/fr\/wp-json\/wp\/v2\/media?parent=17036"}],"wp:term":[{"taxonomy":"category","embeddable":true,"href":"https:\/\/www.plasnor.com\/fr\/wp-json\/wp\/v2\/categories?post=17036"},{"taxonomy":"post_tag","embeddable":true,"href":"https:\/\/www.plasnor.com\/fr\/wp-json\/wp\/v2\/tags?post=17036"}],"curies":[{"name":"wp","href":"https:\/\/api.w.org\/{rel}","templated":true}]}}