{"id":17038,"date":"2023-04-24T10:51:51","date_gmt":"2023-04-24T08:51:51","guid":{"rendered":"https:\/\/www.plasnor.com\/tooling-manufacturing\/"},"modified":"2024-02-05T17:09:27","modified_gmt":"2024-02-05T16:09:27","slug":"tooling-manufacturing","status":"publish","type":"page","link":"https:\/\/www.plasnor.com\/fr\/thermoformage\/processus-productifs-et-services-complementaires\/tooling-manufacturing\/","title":{"rendered":"Fabrication de moules"},"content":{"rendered":"<p>Nous disposons d\u2019un atelier m\u00e9canique pour la maintenance et la modification de moules, qui nous permet une grande souplesse dans la phase de d\u00e9veloppement du produit et de prototypage.<\/p>\n<p>Il est possible d\u2019utiliser des moules \u00e0 coques interchangeables pour fabriquer des r\u00e9f\u00e9rences distinctes avec un seul moule, ou encore de fabriquer diff\u00e9rents mod\u00e8les de pi\u00e8ces avec un m\u00eame moule en utilisant diff\u00e9rents programmes d\u2019usinage.<\/p>\n<p>Pour les s\u00e9ries longues, il est possible d\u2019utiliser des moules \u00e0 plusieurs cavit\u00e9s.<\/p>\n<p>Suivant le cas, il peut \u00eatre n\u00e9cessaire d\u2019utiliser des empreintes (moules n\u00e9gatifs) pour la finition correcte de la pi\u00e8ce.<\/p>\n<p><img loading=\"lazy\" decoding=\"async\" class=\"alignnone wp-image-14949 size-full\" src=\"https:\/\/www.plasnor.com\/wp-content\/uploads\/2023\/04\/plasnor-production-03-automatismos.jpg\" alt=\"\" width=\"500\" height=\"333\" title=\"\" srcset=\"https:\/\/www.plasnor.com\/wp-content\/uploads\/2023\/04\/plasnor-production-03-automatismos.jpg 500w, https:\/\/www.plasnor.com\/wp-content\/uploads\/2023\/04\/plasnor-production-03-automatismos-300x200.jpg 300w\" sizes=\"auto, (max-width: 500px) 100vw, 500px\" \/><\/p>\n","protected":false},"excerpt":{"rendered":"<p>Nous disposons d\u2019un atelier m\u00e9canique pour la maintenance et la modification de moules, qui nous permet une grande &#8230; <a title=\"Fabrication de moules\" class=\"read-more\" href=\"https:\/\/www.plasnor.com\/fr\/thermoformage\/processus-productifs-et-services-complementaires\/tooling-manufacturing\/\" aria-label=\"En savoir plus sur Fabrication de moules\">[ + info ]<\/a><\/p>\n","protected":false},"author":1,"featured_media":0,"parent":17042,"menu_order":0,"comment_status":"closed","ping_status":"closed","template":"","meta":{"footnotes":""},"categories":[468],"tags":[],"class_list":{"0":"post-17038","1":"page","2":"type-page","3":"status-publish","5":"category-page-termonconformado-fr"},"_links":{"self":[{"href":"https:\/\/www.plasnor.com\/fr\/wp-json\/wp\/v2\/pages\/17038","targetHints":{"allow":["GET"]}}],"collection":[{"href":"https:\/\/www.plasnor.com\/fr\/wp-json\/wp\/v2\/pages"}],"about":[{"href":"https:\/\/www.plasnor.com\/fr\/wp-json\/wp\/v2\/types\/page"}],"author":[{"embeddable":true,"href":"https:\/\/www.plasnor.com\/fr\/wp-json\/wp\/v2\/users\/1"}],"replies":[{"embeddable":true,"href":"https:\/\/www.plasnor.com\/fr\/wp-json\/wp\/v2\/comments?post=17038"}],"version-history":[{"count":0,"href":"https:\/\/www.plasnor.com\/fr\/wp-json\/wp\/v2\/pages\/17038\/revisions"}],"up":[{"embeddable":true,"href":"https:\/\/www.plasnor.com\/fr\/wp-json\/wp\/v2\/pages\/17042"}],"wp:attachment":[{"href":"https:\/\/www.plasnor.com\/fr\/wp-json\/wp\/v2\/media?parent=17038"}],"wp:term":[{"taxonomy":"category","embeddable":true,"href":"https:\/\/www.plasnor.com\/fr\/wp-json\/wp\/v2\/categories?post=17038"},{"taxonomy":"post_tag","embeddable":true,"href":"https:\/\/www.plasnor.com\/fr\/wp-json\/wp\/v2\/tags?post=17038"}],"curies":[{"name":"wp","href":"https:\/\/api.w.org\/{rel}","templated":true}]}}