{"id":17040,"date":"2023-04-24T10:51:00","date_gmt":"2023-04-24T08:51:00","guid":{"rendered":"https:\/\/www.plasnor.com\/design\/"},"modified":"2024-02-05T17:04:17","modified_gmt":"2024-02-05T16:04:17","slug":"conception","status":"publish","type":"page","link":"https:\/\/www.plasnor.com\/fr\/thermoformage\/processus-productifs-et-services-complementaires\/conception\/","title":{"rendered":"Conception"},"content":{"rendered":"<p>Notre capacit\u00e9 de conseil en conception nous permet de d\u00e9cider si des pi\u00e8ces con\u00e7ues \u00e0 l\u2019origine pour \u00eatre fabriqu\u00e9es au moyen d\u2019autres technologies, peuvent \u00eatre obtenues par thermoformage.<\/p>\n<p><img loading=\"lazy\" decoding=\"async\" class=\"alignnone wp-image-14944\" src=\"https:\/\/www.plasnor.com\/wp-content\/uploads\/2023\/04\/molde-irizar1.jpg\" alt=\"\" width=\"600\" height=\"302\" title=\"\" srcset=\"https:\/\/www.plasnor.com\/wp-content\/uploads\/2023\/04\/molde-irizar1.jpg 1000w, https:\/\/www.plasnor.com\/wp-content\/uploads\/2023\/04\/molde-irizar1-300x151.jpg 300w, https:\/\/www.plasnor.com\/wp-content\/uploads\/2023\/04\/molde-irizar1-768x387.jpg 768w\" sizes=\"auto, (max-width: 600px) 100vw, 600px\" \/><\/p>\n","protected":false},"excerpt":{"rendered":"<p>Notre capacit\u00e9 de conseil en conception nous permet de d\u00e9cider si des pi\u00e8ces con\u00e7ues \u00e0 l\u2019origine pour \u00eatre &#8230; <a title=\"Conception\" class=\"read-more\" href=\"https:\/\/www.plasnor.com\/fr\/thermoformage\/processus-productifs-et-services-complementaires\/conception\/\" aria-label=\"En savoir plus sur Conception\">[ + info ]<\/a><\/p>\n","protected":false},"author":1,"featured_media":0,"parent":17042,"menu_order":0,"comment_status":"closed","ping_status":"closed","template":"","meta":{"footnotes":""},"categories":[468],"tags":[],"class_list":{"0":"post-17040","1":"page","2":"type-page","3":"status-publish","5":"category-page-termonconformado-fr"},"_links":{"self":[{"href":"https:\/\/www.plasnor.com\/fr\/wp-json\/wp\/v2\/pages\/17040","targetHints":{"allow":["GET"]}}],"collection":[{"href":"https:\/\/www.plasnor.com\/fr\/wp-json\/wp\/v2\/pages"}],"about":[{"href":"https:\/\/www.plasnor.com\/fr\/wp-json\/wp\/v2\/types\/page"}],"author":[{"embeddable":true,"href":"https:\/\/www.plasnor.com\/fr\/wp-json\/wp\/v2\/users\/1"}],"replies":[{"embeddable":true,"href":"https:\/\/www.plasnor.com\/fr\/wp-json\/wp\/v2\/comments?post=17040"}],"version-history":[{"count":0,"href":"https:\/\/www.plasnor.com\/fr\/wp-json\/wp\/v2\/pages\/17040\/revisions"}],"up":[{"embeddable":true,"href":"https:\/\/www.plasnor.com\/fr\/wp-json\/wp\/v2\/pages\/17042"}],"wp:attachment":[{"href":"https:\/\/www.plasnor.com\/fr\/wp-json\/wp\/v2\/media?parent=17040"}],"wp:term":[{"taxonomy":"category","embeddable":true,"href":"https:\/\/www.plasnor.com\/fr\/wp-json\/wp\/v2\/categories?post=17040"},{"taxonomy":"post_tag","embeddable":true,"href":"https:\/\/www.plasnor.com\/fr\/wp-json\/wp\/v2\/tags?post=17040"}],"curies":[{"name":"wp","href":"https:\/\/api.w.org\/{rel}","templated":true}]}}