{"id":17044,"date":"2023-04-24T10:48:57","date_gmt":"2023-04-24T08:48:57","guid":{"rendered":"https:\/\/www.plasnor.com\/others\/"},"modified":"2024-02-05T17:23:57","modified_gmt":"2024-02-05T16:23:57","slug":"autres","status":"publish","type":"page","link":"https:\/\/www.plasnor.com\/fr\/thermoformage\/secteurs-et-applications\/autres\/","title":{"rendered":"Autres, secteurs et applications"},"content":{"rendered":"<p>Nous fabriquons tout type de pi\u00e8ces thermoform\u00e9es pour les secteurs ou activit\u00e9s suivants\u00a0:<\/p>\n<ul>\n<li>INDUSTRIE<\/li>\n<li>AIR CONDITIONN\u00c9 \/ R\u00c9FRIG\u00c9RATION<\/li>\n<li>DISTRIBUTEURS<\/li>\n<li>APPAREILS \u00c9LECTROM\u00c9NAGERS<\/li>\n<li>MOBILIER D\u2019H\u00d4PITAUX<\/li>\n<li>PLV<\/li>\n<\/ul>\n<p><img loading=\"lazy\" decoding=\"async\" class=\"alignnone wp-image-14966\" src=\"https:\/\/www.plasnor.com\/wp-content\/uploads\/2023\/04\/plasnor-sectores-otros.jpg\" alt=\"\" width=\"600\" height=\"450\" title=\"\" srcset=\"https:\/\/www.plasnor.com\/wp-content\/uploads\/2023\/04\/plasnor-sectores-otros.jpg 945w, https:\/\/www.plasnor.com\/wp-content\/uploads\/2023\/04\/plasnor-sectores-otros-300x225.jpg 300w, https:\/\/www.plasnor.com\/wp-content\/uploads\/2023\/04\/plasnor-sectores-otros-768x576.jpg 768w\" sizes=\"auto, (max-width: 600px) 100vw, 600px\" \/><\/p>\n","protected":false},"excerpt":{"rendered":"<p>Nous fabriquons tout type de pi\u00e8ces thermoform\u00e9es pour les secteurs ou activit\u00e9s suivants\u00a0: INDUSTRIE AIR CONDITIONN\u00c9 \/ R\u00c9FRIG\u00c9RATION &#8230; <a title=\"Autres, secteurs et applications\" class=\"read-more\" href=\"https:\/\/www.plasnor.com\/fr\/thermoformage\/secteurs-et-applications\/autres\/\" aria-label=\"En savoir plus sur Autres, secteurs et applications\">[ + info ]<\/a><\/p>\n","protected":false},"author":1,"featured_media":0,"parent":17058,"menu_order":0,"comment_status":"closed","ping_status":"closed","template":"","meta":{"footnotes":""},"categories":[468],"tags":[],"class_list":{"0":"post-17044","1":"page","2":"type-page","3":"status-publish","5":"category-page-termonconformado-fr"},"_links":{"self":[{"href":"https:\/\/www.plasnor.com\/fr\/wp-json\/wp\/v2\/pages\/17044","targetHints":{"allow":["GET"]}}],"collection":[{"href":"https:\/\/www.plasnor.com\/fr\/wp-json\/wp\/v2\/pages"}],"about":[{"href":"https:\/\/www.plasnor.com\/fr\/wp-json\/wp\/v2\/types\/page"}],"author":[{"embeddable":true,"href":"https:\/\/www.plasnor.com\/fr\/wp-json\/wp\/v2\/users\/1"}],"replies":[{"embeddable":true,"href":"https:\/\/www.plasnor.com\/fr\/wp-json\/wp\/v2\/comments?post=17044"}],"version-history":[{"count":0,"href":"https:\/\/www.plasnor.com\/fr\/wp-json\/wp\/v2\/pages\/17044\/revisions"}],"up":[{"embeddable":true,"href":"https:\/\/www.plasnor.com\/fr\/wp-json\/wp\/v2\/pages\/17058"}],"wp:attachment":[{"href":"https:\/\/www.plasnor.com\/fr\/wp-json\/wp\/v2\/media?parent=17044"}],"wp:term":[{"taxonomy":"category","embeddable":true,"href":"https:\/\/www.plasnor.com\/fr\/wp-json\/wp\/v2\/categories?post=17044"},{"taxonomy":"post_tag","embeddable":true,"href":"https:\/\/www.plasnor.com\/fr\/wp-json\/wp\/v2\/tags?post=17044"}],"curies":[{"name":"wp","href":"https:\/\/api.w.org\/{rel}","templated":true}]}}