{"id":17050,"date":"2023-04-24T09:45:31","date_gmt":"2023-04-24T07:45:31","guid":{"rendered":"https:\/\/www.plasnor.com\/tailored-packaging\/"},"modified":"2024-02-05T17:26:17","modified_gmt":"2024-02-05T16:26:17","slug":"packaging-sur-mesure","status":"publish","type":"page","link":"https:\/\/www.plasnor.com\/fr\/thermoformage\/secteurs-et-applications\/packaging-sur-mesure\/","title":{"rendered":"Packaging sur mesure"},"content":{"rendered":"<p>Nous \u00e9laborons la meilleure solution pour le transport de pi\u00e8ces, en cours de production ou finies.<\/p>\n<h3 class=\"red\">NOUS APPORTONS DES SOLUTIONS<\/h3>\n<ul>\n<li>Pour augmenter l\u2019efficacit\u00e9 des processus internes de fabrication.<\/li>\n<li>Pour optimiser l\u2019espace.<\/li>\n<li>Pour prot\u00e9ger les pi\u00e8ces de la poussi\u00e8re, des chocs, rayures, etc.<\/li>\n<li>Des solutions ergonomiques pour la manipulation de pi\u00e8ces.<\/li>\n<li>Pour l\u2019automatisation et la manipulation de robots.<\/li>\n<li>Dans divers mat\u00e9riaux ESD (antistatiques),\u2026<\/li>\n<\/ul>\n<p>Nous offrons une solution int\u00e9grale, depuis la conception jusqu\u2019\u00e0 la fabrication du plateau. Contr\u00f4le total du processus.<\/p>\n<p><img loading=\"lazy\" decoding=\"async\" class=\"alignnone wp-image-14974\" src=\"https:\/\/www.plasnor.com\/wp-content\/uploads\/2023\/04\/04-plasnor-packaging.jpg\" alt=\"\" width=\"600\" height=\"391\" title=\"\" srcset=\"https:\/\/www.plasnor.com\/wp-content\/uploads\/2023\/04\/04-plasnor-packaging.jpg 862w, https:\/\/www.plasnor.com\/wp-content\/uploads\/2023\/04\/04-plasnor-packaging-300x196.jpg 300w, https:\/\/www.plasnor.com\/wp-content\/uploads\/2023\/04\/04-plasnor-packaging-768x501.jpg 768w\" sizes=\"auto, (max-width: 600px) 100vw, 600px\" \/><\/p>\n","protected":false},"excerpt":{"rendered":"<p>Nous \u00e9laborons la meilleure solution pour le transport de pi\u00e8ces, en cours de production ou finies. NOUS APPORTONS &#8230; <a title=\"Packaging sur mesure\" class=\"read-more\" href=\"https:\/\/www.plasnor.com\/fr\/thermoformage\/secteurs-et-applications\/packaging-sur-mesure\/\" aria-label=\"En savoir plus sur Packaging sur mesure\">[ + info ]<\/a><\/p>\n","protected":false},"author":1,"featured_media":0,"parent":17058,"menu_order":0,"comment_status":"closed","ping_status":"closed","template":"","meta":{"footnotes":""},"categories":[468],"tags":[],"class_list":{"0":"post-17050","1":"page","2":"type-page","3":"status-publish","5":"category-page-termonconformado-fr"},"_links":{"self":[{"href":"https:\/\/www.plasnor.com\/fr\/wp-json\/wp\/v2\/pages\/17050","targetHints":{"allow":["GET"]}}],"collection":[{"href":"https:\/\/www.plasnor.com\/fr\/wp-json\/wp\/v2\/pages"}],"about":[{"href":"https:\/\/www.plasnor.com\/fr\/wp-json\/wp\/v2\/types\/page"}],"author":[{"embeddable":true,"href":"https:\/\/www.plasnor.com\/fr\/wp-json\/wp\/v2\/users\/1"}],"replies":[{"embeddable":true,"href":"https:\/\/www.plasnor.com\/fr\/wp-json\/wp\/v2\/comments?post=17050"}],"version-history":[{"count":0,"href":"https:\/\/www.plasnor.com\/fr\/wp-json\/wp\/v2\/pages\/17050\/revisions"}],"up":[{"embeddable":true,"href":"https:\/\/www.plasnor.com\/fr\/wp-json\/wp\/v2\/pages\/17058"}],"wp:attachment":[{"href":"https:\/\/www.plasnor.com\/fr\/wp-json\/wp\/v2\/media?parent=17050"}],"wp:term":[{"taxonomy":"category","embeddable":true,"href":"https:\/\/www.plasnor.com\/fr\/wp-json\/wp\/v2\/categories?post=17050"},{"taxonomy":"post_tag","embeddable":true,"href":"https:\/\/www.plasnor.com\/fr\/wp-json\/wp\/v2\/tags?post=17050"}],"curies":[{"name":"wp","href":"https:\/\/api.w.org\/{rel}","templated":true}]}}