{"id":17052,"date":"2023-04-24T09:44:59","date_gmt":"2023-04-24T07:44:59","guid":{"rendered":"https:\/\/www.plasnor.com\/renewable-energies\/"},"modified":"2024-02-05T17:19:37","modified_gmt":"2024-02-05T16:19:37","slug":"energies-renouvelables","status":"publish","type":"page","link":"https:\/\/www.plasnor.com\/fr\/thermoformage\/secteurs-et-applications\/energies-renouvelables\/","title":{"rendered":"\u00c9nergies renouvelables"},"content":{"rendered":"<p>Nous thermoformons des pi\u00e8ces pour le secteur des \u00e9nergies renouvelables : composants pour \u00e9quipements de production d\u2019\u00e9nergie \u00e9olienne, solaire, etc., et pi\u00e8ces de grandes dimensions allant jusqu\u2019\u00e0 3000 x2000 x 900 mm pour les \u00e9oliennes, accumulateurs, capteurs solaires, etc.<\/p>\n<p><img loading=\"lazy\" decoding=\"async\" class=\"alignnone wp-image-15381 size-full\" src=\"https:\/\/www.plasnor.com\/wp-content\/uploads\/2023\/04\/09-plasnor-Eolico.jpg\" alt=\"\" width=\"424\" height=\"251\" title=\"\" srcset=\"https:\/\/www.plasnor.com\/wp-content\/uploads\/2023\/04\/09-plasnor-Eolico.jpg 424w, https:\/\/www.plasnor.com\/wp-content\/uploads\/2023\/04\/09-plasnor-Eolico-300x178.jpg 300w\" sizes=\"auto, (max-width: 424px) 100vw, 424px\" \/><\/p>\n","protected":false},"excerpt":{"rendered":"<p>Nous thermoformons des pi\u00e8ces pour le secteur des \u00e9nergies renouvelables : composants pour \u00e9quipements de production d\u2019\u00e9nergie \u00e9olienne, &#8230; <a title=\"\u00c9nergies renouvelables\" class=\"read-more\" href=\"https:\/\/www.plasnor.com\/fr\/thermoformage\/secteurs-et-applications\/energies-renouvelables\/\" aria-label=\"En savoir plus sur \u00c9nergies renouvelables\">[ + info ]<\/a><\/p>\n","protected":false},"author":1,"featured_media":0,"parent":17058,"menu_order":0,"comment_status":"closed","ping_status":"closed","template":"","meta":{"footnotes":""},"categories":[468],"tags":[],"class_list":{"0":"post-17052","1":"page","2":"type-page","3":"status-publish","5":"category-page-termonconformado-fr"},"_links":{"self":[{"href":"https:\/\/www.plasnor.com\/fr\/wp-json\/wp\/v2\/pages\/17052","targetHints":{"allow":["GET"]}}],"collection":[{"href":"https:\/\/www.plasnor.com\/fr\/wp-json\/wp\/v2\/pages"}],"about":[{"href":"https:\/\/www.plasnor.com\/fr\/wp-json\/wp\/v2\/types\/page"}],"author":[{"embeddable":true,"href":"https:\/\/www.plasnor.com\/fr\/wp-json\/wp\/v2\/users\/1"}],"replies":[{"embeddable":true,"href":"https:\/\/www.plasnor.com\/fr\/wp-json\/wp\/v2\/comments?post=17052"}],"version-history":[{"count":0,"href":"https:\/\/www.plasnor.com\/fr\/wp-json\/wp\/v2\/pages\/17052\/revisions"}],"up":[{"embeddable":true,"href":"https:\/\/www.plasnor.com\/fr\/wp-json\/wp\/v2\/pages\/17058"}],"wp:attachment":[{"href":"https:\/\/www.plasnor.com\/fr\/wp-json\/wp\/v2\/media?parent=17052"}],"wp:term":[{"taxonomy":"category","embeddable":true,"href":"https:\/\/www.plasnor.com\/fr\/wp-json\/wp\/v2\/categories?post=17052"},{"taxonomy":"post_tag","embeddable":true,"href":"https:\/\/www.plasnor.com\/fr\/wp-json\/wp\/v2\/tags?post=17052"}],"curies":[{"name":"wp","href":"https:\/\/api.w.org\/{rel}","templated":true}]}}